{"id":18067,"date":"2023-06-19T07:19:59","date_gmt":"2023-06-19T07:19:59","guid":{"rendered":"https:\/\/oudianvalve.com\/?post_type=product&#038;p=18067"},"modified":"2023-06-20T00:30:02","modified_gmt":"2023-06-20T00:30:02","slug":"cast-steel-y-strainer-150lb-3-inch","status":"publish","type":"product","link":"https:\/\/oudianvalve.com\/es\/products\/y-strainer\/cast-steel-y-strainer-150lb-3-inch\/","title":{"rendered":"Colador en Y de acero fundido 150LB 3 pulgadas"},"content":{"rendered":"<p>Detalle del colador en Y de acero fundido de 150 lb de 3 pulgadas:<br \/>\nTama\u00f1o: 1\/2\u2033-24\u2033(DN15~DN600)<br \/>\nClasificaci\u00f3n de presi\u00f3n: 150LB-2500LB\/PN16~PN160\/10K~60K)<br \/>\nMaterial: A351CF8M\/CF8\/CF3\/CF3M,A216WCB,A217 WC6 A352 LCB\/LCC,A105,F304,F316,F51\/F53,F11.F2.C3.C95800<br \/>\nTemperatura adecuada: 425 \u00b0C (diferentes temperaturas eligen diferentes materiales). Medio adecuado: agua, vapor, petr\u00f3leo y gas natural, etc.<\/p>\n<p>Descripci\u00f3n:<br \/>\nEst\u00e1ndares de dise\u00f1o:ASME B16.34<br \/>\nLongitud de la estructura: ASME B16.10<br \/>\nEst\u00e1ndar de tama\u00f1o de conexi\u00f3n: ANSI B16.5<br \/>\nEst\u00e1ndares de prueba e inspecci\u00f3n: API598<br \/>\nLos filtros tipo Y est\u00e1n hechos de materiales de acero inoxidable como 304 y 316, que tienen las caracter\u00edsticas de una fuerte corrosi\u00f3n.<br \/>\nresistencia y larga vida \u00fatil.<br \/>\nHay disponible un n\u00famero de malla de filtro tipo Y, como de 10 a 120 mallas (se puede personalizar seg\u00fan los requisitos del usuario)<br \/>\nProcesamiento de m\u00e1quina herramienta CNC, alta precisi\u00f3n, buen sellado.<br \/>\nFuerte rendimiento antiincrustante, descarga conveniente de aguas residuales: \u00e1rea de circulaci\u00f3n grande, presi\u00f3n peque\u00f1a: estructura simple. Peque\u00f1o volumen y peso ligero.<\/p>\n<p>&nbsp;<\/p>\n<p>Principio de funcionamiento y funci\u00f3n del filtro en Y de acero fundido<\/p>\n<p>El colador en Y de acero fundido es un peque\u00f1o dispositivo que se utiliza principalmente para eliminar peque\u00f1as cantidades de part\u00edculas s\u00f3lidas de l\u00edquidos, con el fin de proteger el funcionamiento normal de compresores, bombas, instrumentos y otros equipos. Cuando agua, aceite y otros fluidos ingresan al cartucho de filtro con una malla de filtro de cierta especificaci\u00f3n, las impurezas en el fluido se bloquean y el filtrado limpio se descarga a trav\u00e9s de la salida del filtro. El filtro tipo Y es sumamente conveniente en t\u00e9rminos de uso y mantenimiento: cuando sea necesario limpiar el equipo, simplemente retire el cartucho filtrante desmontable, l\u00edmpielo y luego reinst\u00e1lelo en el equipo. El filtro en Y de acero fundido tiene una serie de ventajas, como estructura compacta, gran capacidad de filtraci\u00f3n, peque\u00f1a p\u00e9rdida de presi\u00f3n, amplia aplicabilidad, mantenimiento conveniente y bajo precio.<\/p>\n<p>&nbsp;<\/p>\n<p>Principio de funcionamiento:<\/p>\n<p>El principio fundamental del colador en Y de acero fundido es utilizar el tama\u00f1o de poro del medio filtrante para interceptar sustancias m\u00e1s peque\u00f1as que el tama\u00f1o de poro del medio, mientras que algunos medios filtrantes tienen efectos especiales como la adsorci\u00f3n. Con respecto al retrolavado del filtro, siempre que se introduzca agua limpia desde un extremo del agua filtrada al medio en el filtro de retrolavado inverso, se puede lograr un buen efecto de retrolavado.<\/p>\n<p>&nbsp;<\/p>\n<p>Materiales aplicables:<\/p>\n<p>Materiales corrosivos d\u00e9biles (generados en la producci\u00f3n qu\u00edmica y petroqu\u00edmica), como agua, aceite, amoniaco, hidrocarburos, etc.<\/p>\n<p>Materiales corrosivos (generados en la producci\u00f3n qu\u00edmica), como sosa c\u00e1ustica, carbonato de sodio, \u00e1cido sulf\u00farico concentrado, \u00e1cido carb\u00f3nico, \u00e1cido aldeh\u00eddo, etc.<\/p>\n<p>Materiales de baja temperatura (generados durante la refrigeraci\u00f3n), como metano l\u00edquido, amon\u00edaco l\u00edquido, ox\u00edgeno l\u00edquido y diversos refrigerantes.<\/p>\n<p>Materiales con requisitos de higiene en la producci\u00f3n alimentaria y farmac\u00e9utica, como cerveza, bebidas, l\u00e1cteos, jarabes, etc.<\/p>\n<p>&nbsp;<\/p>","protected":false},"excerpt":{"rendered":"<p>Cuerpo fundido o soldado<\/p>\n<p>Tap\u00f3n de drenaje<\/p>\n<p>Pantalla de acero inoxidable (malla 20, malla 40, malla 80, malla 120)<\/p>","protected":false},"featured_media":18068,"template":"","meta":{"advanced_seo_description":"","jetpack_seo_html_title":"","jetpack_seo_noindex":false},"product_brand":[],"product_cat":[84],"product_tag":[125,126,124,127],"class_list":{"0":"post-18067","1":"product","2":"type-product","3":"status-publish","4":"has-post-thumbnail","6":"product_cat-y-strainer","7":"product_tag-150lb-cast-steel-y-strainer","8":"product_tag-3-inch-cast-steel-y-strainer","9":"product_tag-cast-steel-y-strainer","10":"product_tag-flange-end-cast-steel-y-strainer","12":"first","13":"instock","14":"featured","15":"shipping-taxable","16":"product-type-simple"},"jetpack_sharing_enabled":true,"_links":{"self":[{"href":"https:\/\/oudianvalve.com\/es\/wp-json\/wp\/v2\/product\/18067","targetHints":{"allow":["GET"]}}],"collection":[{"href":"https:\/\/oudianvalve.com\/es\/wp-json\/wp\/v2\/product"}],"about":[{"href":"https:\/\/oudianvalve.com\/es\/wp-json\/wp\/v2\/types\/product"}],"wp:featuredmedia":[{"embeddable":true,"href":"https:\/\/oudianvalve.com\/es\/wp-json\/wp\/v2\/media\/18068"}],"wp:attachment":[{"href":"https:\/\/oudianvalve.com\/es\/wp-json\/wp\/v2\/media?parent=18067"}],"wp:term":[{"taxonomy":"product_brand","embeddable":true,"href":"https:\/\/oudianvalve.com\/es\/wp-json\/wp\/v2\/product_brand?post=18067"},{"taxonomy":"product_cat","embeddable":true,"href":"https:\/\/oudianvalve.com\/es\/wp-json\/wp\/v2\/product_cat?post=18067"},{"taxonomy":"product_tag","embeddable":true,"href":"https:\/\/oudianvalve.com\/es\/wp-json\/wp\/v2\/product_tag?post=18067"}],"curies":[{"name":"wp","href":"https:\/\/api.w.org\/{rel}","templated":true}]}}