{"id":18064,"date":"2023-06-19T07:02:50","date_gmt":"2023-06-19T07:02:50","guid":{"rendered":"https:\/\/oudianvalve.com\/?post_type=product&#038;p=18064"},"modified":"2023-06-20T02:08:59","modified_gmt":"2023-06-20T02:08:59","slug":"bs-1868-900lb-dn80-cast-steel-swing-check-valve","status":"publish","type":"product","link":"https:\/\/oudianvalve.com\/es\/products\/check-valves\/bs-1868-900lb-dn80-cast-steel-swing-check-valve\/","title":{"rendered":"V\u00e1lvula de retenci\u00f3n oscilante de acero fundido BS 1868 900LB DN80"},"content":{"rendered":"<p>Est\u00e1ndar de dise\u00f1o: BS 1868 o API 6D<br \/>\nClasificaciones de presi\u00f3n y temperatura: ASME B16.34<br \/>\nRango de tama\u00f1os: 2\u201d a 48\u201d<br \/>\nRango de presi\u00f3n: Clase 150 a 2500<br \/>\nConexiones finales: RF con bridas, RTJ, FF, soldadura a tope<br \/>\nBonete: Bonete atornillado o sellado a presi\u00f3n<br \/>\nDimensiones del extremo bridado: ASME B16.5 (\u226424\u201d), ASME B16.47 Serie A o B (&gt;24\u201d)<br \/>\nDimensiones del extremo de soldadura a tope: ASME B16.25 cara a cara<br \/>\nDimensiones cara a cara: ASME B16.10<br \/>\nInspecci\u00f3n y pruebas: API 598, API 6D<br \/>\nMateriales del cuerpo: WCB, CF8, CF3, CF3M, CF8M, CF8C, A995 4A, 5A, 6A, C95800, INCONEL 625, INCONEL 825, MONEL, WC6, WC9, LCB, LCC.<br \/>\nMateriales de acabado: 1#, 5#,8#,10#,12#,16#<br \/>\nMateriales de empernado: ASTM A193 B7, B7M, B8, B8M \/ ASTM A194 2H, 2HM, 8, 8M.<\/p>\n<p>Puerto de apertura completa API 6D<br \/>\nPruebas criog\u00e9nicas<br \/>\nPernos y tuercas recubiertos de PTFE<br \/>\nPernos y tuercas recubiertos de zinc<\/p>\n<p>La v\u00e1lvula de retenci\u00f3n oscilante, tambi\u00e9n conocida como v\u00e1lvula unidireccional o v\u00e1lvula de retenci\u00f3n, se utiliza para evitar que el medio en la tuber\u00eda regrese. Una v\u00e1lvula que depende del flujo y la fuerza del medio para abrirse o cerrarse, a fin de evitar que el medio regrese, se llama v\u00e1lvula de retenci\u00f3n. Las v\u00e1lvulas antirretorno pertenecen a la categor\u00eda de v\u00e1lvulas autom\u00e1ticas y se utilizan principalmente en tuber\u00edas con flujo de medios unidireccional. S\u00f3lo permiten que los medios fluyan en una direcci\u00f3n para evitar accidentes. Este tipo de v\u00e1lvula generalmente debe instalarse horizontalmente en tuber\u00edas.<\/p>","protected":false},"excerpt":{"rendered":"<p>Puerto de apertura completa API 6D<br \/>\nPruebas criog\u00e9nicas<br \/>\nPernos y tuercas recubiertos de PTFE<br \/>\nPernos y tuercas recubiertos de zinc<\/p>\n<p>&nbsp;<\/p>","protected":false},"featured_media":18066,"template":"","meta":{"advanced_seo_description":"","jetpack_seo_html_title":"","jetpack_seo_noindex":false},"product_brand":[],"product_cat":[82],"product_tag":[123,89,91,122,121],"class_list":{"0":"post-18064","1":"product","2":"type-product","3":"status-publish","4":"has-post-thumbnail","6":"product_cat-check-valves","7":"product_tag-3-inch-swing-check-valve","8":"product_tag-900lb-swing-check-valve","9":"product_tag-bolt-bonnet-swing-check-valvee","10":"product_tag-bs-1868-cast-steel-swing-check-valve","11":"product_tag-dn80-cast-steel-swing-check-valve","13":"first","14":"instock","15":"featured","16":"shipping-taxable","17":"product-type-simple"},"jetpack_sharing_enabled":true,"_links":{"self":[{"href":"https:\/\/oudianvalve.com\/es\/wp-json\/wp\/v2\/product\/18064","targetHints":{"allow":["GET"]}}],"collection":[{"href":"https:\/\/oudianvalve.com\/es\/wp-json\/wp\/v2\/product"}],"about":[{"href":"https:\/\/oudianvalve.com\/es\/wp-json\/wp\/v2\/types\/product"}],"wp:featuredmedia":[{"embeddable":true,"href":"https:\/\/oudianvalve.com\/es\/wp-json\/wp\/v2\/media\/18066"}],"wp:attachment":[{"href":"https:\/\/oudianvalve.com\/es\/wp-json\/wp\/v2\/media?parent=18064"}],"wp:term":[{"taxonomy":"product_brand","embeddable":true,"href":"https:\/\/oudianvalve.com\/es\/wp-json\/wp\/v2\/product_brand?post=18064"},{"taxonomy":"product_cat","embeddable":true,"href":"https:\/\/oudianvalve.com\/es\/wp-json\/wp\/v2\/product_cat?post=18064"},{"taxonomy":"product_tag","embeddable":true,"href":"https:\/\/oudianvalve.com\/es\/wp-json\/wp\/v2\/product_tag?post=18064"}],"curies":[{"name":"wp","href":"https:\/\/api.w.org\/{rel}","templated":true}]}}