{"id":18061,"date":"2023-06-19T06:22:57","date_gmt":"2023-06-19T06:22:57","guid":{"rendered":"https:\/\/oudianvalve.com\/?post_type=product&#038;p=18061"},"modified":"2023-06-20T00:30:04","modified_gmt":"2023-06-20T00:30:04","slug":"din-dn200-pn25-cast-steel-swing-check-valve","status":"publish","type":"product","link":"https:\/\/oudianvalve.com\/es\/products\/check-valves\/din-dn200-pn25-cast-steel-swing-check-valve\/","title":{"rendered":"V\u00e1lvula de retenci\u00f3n oscilante de acero fundido DIN DN200 PN25"},"content":{"rendered":"<p>Est\u00e1ndar de dise\u00f1o: DIN3352, BS EN1868<br \/>\nRango de tama\u00f1os: DN50 a DN 1200<br \/>\nRango de presi\u00f3n: PN 10 a PN160<br \/>\nConexiones finales: RF con bridas, RTJ, soldadura a tope<br \/>\nDimensiones del extremo bridado: DIN2543, BS EN 1092-1<br \/>\nDimensiones del extremo soldado a tope: EN 12627<br \/>\nDimensiones cara a cara: DIN3202, BS EN 558-1<br \/>\nInspecci\u00f3n y pruebas: BS EN 12266-1, DIN 3230<br \/>\nMateriales: 1.4301, 1.4306, 1.4401, 1.4404, 1.0619, 1.7357, 1.4552, 1.4107.<\/p>\n<p>NACE SE\u00d1OR 0175<br \/>\nPruebas criog\u00e9nicas<br \/>\nV\u00e1lvulas de paso<br \/>\nAsiento renovable<br \/>\nPernos y tuercas recubiertos de PTFE<br \/>\nPernos y tuercas recubiertos de zinc<br \/>\nPintura especial seg\u00fan sus requerimientos.<\/p>\n<p>El est\u00e1ndar de longitud de la estructura de la v\u00e1lvula de retenci\u00f3n oscilante de acero fundido DIN DN200 PN25 es DIN3202, y el est\u00e1ndar de brida est\u00e1 dise\u00f1ado y fabricado utilizando DIN2543-DIN2546. La estructura es razonable, el rendimiento es excelente y la apariencia es hermosa. La estructura de las v\u00e1lvulas de retenci\u00f3n de brida est\u00e1ndar con v\u00e1lvula de retenci\u00f3n oscilante de acero fundido DIN DN200 PN25 es generalmente similar a las v\u00e1lvulas de globo.<\/p>\n<p>El disco de la v\u00e1lvula se mueve hacia arriba y hacia abajo a lo largo de una l\u00ednea en el canal, con acci\u00f3n confiable, pero con alta resistencia al fluido, lo que lo hace adecuado para situaciones con di\u00e1metros livianos y peque\u00f1os.<br \/>\nPrincipio de funcionamiento de la v\u00e1lvula de retenci\u00f3n oscilante de acero fundido DIN DN200 PN25:<br \/>\nCuando el medio fluye hacia el cuerpo de la v\u00e1lvula como lo indica la flecha en el cuerpo de la v\u00e1lvula, la presi\u00f3n del medio ejerce un empuje hacia arriba sobre el disco de la v\u00e1lvula. Cuando el empuje medio excede la gravedad del disco de la v\u00e1lvula, la v\u00e1lvula se abre. Cuando la fuerza ejercida por la presi\u00f3n del medio detr\u00e1s de la v\u00e1lvula en el disco de la v\u00e1lvula m\u00e1s la gravedad del propio disco de la v\u00e1lvula es mayor que la fuerza ejercida por la presi\u00f3n antes de la v\u00e1lvula en el disco de la v\u00e1lvula, la v\u00e1lvula se cierra para evitar que el medio fluyendo hacia atr\u00e1s.<\/p>\n<p>&nbsp;<\/p>\n<p>&nbsp;<\/p>","protected":false},"excerpt":{"rendered":"<p>Bonete: Bonete atornillado o bonete con sello de presi\u00f3n Integral<\/p>\n<p>asiento del cuerpo o anillo de asiento renovable Unidireccional<\/p>\n<p>Disco tipo oscilante Disco fundido (m\u00e1s de 4\u201d) o disco forjado (2\u201d a 4\u201d)<\/p>\n<p>Disco de apertura no total de BS168 y disco de apertura total de API 6D<\/p>\n<p>Orejeta de elevaci\u00f3n para 4\u201d y m\u00e1s<\/p>","protected":false},"featured_media":18062,"template":"","meta":{"advanced_seo_description":"","jetpack_seo_html_title":"","jetpack_seo_noindex":false},"product_brand":[],"product_cat":[82],"product_tag":[118,120,119],"class_list":{"0":"post-18061","1":"product","2":"type-product","3":"status-publish","4":"has-post-thumbnail","6":"product_cat-check-valves","7":"product_tag-din3352-cast-steel-swing-check-valve","8":"product_tag-dn200-cast-steel-swing-check-valve","9":"product_tag-pn25-cast-steel-swing-check-valve","11":"first","12":"instock","13":"featured","14":"shipping-taxable","15":"product-type-simple"},"jetpack_sharing_enabled":true,"_links":{"self":[{"href":"https:\/\/oudianvalve.com\/es\/wp-json\/wp\/v2\/product\/18061","targetHints":{"allow":["GET"]}}],"collection":[{"href":"https:\/\/oudianvalve.com\/es\/wp-json\/wp\/v2\/product"}],"about":[{"href":"https:\/\/oudianvalve.com\/es\/wp-json\/wp\/v2\/types\/product"}],"wp:featuredmedia":[{"embeddable":true,"href":"https:\/\/oudianvalve.com\/es\/wp-json\/wp\/v2\/media\/18062"}],"wp:attachment":[{"href":"https:\/\/oudianvalve.com\/es\/wp-json\/wp\/v2\/media?parent=18061"}],"wp:term":[{"taxonomy":"product_brand","embeddable":true,"href":"https:\/\/oudianvalve.com\/es\/wp-json\/wp\/v2\/product_brand?post=18061"},{"taxonomy":"product_cat","embeddable":true,"href":"https:\/\/oudianvalve.com\/es\/wp-json\/wp\/v2\/product_cat?post=18061"},{"taxonomy":"product_tag","embeddable":true,"href":"https:\/\/oudianvalve.com\/es\/wp-json\/wp\/v2\/product_tag?post=18061"}],"curies":[{"name":"wp","href":"https:\/\/api.w.org\/{rel}","templated":true}]}}