{"id":18059,"date":"2023-06-19T06:09:41","date_gmt":"2023-06-19T06:09:41","guid":{"rendered":"https:\/\/oudianvalve.com\/?post_type=product&#038;p=18059"},"modified":"2023-06-21T06:36:06","modified_gmt":"2023-06-21T06:36:06","slug":"din3353-dn250-pn16-cast-steel-gate-valve","status":"publish","type":"product","link":"https:\/\/oudianvalve.com\/es\/products\/gate-valves\/din3353-dn250-pn16-cast-steel-gate-valve\/","title":{"rendered":"V\u00e1lvula de compuerta de acero fundido DIN3352 DN250 PN16"},"content":{"rendered":"<p>Est\u00e1ndar de dise\u00f1o: EN 10434\/DIN3352<br \/>\nRango de tama\u00f1os: DN a DN1200<br \/>\nRango de presi\u00f3n: PN 10 a PN160<br \/>\nConexiones finales: RF con bridas, RTJ, soldadura a tope<br \/>\nDimensiones del extremo bridado: EN 1092-1<br \/>\nDimensiones cara a cara: EN 558-1<br \/>\nInspecci\u00f3n y pruebas: EN 12266-1<br \/>\nMateriales de la carrocer\u00eda: 1.4301, 1.4306, 1.4401, 1.4404, 1.0619, 1.7357, 1.4552, 1.4107.<br \/>\nMateriales de acabado: 1#, 5#,8#,10#,12#,16#<br \/>\nMateriales de embalaje: grafito, grafito+alambre de inconel.<\/p>\n<p>Principales caracter\u00edsticas y aplicaciones de la v\u00e1lvula de compuerta DIN3352<br \/>\n1. La v\u00e1lvula de compuerta DIN tiene una estructura compacta, un dise\u00f1o razonable, buena rigidez de la v\u00e1lvula, canal liso y bajo coeficiente de resistencia al flujo.<br \/>\n2. La superficie de sellado est\u00e1 hecha de acero inoxidable y aleaci\u00f3n dura, con una larga vida \u00fatil.<br \/>\n3. Adopta relleno de grafito flexible, sellado confiable y operaci\u00f3n f\u00e1cil y flexible.<br \/>\n4. Los m\u00e9todos de conducci\u00f3n incluyen: el\u00e9ctrico, neum\u00e1tico, rotaci\u00f3n de engranajes, forma estructural: puerta simple de cu\u00f1a el\u00e1stica, puerta simple de cu\u00f1a r\u00edgida, puerta doble<br \/>\n5. Las v\u00e1lvulas de compuerta selladas con agua se utilizan ampliamente en tuber\u00edas qu\u00edmicas, t\u00e9rmicas, de plantas de energ\u00eda y otras tuber\u00edas de petr\u00f3leo y vapor como dispositivo de apertura y cierre para conectar o cortar el medio en la tuber\u00eda.<\/p>","protected":false},"excerpt":{"rendered":"<ul>\n<li>Bonete: Bonete atornillado o bonete sellado a presi\u00f3n<\/li>\n<li>Cu\u00f1a: Cu\u00f1a flexible o cu\u00f1a s\u00f3lida<\/li>\n<li>Tallo ascendente<\/li>\n<li>Tornillo exterior y yugo<\/li>\n<li>Asiento de cuerpo integral o anillo de asiento renovable<\/li>\n<\/ul>","protected":false},"featured_media":18060,"template":"","meta":{"advanced_seo_description":"","jetpack_seo_html_title":"","jetpack_seo_noindex":false},"product_brand":[],"product_cat":[81],"product_tag":[117,116,115],"class_list":{"0":"post-18059","1":"product","2":"type-product","3":"status-publish","4":"has-post-thumbnail","6":"product_cat-gate-valves","7":"product_tag-din-cast-steel-gate-valve","8":"product_tag-dn250-cast-steel-gate-valve","9":"product_tag-pn16-cast-steel-gate-valve","11":"first","12":"instock","13":"featured","14":"shipping-taxable","15":"product-type-simple"},"jetpack_sharing_enabled":true,"_links":{"self":[{"href":"https:\/\/oudianvalve.com\/es\/wp-json\/wp\/v2\/product\/18059","targetHints":{"allow":["GET"]}}],"collection":[{"href":"https:\/\/oudianvalve.com\/es\/wp-json\/wp\/v2\/product"}],"about":[{"href":"https:\/\/oudianvalve.com\/es\/wp-json\/wp\/v2\/types\/product"}],"wp:featuredmedia":[{"embeddable":true,"href":"https:\/\/oudianvalve.com\/es\/wp-json\/wp\/v2\/media\/18060"}],"wp:attachment":[{"href":"https:\/\/oudianvalve.com\/es\/wp-json\/wp\/v2\/media?parent=18059"}],"wp:term":[{"taxonomy":"product_brand","embeddable":true,"href":"https:\/\/oudianvalve.com\/es\/wp-json\/wp\/v2\/product_brand?post=18059"},{"taxonomy":"product_cat","embeddable":true,"href":"https:\/\/oudianvalve.com\/es\/wp-json\/wp\/v2\/product_cat?post=18059"},{"taxonomy":"product_tag","embeddable":true,"href":"https:\/\/oudianvalve.com\/es\/wp-json\/wp\/v2\/product_tag?post=18059"}],"curies":[{"name":"wp","href":"https:\/\/api.w.org\/{rel}","templated":true}]}}