{"id":18055,"date":"2023-06-19T05:21:35","date_gmt":"2023-06-19T05:21:35","guid":{"rendered":"https:\/\/oudianvalve.com\/?post_type=product&#038;p=18055"},"modified":"2023-06-20T00:30:08","modified_gmt":"2023-06-20T00:30:08","slug":"ansi-non-rising-stem-gate-valve","status":"publish","type":"product","link":"https:\/\/oudianvalve.com\/es\/products\/gate-valves\/ansi-non-rising-stem-gate-valve\/","title":{"rendered":"V\u00e1lvula de compuerta de v\u00e1stago no ascendente ANSI"},"content":{"rendered":"<p>Est\u00e1ndar de dise\u00f1o: API 600\/ASME B16.34<br \/>\nClasificaciones de presi\u00f3n y temperatura: ASME B16.34<br \/>\nRango de tama\u00f1os: 2\u201d a 48\u201d<br \/>\nRango de presi\u00f3n: Clase 150 a 2500<br \/>\nConexiones finales: RF con bridas, RTJ, soldadura a tope<br \/>\nDimensiones del extremo bridado: ASME B16.5 (\u226424\u201d), ASME B16.47 Serie A o B (&gt;24\u201d)<br \/>\nDimensiones del extremo de soldadura a tope: ASME B16.25 cara a cara<br \/>\nDimensiones cara a cara: ASME B16.10<br \/>\nInspecci\u00f3n y pruebas: API 598<br \/>\nMateriales del cuerpo: WCB, CF8, CF3, CF3M, CF8M, A995 4A, 5A, 6A, C95800, INCONEL 625, INCONEL 825, MONEL, WC6, WC9.<br \/>\nMateriales de acabado: 1#, 5#,8#,10#,12#,16#<br \/>\nMateriales de embalaje: grafito, grafito con alambre de inconel.<\/p>\n<p>&nbsp;<\/p>\n<div class=\"fl-row fl-row-full-width fl-row-bg-none fl-node-6392e703d9080\" data-node=\"6392e703d9080\">\n<div class=\"fl-row-content-wrap\">\n<div class=\"fl-row-content fl-row-full-width fl-node-content\">\n<div class=\"fl-col-group fl-node-6392e703d97d3\" data-node=\"6392e703d97d3\">\n<div class=\"fl-col fl-node-6392e703d9a36\" data-node=\"6392e703d9a36\">\n<div class=\"fl-col-content fl-node-content\">\n<div class=\"fl-module fl-module-rich-text fl-node-6392e703db342\" data-node=\"6392e703db342\" data-animation-delay=\"0.0\">\n<div class=\"fl-module-content fl-node-content\">\n<div class=\"fl-rich-text\">\n<div class=\"content_box\"><\/div>\n<p>NACE MR 0175 Bonete atornillado, tornillo exterior y yugo<br \/>\nV\u00e1stago no ascendente con cierre de sellado superior (asiento trasero): girando el volante en el sentido de las agujas del reloj<br \/>\nExtensi\u00f3n del cap\u00f3 criog\u00e9nica<br \/>\nPrueba de v\u00e1lvulas de paso<br \/>\nPernos y tuercas recubiertos de PTFE<br \/>\nPernos y tuercas recubiertos de zinc<\/p>\n<\/div>\n<\/div>\n<\/div>\n<\/div>\n<\/div>\n<\/div>\n<\/div>\n<\/div>\n<\/div>\n<div class=\"fl-row fl-row-full-width fl-row-bg-none fl-node-6392e71133a42\" data-node=\"6392e71133a42\">\n<div class=\"fl-row-content-wrap\">\n<div class=\"fl-row-content fl-row-full-width fl-node-content\">\n<div class=\"fl-col-group fl-node-6392e71133a8e\" data-node=\"6392e71133a8e\">\n<div class=\"fl-col fl-node-6392e71133ade\" data-node=\"6392e71133ade\">\n<div class=\"fl-col-content fl-node-content\">\n<div class=\"fl-module fl-module-rich-text fl-node-6392e71133b22\" data-node=\"6392e71133b22\" data-animation-delay=\"0.0\">\n<div class=\"fl-module-content fl-node-content\">\n<div class=\"fl-rich-text\">\n<div class=\"content_box\"><\/div>\n<p>El volante hace girar el v\u00e1stago de la v\u00e1lvula y el v\u00e1stago de la v\u00e1lvula hace que la compuerta se mueva hacia arriba y hacia abajo para completar el proceso de apertura y cierre. De manera similar, hay una ranura gu\u00eda entre la compuerta y el cuerpo de la v\u00e1lvula. Limitar y guiar el ariete. Hay roscas internas y roscas del v\u00e1stago de la v\u00e1lvula en la placa de la compuerta para combinar.<\/p>\n<p>Cuando se abre la v\u00e1lvula de compuerta de v\u00e1stago no ascendente, el v\u00e1stago de la v\u00e1lvula solo gira sin ning\u00fan movimiento hacia arriba o hacia abajo. El estado de apertura y cierre de la v\u00e1lvula de compuerta no se puede ver desde su apariencia, ya que no hay cambios en su apariencia durante el proceso de apertura y cierre, a diferencia del proceso de subida y bajada del v\u00e1stago de la v\u00e1lvula que se puede ver en una compuerta de v\u00e1stago ascendente. v\u00e1lvula. Entonces, en ocasiones importantes, se instalar\u00e1 un indicador del v\u00e1stago de la v\u00e1lvula en su apariencia para distinguir el estado de apertura y cierre de la v\u00e1lvula.<\/p>\n<p>Las v\u00e1lvulas de compuerta de v\u00e1stago no ascendente son adecuadas para situaciones con espacio limitado, ya que su altura no cambia cuando se abre. El medio dentro de la tuber\u00eda debe estar limpio, ya que las impurezas pueden hacer que el v\u00e1stago de la v\u00e1lvula y las roscas de la compuerta se atasquen, provocando fallas en el interruptor. El v\u00e1stago de la v\u00e1lvula y la rosca de la compuerta est\u00e1n sujetos a erosi\u00f3n y corrosi\u00f3n por el medio, y su vida \u00fatil es m\u00e1s larga que la de las v\u00e1lvulas de compuerta de v\u00e1stago abierto.<\/p>\n<\/div>\n<\/div>\n<\/div>\n<\/div>\n<\/div>\n<\/div>\n<\/div>\n<\/div>\n<\/div>","protected":false},"excerpt":{"rendered":"<p>V\u00e1lvula de compuerta de v\u00e1stago no ascendente, tambi\u00e9n conocida como v\u00e1lvula de compuerta de v\u00e1stago giratorio (tambi\u00e9n conocida como v\u00e1lvula de compuerta de cu\u00f1a de v\u00e1stago no ascendente). La tuerca del v\u00e1stago de la v\u00e1lvula est\u00e1 ubicada en la placa de la compuerta y el volante gira para hacer girar el v\u00e1stago de la v\u00e1lvula, lo que hace que la placa de la compuerta se levante. Por lo general, hay una rosca trapezoidal en la parte inferior del v\u00e1stago de la v\u00e1lvula. A trav\u00e9s de la rosca en la parte inferior de la v\u00e1lvula y la ranura gu\u00eda en el disco de la v\u00e1lvula, el movimiento de rotaci\u00f3n se transforma en movimiento lineal, es decir, el par de operaci\u00f3n se transforma en empuje de operaci\u00f3n.<\/p>","protected":false},"featured_media":18056,"template":"","meta":{"advanced_seo_description":"","jetpack_seo_html_title":"","jetpack_seo_noindex":false},"product_brand":[],"product_cat":[81],"product_tag":[108,110,107,109],"class_list":{"0":"post-18055","1":"product","2":"type-product","3":"status-publish","4":"has-post-thumbnail","6":"product_cat-gate-valves","7":"product_tag-150lb-non-rising-stem-gate-valve","8":"product_tag-8-inch-non-rising-stem-gate-valve","9":"product_tag-non-rising-stem-gate-valve","10":"product_tag-wcb-non-rising-stem-gate-valve","12":"first","13":"instock","14":"featured","15":"shipping-taxable","16":"product-type-simple"},"jetpack_sharing_enabled":true,"_links":{"self":[{"href":"https:\/\/oudianvalve.com\/es\/wp-json\/wp\/v2\/product\/18055","targetHints":{"allow":["GET"]}}],"collection":[{"href":"https:\/\/oudianvalve.com\/es\/wp-json\/wp\/v2\/product"}],"about":[{"href":"https:\/\/oudianvalve.com\/es\/wp-json\/wp\/v2\/types\/product"}],"wp:featuredmedia":[{"embeddable":true,"href":"https:\/\/oudianvalve.com\/es\/wp-json\/wp\/v2\/media\/18056"}],"wp:attachment":[{"href":"https:\/\/oudianvalve.com\/es\/wp-json\/wp\/v2\/media?parent=18055"}],"wp:term":[{"taxonomy":"product_brand","embeddable":true,"href":"https:\/\/oudianvalve.com\/es\/wp-json\/wp\/v2\/product_brand?post=18055"},{"taxonomy":"product_cat","embeddable":true,"href":"https:\/\/oudianvalve.com\/es\/wp-json\/wp\/v2\/product_cat?post=18055"},{"taxonomy":"product_tag","embeddable":true,"href":"https:\/\/oudianvalve.com\/es\/wp-json\/wp\/v2\/product_tag?post=18055"}],"curies":[{"name":"wp","href":"https:\/\/api.w.org\/{rel}","templated":true}]}}