{"id":17983,"date":"2023-06-12T08:28:14","date_gmt":"2023-06-12T08:28:14","guid":{"rendered":"https:\/\/oudianvalve.com\/?post_type=product&#038;p=17983"},"modified":"2025-06-14T13:25:10","modified_gmt":"2025-06-14T13:25:10","slug":"api600-cast-steel-gate-valve-300lb-6-inch-rf-end","status":"publish","type":"product","link":"https:\/\/oudianvalve.com\/es\/products\/gate-valves\/api600-cast-steel-gate-valve-300lb-6-inch-rf-end\/","title":{"rendered":"V\u00e1lvula de compuerta de acero fundido API600, 300 lb, 6 pulgadas, extremo RF"},"content":{"rendered":"<p>Est\u00e1ndar de dise\u00f1o: API 600<br \/>\nClasificaciones de presi\u00f3n y temperatura: ASME B16.34<br \/>\nRango de tama\u00f1os: 2\u201d a 48\u201d<br \/>\nRango de presi\u00f3n: Clase 150 a 2500<br \/>\nConexiones finales: RF con bridas, RTJ, soldadura a tope<br \/>\nDimensiones del extremo bridado: ASME B16.5 (\u226424\u201d), ASME B16.47 Serie A o B (&gt;24\u201d)<br \/>\nDimensiones del extremo de soldadura a tope: ASME B16.25 cara a cara<br \/>\nDimensiones cara a cara: ASME B16.10<br \/>\nInspecci\u00f3n y pruebas: API 598<br \/>\nMateriales del cuerpo: ASTM A216 WCB, WCC, A217 WC6, WC9, C5, C12A, A352 LCB, LCC, A351 CF8, CF8M, CF3M, CF8C, CN3MN, CK3MCUN, CN7M, A890 4A (CD3MN), 5A (CE3MN), 6A (CD3MWCuN), B148 C95800, C95500.<br \/>\nMateriales de acabado: 1#, 5#,8#,10#,12#,16#<br \/>\nMateriales de embalaje: grafito, grafito con alambre de inconel.<\/p>\n<p>&nbsp;<\/p>\n<div class=\"fl-row fl-row-full-width fl-row-bg-none fl-node-6392e703d9080\" data-node=\"6392e703d9080\">\n<div class=\"fl-row-content-wrap\">\n<div class=\"fl-row-content fl-row-full-width fl-node-content\">\n<div class=\"fl-col-group fl-node-6392e703d97d3\" data-node=\"6392e703d97d3\">\n<div class=\"fl-col fl-node-6392e703d9a36\" data-node=\"6392e703d9a36\">\n<div class=\"fl-col-content fl-node-content\">\n<div class=\"fl-module fl-module-rich-text fl-node-6392e703db342\" data-node=\"6392e703db342\" data-animation-delay=\"0.0\">\n<div class=\"fl-module-content fl-node-content\">\n<div class=\"fl-rich-text\">\n<div class=\"content_box\">\n<h2>Opcional<\/h2>\n<\/div>\n<p>NACE MR 0175 Bonete atornillado, tornillo exterior y yugo<br \/>\nV\u00e1stago ascendente con cierre de sellado superior (asiento trasero): girando el volante en el sentido de las agujas del reloj<br \/>\nExtensi\u00f3n del cap\u00f3 criog\u00e9nica<br \/>\nPrueba de v\u00e1lvulas de paso<br \/>\nPernos y tuercas recubiertos de PTFE<br \/>\nPernos y tuercas recubiertos de zinc<\/p>\n<\/div>\n<\/div>\n<\/div>\n<\/div>\n<\/div>\n<\/div>\n<\/div>\n<\/div>\n<\/div>\n<div class=\"fl-row fl-row-full-width fl-row-bg-none fl-node-6392e71133a42\" data-node=\"6392e71133a42\">\n<div class=\"fl-row-content-wrap\">\n<div class=\"fl-row-content fl-row-full-width fl-node-content\">\n<div class=\"fl-col-group fl-node-6392e71133a8e\" data-node=\"6392e71133a8e\">\n<div class=\"fl-col fl-node-6392e71133ade\" data-node=\"6392e71133ade\">\n<div class=\"fl-col-content fl-node-content\">\n<div class=\"fl-module fl-module-rich-text fl-node-6392e71133b22\" data-node=\"6392e71133b22\" data-animation-delay=\"0.0\">\n<div class=\"fl-module-content fl-node-content\">\n<div class=\"fl-rich-text\">\n<div class=\"content_box\">\n<h2>Introducci\u00f3n del producto<\/h2>\n<\/div>\n<p>La v\u00e1lvula de compuerta de acero fundido API600 es una v\u00e1lvula bidireccional y de m\u00faltiples vueltas, y el miembro de cierre es una cu\u00f1a.<br \/>\nCuando el v\u00e1stago se eleva, la cu\u00f1a saldr\u00e1 del asiento, lo que significa abrirse, y cuando el v\u00e1stago desciende, la cu\u00f1a se cerrar\u00e1 herm\u00e9ticamente contra el asiento y se cerrar\u00e1. Cuando est\u00e1 completamente abierta, el fluido fluye a trav\u00e9s de la v\u00e1lvula en l\u00ednea recta, lo que produce una ca\u00edda de presi\u00f3n m\u00ednima a trav\u00e9s de la v\u00e1lvula. Las v\u00e1lvulas de compuerta se utilizan como v\u00e1lvulas de cierre, no adecuadas para aplicaciones de control de capacidad.<br \/>\nEn comparaci\u00f3n con las v\u00e1lvulas de bola, las v\u00e1lvulas de compuerta tienen menos costo y aplicaciones m\u00e1s amplias. Normalmente, las v\u00e1lvulas de bola tienen asiento blando, por lo que no se recomienda su uso en aplicaciones de alta temperatura, pero las v\u00e1lvulas de compuerta tienen asiento de metal y son una buena opci\u00f3n para usarse en situaciones de alta temperatura. Adem\u00e1s, las v\u00e1lvulas de compuerta se pueden utilizar para aplicaciones cr\u00edticas cuando el lodo tiene part\u00edculas s\u00f3lidas, como en la miner\u00eda. Las v\u00e1lvulas de compuerta se utilizan ampliamente para petr\u00f3leo y gas, petr\u00f3leo, refinaci\u00f3n, productos qu\u00edmicos, miner\u00eda, tratamiento de agua, plantas de energ\u00eda, GNL, etc.<\/p>\n<\/div>\n<\/div>\n<\/div>\n<\/div>\n<\/div>\n<\/div>\n<\/div>\n<\/div>\n<\/div>\n<p>V\u00e1lvula de compuerta de acero fundido API600, v\u00e1lvula de compuerta de acero fundido de 300 lb, v\u00e1lvula de compuerta de acero fundido de 6 pulgadas, v\u00e1lvula de compuerta de acero fundido con extremo RF<\/p>","protected":false},"excerpt":{"rendered":"<p><strong>v\u00e1lvulas de compuerta<\/strong>\u00a0Se utilizan normalmente cuando se necesita un flujo de fluido en l\u00ednea recta y una restricci\u00f3n m\u00ednima del flujo. Son muy adecuados para alta presi\u00f3n y altas temperaturas, y pueden usarse para una amplia variedad de fluidos. Debido a que la v\u00e1lvula de compuerta es sim\u00e9trica, cualquiera de los extremos puede ser la entrada, lo que permite que el flujo ingrese a trav\u00e9s de cualquier direcci\u00f3n de la v\u00e1lvula, tambi\u00e9n conocida como bidireccional.<\/p>\n<p>Hay muchos dise\u00f1os para la v\u00e1lvula de compuerta, incluidos v\u00e1stago ascendente y no ascendente, de cuchilla, de losa y de expansi\u00f3n.<\/p>","protected":false},"featured_media":18441,"template":"","meta":{"advanced_seo_description":"","jetpack_seo_html_title":"","jetpack_seo_noindex":false},"product_brand":[],"product_cat":[81],"product_tag":[533,534,532,535],"class_list":{"0":"post-17983","1":"product","2":"type-product","3":"status-publish","4":"has-post-thumbnail","6":"product_cat-gate-valves","7":"product_tag-300lb-cast-steel-gate-valve","8":"product_tag-6-inch-cast-steel-gate-valve","9":"product_tag-api600-cast-steel-gate-valve","10":"product_tag-rf-end-cast-steel-gate-valve","12":"first","13":"instock","14":"featured","15":"shipping-taxable","16":"product-type-simple"},"jetpack_sharing_enabled":true,"_links":{"self":[{"href":"https:\/\/oudianvalve.com\/es\/wp-json\/wp\/v2\/product\/17983","targetHints":{"allow":["GET"]}}],"collection":[{"href":"https:\/\/oudianvalve.com\/es\/wp-json\/wp\/v2\/product"}],"about":[{"href":"https:\/\/oudianvalve.com\/es\/wp-json\/wp\/v2\/types\/product"}],"wp:featuredmedia":[{"embeddable":true,"href":"https:\/\/oudianvalve.com\/es\/wp-json\/wp\/v2\/media\/18441"}],"wp:attachment":[{"href":"https:\/\/oudianvalve.com\/es\/wp-json\/wp\/v2\/media?parent=17983"}],"wp:term":[{"taxonomy":"product_brand","embeddable":true,"href":"https:\/\/oudianvalve.com\/es\/wp-json\/wp\/v2\/product_brand?post=17983"},{"taxonomy":"product_cat","embeddable":true,"href":"https:\/\/oudianvalve.com\/es\/wp-json\/wp\/v2\/product_cat?post=17983"},{"taxonomy":"product_tag","embeddable":true,"href":"https:\/\/oudianvalve.com\/es\/wp-json\/wp\/v2\/product_tag?post=17983"}],"curies":[{"name":"wp","href":"https:\/\/api.w.org\/{rel}","templated":true}]}}