{"id":17879,"date":"2023-05-29T03:01:19","date_gmt":"2023-05-29T03:01:19","guid":{"rendered":"https:\/\/oudianvalve.com\/?post_type=product&#038;p=17879"},"modified":"2023-06-19T03:16:06","modified_gmt":"2023-06-19T03:16:06","slug":"600lb-cast-steel-globe-valve","status":"publish","type":"product","link":"https:\/\/oudianvalve.com\/es\/products\/globe-valves\/600lb-cast-steel-globe-valve\/","title":{"rendered":"V\u00e1lvula de globo de acero fundido de 600 lb"},"content":{"rendered":"<p>Est\u00e1ndar de dise\u00f1o: BS 1873 o API623<br \/>\nClasificaciones de presi\u00f3n y temperatura: ASME B16.34<br \/>\nRango de tama\u00f1os: 2\u201d a 28\u201d<br \/>\nRango de presi\u00f3n: Clase 150 a 2500<br \/>\nConexiones finales: RF con bridas, RTJ, soldadura a tope<br \/>\nDimensiones del extremo bridado: ASME B16.5 (\u226424\u201d), ASME B16.47 Serie A o B (&gt;24\u201d)<br \/>\nDimensiones del extremo de soldadura a tope: ASME B16.25 cara a cara<br \/>\nDimensiones cara a cara: ASME B16.10<br \/>\nInspecci\u00f3n y pruebas: API 598<br \/>\nMateriales del cuerpo: WCB, WCC, LCB, LCC, WC6, WC9, CF8, CF3, CF3M, CF8M, A995 4A, 5A, 6A, C95800, INCONEL 625, INCONEL 825, Hastelloy C, MONEL.<br \/>\nMateriales de acabado: 1#, 5#,8#,10#,12#,16#<br \/>\nMateriales de embalaje: grafito, grafito con alambre de inconel, PTFE<\/p>\n<h2>Opcional<\/h2>\n<div class=\"fl-row fl-row-full-width fl-row-bg-none fl-node-6392e5b9bcb7b\" data-node=\"6392e5b9bcb7b\">\n<div class=\"fl-row-content-wrap\">\n<div class=\"fl-row-content fl-row-full-width fl-node-content\">\n<div class=\"fl-col-group fl-node-6392e5b9bd376\" data-node=\"6392e5b9bd376\">\n<div class=\"fl-col fl-node-6392e5b9be5e2\" data-node=\"6392e5b9be5e2\">\n<div class=\"fl-col-content fl-node-content\">\n<div class=\"fl-module fl-module-rich-text fl-node-6392e5b9c4a63\" data-node=\"6392e5b9c4a63\" data-animation-delay=\"0.0\">\n<div class=\"fl-module-content fl-node-content\">\n<div class=\"fl-rich-text\">\n<p>Extensi\u00f3n del cap\u00f3<br \/>\nV\u00e1lvulas de paso<br \/>\nV\u00e1lvulas de drenaje<br \/>\nBajas emisiones fugitivas seg\u00fan API 624 o ISO 15848<br \/>\nPernos y tuercas recubiertos de PTFE<br \/>\nPernos y tuercas recubiertos de zinc<\/p>\n<\/div>\n<\/div>\n<\/div>\n<\/div>\n<\/div>\n<\/div>\n<\/div>\n<\/div>\n<\/div>\n<div class=\"fl-row fl-row-full-width fl-row-bg-none fl-node-6392e5c966481\" data-node=\"6392e5c966481\">\n<div class=\"fl-row-content-wrap\">\n<div class=\"fl-row-content fl-row-full-width fl-node-content\">\n<div class=\"fl-col-group fl-node-6392e5c9664ce\" data-node=\"6392e5c9664ce\">\n<div class=\"fl-col fl-node-6392e5c966513\" data-node=\"6392e5c966513\">\n<div class=\"fl-col-content fl-node-content\">\n<div class=\"fl-module fl-module-rich-text fl-node-6392e5c966555\" data-node=\"6392e5c966555\" data-animation-delay=\"0.0\">\n<div class=\"fl-module-content fl-node-content\">\n<div class=\"fl-rich-text\">\n<div class=\"content_box\">\n<h2>Ventajas<\/h2>\n<\/div>\n<p>Nuestra v\u00e1lvula de globo est\u00e1 estrictamente dise\u00f1ada seg\u00fan BS 1873 y est\u00e1ndares relacionados, y tambi\u00e9n puede ser API 623 seg\u00fan los requisitos del cliente. Espesor de pared seg\u00fan API 600, que es mayor que el est\u00e1ndar ASME B16.34 y tendr\u00e1 un rendimiento m\u00e1s estable. Para tama\u00f1os superiores a 8\u201d, no se puede dise\u00f1ar como tipo de disco doble, que tiene un valor de torque y empuje m\u00e1s bajo en comparaci\u00f3n con el tipo de disco \u00fanico.<\/p>\n<\/div>\n<\/div>\n<\/div>\n<\/div>\n<\/div>\n<\/div>\n<\/div>\n<\/div>\n<\/div>","protected":false},"excerpt":{"rendered":"<p>La v\u00e1lvula de globo es una v\u00e1lvula multivuelta y unidireccional; la v\u00e1lvula debe instalarse seg\u00fan la direcci\u00f3n del flujo que se indica en el cuerpo de la v\u00e1lvula. A diferencia de las v\u00e1lvulas de bola y de compuerta, el patr\u00f3n de flujo a trav\u00e9s de una v\u00e1lvula de globo implica cambios de direcci\u00f3n, lo que resulta en una mayor restricci\u00f3n del flujo y una gran ca\u00edda de presi\u00f3n, a medida que el medio se mueve a trav\u00e9s de las partes internas de la v\u00e1lvula, por lo que se sugiere usarla para tuber\u00edas donde se desee. para reducir la presi\u00f3n del medio al pasar por una v\u00e1lvula.<br \/>\nEl cierre se logra moviendo el disco contra el fluido, en lugar de a trav\u00e9s de \u00e9l, lo que reduce el desgaste del cierre. Adem\u00e1s del prop\u00f3sito de apertura y cierre, las v\u00e1lvulas de globo tambi\u00e9n se pueden utilizar como control de flujo de estrangulaci\u00f3n, ya que el disco tiene forma de tap\u00f3n giratorio.<br \/>\nLas v\u00e1lvulas de globo se utilizan ampliamente para petr\u00f3leo, gas natural, GNL, petr\u00f3leo, refinaci\u00f3n, productos qu\u00edmicos, miner\u00eda, tratamiento de agua, plantas de energ\u00eda, etc.<\/p>","protected":false},"featured_media":18051,"template":"","meta":{"advanced_seo_description":"","jetpack_seo_html_title":"","jetpack_seo_noindex":false},"product_brand":[],"product_cat":[80],"product_tag":[101,100,87,86,85],"class_list":{"0":"post-17879","1":"product","2":"type-product","3":"status-publish","4":"has-post-thumbnail","6":"product_cat-globe-valves","7":"product_tag-6-inch-globe-valve","8":"product_tag-600lb-falnge-globe-valve","9":"product_tag-8-inch-globe-valve","10":"product_tag-900lb-flange-globe-valve","11":"product_tag-cast-steel-globe-valve","13":"first","14":"instock","15":"featured","16":"shipping-taxable","17":"product-type-simple"},"jetpack_sharing_enabled":true,"_links":{"self":[{"href":"https:\/\/oudianvalve.com\/es\/wp-json\/wp\/v2\/product\/17879","targetHints":{"allow":["GET"]}}],"collection":[{"href":"https:\/\/oudianvalve.com\/es\/wp-json\/wp\/v2\/product"}],"about":[{"href":"https:\/\/oudianvalve.com\/es\/wp-json\/wp\/v2\/types\/product"}],"wp:featuredmedia":[{"embeddable":true,"href":"https:\/\/oudianvalve.com\/es\/wp-json\/wp\/v2\/media\/18051"}],"wp:attachment":[{"href":"https:\/\/oudianvalve.com\/es\/wp-json\/wp\/v2\/media?parent=17879"}],"wp:term":[{"taxonomy":"product_brand","embeddable":true,"href":"https:\/\/oudianvalve.com\/es\/wp-json\/wp\/v2\/product_brand?post=17879"},{"taxonomy":"product_cat","embeddable":true,"href":"https:\/\/oudianvalve.com\/es\/wp-json\/wp\/v2\/product_cat?post=17879"},{"taxonomy":"product_tag","embeddable":true,"href":"https:\/\/oudianvalve.com\/es\/wp-json\/wp\/v2\/product_tag?post=17879"}],"curies":[{"name":"wp","href":"https:\/\/api.w.org\/{rel}","templated":true}]}}