{"id":18431,"date":"2025-06-14T08:00:52","date_gmt":"2025-06-14T08:00:52","guid":{"rendered":"https:\/\/oudianvalve.com\/?post_type=product&#038;p=18431"},"modified":"2025-06-14T08:27:01","modified_gmt":"2025-06-14T08:27:01","slug":"din3352-2205-gate-valve-pn16-dn80-rf-end","status":"publish","type":"product","link":"https:\/\/oudianvalve.com\/de\/products\/gate-valves\/din3352-2205-gate-valve-pn16-dn80-rf-end\/","title":{"rendered":"DIN3352 2205 Absperrschieber, PN16, DN80, RF-Ende"},"content":{"rendered":"<p>Design- und Herstellungsstandard: DIN3352<\/p>\n<p>Druck- und Temperaturstandard: ASME B16.34\/DIN3230<\/p>\n<p>Standard f\u00fcr Baul\u00e4ngenabmessungen: ASME B16.10\/DIN3202\/JIS B2002<\/p>\n<p>Flanschstandard: ASME B16.5, ASME B16.47\/DIN2543-2545-2501\/JIS B2220<\/p>\n<p>Test- und Inspektionsstandard: API 598, API 6D\/DIN2401\/JIS B2003.<\/p>\n<p>Gr\u00f6\u00dfe: 1\/2&quot;-10&quot; (DN15~DN250)<\/p>\n<p>Druckstufe: 150LB-600LB\/PN16~PN100\/10K~60K)<br \/>\nAnwendungen: \u00d6l und Gas, Abwasserbehandlung, Wasserversorgung, chemische Projekte<\/p>\n<p>Hauptmaterial :<\/p>\n<p><strong>Duplex-Edelstahl-Schieber 4A 2205 5A 2507 CD4MCuN CD3MWCuN<\/strong><\/p>\n<p>Klassifizierung und Eigenschaften des Ventilschiebers aus Stahl 2205<br \/>\nKlassifizierung der Verbindungsmethoden<br \/>\nDas Ventil aus Stahl 2205 verf\u00fcgt \u00fcber verschiedene Verbindungsmethoden, um den Anforderungen unterschiedlicher Arbeitsbedingungen gerecht zu werden, haupts\u00e4chlich einschlie\u00dflich Flanschtyp, Wafertyp, Schwei\u00dftyp usw.<\/p>\n<p>Flanschschieber:<br \/>\nDie Flanschverbindung ist die g\u00e4ngigste Ventilverbindungsmethode und eignet sich f\u00fcr verschiedene Druck- und Temperaturbedingungen. Der Flanschschieber aus Stahl 2205 ist durch Schrauben fest mit dem Rohrleitungsflansch verbunden, um Abdichtung und Stabilit\u00e4t zu gew\u00e4hrleisten. Sein Vorteil liegt in der einfachen Installation, Demontage und Reparatur und wird h\u00e4ufig in Rohrleitungssystemen in der Erd\u00f6l-, Chemie- und anderen Industrien eingesetzt.<\/p>\n<p>Waferschieber:<br \/>\nDie Waferverbindung nutzt den Originalflansch der Rohrleitung zum Klemmen und Befestigen, ohne dass zus\u00e4tzliche Flansche erforderlich sind. Sie zeichnet sich durch einfache Struktur, geringes Gewicht und bequeme Installation aus. Diese Verbindungsmethode eignet sich besonders f\u00fcr Anwendungen mit begrenztem Platzangebot oder h\u00e4ufigen Wartungsarbeiten, wie z. B. Wasserversorgungs- und Abwassersysteme sowie Brandschutzleitungen.<\/p>\n<p>Geschwei\u00dfter Schieber:<br \/>\nDurch die Schwei\u00dfverbindung wird das Ventil direkt mit der Rohrleitung verschwei\u00dft, um eine nahtlose Verbindung mit h\u00f6chster Abdichtung und Stabilit\u00e4t zu erreichen. Geeignet f\u00fcr Umgebungen mit hohen Temperaturen, hohem Druck oder stark korrosiven Medien, wie beispielsweise die Auslassleitung eines chemischen Reaktors, und h\u00e4lt dem Test rauer Arbeitsbedingungen lange Zeit stand.<\/p>\n<p>Strukturelle Klassifizierung<br \/>\nVentilschieber aus Stahl 2205 k\u00f6nnen je nach Struktur in mehrere Typen unterteilt werden, z. B. Schieber mit steigender Spindel, Schieber mit nicht steigender Spindel, Parallelschieber, elastische Schieber usw. Jede Struktur hat ihr eigenes Funktionsprinzip und ihre eigenen anwendbaren Szenarien.<\/p>\n<p>Schieber mit steigender Spindel:<br \/>\nDie Spindelmutter des Schieberventils mit ansteigender Spindel befindet sich am Ventildeckel oder an der Halterung. Beim \u00d6ffnen und Schlie\u00dfen des Schiebers wird die Spindelmutter gedreht, um das Heben und Senken des Ventilschafts zu erreichen. Diese Konstruktion tr\u00e4gt zur Schmierung des Ventilschafts bei, der \u00d6ffnungs- und Schlie\u00dfgrad ist deutlich erkennbar, und der Ventilzustand l\u00e4sst sich bequem beobachten. Sie ist weit verbreitet.<\/p>\n<p>Absperrschieber mit nicht steigender Spindel:<br \/>\nDie Spindelmutter des nicht steigenden Spindelschiebers befindet sich im Ventilk\u00f6rper und hat direkten Kontakt mit dem Medium. Beim \u00d6ffnen und Schlie\u00dfen des Schiebers wird die Spindel gedreht. Der Vorteil dieser Konstruktion besteht darin, dass die H\u00f6he des Schiebers stets unver\u00e4ndert bleibt, der Einbauraum klein ist und sie f\u00fcr Schieber mit gro\u00dfem Durchmesser oder begrenztem Einbauraum geeignet ist. Zur Anzeige des \u00d6ffnungs- und Schlie\u00dfgrads muss jedoch eine \u00d6ffnungs- und Schlie\u00dfanzeige installiert werden.<\/p>\n<p>Parallelschieber:<br \/>\nDie Dichtfl\u00e4che des Parallelschiebers verl\u00e4uft parallel zur vertikalen Mittellinie, d. h. die beiden Dichtfl\u00e4chen sind parallel zueinander. Diese Konstruktion wird \u00fcblicherweise f\u00fcr Niederdruckschieber mit kleinem und mittlerem Kaliber (DN40-300 mm) verwendet und zeichnet sich durch eine einfache Konstruktion und zuverl\u00e4ssige Abdichtung aus.<\/p>\n<p>Elastischer Absperrschieber:<br \/>\nDas elastische Absperrventil verf\u00fcgt \u00fcber eine ringf\u00f6rmige Nut am Umfang der Absperrplatte, die der Absperrplatte eine entsprechende Elastizit\u00e4t verleiht. Diese Struktur kann die durch die Bearbeitung des Dichtfl\u00e4chenwinkels verursachte Abweichung ausgleichen, die Verarbeitbarkeit verbessern, die Dichtleistung verbessern und ist f\u00fcr Umgebungen mit hohem Druck und hohen Temperaturen geeignet.<\/p>\n<p>Chemische Eigenschaften und Vorteile von 2205 Duplexstahl<br \/>\nAnalyse der chemischen Zusammensetzung<br \/>\n2205-Stahl ist ein Duplex-Edelstahl. Seine chemische Zusammensetzung enth\u00e4lt etwa 22% Chrom (Cr), etwa 5,5% Nickel (Ni), etwa 3% Molybd\u00e4n (Mo) und etwa 0,18% Stickstoff (N). Die austenitische und ferritische Doppelphasenstruktur (Verh\u00e4ltnis \u2248 50:50) bietet hohe Festigkeit und Korrosionsbest\u00e4ndigkeit. Die Streckgrenze \u2265 450 MPa ist mehr als doppelt so hoch wie bei Edelstahl 304. Dieses einzigartige Elementverh\u00e4ltnis verleiht 2205-Stahl hervorragende mechanische Eigenschaften und Korrosionsbest\u00e4ndigkeit.<\/p>\n<p>Chrom (Cr): Verbessert die Oxidations- und Korrosionsbest\u00e4ndigkeit von Stahl und ist ein Schl\u00fcsselelement bei der Bildung eines Passivierungsfilms.<br \/>\nNickel (Ni): Stabilisiert die Austenitphase und verbessert die Z\u00e4higkeit und Plastizit\u00e4t von Stahl.<br \/>\nMolybd\u00e4n (Mo): Verbessert die Korrosionsbest\u00e4ndigkeit von Stahl in Umgebungen mit reduzierenden S\u00e4uren und Chloridionen.<br \/>\nStickstoff (N): Als Austenit stabilisierendes Element verbessert es die Festigkeit und Lochfra\u00dfbest\u00e4ndigkeit von Stahl.<br \/>\nVergleich der Leistungsvorteile<br \/>\nIm Vergleich zum herk\u00f6mmlichen Edelstahl 304 weist Stahl 2205 in vielerlei Hinsicht erhebliche Vorteile auf:<\/p>\n<p>Mechanische Eigenschaften: Die Streckgrenze und Zugfestigkeit von Stahl 2205 sind h\u00f6her als die von Edelstahl 304 und er h\u00e4lt gr\u00f6\u00dferen Belastungen und Spannungen stand.<br \/>\nKorrosionsbest\u00e4ndigkeit: In nicht oxidierenden S\u00e4uren (wie Schwefels\u00e4ure, Essigs\u00e4ure) und chloridhaltigen Medien ist die Korrosionsbest\u00e4ndigkeit von Stahl 2205 der von Edelstahl 304 weit \u00fcberlegen und eignet sich besonders f\u00fcr Meeresumgebungen und chemische Korrosionsbedingungen.<br \/>\nSpannungskorrosionsbest\u00e4ndigkeit: Die Zweiphasenstruktur (Austenit + Ferrit) von 2205-Stahl verhindert wirksam die Ausbreitung von Spannungskorrosionsrissen und eignet sich f\u00fcr Anwendungen, bei denen Spannungskorrosion auftritt.<br \/>\nBest\u00e4ndigkeit gegen Loch- und Spaltkorrosion: Der hohe Chrom-, Molybd\u00e4n- und Stickstoffgehalt verleiht Stahl 2205 eine hervorragende Best\u00e4ndigkeit gegen Loch- und Spaltkorrosion und verl\u00e4ngert so die Lebensdauer der Ger\u00e4te.<br \/>\nAnwendungsgebiete und Arbeitsbedingungen von Ventilen und Schiebern aus Stahl 2205<br \/>\n\u00dcberblick \u00fcber die Anwendungsbranche<br \/>\nVentile und Schieber aus Stahl 2205 werden aufgrund ihrer hervorragenden Leistung h\u00e4ufig in den folgenden Branchen eingesetzt:<\/p>\n<p>\u00d6l und Gas: Wird in \u00d6lpipelines und Gasbohrlochk\u00f6pfen verwendet, um einen Medienr\u00fcckfluss und damit Sicherheitsunf\u00e4lle zu verhindern.<br \/>\nChemie und Pharma: Sorgen Sie in Transportpipelines f\u00fcr korrosive Medien f\u00fcr Prozesssicherheit und verhindern Sie Kreuzkontaminationen.<br \/>\nStrom und Energie: Wird im Umlaufwassersystem von W\u00e4rmekraftwerken und im K\u00fchlkreislauf von Kernkraftwerken eingesetzt, um Umgebungen mit hohen Temperaturen und hohem Druck standzuhalten.<br \/>\nMeerwasserentsalzung und Umweltschutz: In Meerwasseraufbereitungsanlagen widersteht es der Chloridionenkorrosion und verbessert die Haltbarkeit der Anlagen.<br \/>\nTypische Arbeitsbedingungenanalyse<br \/>\nArbeitsbedingungen bei hohem Druck und hoher Temperatur:<br \/>\nIn der Dampfleitung von W\u00e4rmekraftwerken k\u00f6nnen Absperrschieber aus Stahl 2205 Betriebstemperaturen von bis zu 550 \u00b0C und Dr\u00fccken von 25 MPa standhalten, wodurch ein unidirektionaler Dampffluss gew\u00e4hrleistet und R\u00fcckflusssch\u00e4den an der Ausr\u00fcstung aufgrund von Temperaturschwankungen verhindert werden.<\/p>\n<p>Stark korrosive Medien:<br \/>\nIn Schwefels\u00e4ure-Fernleitungen der chemischen Industrie kann die Korrosionsbest\u00e4ndigkeit von Stahl 2205 der Korrosion durch Schwefels\u00e4ure wirksam widerstehen und Ventilausf\u00e4lle durch Korrosion verhindern.<\/p>\n<p>Anwendung in der Meeresumwelt:<br \/>\nIm Meerwasseraufbereitungssystem von Offshore-\u00d6lplattformen k\u00f6nnen Absperrschieber aus Stahl 2205 der Chloridionenkorrosion im Meerwasser lange Zeit widerstehen und die Lebensdauer der Ausr\u00fcstung verl\u00e4ngern.<\/p>\n<p>Installation und Wartung des Ventilschiebers aus Stahl 2205<br \/>\nVorsichtsma\u00dfnahmen bei der Installation<br \/>\nDie korrekte Installation ist entscheidend f\u00fcr die Leistung des Absperrschiebers. Folgende Punkte sind zu beachten:<\/p>\n<p>Auswahl des Installationsortes:<br \/>\nDer Absperrschieber sollte an einem f\u00fcr Bedienung und Wartung geeigneten Ort installiert werden. Vermeiden Sie die Installation an Orten, an denen sich Ablagerungen ansammeln k\u00f6nnen, um die Funktion des Schiebers nicht zu beeintr\u00e4chtigen.<\/p>\n<p>Richtungsbest\u00e4tigung:<br \/>\nEs muss sichergestellt werden, dass die Einbaurichtung des Absperrschiebers mit der Str\u00f6mungsrichtung der Fl\u00fcssigkeit \u00fcbereinstimmt und die Pfeilanzeige mit der Str\u00f6mungsrichtung des Mediums \u00fcbereinstimmt.<\/p>\n<p>Anschluss und Abdichtung:<br \/>\nBeim Anschlie\u00dfen des Flansches sollte eine der Rohrleitungsqualit\u00e4t entsprechende flexible Dichtung verwendet werden. Die Schrauben sollten gleichm\u00e4\u00dfig und symmetrisch angezogen werden, um sicherzustellen, dass die Kraft an beiden Enden des Flansches ausgeglichen ist. Schwei\u00dfverbindungen m\u00fcssen die Qualit\u00e4t der Schwei\u00dfnaht gew\u00e4hrleisten, um Kaltschwei\u00dfen oder Schlackeneinschl\u00fcsse zu vermeiden.<\/p>\n<p>Betriebsraum:<br \/>\nDer Installationsort sollte gen\u00fcgend Betriebsraum lassen, um das \u00d6ffnen und Schlie\u00dfen sowie die Wartung des Ventils zu erleichtern.<\/p>\n<p>Wartung und Instandhaltung<br \/>\nRegelm\u00e4\u00dfige Inspektion:<br \/>\n\u00dcberpr\u00fcfen Sie regelm\u00e4\u00dfig die Dichtfl\u00e4che, das Tor und den Ventilschaft des Ventils und ersetzen Sie diese rechtzeitig, wenn sie besch\u00e4digt oder abgenutzt sind.<\/p>\n<p>Reinigung und Wartung:<br \/>\nReinigen Sie den Innenhohlraum und die Dichtfl\u00e4che des Ventils regelm\u00e4\u00dfig, um zu verhindern, dass sich Verunreinigungen ansammeln und das Schlie\u00dfen des Ventils beeintr\u00e4chtigen.<\/p>\n<p>Schmierung und Wartung:<br \/>\nSchmieren Sie den Ventilschaft und andere bewegliche Teile ordnungsgem\u00e4\u00df, um den Verschlei\u00df zu verringern und die Lebensdauer zu verl\u00e4ngern.<\/p>\n<p>&nbsp;<\/p>\n<p>&nbsp;<\/p>\n<p>China DIN3352 2205-Schieber, PN16 2205-Schieber, DN80 2205-Schieber, RF-Ende 2205-Schieber.<\/p>","protected":false},"excerpt":{"rendered":"<ul>\n<li><strong>Merkmale der Duplex 2205-Schieber:<\/strong>\n<p>Verschraubte Motorhaube<br \/>\nAu\u00dfenschraube und Joch<br \/>\nSteigende Spindel und nicht steigendes Handrad<br \/>\nFlexibler Keil, voll gef\u00fchrt<br \/>\nMetall-auf-Metall-Sitz<br \/>\nErneuerbarer Sitzring und Schaftr\u00fccksitz<br \/>\nManuelle Bedienung Standard, Getriebebedienung und Bet\u00e4tigung verf\u00fcgbar<br \/>\nStumpfschwei\u00dfende<br \/>\nFlanschende: Dichtleiste oder Ringverbindung<\/li>\n<\/ul>","protected":false},"featured_media":18435,"template":"","meta":{"advanced_seo_description":"","jetpack_seo_html_title":"","jetpack_seo_noindex":false},"product_brand":[],"product_cat":[81],"product_tag":[520,522,521,523],"class_list":{"0":"post-18431","1":"product","2":"type-product","3":"status-publish","4":"has-post-thumbnail","6":"product_cat-gate-valves","7":"product_tag-china-din3352-2205-gate-valve","8":"product_tag-dn80-2205-gate-valve","9":"product_tag-pn16-2205-gate-valve","10":"product_tag-rf-end-2205-gate-valve","12":"first","13":"instock","14":"shipping-taxable","15":"product-type-simple"},"jetpack_sharing_enabled":true,"_links":{"self":[{"href":"https:\/\/oudianvalve.com\/de\/wp-json\/wp\/v2\/product\/18431","targetHints":{"allow":["GET"]}}],"collection":[{"href":"https:\/\/oudianvalve.com\/de\/wp-json\/wp\/v2\/product"}],"about":[{"href":"https:\/\/oudianvalve.com\/de\/wp-json\/wp\/v2\/types\/product"}],"wp:featuredmedia":[{"embeddable":true,"href":"https:\/\/oudianvalve.com\/de\/wp-json\/wp\/v2\/media\/18435"}],"wp:attachment":[{"href":"https:\/\/oudianvalve.com\/de\/wp-json\/wp\/v2\/media?parent=18431"}],"wp:term":[{"taxonomy":"product_brand","embeddable":true,"href":"https:\/\/oudianvalve.com\/de\/wp-json\/wp\/v2\/product_brand?post=18431"},{"taxonomy":"product_cat","embeddable":true,"href":"https:\/\/oudianvalve.com\/de\/wp-json\/wp\/v2\/product_cat?post=18431"},{"taxonomy":"product_tag","embeddable":true,"href":"https:\/\/oudianvalve.com\/de\/wp-json\/wp\/v2\/product_tag?post=18431"}],"curies":[{"name":"wp","href":"https:\/\/api.w.org\/{rel}","templated":true}]}}