{"id":18426,"date":"2025-06-14T07:44:54","date_gmt":"2025-06-14T07:44:54","guid":{"rendered":"https:\/\/oudianvalve.com\/?post_type=product&#038;p=18426"},"modified":"2025-06-14T07:48:25","modified_gmt":"2025-06-14T07:48:25","slug":"din3352-316l-gate-valve-pn25-dn50-rf-end","status":"publish","type":"product","link":"https:\/\/oudianvalve.com\/de\/products\/gate-valves\/din3352-316l-gate-valve-pn25-dn50-rf-end\/","title":{"rendered":"DIN3352 316L-Schieber, PN25, DN50, RF-Ende"},"content":{"rendered":"<p>Design- und Herstellungsstandard: DIN3352<\/p>\n<p>Druck- und Temperaturstandard: ASME B16.34\/DIN3230<\/p>\n<p>Standard f\u00fcr Baul\u00e4ngenabmessungen: ASME B16.10\/DIN3202\/JIS B2002<\/p>\n<p>Flanschstandard: ASME B16.5, ASME B16.47\/DIN2543-2545-2501\/JIS B2220<\/p>\n<p>Test- und Inspektionsstandard: API 598, API 6D\/DIN2401\/JIS B2003.<\/p>\n<p>Gr\u00f6\u00dfe: 1\/2&quot;-10&quot; (DN15~DN250)<\/p>\n<p>Druckstufe: 150LB-600LB\/PN16~PN100\/10K~60K)<br \/>\nAnwendungen: \u00d6l und Gas, Abwasserbehandlung, Wasserversorgung, chemische Projekte<\/p>\n<p>Hauptmaterial des Kugelhahns aus Edelstahl 317L:<br \/>\nCF8, CF3, CF8M, CF3M, CG8M, CG3M, CF8C, CK20304, 304, 316, 316L, 316Ti, 317, 317L, 310, 310S<br \/>\nF304, F304, F316, F316L, F316Ti, F317, F317L, F310, F310S.<\/p>\n<p>Die Legierung 317L (00Cr19Ni13Mo3, UNS S31726) ist ein austenitischer Edelstahl auf Molybd\u00e4nbasis. Im Vergleich zu herk\u00f6mmlichem austenitischem Chrom-Nickel-Edelstahl wie der Legierung 304 weist er eine h\u00f6here Best\u00e4ndigkeit gegen chemische Korrosion auf. Dar\u00fcber hinaus weist die 317L-Legierung im Vergleich zu herk\u00f6mmlichem Edelstahl eine h\u00f6here Duktilit\u00e4t, Spannungskorrosionsbest\u00e4ndigkeit, Druckfestigkeit und Hochtemperaturbest\u00e4ndigkeit auf. Es handelt sich um eine kohlenstoffarme Qualit\u00e4t oder L-Qualit\u00e4t, die beim Schwei\u00dfen und bei der W\u00e4rmebehandlung eine Antisensibilisierungsleistung aufweist.<br \/>\n317L-Stahl weist im Vergleich zu 316L eine gute Meerwasser- und SCC-Best\u00e4ndigkeit auf und wird in Chemieschiffen, chemischen Produkten, Reaktoren und anderen chemischen Ger\u00e4ten verwendet, die eine hohe Korrosionsbest\u00e4ndigkeit erfordern<br \/>\nSUS317L Chemische Zusammensetzung: Kohlenstoff (C) \u2264 0,030, Mangan (Mn) \u2264 2,00, Nickel (Ni) 11,0\u201315,0, Silizium (Si) \u2264 1,00, Phosphor (P) \u2264 0,045, Schwefel (S) \u2264 0,030, Chrom (Cr). ) 18,0\u201320,0, Molybd\u00e4n (Mo) 3,0\u20134,0<\/p>\n<p>DIN3352 316L Gate Valve,PN25 316L Gate Valve,DN50 316L Gate Valve,RF End 316L Gate Valve.<\/p>","protected":false},"excerpt":{"rendered":"<ul>\n<li>Oberteil: Geschraubtes Oberteil oder druckdichtes Oberteil<\/li>\n<li>Keil: Flexibler Keil oder Vollkeil<\/li>\n<li>Steigender Stiel<\/li>\n<li>Au\u00dfenschraube und Joch<\/li>\n<li>Integrierter Sitzk\u00f6rper oder erneuerbarer Sitzring<\/li>\n<\/ul>","protected":false},"featured_media":18427,"template":"","meta":{"advanced_seo_description":"","jetpack_seo_html_title":"","jetpack_seo_noindex":false},"product_brand":[],"product_cat":[81],"product_tag":[503,505,504,506],"class_list":{"0":"post-18426","1":"product","2":"type-product","3":"status-publish","4":"has-post-thumbnail","6":"product_cat-gate-valves","7":"product_tag-din3352-316l-gate-valve","8":"product_tag-dn50-316l-gate-valve","9":"product_tag-pn25-316l-gate-valve","10":"product_tag-rf-end-316l-gate-valve","12":"first","13":"instock","14":"shipping-taxable","15":"product-type-simple"},"jetpack_sharing_enabled":true,"_links":{"self":[{"href":"https:\/\/oudianvalve.com\/de\/wp-json\/wp\/v2\/product\/18426","targetHints":{"allow":["GET"]}}],"collection":[{"href":"https:\/\/oudianvalve.com\/de\/wp-json\/wp\/v2\/product"}],"about":[{"href":"https:\/\/oudianvalve.com\/de\/wp-json\/wp\/v2\/types\/product"}],"wp:featuredmedia":[{"embeddable":true,"href":"https:\/\/oudianvalve.com\/de\/wp-json\/wp\/v2\/media\/18427"}],"wp:attachment":[{"href":"https:\/\/oudianvalve.com\/de\/wp-json\/wp\/v2\/media?parent=18426"}],"wp:term":[{"taxonomy":"product_brand","embeddable":true,"href":"https:\/\/oudianvalve.com\/de\/wp-json\/wp\/v2\/product_brand?post=18426"},{"taxonomy":"product_cat","embeddable":true,"href":"https:\/\/oudianvalve.com\/de\/wp-json\/wp\/v2\/product_cat?post=18426"},{"taxonomy":"product_tag","embeddable":true,"href":"https:\/\/oudianvalve.com\/de\/wp-json\/wp\/v2\/product_tag?post=18426"}],"curies":[{"name":"wp","href":"https:\/\/api.w.org\/{rel}","templated":true}]}}