{"id":18421,"date":"2025-06-14T07:21:52","date_gmt":"2025-06-14T07:21:52","guid":{"rendered":"https:\/\/oudianvalve.com\/?post_type=product&#038;p=18421"},"modified":"2025-06-14T07:29:08","modified_gmt":"2025-06-14T07:29:08","slug":"jis10k-ball-valve-50a-304-ff-end","status":"publish","type":"product","link":"https:\/\/oudianvalve.com\/de\/products\/ball-valves\/jis10k-ball-valve-50a-304-ff-end\/","title":{"rendered":"JIS10K Kugelhahn, 50A, 304, FF-Ende"},"content":{"rendered":"<p>Ventilbeschreibung:<br \/>\nVentiltyp: Schwimmendes Kugelventil<br \/>\nGeh\u00e4usematerial: 304.<br \/>\nNenndurchmesser: 2\u2033<br \/>\nDruckbewertung: JIS10K<br \/>\nEndanschluss: FF-Flansch<br \/>\nBetriebstemperatur: -29 \u00b0C bis +200 \u00b0C.<br \/>\nBedienung: Hebel.<\/p>\n<p>Der Kugelhahn mit niedriger Plattform nach japanischem Standard kann eine Installationsplattform f\u00fcr Kugelh\u00e4hne nach japanischem Standard mit Antrieben wie elektrischen Kugelh\u00e4hnen nach japanischem Standard und pneumatischen Kugelh\u00e4hnen nach japanischem Standard bieten.<\/p>\n<p>Die \u00d6ffnungs- und Schlie\u00dfteile (Kugeln) des japanischen Standard-Kugelhahns mit niedriger Plattform werden von der Ventilspindel angetrieben und drehen sich um die Achse der Ventilspindel. Er dient haupts\u00e4chlich zum Absperren oder Verbinden des Mediums in der Rohrleitung und kann auch zur Fl\u00fcssigkeitsregulierung und -steuerung eingesetzt werden. Er zeichnet sich durch eine kompakte Bauweise, zuverl\u00e4ssige Abdichtung, einen einfachen Aufbau und eine einfache Wartung aus. Die Dichtfl\u00e4che und die Kugeloberfl\u00e4che sind h\u00e4ufig geschlossen, verschlei\u00dffest, leicht zu bedienen und zu warten, geeignet f\u00fcr allgemeine Arbeitsmedien wie Wasser, L\u00f6sungsmittel, S\u00e4uren und Erdgas sowie f\u00fcr Medien mit rauen Arbeitsbedingungen wie Sauerstoff, Wasserstoffperoxid, Methan usw. und wird in verschiedenen Branchen eingesetzt. Der Kugelhahnk\u00f6rper kann einteilig oder kombiniert sein.<br \/>\nImplementierungsstandards f\u00fcr japanische Standard-Kugelh\u00e4hne mit niedriger Plattform<br \/>\nDesign und Fertigung gem\u00e4\u00df ANSI B16.34, JIS 2071<br \/>\nBaul\u00e4nge nach JIS B2002<br \/>\nFlanschanschlussma\u00dfe nach JIS B2212, 2214<br \/>\nPr\u00fcfung nach JIS B2003<\/p>\n<p>Hauptmaterialien des japanischen Standard-Kugelhahns mit niedriger Plattform<\/p>\n<p>&nbsp;<\/p>\n<p>&nbsp;<\/p>\n<table style=\"height: 329px;\" border=\"1\" width=\"1054\" cellspacing=\"0\" cellpadding=\"0\">\n<tbody>\n<tr>\n<td colspan=\"2\">Teilename<\/td>\n<td><strong>WCB<\/strong><\/td>\n<td><strong>CF8<\/strong><\/td>\n<td><strong>CF3<\/strong><\/td>\n<td><strong>CF8M<\/strong><\/td>\n<td><strong>CF3M<\/strong><\/td>\n<\/tr>\n<tr>\n<td colspan=\"2\"><strong>Karosserie\/Motorhaube<\/strong><\/td>\n<td><strong>A216-WCB<\/strong><\/td>\n<td><strong>A315-CF8<\/strong><\/td>\n<td><strong>A35-CF3<\/strong><\/td>\n<td><strong>A351-CF8M<\/strong><\/td>\n<td><strong>A351-CF3M<\/strong><\/td>\n<\/tr>\n<tr>\n<td rowspan=\"2\"><strong>BALL<\/strong><\/td>\n<td><strong>B8<\/strong><\/td>\n<td><strong>A105-1025<\/strong><\/td>\n<td><strong>A182-F304L<\/strong><\/td>\n<td><strong>A182-F304L<\/strong><\/td>\n<td><strong>A132-F316<\/strong><\/td>\n<td><strong>A182-F316L<\/strong><\/td>\n<\/tr>\n<tr>\n<td><strong>B8<\/strong><\/td>\n<td><strong>A216-WCB<\/strong><\/td>\n<td><strong>A351-CF8M<\/strong><\/td>\n<td><strong>A351-CF3<\/strong><\/td>\n<td><strong>A351-CF8M<\/strong><\/td>\n<td><strong>A351-CF3M<\/strong><\/td>\n<\/tr>\n<tr>\n<td colspan=\"2\"><strong>STENGEL<\/strong><\/td>\n<td><strong>A182-F6a<\/strong><\/td>\n<td><strong>A182-F304<\/strong><\/td>\n<td><strong>A182-F304L<\/strong><\/td>\n<td><strong>A182-F336<\/strong><\/td>\n<td><strong>A182-F316L<\/strong><\/td>\n<\/tr>\n<tr>\n<td colspan=\"2\"><strong>SITZ<\/strong><\/td>\n<td colspan=\"5\"><strong>PTFE\/RPTFE\/NYLIN PTFE\/Verst\u00e4rktes PTFE\/Nyion<\/strong><\/td>\n<\/tr>\n<tr>\n<td colspan=\"2\">Ventilsitzst\u00fctzring<\/td>\n<td><strong>A105-1025<\/strong><\/td>\n<td><strong>A182-F304<\/strong><\/td>\n<td><strong>A182-F304L<\/strong><\/td>\n<td><strong>A182-F316<\/strong><\/td>\n<td><strong>A182-F316L<\/strong><\/td>\n<\/tr>\n<tr>\n<td colspan=\"2\"><strong>FR\u00dcHLING<\/strong><\/td>\n<td><strong>\u00a0<\/strong><\/td>\n<td colspan=\"4\"><strong>3 Jahre-7\/17-49H<\/strong><\/td>\n<\/tr>\n<tr>\n<td colspan=\"2\"><strong>O-RING<\/strong><\/td>\n<td><strong>NBR<\/strong><\/td>\n<td colspan=\"4\"><strong>VITON<\/strong><\/td>\n<\/tr>\n<tr>\n<td colspan=\"2\"><strong>BOLZEN<\/strong><\/td>\n<td><strong>A193-B7<\/strong><\/td>\n<td colspan=\"4\"><strong>A193-B8<\/strong><\/td>\n<\/tr>\n<tr>\n<td colspan=\"2\"><strong>NUSS<\/strong><\/td>\n<td><strong>A194-2H<\/strong><\/td>\n<td colspan=\"4\"><strong>A194-8<\/strong><\/td>\n<\/tr>\n<\/tbody>\n<\/table>\n<table border=\"0\" cellspacing=\"0\" cellpadding=\"0\">\n<tbody>\n<tr>\n<td><strong>10KHauptanschlussma\u00dfe und Gewicht 20K 5K 30K 45K<\/strong><\/td>\n<\/tr>\n<\/tbody>\n<\/table>\n<table style=\"height: 115px;\" border=\"1\" width=\"1067\" cellspacing=\"0\" cellpadding=\"0\">\n<tbody>\n<tr>\n<td rowspan=\"2\"><strong>Gr\u00f6\u00dfe<\/strong><\/td>\n<td><strong>Zoll<\/strong><\/td>\n<td><strong>1\/2&#8243;<\/strong><\/td>\n<td><strong>3\/4&#8243;<\/strong><\/td>\n<td><strong>1&#8243;<\/strong><\/td>\n<td><strong>1-1\/2&#8243;<\/strong><\/td>\n<td><strong>2&#8243;<\/strong><\/td>\n<td><strong>2-1\/2&#8243;<\/strong><\/td>\n<td><strong>3&#8243;<\/strong><\/td>\n<td><strong>4&#8243;<\/strong><\/td>\n<td><strong>5&#8243;<\/strong><\/td>\n<td><strong>6&#8243;<\/strong><\/td>\n<td><strong>8&#8243;<\/strong><\/td>\n<td><strong>10&#8243;<\/strong><\/td>\n<\/tr>\n<tr>\n<td><strong>DN<\/strong><\/td>\n<td><strong>15<\/strong><\/td>\n<td><strong>20<\/strong><\/td>\n<td><strong>25<\/strong><\/td>\n<td><strong>40<\/strong><\/td>\n<td><strong>50<\/strong><\/td>\n<td><strong>65<\/strong><\/td>\n<td><strong>80<\/strong><\/td>\n<td><strong>100<\/strong><\/td>\n<td><strong>125<\/strong><\/td>\n<td><strong>150<\/strong><\/td>\n<td><strong>200<\/strong><\/td>\n<td><strong>250<\/strong><\/td>\n<\/tr>\n<tr>\n<td><strong>L<\/strong><\/td>\n<td><strong>mm<\/strong><\/td>\n<td><strong>108<\/strong><\/td>\n<td><strong>117<\/strong><\/td>\n<td><strong>127<\/strong><\/td>\n<td><strong>165<\/strong><\/td>\n<td><strong>178<\/strong><\/td>\n<td><strong>190<\/strong><\/td>\n<td><strong>203<\/strong><\/td>\n<td><strong>229<\/strong><\/td>\n<td><strong>356<\/strong><\/td>\n<td><strong>394<\/strong><\/td>\n<td><strong>457<\/strong><\/td>\n<td><strong>533<\/strong><\/td>\n<\/tr>\n<tr>\n<td><strong>H<\/strong><\/td>\n<td><strong>mm<\/strong><\/td>\n<td><strong>59<\/strong><\/td>\n<td><strong>63<\/strong><\/td>\n<td><strong>75<\/strong><\/td>\n<td><strong>97<\/strong><\/td>\n<td><strong>107<\/strong><\/td>\n<td><strong>142<\/strong><\/td>\n<td><strong>152<\/strong><\/td>\n<td><strong>178<\/strong><\/td>\n<td><strong>252<\/strong><\/td>\n<td><strong>272<\/strong><\/td>\n<td><strong>342<\/strong><\/td>\n<td><strong>345<\/strong><\/td>\n<\/tr>\n<tr>\n<td><strong>W<\/strong><\/td>\n<td><strong>mm<\/strong><\/td>\n<td><strong>130<\/strong><\/td>\n<td><strong>130<\/strong><\/td>\n<td><strong>160<\/strong><\/td>\n<td><strong>230<\/strong><\/td>\n<td><strong>230<\/strong><\/td>\n<td><strong>400<\/strong><\/td>\n<td><strong>400<\/strong><\/td>\n<td><strong>700<\/strong><\/td>\n<td><strong>1100<\/strong><\/td>\n<td><strong>1100<\/strong><\/td>\n<td><strong>1500<\/strong><\/td>\n<td><strong>1500<\/strong><\/td>\n<\/tr>\n<tr>\n<td><strong>Gewicht<\/strong><\/td>\n<td><strong>kg<\/strong><\/td>\n<td><strong>2.3<\/strong><\/td>\n<td><strong>3.0<\/strong><\/td>\n<td><strong>4.5<\/strong><\/td>\n<td><strong>7.0<\/strong><\/td>\n<td><strong>9.5<\/strong><\/td>\n<td><strong>15.0<\/strong><\/td>\n<td><strong>19.0<\/strong><\/td>\n<td><strong>33.0<\/strong><\/td>\n<td><strong>58.0<\/strong><\/td>\n<td><strong>93.0<\/strong><\/td>\n<td><strong>160.0<\/strong><\/td>\n<td><strong>200.0<\/strong><\/td>\n<\/tr>\n<\/tbody>\n<\/table>\n<p>Chinesischer Hersteller von JIS10K-Kugelh\u00e4hnen, OUdian liefert JIS10K-Kugelh\u00e4hne, 304 JIS10K-Kugelh\u00e4hne, schwimmende JIS10K-Kugelh\u00e4hne, 50A JIS10K-Kugelh\u00e4hne, FF-End-JIS10K-Kugelh\u00e4hne.<\/p>","protected":false},"excerpt":{"rendered":"<p>1. Design und Herstellung: JIS 2071<br \/>\n2. Von Angesicht zu Angesicht: JIS B2002<br \/>\n3. Flanschende: JIS B2212, 2214<br \/>\n4. Nennweite: DN15 \u2013 DN200<br \/>\n5. Normaldruck: JIS10K, JIS20K;<br \/>\n6. Geh\u00e4usematerialien: WCB, LCB, CF8, CF8M, CF3, CF3M usw.<br \/>\n7. Verkleidung: 13CR, 304SS, 316SS, Duplex-Edelstahl;<br \/>\n8. Bohrungstyp: Vollbohrung<br \/>\n9. Antrieb: Hebel, Schneckengetriebe;<\/p>\n<p><strong>DIN SCHWIMMKUGELHAHN F\u00dcR PN16, PN25<\/strong><\/p>\n<p>Endanschl\u00fcsse: RF-Flansch, RTJ, Stumpfschwei\u00dfung<br \/>\nKugeltyp: Geschmiedete Vollkugel<br \/>\nSitzmaterialien: PTFE, RPTFE, DEVLON, NYLON, PEEK, Metallsitz mit TCC\/STL\/Ni.<\/p>","protected":false},"featured_media":18422,"template":"","meta":{"advanced_seo_description":"","jetpack_seo_html_title":"","jetpack_seo_noindex":false},"product_brand":[],"product_cat":[83],"product_tag":[493,495,491,496,494,492],"class_list":{"0":"post-18421","1":"product","2":"type-product","3":"status-publish","4":"has-post-thumbnail","6":"product_cat-ball-valves","7":"product_tag-304-jis10k-ball-valve","8":"product_tag-50a-jis10k-ball-valve","9":"product_tag-china-jis10k-ball-valve-manufacturer","10":"product_tag-ff-end-jis10k-ball-valve","11":"product_tag-floating-jis10k-ball-valve","12":"product_tag-oudian-supplies-jis10k-ball-valve","14":"first","15":"instock","16":"shipping-taxable","17":"product-type-simple"},"jetpack_sharing_enabled":true,"_links":{"self":[{"href":"https:\/\/oudianvalve.com\/de\/wp-json\/wp\/v2\/product\/18421","targetHints":{"allow":["GET"]}}],"collection":[{"href":"https:\/\/oudianvalve.com\/de\/wp-json\/wp\/v2\/product"}],"about":[{"href":"https:\/\/oudianvalve.com\/de\/wp-json\/wp\/v2\/types\/product"}],"wp:featuredmedia":[{"embeddable":true,"href":"https:\/\/oudianvalve.com\/de\/wp-json\/wp\/v2\/media\/18422"}],"wp:attachment":[{"href":"https:\/\/oudianvalve.com\/de\/wp-json\/wp\/v2\/media?parent=18421"}],"wp:term":[{"taxonomy":"product_brand","embeddable":true,"href":"https:\/\/oudianvalve.com\/de\/wp-json\/wp\/v2\/product_brand?post=18421"},{"taxonomy":"product_cat","embeddable":true,"href":"https:\/\/oudianvalve.com\/de\/wp-json\/wp\/v2\/product_cat?post=18421"},{"taxonomy":"product_tag","embeddable":true,"href":"https:\/\/oudianvalve.com\/de\/wp-json\/wp\/v2\/product_tag?post=18421"}],"curies":[{"name":"wp","href":"https:\/\/api.w.org\/{rel}","templated":true}]}}