{"id":18417,"date":"2025-06-14T07:05:46","date_gmt":"2025-06-14T07:05:46","guid":{"rendered":"https:\/\/oudianvalve.com\/?post_type=product&#038;p=18417"},"modified":"2025-06-14T07:20:13","modified_gmt":"2025-06-14T07:20:13","slug":"dial-indicator-ball-valve-pn16-dn50-304-rf-end","status":"publish","type":"product","link":"https:\/\/oudianvalve.com\/de\/products\/ball-valves\/dial-indicator-ball-valve-pn16-dn50-304-rf-end\/","title":{"rendered":"Kugelhahn mit Messuhr, PN16, DN50, 304, RF-Ende"},"content":{"rendered":"<p>Ventilbeschreibung:<br \/>\nVentiltyp: Schwimmendes Kugelventil<br \/>\nGeh\u00e4usematerial: 304.<br \/>\nNenndurchmesser: 2\u2033<br \/>\nDruckstufe: PN16<br \/>\nEndanschluss: RF-Flansch<br \/>\nBetriebstemperatur: -29 \u00b0C bis +200 \u00b0C.<br \/>\nBedienung: Hebel.<\/p>\n<p>Ventilname: Edelstahl-Kugelhahn mit Zifferblatt, Kugelhahn mit Anzeige, Kugelhahn mit Skala<\/p>\n<p>Edelstahl-Kugelhahn mit Zifferblatt ist ein Kugelhahn mit Zifferblatt und Zeiger. Beim Ein- und Ausschalten ist die \u00d6ffnung auf einen Blick erkennbar.<br \/>\nVorteile des Edelstahl-Kugelhahns mit Drehknopf:<br \/>\n1 Fortschrittlicher Ventilsitz: Der Ventilsitz, der auf Grundlage langj\u00e4hriger Erfahrung in der Kugelhahnherstellung entwickelt wurde, gew\u00e4hrleistet Ventilabdichtung, niedrigen Reibungskoeffizienten, kleines Betriebsdrehmoment, eine Vielzahl von Ventilsitzmaterialien und ein breites Spektrum an Anpassungsf\u00e4higkeit.<br \/>\n2. Griff f\u00fcr korrektes Schalten: Es wird der Flachkopfventilschaft verwendet und die Verbindung mit dem Griff wird nicht verlegt, um sicherzustellen, dass der vom Griff angezeigte Schaltzustand mit dem Kugelhahn \u00fcbereinstimmt.<br \/>\n3. Verriegelungsvorrichtung: Um ein versehentliches Ein- und Ausschalten des Ventils zu verhindern, befinden sich in der vollst\u00e4ndig ge\u00f6ffneten und vollst\u00e4ndig geschlossenen Position des Ventils Verriegelungsl\u00f6cher, um sicherzustellen, dass sich das Ventil in der richtigen Position befindet.<br \/>\n4. Anti-Flug-Struktur des Ventilschafts: Der Ventilschaft ist unten montiert, um ein Herausfliegen unter Druck zu verhindern. Gleichzeitig kann er nach einem Brand Metallkontakt mit dem Ventilk\u00f6rper herstellen, um die Abdichtung des Ventilschafts zu gew\u00e4hrleisten.<br \/>\nEdelstahl-Kugelhahn mit Drehknopf ist geeignet f\u00fcr die Medien: Wasser, Gas, \u00d6l, Erdgas und S\u00e4ure-Basen-korrosive Medien.<br \/>\nAnwendbare Temperatur: -196\uff5e350\u2103<br \/>\nAntriebsart: manuell, pneumatisch, elektrisch, hydraulisch usw.<br \/>\nNenndurchmesser: DN 15-250 1\/2\u2033\uff5e10\u2033<br \/>\nVentilmodell: DKDQ41F-10P\/DKDQ41F-16P\/DKDQ41F-25P\/DKDQ41F-40P\/DKDQ41F-64P<br \/>\nDKDQ41F-10C\/DKDQ41F16C\/DKDQ41F-25C\/DKDQ41F-40C\/DKDQ41F-64C<br \/>\nDKDQ41F-150LB\/DKDQ41F-300LB\/DKDQ41F-600LB<br \/>\nDKDQ41F-5K\/DKDQ41F-10K\/DKDQ41F-20K\/DKDQ41F-40K\/DKDQ41F-45K<br \/>\nOptionale Antriebe: manuell, Kegelrad, Schneckenrad, pneumatisch, elektrisch, hydraulisch<br \/>\n\u00c4hnliche Produkte: Kugelhahn mit Zifferblatt | Kugelhahn mit Anzeige | Kugelhahn mit Skala<br \/>\nVentilanschluss: Flansch \/ Schwei\u00dfen \/ Wafer \/ Stumpfschwei\u00dfen \/ Muffenschwei\u00dfen \/ Gewinde \/ Innengewinde \/ Gewinde \/ Gewinde<br \/>\nVentilmaterial: Edelstahl \/ Edelstahl 304 \/ Edelstahl 316 \/ Edelstahl 304L \/ Edelstahl 316L \/ Edelstahl 321 \/ best\u00e4ndiger Edelstahl 310S \/ 2520 Hochtemperatur-Edelstahl \/ Edelstahl 904L \/ Edelstahl 317L \/ Edelstahl C4 \/ Edelstahl CF8 \/ Edelstahl CF8M \/ Edelstahl CF3 \/ Edelstahl CF3M \/ Edelstahl CF8C \/ 20# \/ 25# \/ Niedertemperaturstahl \/ austenitischer Edelstahl, Duplex-Edelstahl 2205, reines Titan, reines Nickel, reines Zirkonium, Chrom-Molybd\u00e4n-Stahl ZG20CrMo, Chrom-Molybd\u00e4n-Stahl WC6, Stahlguss, Kohlenstoffstahl, WCB-Kohlenstoffstahl, LCB-Niedertemperatur-Kohlenstoffstahl, Hastelloy-Legierung, Monel-Legierung, Schmiedestahl, A105, F11, F304 \/ F304L \/ F316L \/ WC6 \/ N6, N201, N200, CZ-100, N02200, N02201, UB6,<br \/>\nVerwandte Produkte: Edelstahl-Kugelhahn mit Zifferblatt, Kugelhahn mit Anzeige, Kugelhahn mit Skala<\/p>\n<p>&nbsp;<\/p>\n<p>Chinesischer Hersteller von Messuhr-Kugelh\u00e4hnen, OUdian Supplies. Messuhr-Kugelhahn, 304 Messuhr-Kugelhahn, schwimmender Messuhr-Kugelhahn, 2-Zoll-Messuhr-Kugelhahn, PN16 Messuhr-Kugelhahn, 304-Kugelhahn, Messuhr-Kugelhahn mit RF-Ende.<\/p>","protected":false},"excerpt":{"rendered":"<p>1. Konstruktion und Herstellung: DIN 3357<br \/>\n2. Baul\u00e4nge: DIN 3202<br \/>\n3. Flanschende: DIN2501<br \/>\n4. Nennweite: DN15 \u2013 DN200<br \/>\n5. Normaldruck: PN16, PN25;<br \/>\n6. Geh\u00e4usematerialien: WCB, LCB, CF8, CF8M, CF3, CF3M usw.<br \/>\n7. Verkleidung: 13CR, 304SS, 316SS, Duplex-Edelstahl;<br \/>\n8. Bohrungstyp: Vollbohrung<br \/>\n9. Antrieb: Hebel, Schneckengetriebe;<\/p>\n<p><strong>DIN SCHWIMMKUGELHAHN F\u00dcR PN16, PN25<\/strong><\/p>\n<p>Endanschl\u00fcsse: RF-Flansch, RTJ, Stumpfschwei\u00dfung<br \/>\nKugeltyp: Geschmiedete Vollkugel<br \/>\nSitzmaterialien: PTFE, RPTFE, DEVLON, NYLON, PEEK, Metallsitz mit TCC\/STL\/Ni.<\/p>","protected":false},"featured_media":18420,"template":"","meta":{"advanced_seo_description":"","jetpack_seo_html_title":"","jetpack_seo_noindex":false},"product_brand":[],"product_cat":[83],"product_tag":[487,489,485,481,482,483,486,484,488,490,480],"class_list":{"0":"post-18417","1":"product","2":"type-product","3":"status-publish","4":"has-post-thumbnail","6":"product_cat-ball-valves","7":"product_tag-2-inch-dial-indicator-ball-valve","8":"product_tag-304-ball-valve","9":"product_tag-304-dial-indicator-ball-valve","10":"product_tag-ball-valve-with-indicator","11":"product_tag-ball-valve-with-scale","12":"product_tag-china-dial-indicator-ball-valve-manufacturer","13":"product_tag-floating-dial-indicator-ball-valve","14":"product_tag-oudian-suppliesdial-indicator-ball-valve","15":"product_tag-pn16-dial-indicator-ball-valve","16":"product_tag-rf-end-dial-indicator-ball-valve","17":"product_tag-stainless-steel-ball-valve-with-dial","19":"first","20":"instock","21":"shipping-taxable","22":"product-type-simple"},"jetpack_sharing_enabled":true,"_links":{"self":[{"href":"https:\/\/oudianvalve.com\/de\/wp-json\/wp\/v2\/product\/18417","targetHints":{"allow":["GET"]}}],"collection":[{"href":"https:\/\/oudianvalve.com\/de\/wp-json\/wp\/v2\/product"}],"about":[{"href":"https:\/\/oudianvalve.com\/de\/wp-json\/wp\/v2\/types\/product"}],"wp:featuredmedia":[{"embeddable":true,"href":"https:\/\/oudianvalve.com\/de\/wp-json\/wp\/v2\/media\/18420"}],"wp:attachment":[{"href":"https:\/\/oudianvalve.com\/de\/wp-json\/wp\/v2\/media?parent=18417"}],"wp:term":[{"taxonomy":"product_brand","embeddable":true,"href":"https:\/\/oudianvalve.com\/de\/wp-json\/wp\/v2\/product_brand?post=18417"},{"taxonomy":"product_cat","embeddable":true,"href":"https:\/\/oudianvalve.com\/de\/wp-json\/wp\/v2\/product_cat?post=18417"},{"taxonomy":"product_tag","embeddable":true,"href":"https:\/\/oudianvalve.com\/de\/wp-json\/wp\/v2\/product_tag?post=18417"}],"curies":[{"name":"wp","href":"https:\/\/api.w.org\/{rel}","templated":true}]}}