{"id":18410,"date":"2025-06-14T06:30:28","date_gmt":"2025-06-14T06:30:28","guid":{"rendered":"https:\/\/oudianvalve.com\/?post_type=product&#038;p=18410"},"modified":"2025-06-14T06:34:35","modified_gmt":"2025-06-14T06:34:35","slug":"wafer-pattern-ball-valves-pn16-dn125-wcb","status":"publish","type":"product","link":"https:\/\/oudianvalve.com\/de\/products\/ball-valves\/wafer-pattern-ball-valves-pn16-dn125-wcb\/","title":{"rendered":"Wafer-Kugelh\u00e4hne, PN16, DN125, WCB"},"content":{"rendered":"<p>Ventilbeschreibung:<br \/>\nVentiltyp: Schwimmendes Kugelventil<br \/>\nGeh\u00e4usematerial: ASTM 216 WCB<br \/>\nNenndurchmesser: 5\u2033<br \/>\nDruckbewertung: PN16<br \/>\nEndanschluss: Wafer<br \/>\nBetriebstemperatur: -29 \u00b0C bis +200 \u00b0C.<br \/>\nBedienung: Hebel.<\/p>\n<p>&nbsp;<\/p>\n<p>Ein Wafer-Kugelhahn ist ein Ventil, das den Fl\u00fcssigkeitsfluss durch Drehen des Ventilkerns steuert. Sein Geh\u00e4use ist als Wafer-Ventil ausgef\u00fchrt, d. h. das Ventil wird mit Schrauben zwischen zwei Rohrleitungssegmenten eingespannt, wodurch der zus\u00e4tzliche Platzbedarf herk\u00f6mmlicher Flanschverbindungen entf\u00e4llt. Wafer-Kugelh\u00e4hne werden typischerweise f\u00fcr Anwendungen eingesetzt, bei denen es um Absperrung, Verteilung und \u00c4nderung der Durchflussrichtung geht.<\/p>\n<p><strong>Strukturelle Merkmale<\/strong><\/p>\n<p>1. Kompaktes Design:<\/p>\n<p>Das Wafer-Kugelventil zeichnet sich durch ein Wafer-Design aus, wodurch seine Struktur kompakt ist und nur minimalen Installationsraum ben\u00f6tigt, ideal f\u00fcr Rohrleitungssysteme mit begrenztem Platz.<\/p>\n<p>2. Leichtgewicht:<\/p>\n<p>Durch den Wegfall von Flanschen und Schraubverbindungen weist der Wafer-Kugelhahn ein relativ geringes Gewicht auf und tr\u00e4gt so zur Entlastung des Rohrleitungssystems bei.<\/p>\n<p>3. Einfache Installation und Wartung:<\/p>\n<p>Die Montage und Demontage von Wafer-Kugelh\u00e4hnen ist sehr komfortabel: Einfach das Ventil zwischen die Rohrleitungen klemmen und mit Schrauben befestigen. Diese Konstruktion vereinfacht die Installation und Wartung des Ventils erheblich.<\/p>\n<p>4. Gute Dichtungsleistung:<\/p>\n<p>Wafer-Kugelh\u00e4hne verwenden typischerweise weiche oder harte Dichtungsstrukturen, die eine hervorragende Dichtungsleistung gew\u00e4hrleisten und Fl\u00fcssigkeitslecks wirksam verhindern.<\/p>\n<p><strong>Funktionsprinzip<\/strong><\/p>\n<p>Das Funktionsprinzip des Wafer-Kugelhahns ist relativ einfach und beruht haupts\u00e4chlich auf der Drehung des Ventilkerns (der Kugel) zur Steuerung des Fl\u00fcssigkeitsflusses. Der konkrete Ablauf ist wie folgt:<\/p>\n<p>1. \u00d6ffnen des Ventils: Wenn der Griff oder der Antrieb gedreht wird, dreht sich der Ventilkern (die Kugel) um 90 Grad, wodurch der Ventildurchgang mit dem Rohrleitungsdurchgang ausgerichtet wird und die Fl\u00fcssigkeit ungehindert hindurchflie\u00dfen kann.<\/p>\n<p>2. Schlie\u00dfen des Ventils: Durch Drehen des Griffs oder des Antriebs in die entgegengesetzte Richtung dreht sich der Ventilkern (die Kugel) um weitere 90 Grad, wodurch der Ventildurchgang senkrecht zum Rohrleitungsdurchgang steht, der Fl\u00fcssigkeitsfluss blockiert und die Absperrfunktion erreicht wird.<\/p>\n<p><strong>Vorteil<\/strong><\/p>\n<p>1. Platzsparend: Die kompakte Bauweise von Wafer-Kugelh\u00e4hnen ben\u00f6tigt weniger Platz und eignet sich daher besonders f\u00fcr Installationen mit begrenztem Platzangebot.<\/p>\n<p>2. Geringes Gewicht: Im Vergleich zu herk\u00f6mmlichen Flanschkugelh\u00e4hnen sind Waferkugelh\u00e4hne leichter und daher einfacher zu transportieren und zu installieren.<\/p>\n<p>3. Einfache Installation: Der Installationsprozess von Wafer-Kugelh\u00e4hnen ist einfach und schnell. Sie m\u00fcssen lediglich zwischen die Rohre geklemmt und mit Schrauben befestigt werden, wodurch die umst\u00e4ndlichen Schritte der Flanschverbindungen entfallen.<\/p>\n<p>4. Hervorragende Dichtungsleistung: Wafer-Kugelh\u00e4hne verwenden hochwertige Dichtungsmaterialien und bieten eine hervorragende Dichtungsleistung, die f\u00fcr Anwendungen geeignet ist, die hohe Dichtungsstandards erfordern.<\/p>\n<p>5. Vielseitige Anwendungen: Wafer-Kugelh\u00e4hne eignen sich f\u00fcr verschiedene industrielle Rohrleitungssysteme, beispielsweise in der Wasseraufbereitung, der Chemie-, \u00d6l- und Gas-, Pharma- und Lebensmittelindustrie.<\/p>\n<p><strong>Anwendung<\/strong><\/p>\n<p>1. Wasseraufbereitungssysteme: Werden zur Steuerung von Wasserdurchfluss und -druck in kommunalen und industriellen Wasseraufbereitungssystemen verwendet, um einen effizienten Ablauf des Wasseraufbereitungsprozesses zu gew\u00e4hrleisten.<\/p>\n<p>2. Chemiepipelines: Werden in der Chemieproduktion zum Transport und zur Steuerung verschiedener chemischer Medien verwendet und gew\u00e4hrleisten so die Sicherheit und Stabilit\u00e4t des Produktionsprozesses.<\/p>\n<p>3. \u00d6l und Gas: Wird in \u00d6l- und Gaspipelines eingesetzt, um den Fl\u00fcssigkeitsfluss zu unterbrechen und zu verteilen und so den normalen Betrieb des Pipelinesystems sicherzustellen.<\/p>\n<p>4. Pharma- und Lebensmittelindustrie: Wird in der Pharma- und Lebensmittelproduktion zum Transport und zur Kontrolle reiner Medien eingesetzt und erf\u00fcllt hohe Anforderungen an Sauberkeit und Hygiene.<\/p>\n<p>&nbsp;<\/p>\n<p>Herstellung von Wafer-Muster-Kugelh\u00e4hnen, PN16 Wafer-Muster-Kugelh\u00e4hne, DN125 Wafer-Muster-Kugelh\u00e4hne, WCB Wafer-Muster-Kugelh\u00e4hne<\/p>","protected":false},"excerpt":{"rendered":"<p><strong>Material<\/strong>: Kohlenstoffstahl, Edelstahl<br \/>\n<strong>Anschluss<\/strong>: Flanschanschluss, Flansche nach SAE, DIN, ANSI, ISO<\/p>\n<p><strong>Beschreibung:<\/strong><\/p>\n<ul>\n<li><strong>Ma\u00dfe<\/strong>: DN15 bis DN200<\/li>\n<li><strong>K\u00f6rper<\/strong>: FSt-PI, Automatenstahl, S355J2G3, Kugel + Welle: Automatenstahl, Edelstahl (1.4571\/316Ti)<br \/>\nDichtung: Kunststoff<\/li>\n<li><strong>Druckbereich<\/strong>: bis PN32\u00d8 (Ma\u00dftabelle beachten)<\/li>\n<li><strong>Anwendungsgebiet<\/strong>: Absaugtechnik, Prozessanlagen, Gastechnik, Feuerl\u00f6schanlagen (Beschichtung, Dichtungen und Geh\u00e4usewerkstoffe dem Anwendungsfall angepasst!)<\/li>\n<li><strong>Temperaturbereich<\/strong>: Standard: -20 \u00b0C bis +60 \u00b0C (-4 bis +140 \u00b0F)<\/li>\n<li><strong>Oberfl\u00e4che<\/strong>: unbeschichtet, br\u00fcniert, Chrom-VI-frei<\/li>\n<\/ul>","protected":false},"featured_media":18411,"template":"","meta":{"advanced_seo_description":"","jetpack_seo_html_title":"","jetpack_seo_noindex":false},"product_brand":[],"product_cat":[83],"product_tag":[456,455,454,457],"class_list":{"0":"post-18410","1":"product","2":"type-product","3":"status-publish","4":"has-post-thumbnail","6":"product_cat-ball-valves","7":"product_tag-dn125-wafer-pattern-ball-valves","8":"product_tag-pn16-wafer-pattern-ball-valves","9":"product_tag-wafer-pattern-ball-valves-manufacture","10":"product_tag-wcb-wafer-pattern-ball-valves","12":"first","13":"instock","14":"shipping-taxable","15":"product-type-simple"},"jetpack_sharing_enabled":true,"_links":{"self":[{"href":"https:\/\/oudianvalve.com\/de\/wp-json\/wp\/v2\/product\/18410","targetHints":{"allow":["GET"]}}],"collection":[{"href":"https:\/\/oudianvalve.com\/de\/wp-json\/wp\/v2\/product"}],"about":[{"href":"https:\/\/oudianvalve.com\/de\/wp-json\/wp\/v2\/types\/product"}],"wp:featuredmedia":[{"embeddable":true,"href":"https:\/\/oudianvalve.com\/de\/wp-json\/wp\/v2\/media\/18411"}],"wp:attachment":[{"href":"https:\/\/oudianvalve.com\/de\/wp-json\/wp\/v2\/media?parent=18410"}],"wp:term":[{"taxonomy":"product_brand","embeddable":true,"href":"https:\/\/oudianvalve.com\/de\/wp-json\/wp\/v2\/product_brand?post=18410"},{"taxonomy":"product_cat","embeddable":true,"href":"https:\/\/oudianvalve.com\/de\/wp-json\/wp\/v2\/product_cat?post=18410"},{"taxonomy":"product_tag","embeddable":true,"href":"https:\/\/oudianvalve.com\/de\/wp-json\/wp\/v2\/product_tag?post=18410"}],"curies":[{"name":"wp","href":"https:\/\/api.w.org\/{rel}","templated":true}]}}