{"id":18406,"date":"2025-06-14T06:07:48","date_gmt":"2025-06-14T06:07:48","guid":{"rendered":"https:\/\/oudianvalve.com\/?post_type=product&#038;p=18406"},"modified":"2025-06-14T06:10:30","modified_gmt":"2025-06-14T06:10:30","slug":"api599-lubricated-plug-valve-hc276-body-150lb-dn25-rf-end","status":"publish","type":"product","link":"https:\/\/oudianvalve.com\/de\/products\/plug-valves\/api599-lubricated-plug-valve-hc276-body-150lb-dn25-rf-end\/","title":{"rendered":"API599 Geschmiertes K\u00fckenventil, HC276-Geh\u00e4use, 150LB, DN25, RF-Ende"},"content":{"rendered":"<p>Nicht geschmiertes API-Steckerventil gem. Gem\u00e4\u00df API599 Standard I ist es auf das Schneiden und Verbinden von Rohrleitungen anwendbar, die in verschiedenen Branchen wie der Erd\u00f6lindustrie, der chemischen Industrie, der Pharmazie, der chemischen D\u00fcngemittelindustrie, der Energieindustrie usw. unter einem Nenndruck von 150 bis 2500 Pfund und einer Arbeitstemperatur von 29 bis 180 \u00b0C eingesetzt werden \u00b0C.<\/p>\n<p>Designstandard: API 599 API 6D<\/p>\n<p>Von Angesicht zu Angesicht: ASME B16.5<\/p>\n<p>Testinspektion: API598<\/p>\n<p>Produktumfang:<\/p>\n<p>Designstandard: API 599 API6D<\/p>\n<p>Produktumfang:<\/p>\n<p>1. Druckbereich: KLASSE 150 Pfund ~ 2500 Pfund<br \/>\n2.Nenndurchmesser: NPS 1\/2-40\u2033<\/p>\n<p>3. K\u00f6rpermaterial: A105, LF2, F304, F316, F304L, F316L, F51, WCB, LCB, WCC, CF8, CF8M, CF3, CF3M, A890 4A usw.<\/p>\n<p>4.Endverbindung: RF RTJ BW<br \/>\n5. Antriebsvorrichtung: Hebel, Getriebe, elektrisches, pneumatisches, hydraulisches Ger\u00e4t usw.;<\/p>","protected":false},"excerpt":{"rendered":"<p>API599 Geschmiertes K\u00fckenventil Hersteller: Oudian Angebot API599 Geschmiertes K\u00fckenventil, HC276 K\u00f6rperk\u00fckenventil, 150LB HC276 K\u00fckenventil, DN25 HC276 K\u00fckenventil, RF End HC276 K\u00fckenventil<\/p>","protected":false},"featured_media":18407,"template":"","meta":{"advanced_seo_description":"","jetpack_seo_html_title":"","jetpack_seo_noindex":false},"product_brand":[],"product_cat":[156],"product_tag":[447,445,448,446,449],"class_list":{"0":"post-18406","1":"product","2":"type-product","3":"status-publish","4":"has-post-thumbnail","6":"product_cat-plug-valves","7":"product_tag-150lb-hc276-plug-valve","8":"product_tag-api599-lubricated-plug-valve-manufacturer-oudian-offer-api599-lubricated-plug-valve","9":"product_tag-dn25-hc276-plug-valve","10":"product_tag-hc276-body-plug-valve","11":"product_tag-rf-end-hc276-plug-valve","13":"first","14":"instock","15":"shipping-taxable","16":"product-type-simple"},"jetpack_sharing_enabled":true,"_links":{"self":[{"href":"https:\/\/oudianvalve.com\/de\/wp-json\/wp\/v2\/product\/18406","targetHints":{"allow":["GET"]}}],"collection":[{"href":"https:\/\/oudianvalve.com\/de\/wp-json\/wp\/v2\/product"}],"about":[{"href":"https:\/\/oudianvalve.com\/de\/wp-json\/wp\/v2\/types\/product"}],"wp:featuredmedia":[{"embeddable":true,"href":"https:\/\/oudianvalve.com\/de\/wp-json\/wp\/v2\/media\/18407"}],"wp:attachment":[{"href":"https:\/\/oudianvalve.com\/de\/wp-json\/wp\/v2\/media?parent=18406"}],"wp:term":[{"taxonomy":"product_brand","embeddable":true,"href":"https:\/\/oudianvalve.com\/de\/wp-json\/wp\/v2\/product_brand?post=18406"},{"taxonomy":"product_cat","embeddable":true,"href":"https:\/\/oudianvalve.com\/de\/wp-json\/wp\/v2\/product_cat?post=18406"},{"taxonomy":"product_tag","embeddable":true,"href":"https:\/\/oudianvalve.com\/de\/wp-json\/wp\/v2\/product_tag?post=18406"}],"curies":[{"name":"wp","href":"https:\/\/api.w.org\/{rel}","templated":true}]}}