{"id":18399,"date":"2025-06-14T05:36:33","date_gmt":"2025-06-14T05:36:33","guid":{"rendered":"https:\/\/oudianvalve.com\/?post_type=product&#038;p=18399"},"modified":"2025-06-14T05:43:59","modified_gmt":"2025-06-14T05:43:59","slug":"fully-jacket-ball-valve-2205-pn16-dn80-rf-end","status":"publish","type":"product","link":"https:\/\/oudianvalve.com\/de\/products\/ball-valves\/fully-jacket-ball-valve-2205-pn16-dn80-rf-end\/","title":{"rendered":"Vollmantel-Kugelhahn, 2205, PN16, DN80, RF-Ende"},"content":{"rendered":"<p>Ventilbeschreibung:<br \/>\nVentiltyp: Schwimmendes Kugelventil<br \/>\nGeh\u00e4usematerial: 2205.<br \/>\nNenndurchmesser: DN80<br \/>\nDruckstufe: PN16<br \/>\nEndanschluss: RF-Flansch<br \/>\nBetriebstemperatur: -29 \u00b0C bis +200 \u00b0C.<br \/>\nBedienung: Hebel.<\/p>\n<p>Der isolierte Kugelhahn 2205 ist mit einem Metallmantel auf der Basis des Kugelhahns verschwei\u00dft. Dieser dient zum Einspritzen von Dampf oder anderen w\u00e4rme- und k\u00e4lteisolierenden Medien, um sicherzustellen, dass das Medium im Ventil normal funktionieren kann. Der isolierte Mantelkugelhahn verf\u00fcgt \u00fcber gute w\u00e4rme- und k\u00e4lteisolierende Eigenschaften. Der Ventildurchmesser entspricht dem Rohrdurchmesser, wodurch der W\u00e4rmeverlust des Mediums in der Rohrleitung effektiv reduziert wird.<\/p>\n<p>Der isolierte Kugelhahn 2205 ist je nach Aufbau in verschiedenen Ausf\u00fchrungen erh\u00e4ltlich, z. B. als integral isolierter Kugelhahn, als zweiteilig isolierter Kugelhahn oder als Sandwich-isolierter Kugelhahn. Er wird h\u00e4ufig in Rohrleitungssystemen der Chemie-, Erd\u00f6l-, Pharma-, Metallurgie- und anderen Industriezweigen eingesetzt.<\/p>\n<p>Anwendungsbereich des isolierten Kugelhahns 2205:<br \/>\nIsolierte Mantelkugelh\u00e4hne werden haupts\u00e4chlich in verschiedenen Systemen wie der Erd\u00f6l-, Chemie-, Metallurgie-, Pharma- und Lebensmittelindustrie zum Transport von Schwer\u00f6l, Gummi und anderen hochviskosen Medien verwendet, die bei Raumtemperatur erstarren.<\/p>\n<p>Strukturelle Merkmale des Isolierkugelhahns 2205:<br \/>\nDer Isoliermantel-Kugelhahn verf\u00fcgt \u00fcber eine integrierte Mantelstruktur, die W\u00e4rme und K\u00e4lte gleichm\u00e4\u00dfiger isoliert. Der Isolierkugelhahn ist kleiner und leichter als herk\u00f6mmliche Kugelh\u00e4hne, weist keine Leckagen auf und bietet eine gute Dichtleistung. Der Mantel ist mit einem Kohlenstoffstahlrohr verschwei\u00dft, das druckbest\u00e4ndiger und fester als Guss ist. Mantel, Au\u00dfenseite des Ventilk\u00f6rpers und Mantelrohr sind verschwei\u00dft, und der maximale Druck von Dampf oder Kaltwasser betr\u00e4gt 1 MPa.<br \/>\nDer Isolierkugelhahn 2205 verf\u00fcgt \u00fcber gute Isolier- und K\u00e4lteeigenschaften. Mit Ausnahme des Isolierkugelhahns mit reduziertem Durchmesser sind Ventildurchmesser und Rohrdurchmesser gleich, das Medium flie\u00dft geradlinig, der Widerstand ist gering und der W\u00e4rmeverlust des Mediums in der Rohrleitung kann effektiv reduziert werden. Daher bietet er eine hervorragende Leistung f\u00fcr fl\u00fcssige Medien, die leicht erstarren und eine hohe Viskosit\u00e4t aufweisen.<\/p>\n<p>2205 Isolierter Kugelhahn \u2013 Standard-Spezifikationen:<br \/>\nKonstruktions- und Fertigungsstandards: GB\/T12224, ASME B 16.34<br \/>\nStrukturl\u00e4ngennormen: GB\/T 12221-2005, ASME B 16.10<br \/>\nAnschlussflanschnormen: JB\/T 79, GB\/T 9113, ASME B 16.5<br \/>\nDruck- und Temperaturklassen: GB\/T 12224-2005<br \/>\nTest- und Inspektionsstandards: GB\/T 13927-2008, JB\/T9092, API 598<\/p>\n<p><strong>Vollummantelter Kugelhahn<\/strong><b>\u00a0<\/b><strong>Spezifikation<\/strong><\/p>\n<table border=\"1\" cellspacing=\"0\">\n<tbody>\n<tr>\n<td>Produktname<\/td>\n<td>Vollummantelter Kugelhahn<\/td>\n<\/tr>\n<tr>\n<td>1. Material<\/td>\n<td>WCB, CF8, CF3, CF8M, CF3M usw.<\/td>\n<\/tr>\n<tr>\n<td>2. Gr\u00f6\u00dfe<\/td>\n<td>1\/2~24 Zoll (DN15~DN600)<\/td>\n<\/tr>\n<tr>\n<td>3. Struktur<\/td>\n<td>Volljacken- oder Teiljackenausf\u00fchrung<\/td>\n<\/tr>\n<tr>\n<td>4. Arbeitsdruck<\/td>\n<td>150 lb ~ 600 lb, PN10 ~ PN100<\/td>\n<\/tr>\n<tr>\n<td>5. Verbindung endet<\/td>\n<td>Flansch<\/td>\n<\/tr>\n<tr>\n<td>6. Arbeitstemperatur.<\/td>\n<td>-20 bis 450\u00baC oder je nach Kundenwunsch f\u00fcr verschiedene Branchen.<\/td>\n<\/tr>\n<tr>\n<td>7. Geeignetes Medium<\/td>\n<td>\u00a0Leicht zu verfestigendes, hochviskoses Medium<\/td>\n<\/tr>\n<tr>\n<td>8. Betrieb<\/td>\n<td>Griffbet\u00e4tigung, Verriegelung optional<\/td>\n<\/tr>\n<\/tbody>\n<\/table>\n<p>&nbsp;<\/p>\n<p>Hersteller von Vollmantel-Kugelh\u00e4hnen 2205 in China, OUdian liefert schwimmende Vollmantel-Kugelh\u00e4hne 2205, Vollmantel-Kugelh\u00e4hne 2205, Vollmantel-Kugelh\u00e4hne DN80, Vollmantel-Kugelh\u00e4hne 2205, PN16.<\/p>","protected":false},"excerpt":{"rendered":"<p>1. Konstruktion und Herstellung: DIN 3357<br \/>\n2. Baul\u00e4nge: DIN 3202<br \/>\n3. Flanschende: DIN2501<br \/>\n4. Nennweite: DN15 \u2013 DN200<br \/>\n5. Normaldruck: PN16, PN25;<br \/>\nGr\u00f6\u00dfenbereich: 2&quot; bis 48&quot;<br \/>\nDruckbereich: Klasse 150 bis 2500<br \/>\nEndanschl\u00fcsse: RF-Flansch, RTJ, Stumpfschwei\u00dfung<br \/>\nKugeltyp: Geschmiedete Vollkugel, zapfenmontiert<br \/>\nAbmessungen des Flanschendes: ASME B16.5 (\u226424 Zoll), ASME B16.47 Serie A oder B (&gt;24 Zoll)<br \/>\nAbmessungen des Stumpfschwei\u00dfendes: ASME B16.25 von Angesicht zu Angesicht<br \/>\nBauabmessungen: ASME B16.10<br \/>\nInspektion und Tests: API 6D<br \/>\nGeh\u00e4usematerialien: ZTA1, ZTA2, ZTA3, ZTA9, ZTA10, ZTC4 TA1, TA2, TA3, TA9, TA10, TC4 Titan Gr2, Gr3, Gr5, Gr6, Gr7, Gr12 Titan GrC2, GrC3, GrC5, GrC6, Ti-Pd7B, GrC12 Titan GrF2, Gr3F, GrF5, GrF6, GrF7, GrF12<br \/>\nSitzmaterialien: PTFE, RPTFE, DEVLON, NYLON, PEEK, Vollmetall mit Hartbeschichtung.<\/p>\n<p>&nbsp;<\/p>\n<p>Produktmerkmale<\/p>\n<p>.Der Str\u00f6mungswiderstand ist gering;<br \/>\n2.Kolbensitz, Brandschutz-antistatische Strukturkonstruktion;<br \/>\n3. Keine Einschr\u00e4nkung der Flie\u00dfrichtung des Mediums;<br \/>\n4. Wenn sich das Ventil in der vollst\u00e4ndig ge\u00f6ffneten Position befindet, liegen die Sitzoberfl\u00e4chen au\u00dferhalb des Str\u00f6mungsstroms und stehen immer in vollem Kontakt mit dem Schieber, der die Sitzoberfl\u00e4chen sch\u00fctzen kann, und sind f\u00fcr Molchleitungen geeignet.<br \/>\n5. Federbelastete Verpackung kann gew\u00e4hlt werden;<br \/>\n6. Eine emissionsarme Verpackung kann gem\u00e4\u00df den Anforderungen der ISO 15848 ausgew\u00e4hlt werden.<br \/>\n7.Stem-erweitertes Design kann gew\u00e4hlt werden;<br \/>\n8. Metall-zu-Metall-Sitzdesign kann gew\u00e4hlt werden;<br \/>\n9.DBB, DIB-1, DIB-2 Design kann gew\u00e4hlt werden;<br \/>\n10.Die Kugel ist mit einer St\u00fctzplatte und einer festen Welle befestigt;<\/p>","protected":false},"featured_media":18400,"template":"","meta":{"advanced_seo_description":"","jetpack_seo_html_title":"","jetpack_seo_noindex":false},"product_brand":[],"product_cat":[83],"product_tag":[432,430,433,431,434],"class_list":{"0":"post-18399","1":"product","2":"type-product","3":"status-publish","4":"has-post-thumbnail","6":"product_cat-ball-valves","7":"product_tag-2205-fully-jacket-ball-valve","8":"product_tag-china-2205-fully-jacket-ball-valve-manufacturer","9":"product_tag-dn80-2205-fully-jacket-ball-valve","10":"product_tag-oudian-supplies-2205-fully-jacket-floating-ball-valve","11":"product_tag-pn16-2205-fully-jacket-ball-valve","13":"first","14":"instock","15":"shipping-taxable","16":"product-type-simple"},"jetpack_sharing_enabled":true,"_links":{"self":[{"href":"https:\/\/oudianvalve.com\/de\/wp-json\/wp\/v2\/product\/18399","targetHints":{"allow":["GET"]}}],"collection":[{"href":"https:\/\/oudianvalve.com\/de\/wp-json\/wp\/v2\/product"}],"about":[{"href":"https:\/\/oudianvalve.com\/de\/wp-json\/wp\/v2\/types\/product"}],"wp:featuredmedia":[{"embeddable":true,"href":"https:\/\/oudianvalve.com\/de\/wp-json\/wp\/v2\/media\/18400"}],"wp:attachment":[{"href":"https:\/\/oudianvalve.com\/de\/wp-json\/wp\/v2\/media?parent=18399"}],"wp:term":[{"taxonomy":"product_brand","embeddable":true,"href":"https:\/\/oudianvalve.com\/de\/wp-json\/wp\/v2\/product_brand?post=18399"},{"taxonomy":"product_cat","embeddable":true,"href":"https:\/\/oudianvalve.com\/de\/wp-json\/wp\/v2\/product_cat?post=18399"},{"taxonomy":"product_tag","embeddable":true,"href":"https:\/\/oudianvalve.com\/de\/wp-json\/wp\/v2\/product_tag?post=18399"}],"curies":[{"name":"wp","href":"https:\/\/api.w.org\/{rel}","templated":true}]}}