{"id":18395,"date":"2025-06-14T05:22:53","date_gmt":"2025-06-14T05:22:53","guid":{"rendered":"https:\/\/oudianvalve.com\/?post_type=product&#038;p=18395"},"modified":"2025-06-14T05:52:00","modified_gmt":"2025-06-14T05:52:00","slug":"2507-ball-valve-pn16-dn100-rf-end","status":"publish","type":"product","link":"https:\/\/oudianvalve.com\/de\/products\/ball-valves\/2507-ball-valve-pn16-dn100-rf-end\/","title":{"rendered":"2507 Kugelhahn, PN16, DN100, RF-Ende"},"content":{"rendered":"<p>Ventilbeschreibung:<br \/>\nVentiltyp: Schwimmendes Kugelventil<br \/>\nBody Material: 2507.<br \/>\nNominal Diameter: DN100<br \/>\nDruckstufe: PN16<br \/>\nEndanschluss: RF-Flansch<br \/>\nBetriebstemperatur: -29 \u00b0C bis +200 \u00b0C.<br \/>\nBedienung: Hebel.<\/p>\n<p>2507 Ball Valve Product Introduction:<\/p>\n<p>2507 Ball Valve is a ferrite-austenite (duplex) stainless steel. It combines many of the most beneficial properties of ferrite and austenite steels. Since the steel has high chromium and molybdenum contents, it has excellent resistance to pitting, crevice and uniform corrosion. The duplex microstructure ensures that the steel has high resistance to stress corrosion cracking and high mechanical strength.<\/p>\n<p>2507 Ball Valve Product Features<br \/>\n1. The valve has a simple structure, small size, light weight, low flow resistance and good energy-saving effect. When the medium flows through the valve, it is equivalent to flowing through a straight pipeline. The fluid resistance is small<br \/>\n2. The direction of the fluid in and out of the valve can be selected arbitrarily, and it has a two-way effect.<br \/>\n3. The connection methods of valve pipe fittings produced by our company are: internal thread, flange, butt welding, plug welding, quick installation, etc. It can be installed in horizontal and vertical pipelines.<br \/>\n4. Easy to operate, quick switching, the handle only needs to be turned 90 degrees to achieve switching. Pneumatic and electric can be adjusted at will.<br \/>\n5. Excellent anti-leakage effect, the switch life can be 5-10 times longer than other equipment.<br \/>\nProduct features of 2207 stainless steel ball valve<br \/>\nApplicable media: water, gas, oil, natural gas and acid-base corrosive media<br \/>\nAnwendbare Temperatur: -196\uff5e350\u2103<br \/>\nAntriebsart: manuell, pneumatisch, elektrisch, hydraulisch usw.<br \/>\nNominal diameter: DN15\uff5e250mm 1\/2\uff02\uff5e10\uff02<\/p>\n<p>2507 Ball Valve is used in the oil and gas industry; offshore Shipotian oil platform (heat exchanger tubes, water treatment and water supply systems, fire protection systems, water spray systems, water stabilization systems; petrochemical equipment; desalination (desalination) equipment (and high-pressure pipes and seawater pipes in the equipment); mechanical and structural components that require both high strength and high corrosion resistance; pulp and paper industry, seawater desalination, flue gas purification, heat exchangers, chemical tanker piping systems, seawater systems, etc.<br \/>\nChemical composition of 2507 duplex stainless steel ball valve:<br \/>\nC\u22640.03, Si\u22640.80, Mn\u22641.2, Cr:24-26 ,Ni:6-8,S\u22640.02,P\u22640.035,Mo:3-5,N:0.24-0.32<\/p>\n<p>2507 Ball Valve Outline Connection Dimensions<\/p>\n<table style=\"height: 157px;\" border=\"1\" width=\"764\">\n<tbody>\n<tr>\n<td>PN1.6Mpa<\/td>\n<\/tr>\n<tr>\n<td>DN<\/td>\n<td>15<\/td>\n<td>20<\/td>\n<td>25<\/td>\n<td>32<\/td>\n<td>40<\/td>\n<td>50<\/td>\n<td>65<\/td>\n<td>80<\/td>\n<td>100<\/td>\n<td>125<\/td>\n<td>150<\/td>\n<td>200<\/td>\n<\/tr>\n<tr>\n<td>L<\/td>\n<td>130<\/td>\n<td>140<\/td>\n<td>150<\/td>\n<td>165<\/td>\n<td>180<\/td>\n<td>200<\/td>\n<td>220<\/td>\n<td>250<\/td>\n<td>280<\/td>\n<td>320<\/td>\n<td>360<\/td>\n<td>400<\/td>\n<\/tr>\n<tr>\n<td>H<\/td>\n<td>59<\/td>\n<td>63<\/td>\n<td>75<\/td>\n<td>85<\/td>\n<td>95<\/td>\n<td>107<\/td>\n<td>142<\/td>\n<td>152<\/td>\n<td>178<\/td>\n<td>252<\/td>\n<td>272<\/td>\n<td>342<\/td>\n<\/tr>\n<tr>\n<td>W<\/td>\n<td>130<\/td>\n<td>130<\/td>\n<td>160<\/td>\n<td>180<\/td>\n<td>230<\/td>\n<td>230<\/td>\n<td>400<\/td>\n<td>400<\/td>\n<td>650<\/td>\n<td>1050<\/td>\n<td>1050<\/td>\n<td>1410<\/td>\n<\/tr>\n<tr>\n<td>Wt(Kg)<\/td>\n<td>2.5<\/td>\n<td>3<\/td>\n<td>5<\/td>\n<td>6<\/td>\n<td>7<\/td>\n<td>10<\/td>\n<td>15<\/td>\n<td>19<\/td>\n<td>33<\/td>\n<td>58<\/td>\n<td>93<\/td>\n<td>160<\/td>\n<\/tr>\n<\/tbody>\n<\/table>\n<p>&nbsp;<\/p>\n<table style=\"height: 172px;\" border=\"1\" width=\"901\">\n<tbody>\n<tr>\n<td>PN2.5Mpa<\/td>\n<\/tr>\n<tr>\n<td>DN<\/td>\n<td>15<\/td>\n<td>20<\/td>\n<td>25<\/td>\n<td>32<\/td>\n<td>40<\/td>\n<td>50<\/td>\n<td>65<\/td>\n<td>80<\/td>\n<td>100<\/td>\n<td>125<\/td>\n<td>150<\/td>\n<td>200<\/td>\n<\/tr>\n<tr>\n<td>L<\/td>\n<td>130<\/td>\n<td>140<\/td>\n<td>150<\/td>\n<td>165<\/td>\n<td>180<\/td>\n<td>200<\/td>\n<td>220<\/td>\n<td>250<\/td>\n<td>320<\/td>\n<td>400<\/td>\n<td>400<\/td>\n<td>550<\/td>\n<\/tr>\n<tr>\n<td>H<\/td>\n<td>59<\/td>\n<td>63<\/td>\n<td>75<\/td>\n<td>97<\/td>\n<td>107<\/td>\n<td>142<\/td>\n<td>152<\/td>\n<td>178<\/td>\n<td>252<\/td>\n<td>272<\/td>\n<td>342<\/td>\n<td>345<\/td>\n<\/tr>\n<tr>\n<td>W<\/td>\n<td>130<\/td>\n<td>130<\/td>\n<td>160<\/td>\n<td>230<\/td>\n<td>230<\/td>\n<td>400<\/td>\n<td>400<\/td>\n<td>700<\/td>\n<td>1100<\/td>\n<td>1100<\/td>\n<td>1500<\/td>\n<td>1500<\/td>\n<\/tr>\n<tr>\n<td>Wt(Kg)<\/td>\n<td>2.5<\/td>\n<td>3<\/td>\n<td>5<\/td>\n<td>6<\/td>\n<td>7.5<\/td>\n<td>10<\/td>\n<td>15<\/td>\n<td>20<\/td>\n<td>33<\/td>\n<td>60<\/td>\n<td>93<\/td>\n<td>175<\/td>\n<\/tr>\n<\/tbody>\n<\/table>\n<p>We can produce 2507 ball valves,2507 gate valves, 2507 globe valves, 2507 check valves etc.<\/p>\n<p>China 2507 Ball Valve Manufacturer ,OUdian Supplies 2507 Floating Ball Valve, 2507\u00a0 Floating Ball Valve, DN100 2507 Ball Valve, PN16 2507 Floating Ball Valve.<\/p>","protected":false},"excerpt":{"rendered":"<p>1. Konstruktion und Herstellung: DIN 3357<br \/>\n2. Baul\u00e4nge: DIN 3202<br \/>\n3. Flanschende: DIN2501<br \/>\n4. Nennweite: DN15 \u2013 DN200<br \/>\n5. Normaldruck: PN16, PN25;<br \/>\nGr\u00f6\u00dfenbereich: 2&quot; bis 48&quot;<br \/>\nDruckbereich: Klasse 150 bis 2500<br \/>\nEndanschl\u00fcsse: RF-Flansch, RTJ, Stumpfschwei\u00dfung<br \/>\nKugeltyp: Geschmiedete Vollkugel, zapfenmontiert<br \/>\nAbmessungen des Flanschendes: ASME B16.5 (\u226424 Zoll), ASME B16.47 Serie A oder B (&gt;24 Zoll)<br \/>\nAbmessungen des Stumpfschwei\u00dfendes: ASME B16.25 von Angesicht zu Angesicht<br \/>\nBauabmessungen: ASME B16.10<br \/>\nInspektion und Tests: API 6D<br \/>\nGeh\u00e4usematerialien: ZTA1, ZTA2, ZTA3, ZTA9, ZTA10, ZTC4 TA1, TA2, TA3, TA9, TA10, TC4 Titan Gr2, Gr3, Gr5, Gr6, Gr7, Gr12 Titan GrC2, GrC3, GrC5, GrC6, Ti-Pd7B, GrC12 Titan GrF2, Gr3F, GrF5, GrF6, GrF7, GrF12<br \/>\nSitzmaterialien: PTFE, RPTFE, DEVLON, NYLON, PEEK, Vollmetall mit Hartbeschichtung.<\/p>\n<p>&nbsp;<\/p>\n<p>Produktmerkmale<\/p>\n<p>.Der Str\u00f6mungswiderstand ist gering;<br \/>\n2.Kolbensitz, Brandschutz-antistatische Strukturkonstruktion;<br \/>\n3. Keine Einschr\u00e4nkung der Flie\u00dfrichtung des Mediums;<br \/>\n4. Wenn sich das Ventil in der vollst\u00e4ndig ge\u00f6ffneten Position befindet, liegen die Sitzoberfl\u00e4chen au\u00dferhalb des Str\u00f6mungsstroms und stehen immer in vollem Kontakt mit dem Schieber, der die Sitzoberfl\u00e4chen sch\u00fctzen kann, und sind f\u00fcr Molchleitungen geeignet.<br \/>\n5. Federbelastete Verpackung kann gew\u00e4hlt werden;<br \/>\n6. Eine emissionsarme Verpackung kann gem\u00e4\u00df den Anforderungen der ISO 15848 ausgew\u00e4hlt werden.<br \/>\n7.Stem-erweitertes Design kann gew\u00e4hlt werden;<br \/>\n8. Metall-zu-Metall-Sitzdesign kann gew\u00e4hlt werden;<br \/>\n9.DBB, DIB-1, DIB-2 Design kann gew\u00e4hlt werden;<br \/>\n10.Die Kugel ist mit einer St\u00fctzplatte und einer festen Welle befestigt;<\/p>","protected":false},"featured_media":18398,"template":"","meta":{"advanced_seo_description":"","jetpack_seo_html_title":"","jetpack_seo_noindex":false},"product_brand":[],"product_cat":[83],"product_tag":[427,425,428,426,429],"class_list":{"0":"post-18395","1":"product","2":"type-product","3":"status-publish","4":"has-post-thumbnail","6":"product_cat-ball-valves","7":"product_tag-2507-floating-ball-valve","8":"product_tag-china-2507-ball-valve-manufacturer","9":"product_tag-dn100-2507-ball-valve","10":"product_tag-oudian-supplies-2507-floating-ball-valve","11":"product_tag-pn16-2507-floating-ball-valve","13":"first","14":"instock","15":"shipping-taxable","16":"product-type-simple"},"jetpack_sharing_enabled":true,"_links":{"self":[{"href":"https:\/\/oudianvalve.com\/de\/wp-json\/wp\/v2\/product\/18395","targetHints":{"allow":["GET"]}}],"collection":[{"href":"https:\/\/oudianvalve.com\/de\/wp-json\/wp\/v2\/product"}],"about":[{"href":"https:\/\/oudianvalve.com\/de\/wp-json\/wp\/v2\/types\/product"}],"wp:featuredmedia":[{"embeddable":true,"href":"https:\/\/oudianvalve.com\/de\/wp-json\/wp\/v2\/media\/18398"}],"wp:attachment":[{"href":"https:\/\/oudianvalve.com\/de\/wp-json\/wp\/v2\/media?parent=18395"}],"wp:term":[{"taxonomy":"product_brand","embeddable":true,"href":"https:\/\/oudianvalve.com\/de\/wp-json\/wp\/v2\/product_brand?post=18395"},{"taxonomy":"product_cat","embeddable":true,"href":"https:\/\/oudianvalve.com\/de\/wp-json\/wp\/v2\/product_cat?post=18395"},{"taxonomy":"product_tag","embeddable":true,"href":"https:\/\/oudianvalve.com\/de\/wp-json\/wp\/v2\/product_tag?post=18395"}],"curies":[{"name":"wp","href":"https:\/\/api.w.org\/{rel}","templated":true}]}}