{"id":18393,"date":"2025-06-14T05:15:10","date_gmt":"2025-06-14T05:15:10","guid":{"rendered":"https:\/\/oudianvalve.com\/?post_type=product&#038;p=18393"},"modified":"2025-06-14T06:45:26","modified_gmt":"2025-06-14T06:45:26","slug":"worm-gear-ball-valve-pn16-dn150-304-rf-end","status":"publish","type":"product","link":"https:\/\/oudianvalve.com\/de\/products\/ball-valves\/worm-gear-ball-valve-pn16-dn150-304-rf-end\/","title":{"rendered":"Schneckenrad-Kugelhahn, PN16, DN150, 304, RF-Ende"},"content":{"rendered":"<p>Ventilbeschreibung:<br \/>\nVentiltyp: Schwimmendes Kugelventil<br \/>\nGeh\u00e4usematerial: 304.<br \/>\nNenndurchmesser: 6\u2033<br \/>\nDruckstufe: PN16<br \/>\nEndanschluss: RF-Flansch<br \/>\nBetriebstemperatur: -29 \u00b0C bis +200 \u00b0C.<br \/>\nBedienung: Hebel.<\/p>\n<p>Der Schneckengetriebe-Flanschkugelhahn ist ein Ventil, das in Fluidsystemen weit verbreitet ist. Sein Funktionsprinzip besteht darin, das Ventil durch den Eingriff der Turbinenschnecke zu \u00f6ffnen und zu schlie\u00dfen. Die Turbine ist auf dem Kugelhahnschaft montiert. Dreht sich die Turbine, dreht sich die Schnecke entsprechend und treibt dadurch den Ventilschaft und die Kugel an, um die Ventilsteuerung zu erreichen. Er wird haupts\u00e4chlich zum Absperren, Verteilen und \u00c4ndern der Flie\u00dfrichtung des Mediums in der Rohrleitung eingesetzt. Seine zahlreichen Eigenschaften und Vorteile machen ihn zu einem beliebten Ventil f\u00fcr Rohrleitungssysteme in verschiedenen industriellen Anwendungen, wie z. B. in der Erd\u00f6l-, Chemie-, Strom-, W\u00e4rme-, Metallurgie-, Medizin-, D\u00fcngemittel-, Salz-, Chemiefaser-, Wasserversorgungs-, Umweltschutz-, Industrie- und Tiefbauindustrie, Nuklearindustrie usw.<br \/>\nDer Turbinen\u00fcbertragungsmechanismus ist ein wichtiger Teil des Kugelhahns mit Turbinen\u00fcbertragungsflansch und weist die folgenden Eigenschaften auf: Hohe \u00dcbertragungseffizienz: Die Effizienz der Eingriffs\u00fcbertragung der Turbinenschnecke ist hoch, wodurch sich das Ventil schneller \u00f6ffnet und schlie\u00dft. Kleines Betriebsdrehmoment: Aufgrund des Eingriffsprinzips der Turbinenschnecke ist das Betriebsdrehmoment gering, was f\u00fcr den manuellen Betrieb praktisch ist. Alternativ kann bei Bedarf ein elektrischer Antrieb hinzugef\u00fcgt werden, um den elektrischen Betrieb zu nutzen. Hohe Zuverl\u00e4ssigkeit: Die Eingriffsstruktur der Turbinenschnecke ist einfach, die Ausfallrate ist niedrig, die Wartung ist einfach und die Zuverl\u00e4ssigkeit ist hoch.<\/p>\n<p>Hauptmerkmale des Schneckengetriebe-Flanschkugelhahns<br \/>\n1. Geringer Fl\u00fcssigkeitswiderstand: Durch die Konstruktion des Kugelhahns tritt beim \u00d6ffnen nahezu kein Fl\u00fcssigkeitswiderstand auf und sein Widerstandskoeffizient entspricht dem eines Rohrabschnitts gleicher L\u00e4nge.<br \/>\n2. Einfache Struktur, geringe Gr\u00f6\u00dfe und geringes Gewicht: Dadurch ist der Kugelhahn einfach zu installieren und zu warten.<br \/>\n3. Dicht und zuverl\u00e4ssig: Der Kugelhahn weist eine gute Dichtleistung auf, und als Dichtfl\u00e4chen werden h\u00e4ufig Kunststoff und andere Materialien verwendet, die f\u00fcr Vakuumsysteme geeignet sind.<br \/>\n4. Einfache Bedienung: Es \u00f6ffnet und schlie\u00dft schnell und muss nur um 90\u00b0 gedreht werden, um ein vollst\u00e4ndiges \u00d6ffnen oder Schlie\u00dfen zu erreichen, was f\u00fcr die Fernbedienung praktisch ist.<br \/>\n5. Einfache Wartung: Der Kugelhahn hat eine einfache Struktur und der Dichtungsring ist normalerweise beweglich, was eine einfache Demontage und einen einfachen Austausch erm\u00f6glicht.<br \/>\n6. Breites Anwendungsspektrum: Der Durchmesser des Kugelhahns reicht von wenigen Millimetern bis zu wenigen Metern und ist f\u00fcr ein breites Spektrum an Medien geeignet, von Hochvakuum bis Hochdruck<\/p>\n<table style=\"height: 295px;\" border=\"2\" width=\"1033\">\n<tbody>\n<tr>\n<td width=\"60\">NEIN<\/td>\n<td width=\"115\">TEILENAME<\/td>\n<td colspan=\"6\" width=\"525\">TEILEMATERIAL<\/td>\n<\/tr>\n<tr>\n<td width=\"60\">1<\/td>\n<td width=\"115\">K\u00d6RPER<\/td>\n<td width=\"87\">SAF 2205<\/td>\n<td width=\"87\">SAF 2507<\/td>\n<td width=\"87\">A995 Gr.1B<\/td>\n<td width=\"87\">A995 Gr.4A<\/td>\n<td width=\"87\">A995 Gr.5A<\/td>\n<td width=\"88\">A995 Gr.6A<\/td>\n<\/tr>\n<tr>\n<td width=\"60\">2<\/td>\n<td width=\"115\">MOTORHAUBE<\/td>\n<td width=\"87\">SAF 2205<\/td>\n<td width=\"87\">SAF 2507<\/td>\n<td width=\"87\">A995 Gr.1B<\/td>\n<td width=\"87\">A995 Gr.4A<\/td>\n<td width=\"87\">A995 Gr.5A<\/td>\n<td width=\"88\">A995 Gr.6A<\/td>\n<\/tr>\n<tr>\n<td width=\"60\">3<\/td>\n<td width=\"115\">SITZ<\/td>\n<td colspan=\"6\" width=\"525\">RPTFE, PTFE, TEFLON, NYLON, PPL, PEEK, DEVLON, Duplex-Edelstahl + H\u00e4rtebehandlung<\/td>\n<\/tr>\n<tr>\n<td width=\"60\">4<\/td>\n<td width=\"115\">BALL<\/td>\n<td width=\"87\">2205<\/td>\n<td width=\"87\">2507<\/td>\n<td width=\"87\">S32550<\/td>\n<td width=\"87\">S31803<\/td>\n<td width=\"87\">S32750<\/td>\n<td width=\"88\">S32760<\/td>\n<\/tr>\n<tr>\n<td width=\"60\">5<\/td>\n<td width=\"115\">STENGEL<\/td>\n<td width=\"87\">2205<\/td>\n<td width=\"87\">2507<\/td>\n<td width=\"87\">S32550<\/td>\n<td width=\"87\">S31803<\/td>\n<td width=\"87\">S32750<\/td>\n<td width=\"88\">S32760<\/td>\n<\/tr>\n<tr>\n<td width=\"60\">6<\/td>\n<td width=\"115\">VERPACKUNG<\/td>\n<td colspan=\"6\" width=\"525\">GRAPHIT, RPTFE, PTFE, TEFLON, PPL<\/td>\n<\/tr>\n<tr>\n<td width=\"60\">7<\/td>\n<td width=\"115\">BOLZEN<\/td>\n<td width=\"87\">A193 B8M<\/td>\n<td width=\"87\">A193 B8M<\/td>\n<td width=\"87\">A193 B8M<\/td>\n<td width=\"87\">A193 B8M<\/td>\n<td width=\"87\">A193 B8M<\/td>\n<td width=\"88\">A193 B8M<\/td>\n<\/tr>\n<tr>\n<td width=\"60\">8<\/td>\n<td width=\"115\">NUSS<\/td>\n<td width=\"87\">A194 8M<\/td>\n<td width=\"87\">A194 8M<\/td>\n<td width=\"87\">A194 8M<\/td>\n<td width=\"87\">A194 8M<\/td>\n<td width=\"87\">A194 8M<\/td>\n<td width=\"88\">A194 8M<\/td>\n<\/tr>\n<\/tbody>\n<\/table>\n<p>Ventilstandards: Japanischer Standard\/JIS Japanischer Standard\/JPI alter Standard Amerikanischer Standard API Amerikanischer Standard\/ANS Amerikanischer Standard\/Deutscher Standard DIN Deutscher Standard\/Mechanische Abteilung JB\/Chemischer Standard HG20592\/Nationaler Standard\/GB Nationaler Standard JB Nationaler Standard<br \/>\nVentildichtung: Weichdichtung, Hartdichtung, STL.PPL.M, N, B, Cr13<br \/>\nVentilstruktur: Durchgangsventil, Zweiwegeventil, Dreiwegeventil, Vierwegeventil, schwimmend, fest<\/p>\n<p>Chinesischer Hersteller von Schneckenrad-Kugelh\u00e4hnen, OUdian liefert Schneckenrad-Kugelh\u00e4hne, schwimmende Schneckenrad-Kugelh\u00e4hne, 6-Zoll-Schneckenrad-Kugelh\u00e4hne, 150-lb-Schneckenrad-Kugelh\u00e4hne, schwimmende Schneckenrad-Kugelh\u00e4hne, Schneckenrad-Kugelh\u00e4hne mit RF-Ende.<\/p>","protected":false},"excerpt":{"rendered":"<p>1. Konstruktion und Herstellung: DIN 3357<br \/>\n2. Baul\u00e4nge: DIN 3202<br \/>\n3. Flanschende: DIN2501<br \/>\n4. Nennweite: DN15 \u2013 DN200<br \/>\n5. Normaldruck: PN16, PN25;<br \/>\n6. Geh\u00e4usematerialien: WCB, LCB, CF8, CF8M, CF3, CF3M usw.<br \/>\n7. Verkleidung: 13CR, 304SS, 316SS, Duplex-Edelstahl;<br \/>\n8. Bohrungstyp: Vollbohrung<br \/>\n9. Antrieb: Hebel, Schneckengetriebe;<\/p>\n<p><strong>DIN SCHWIMMKUGELHAHN F\u00dcR PN16, PN25<\/strong><\/p>\n<p>Endanschl\u00fcsse: RF-Flansch, RTJ, Stumpfschwei\u00dfung<br \/>\nKugeltyp: Geschmiedete Vollkugel<br \/>\nSitzmaterialien: PTFE, RPTFE, DEVLON, NYLON, PEEK, Metallsitz mit TCC\/STL\/Ni.<\/p>","protected":false},"featured_media":18414,"template":"","meta":{"advanced_seo_description":"","jetpack_seo_html_title":"","jetpack_seo_noindex":false},"product_brand":[],"product_cat":[83],"product_tag":[462,461,458,463,459,464,460],"class_list":{"0":"post-18393","1":"product","2":"type-product","3":"status-publish","4":"has-post-thumbnail","6":"product_cat-ball-valves","7":"product_tag-150lb-worm-gear-ball-valve","8":"product_tag-6-inch-worm-gear-ball-valve","9":"product_tag-china-worm-gear-ball-valve-manufacturer","10":"product_tag-floating-worm-gear-ball-valve","11":"product_tag-oudian-supplies-worm-gear-ball-valve","12":"product_tag-rf-end-worm-gear-ball-valve","13":"product_tag-worm-gear-floating-ball-valve","15":"first","16":"instock","17":"shipping-taxable","18":"product-type-simple"},"jetpack_sharing_enabled":true,"_links":{"self":[{"href":"https:\/\/oudianvalve.com\/de\/wp-json\/wp\/v2\/product\/18393","targetHints":{"allow":["GET"]}}],"collection":[{"href":"https:\/\/oudianvalve.com\/de\/wp-json\/wp\/v2\/product"}],"about":[{"href":"https:\/\/oudianvalve.com\/de\/wp-json\/wp\/v2\/types\/product"}],"wp:featuredmedia":[{"embeddable":true,"href":"https:\/\/oudianvalve.com\/de\/wp-json\/wp\/v2\/media\/18414"}],"wp:attachment":[{"href":"https:\/\/oudianvalve.com\/de\/wp-json\/wp\/v2\/media?parent=18393"}],"wp:term":[{"taxonomy":"product_brand","embeddable":true,"href":"https:\/\/oudianvalve.com\/de\/wp-json\/wp\/v2\/product_brand?post=18393"},{"taxonomy":"product_cat","embeddable":true,"href":"https:\/\/oudianvalve.com\/de\/wp-json\/wp\/v2\/product_cat?post=18393"},{"taxonomy":"product_tag","embeddable":true,"href":"https:\/\/oudianvalve.com\/de\/wp-json\/wp\/v2\/product_tag?post=18393"}],"curies":[{"name":"wp","href":"https:\/\/api.w.org\/{rel}","templated":true}]}}