{"id":18391,"date":"2025-06-14T02:54:18","date_gmt":"2025-06-14T02:54:18","guid":{"rendered":"https:\/\/oudianvalve.com\/?post_type=product&#038;p=18391"},"modified":"2025-06-14T03:02:24","modified_gmt":"2025-06-14T03:02:24","slug":"daikin-m111-seat-ball-valve-150lb-2-inch-rf-end","status":"publish","type":"product","link":"https:\/\/oudianvalve.com\/de\/products\/ball-valves\/daikin-m111-seat-ball-valve-150lb-2-inch-rf-end\/","title":{"rendered":"Daikin M111 Sitzkugelhahn, 150 lb, 2 Zoll, RF-Ende"},"content":{"rendered":"<p>Ventilbeschreibung:<br \/>\nVentiltyp: Schwimmendes Kugelventil<br \/>\nGeh\u00e4usematerial: CF8.<br \/>\nNenndurchmesser: 2\u2033<br \/>\nDruckbewertung: 150LB<br \/>\nEndanschluss: RF-Flansch<br \/>\nBetriebstemperatur: -29 \u00b0C bis +200 \u00b0C.<br \/>\nBedienung: Hebel.<\/p>\n<p>Der Daikin M111 Duplex-Stahlkugelhahn besteht aus Duplex-Edelstahl (Ferrit und Austenit machen jeweils etwa 50% des Metalls aus, und der Gehalt der kleineren Phase muss mindestens 30% betragen). In der industriellen Fertigung sind g\u00e4ngige Duplexst\u00e4hle 2205, 2507 und 2520 (310S). Dieser Kugelhahntyp hat eine bessere Materialleistung als herk\u00f6mmlicher 304, 8 Nickel-18-Chrom-Edelstahl, verf\u00fcgt \u00fcber ausreichende Plastizit\u00e4t und Z\u00e4higkeit, gute lokale Korrosionsbest\u00e4ndigkeit und gute Korrosionsbest\u00e4ndigkeit und wird h\u00e4ufig in chloridreichen Arbeitsumgebungen wie Meerwasserverdampfungssystemen, Seeschiffen und Meerestechnik-Pipelines verwendet; Das Medium in der Rohrleitung ist Wasserstoffperoxid, \u00c4tznatron, Salzs\u00e4ure usw., insbesondere die Best\u00e4ndigkeit gegen oxidative Korrosion macht den Daikin M111 Duplex-Stahlkugelhahn zu einem hervorragenden Absperr- und Absperrger\u00e4t in Salpeters\u00e4ureger\u00e4ten und starken organischen S\u00e4uren.<\/p>\n<p>&nbsp;<\/p>\n<p>Die Dichtung des Daikin M111 Duplex-Stahlkugelhahns besteht aus importiertem PTFE mit der Chargennummer M111, das in Daikin, Japan, hergestellt wird. Es weist eine bessere Verschlei\u00dffestigkeit, Korrosionsbest\u00e4ndigkeit, Temperaturbest\u00e4ndigkeit und K\u00e4ltebest\u00e4ndigkeit als herk\u00f6mmliches PTFE auf. Der Temperaturbereich liegt zwischen -180 \u00b0C und 200 \u00b0C. In Bereichen mit hohen Anforderungen an die Korrosionsbest\u00e4ndigkeit, wie z. B. in der Feinchemie, Pharmaindustrie, Elektronikindustrie und verwandten Bereichen, empfiehlt sich die Verwendung von Duplex-Stahlkugelh\u00e4hnen mit M111PTFE als Dichtung. Es eignet sich auch f\u00fcr hohe und niedrige Temperaturen.<br \/>\nDaikin M111 Duplex-Stahlkugelhahn \u2013 zugeh\u00f6rige Teile<\/p>\n<p><a href=\"http:\/\/www.oudianfm.com\/prolist-2240365-1.html\" target=\"_blank\" rel=\"noopener\">Daikin M111 Duplex-Stahlkugelhahn \u2013 zugeh\u00f6rige Teile<\/a><\/p>\n<p>&nbsp;<\/p>\n<table style=\"height: 295px;\" border=\"2\" width=\"1033\">\n<tbody>\n<tr>\n<td width=\"60\">NEIN<\/td>\n<td width=\"115\">TEILENAME<\/td>\n<td colspan=\"6\" width=\"525\">TEILEMATERIAL<\/td>\n<\/tr>\n<tr>\n<td width=\"60\">1<\/td>\n<td width=\"115\">K\u00d6RPER<\/td>\n<td width=\"87\">SAF 2205<\/td>\n<td width=\"87\">SAF 2507<\/td>\n<td width=\"87\">A995 Gr.1B<\/td>\n<td width=\"87\">A995 Gr.4A<\/td>\n<td width=\"87\">A995 Gr.5A<\/td>\n<td width=\"88\">A995 Gr.6A<\/td>\n<\/tr>\n<tr>\n<td width=\"60\">2<\/td>\n<td width=\"115\">MOTORHAUBE<\/td>\n<td width=\"87\">SAF 2205<\/td>\n<td width=\"87\">SAF 2507<\/td>\n<td width=\"87\">A995 Gr.1B<\/td>\n<td width=\"87\">A995 Gr.4A<\/td>\n<td width=\"87\">A995 Gr.5A<\/td>\n<td width=\"88\">A995 Gr.6A<\/td>\n<\/tr>\n<tr>\n<td width=\"60\">3<\/td>\n<td width=\"115\">SITZ<\/td>\n<td colspan=\"6\" width=\"525\">RPTFE, PTFE, TEFLON, NYLON, PPL, PEEK, DEVLON, Duplex-Edelstahl + H\u00e4rtebehandlung<\/td>\n<\/tr>\n<tr>\n<td width=\"60\">4<\/td>\n<td width=\"115\">BALL<\/td>\n<td width=\"87\">2205<\/td>\n<td width=\"87\">2507<\/td>\n<td width=\"87\">S32550<\/td>\n<td width=\"87\">S31803<\/td>\n<td width=\"87\">S32750<\/td>\n<td width=\"88\">S32760<\/td>\n<\/tr>\n<tr>\n<td width=\"60\">5<\/td>\n<td width=\"115\">STENGEL<\/td>\n<td width=\"87\">2205<\/td>\n<td width=\"87\">2507<\/td>\n<td width=\"87\">S32550<\/td>\n<td width=\"87\">S31803<\/td>\n<td width=\"87\">S32750<\/td>\n<td width=\"88\">S32760<\/td>\n<\/tr>\n<tr>\n<td width=\"60\">6<\/td>\n<td width=\"115\">VERPACKUNG<\/td>\n<td colspan=\"6\" width=\"525\">GRAPHIT, RPTFE, PTFE, TEFLON, PPL<\/td>\n<\/tr>\n<tr>\n<td width=\"60\">7<\/td>\n<td width=\"115\">BOLZEN<\/td>\n<td width=\"87\">A193 B8M<\/td>\n<td width=\"87\">A193 B8M<\/td>\n<td width=\"87\">A193 B8M<\/td>\n<td width=\"87\">A193 B8M<\/td>\n<td width=\"87\">A193 B8M<\/td>\n<td width=\"88\">A193 B8M<\/td>\n<\/tr>\n<tr>\n<td width=\"60\">8<\/td>\n<td width=\"115\">NUSS<\/td>\n<td width=\"87\">A194 8M<\/td>\n<td width=\"87\">A194 8M<\/td>\n<td width=\"87\">A194 8M<\/td>\n<td width=\"87\">A194 8M<\/td>\n<td width=\"87\">A194 8M<\/td>\n<td width=\"88\">A194 8M<\/td>\n<\/tr>\n<\/tbody>\n<\/table>\n<p>Ventilstandards: Japanischer Standard\/JIS Japanischer Standard\/JPI alter Standard Amerikanischer Standard API Amerikanischer Standard\/ANS Amerikanischer Standard\/Deutscher Standard DIN Deutscher Standard\/Mechanische Abteilung JB\/Chemischer Standard HG20592\/Nationaler Standard\/GB Nationaler Standard JB Nationaler Standard<br \/>\nVentildichtung: Weichdichtung, Hartdichtung, STL.PPL.M, N, B, Cr13<br \/>\nVentilstruktur: Durchgangsventil, Zweiwegeventil, Dreiwegeventil, Vierwegeventil, schwimmend, fest<\/p>\n<p>Hersteller von Daikin M111-Sitzkugelh\u00e4hnen in China, OUdian liefert Daikin M111-Sitzkugelh\u00e4hne, Daikin M111-Sitzschwimmkugelh\u00e4hne, 2-Zoll-Daikin M111-Sitzkugelh\u00e4hne, 150 lb Daikin M111-Sitzschwimmkugelh\u00e4hne.<\/p>","protected":false},"excerpt":{"rendered":"<p>Designstandard: API 6D\/API 608<br \/>\nFeuersicher: API 607\/6FA<br \/>\nDrucktemperaturbewertungen: ASME B16.34<br \/>\nGr\u00f6\u00dfenbereich: 2&quot; bis 48&quot; (DN50-DN1200)<br \/>\nAnschluss: voller Durchgang oder reduzierter Durchgang<br \/>\nDruckbereich: 150LB bis 2500LB<br \/>\nEndanschl\u00fcsse: RF-Flansch, RTJ, Stumpfschwei\u00dfung<br \/>\nKugeltyp: Geschmiedete Vollkugel<br \/>\nAbmessungen des Flanschendes: ASME B16.5 (24 Zoll und darunter), ASME B16.47 Serie A oder B (\u00fcber 24 Zoll)<br \/>\nAbmessungen des Stumpfschwei\u00dfendes: ASME B16.25<br \/>\nBauabmessungen: ASME B16.10<br \/>\nInspektion und Tests: API 6D<br \/>\nGeh\u00e4usematerialien: A105\/A105N, F304, F316, F316L, F51, F53, F55, C95800, UNS N08825, UNS N06625.<br \/>\nSitzmaterialien: PTFE, RPTFE, DEVLON, NYLON, PEEK, Metallsitz mit TCC\/STL\/Ni.<\/p>","protected":false},"featured_media":18392,"template":"","meta":{"advanced_seo_description":"","jetpack_seo_html_title":"","jetpack_seo_noindex":false},"product_brand":[],"product_cat":[83],"product_tag":[412,411,408,410,409],"class_list":{"0":"post-18391","1":"product","2":"type-product","3":"status-publish","4":"has-post-thumbnail","6":"product_cat-ball-valves","7":"product_tag-150lb-daikin-m111-seat-floating-ball-valve","8":"product_tag-2-inch-daikin-m111-seat-ball-valve","9":"product_tag-china-daikin-m111-seat-ball-valve-manufacturer","10":"product_tag-daikin-m111-seat-floating-ball-valve","11":"product_tag-oudian-supplies-daikin-m111-seat-ball-valve","13":"first","14":"instock","15":"shipping-taxable","16":"product-type-simple"},"jetpack_sharing_enabled":true,"_links":{"self":[{"href":"https:\/\/oudianvalve.com\/de\/wp-json\/wp\/v2\/product\/18391","targetHints":{"allow":["GET"]}}],"collection":[{"href":"https:\/\/oudianvalve.com\/de\/wp-json\/wp\/v2\/product"}],"about":[{"href":"https:\/\/oudianvalve.com\/de\/wp-json\/wp\/v2\/types\/product"}],"wp:featuredmedia":[{"embeddable":true,"href":"https:\/\/oudianvalve.com\/de\/wp-json\/wp\/v2\/media\/18392"}],"wp:attachment":[{"href":"https:\/\/oudianvalve.com\/de\/wp-json\/wp\/v2\/media?parent=18391"}],"wp:term":[{"taxonomy":"product_brand","embeddable":true,"href":"https:\/\/oudianvalve.com\/de\/wp-json\/wp\/v2\/product_brand?post=18391"},{"taxonomy":"product_cat","embeddable":true,"href":"https:\/\/oudianvalve.com\/de\/wp-json\/wp\/v2\/product_cat?post=18391"},{"taxonomy":"product_tag","embeddable":true,"href":"https:\/\/oudianvalve.com\/de\/wp-json\/wp\/v2\/product_tag?post=18391"}],"curies":[{"name":"wp","href":"https:\/\/api.w.org\/{rel}","templated":true}]}}