{"id":18376,"date":"2025-06-14T00:57:58","date_gmt":"2025-06-14T00:57:58","guid":{"rendered":"https:\/\/oudianvalve.com\/?post_type=product&#038;p=18376"},"modified":"2025-06-14T01:01:23","modified_gmt":"2025-06-14T01:01:23","slug":"ta2-ball-valve-pn16-dn25-rf-end","status":"publish","type":"product","link":"https:\/\/oudianvalve.com\/de\/products\/ball-valves\/ta2-ball-valve-pn16-dn25-rf-end\/","title":{"rendered":"TA2 Kugelhahn, PN16, DN25, RF-Ende"},"content":{"rendered":"<p>Ventilbeschreibung:<br \/>\nVentiltyp: Schwimmendes Kugelventil<br \/>\nGeh\u00e4usematerial: Titan TA2.<br \/>\nNenndurchmesser: DN25<br \/>\nDruckstufe: PN16<br \/>\nEndanschluss: RF-Flansch<br \/>\nBetriebstemperatur: -29 \u00b0C bis +200 \u00b0C.<br \/>\nBedienung: Hebel.<\/p>\n<p>Anwendungsgebiete und Produkteigenschaften des hei\u00dfisostatisch gepressten Titan-Kugelhahns<br \/>\nAls Hochleistungsventil wird der hei\u00dfisostatisch gepresste Titan-Kugelhahn aufgrund seines einzigartigen Materials und seiner Konstruktion in vielen Bereichen eingesetzt. Zu seinen Hauptanwendungsgebieten z\u00e4hlen die Erd\u00f6l- und Chemieindustrie, die Salzproduktion, die Chloralkali-, Soda-, Harnstoff- und Meerwasserentsalzungsindustrie. Der hei\u00dfisostatisch gepresste Titan-Kugelhahn verf\u00fcgt \u00fcber eine Top-Loading-Struktur, die die Verbindungsschrauben des Ventilk\u00f6rpers selbst unter Hochdruck- und gro\u00dfen Durchmesserbedingungen reduziert, die Zuverl\u00e4ssigkeit des Ventils erh\u00f6ht und den Einfluss des Eigengewichts des Systems auf den normalen Betrieb des Ventils \u00fcberwindet.<\/p>\n<p>Die Eigenschaften von hei\u00dfisostatisch gepressten Titan-Kugelh\u00e4hnen sind ihre hervorragende Korrosionsbest\u00e4ndigkeit, hohe Festigkeit und geringe Dichte. Titan ist ein chemisch hochaktives Metall mit einer guten Affinit\u00e4t zu Sauerstoff. Bei Kontakt mit der Atmosph\u00e4re oder einem sauerstoffhaltigen Medium kann sich auf seiner Oberfl\u00e4che sofort eine starke und dichte passive Oxidschicht bilden. Diese Oxidschicht ist sehr stabil und schwer aufzul\u00f6sen. Selbst bei mechanischer Besch\u00e4digung regeneriert sie sich schnell, solange Sauerstoff vorhanden ist. Daher eignen sich Titan-Kugelh\u00e4hne gut f\u00fcr eine Vielzahl von korrosiven Medien und sind besonders f\u00fcr Ger\u00e4te in der Chloralkali-, Soda-, Pharma-, Harnstoff- und Petrochemieindustrie geeignet. Dar\u00fcber hinaus gibt es Titan-Kugelh\u00e4hne in zwei Ausf\u00fchrungen: mit Weichdichtung und mit Hartdichtung aus Metall. Diese l\u00f6sen Korrosionsprobleme, die bei Ventilen aus Edelstahl, Kupferlegierungen, Aluminium oder Kunststoff in industriellen Rohrleitungen nur schwer zu l\u00f6sen sind.<\/p>\n<p>Einf\u00fchrung und Anwendung der hei\u00dfisostatischen Presstechnologie<br \/>\nHei\u00dfisostatisches Pressen (HIP) ist ein spezielles W\u00e4rmebehandlungsverfahren f\u00fcr metallische oder keramische Werkstoffe und ein wichtiges Mittel zur Herstellung von Hochleistungswerkstoffen. Durch die kombinierte Einwirkung von hoher Temperatur und hohem Druck verdichtet dieser Prozess die innere Struktur des Materials. Alle Poren und Defekte verschwinden und bilden ein gleichm\u00e4\u00dfiges, dichtes Ganzes. Dadurch werden Verschlei\u00dffestigkeit, Korrosionsbest\u00e4ndigkeit und mechanische Eigenschaften des Materials deutlich verbessert. Die Hei\u00dfisostatische Presstechnologie kann zur pulvermetallurgischen Formgebung oder Verdichtung von Formgussteilen (z. B. von losen Schrumpfgussteilen wie Titanlegierungen, Hochtemperaturlegierungen, Aluminiumlegierungen usw.) eingesetzt werden.<\/p>\n<p>Die hei\u00dfisostatische Pressvorrichtung besteht im Wesentlichen aus einem wassergek\u00fchlten Druckbeh\u00e4lter, einem Heizofen und zus\u00e4tzlichen Einrichtungen wie Steuerung, Sicherheit und Handhabung. Der Vorgang umfasst das Einf\u00fcllen von Pulver oder Pulverpressling in die Verpackung, das Vakuumieren nach dem Entfernen des Gases, das Einf\u00fcllen in einen Druckbeh\u00e4lter, das Einpumpen von Inertgas auf einen bestimmten Druck und das anschlie\u00dfende Erhitzen auf die erforderliche Temperatur, um die Formung und das Sintern abzuschlie\u00dfen. Die hei\u00dfisostatische Presstechnologie wird h\u00e4ufig in der Schifffahrt, der Luftfahrt, der Raumfahrt, der Automobilindustrie und anderen Bereichen eingesetzt, da sie die Vorteile von Hei\u00dfpressen und isostatischem Pressen vereint, niedrige Formtemperaturen, dichte Produkte und hervorragende Leistung bietet.<\/p>\n<p>Im Produktionsprozess von hei\u00dfisostatisch gepressten Titan-Kugelh\u00e4hnen kann die hei\u00dfisostatische Presstechnologie eingesetzt werden, um die Dichte und die mechanischen Eigenschaften von Titanwerkstoffen zu verbessern und so die Gesamtqualit\u00e4t und Zuverl\u00e4ssigkeit des Ventils zu steigern. Durch die hei\u00dfisostatische Pressbehandlung werden die Verschlei\u00dffestigkeit, Korrosionsbest\u00e4ndigkeit und Lebensdauer von Titan-Kugelh\u00e4hnen deutlich verbessert, was sie unter verschiedenen rauen Betriebsbedingungen langlebiger macht.<\/p>\n<p>Materialeigenschaften und chemische Elementgehalte von Titanwerkstoffen<br \/>\nTitan ist ein Metall mit hervorragenden Eigenschaften. Es ist leicht, hart, korrosionsbest\u00e4ndig und weist eine gute Biokompatibilit\u00e4t auf. Die Dichte von Titan betr\u00e4gt etwa 4,5 g\/cm\u00b3 und damit nur 57 % der Dichte von Stahl. Seine spezifische Festigkeit (Verh\u00e4ltnis von Festigkeit zu Dichte) ist jedoch sehr hoch und etwa doppelt so hoch wie die von gew\u00f6hnlichem Stahl und etwa sechsmal so hoch wie die von Aluminium. Titan weist eine ausgezeichnete Korrosionsbest\u00e4ndigkeit auf und bleibt in Meerwasser 20 bis 50 Jahre korrosionsfrei. Selbst der Erosion durch K\u00f6nigswasser ist Titan best\u00e4ndig.<\/p>\n<p>Unter den Titanwerkstoffen weist industriell reines Titan wie TA1 einen Titangehalt von \u00fcber 99,5 % TP3T auf und enth\u00e4lt nur sehr wenige Verunreinigungen, beispielsweise Spurenelemente wie Eisen, Wasserstoff, Stickstoff und Kohlenstoff. Diese Verunreinigungen wirken sich geringf\u00fcgig auf die Leistungsf\u00e4higkeit von Titanwerkstoffen aus. Beispielsweise weist industriell reines Titan wie TA2 und TA3 im Vergleich zu TA1 eine h\u00f6here Festigkeit und H\u00e4rte auf. Titanlegierungen wie TC4 (Ti-6Al-4V) weisen eine h\u00f6here Festigkeit und bessere Temperaturbest\u00e4ndigkeit auf und werden h\u00e4ufig in der Luft- und Raumfahrt, der Medizin und anderen Bereichen eingesetzt.<\/p>\n<p>Zusammenfassend l\u00e4sst sich sagen, dass Titan-Kugelh\u00e4hne mit hei\u00dfisostatischer Presstechnologie aufgrund ihrer hervorragenden Korrosionsbest\u00e4ndigkeit, hohen Festigkeit und geringen Dichte in vielen Bereichen weit verbreitet sind. Als wichtiges Mittel zur Herstellung von Hochleistungswerkstoffen verbessert die hei\u00dfisostatische Presstechnologie die Qualit\u00e4t und Zuverl\u00e4ssigkeit von Titan-Kugelh\u00e4hnen weiter, indem sie die Dichte und die mechanischen Eigenschaften von Titanwerkstoffen verbessert. Die Materialeigenschaften und der chemische Elementgehalt von Titan bilden eine solide Materialbasis f\u00fcr den Einsatz unter verschiedenen rauen Arbeitsbedingungen.<\/p>\n<p>Hei\u00dfisostatische Presstechnologie Titan-Kugelhahn Druckkaliber Anwendungstabelle<\/p>\n<p>Wir k\u00f6nnen Kugelh\u00e4hne, Schieber, Absperrventile, R\u00fcckschlagventile usw. aus TA2-Titanlegierung herstellen.<\/p>\n<table border=\"1\" width=\"100%\" cellspacing=\"0\" cellpadding=\"0\">\n<tbody>\n<tr>\n<td rowspan=\"3\" align=\"middle\" bgcolor=\"#8c9e9c\">Nenndruck bzw. Druckniveau<\/td>\n<td colspan=\"13\" align=\"middle\" bgcolor=\"#8c9e9c\">DN\/NPS (mm\/Zoll)<\/td>\n<\/tr>\n<tr>\n<td align=\"middle\" bgcolor=\"#8c9e9c\">15<\/td>\n<td align=\"middle\" bgcolor=\"#8c9e9c\">20<\/td>\n<td align=\"middle\" bgcolor=\"#8c9e9c\">25<\/td>\n<td align=\"middle\" bgcolor=\"#8c9e9c\">32<\/td>\n<td align=\"middle\" bgcolor=\"#8c9e9c\">40<\/td>\n<td align=\"middle\" bgcolor=\"#8c9e9c\">50<\/td>\n<td align=\"middle\" bgcolor=\"#8c9e9c\">65<\/td>\n<td align=\"middle\" bgcolor=\"#8c9e9c\">80<\/td>\n<td align=\"middle\" bgcolor=\"#8c9e9c\">100<\/td>\n<td align=\"middle\" bgcolor=\"#8c9e9c\">125<\/td>\n<td align=\"middle\" bgcolor=\"#8c9e9c\">150<\/td>\n<td align=\"middle\" bgcolor=\"#8c9e9c\">200<\/td>\n<td align=\"middle\" bgcolor=\"#8c9e9c\">250<\/td>\n<\/tr>\n<tr>\n<td align=\"middle\" bgcolor=\"#8c9e9c\">1\/2<\/td>\n<td align=\"middle\" bgcolor=\"#8c9e9c\">3\/4<\/td>\n<td align=\"middle\" bgcolor=\"#8c9e9c\">1<\/td>\n<td align=\"middle\" bgcolor=\"#8c9e9c\">11\/4<\/td>\n<td align=\"middle\" bgcolor=\"#8c9e9c\">11\/2<\/td>\n<td align=\"middle\" bgcolor=\"#8c9e9c\">2<\/td>\n<td align=\"middle\" bgcolor=\"#8c9e9c\">21\/2<\/td>\n<td align=\"middle\" bgcolor=\"#8c9e9c\">3<\/td>\n<td align=\"middle\" bgcolor=\"#8c9e9c\">4<\/td>\n<td align=\"middle\" bgcolor=\"#8c9e9c\">5<\/td>\n<td align=\"middle\" bgcolor=\"#8c9e9c\">6<\/td>\n<td align=\"middle\" bgcolor=\"#8c9e9c\">8<\/td>\n<td align=\"middle\" bgcolor=\"#8c9e9c\">10<\/td>\n<\/tr>\n<tr>\n<td align=\"middle\" valign=\"top\">PN16<\/td>\n<td align=\"middle\">\u221a<\/td>\n<td align=\"middle\" valign=\"top\">\u221a<\/td>\n<td align=\"middle\">\u221a<\/td>\n<td align=\"middle\" valign=\"top\">\u221a<\/td>\n<td align=\"middle\">\u221a<\/td>\n<td align=\"middle\" valign=\"top\">\u221a<\/td>\n<td align=\"middle\">\u221a<\/td>\n<td align=\"middle\" valign=\"top\">\u221a<\/td>\n<td align=\"middle\">\u221a<\/td>\n<td align=\"middle\" valign=\"top\">\u221a<\/td>\n<td align=\"middle\">\u221a<\/td>\n<td align=\"middle\" valign=\"top\">\u221a<\/td>\n<td align=\"middle\" valign=\"top\"><\/td>\n<\/tr>\n<tr>\n<td align=\"middle\" valign=\"top\">PN25<\/td>\n<td align=\"middle\">\u221a<\/td>\n<td align=\"middle\">\u221a<\/td>\n<td align=\"middle\" valign=\"top\">\u221a<\/td>\n<td align=\"middle\">\u221a<\/td>\n<td align=\"middle\" valign=\"top\">\u221a<\/td>\n<td align=\"middle\">\u221a<\/td>\n<td align=\"middle\" valign=\"top\">\u221a<\/td>\n<td align=\"middle\">\u221a<\/td>\n<td align=\"middle\" valign=\"top\">\u221a<\/td>\n<td align=\"middle\">\u221a<\/td>\n<td align=\"middle\" valign=\"top\">\u221a<\/td>\n<td align=\"middle\">\u221a<\/td>\n<td align=\"middle\" valign=\"top\"><\/td>\n<\/tr>\n<tr>\n<td align=\"middle\" valign=\"top\">PN40<\/td>\n<td align=\"middle\">\u221a<\/td>\n<td align=\"middle\">\u221a<\/td>\n<td align=\"middle\" valign=\"top\">\u221a<\/td>\n<td align=\"middle\">\u221a<\/td>\n<td align=\"middle\" valign=\"top\">\u221a<\/td>\n<td align=\"middle\">\u221a<\/td>\n<td align=\"middle\" valign=\"top\">\u221a<\/td>\n<td align=\"middle\">\u221a<\/td>\n<td align=\"middle\" valign=\"top\">\u221a<\/td>\n<td align=\"middle\">\u221a<\/td>\n<td align=\"middle\" valign=\"top\">\u221a<\/td>\n<td align=\"middle\">\u221a<\/td>\n<td align=\"middle\" valign=\"top\"><\/td>\n<\/tr>\n<tr>\n<td align=\"middle\" valign=\"top\">PN63<\/td>\n<td align=\"middle\">\u221a<\/td>\n<td align=\"middle\">\u221a<\/td>\n<td align=\"middle\" valign=\"top\">\u221a<\/td>\n<td align=\"middle\">\u221a<\/td>\n<td align=\"middle\" valign=\"top\">\u221a<\/td>\n<td align=\"middle\">\u221a<\/td>\n<td align=\"middle\" valign=\"top\">\u221a<\/td>\n<td align=\"middle\">\u221a<\/td>\n<td align=\"middle\" valign=\"top\">\u221a<\/td>\n<td align=\"middle\"><\/td>\n<td align=\"middle\" valign=\"top\"><\/td>\n<td align=\"middle\"><\/td>\n<td align=\"middle\" valign=\"top\"><\/td>\n<\/tr>\n<tr>\n<td align=\"middle\" valign=\"top\">PN100<\/td>\n<td align=\"middle\">\u221a<\/td>\n<td align=\"middle\" valign=\"top\">\u221a<\/td>\n<td align=\"middle\">\u221a<\/td>\n<td align=\"middle\" valign=\"top\">\u221a<\/td>\n<td align=\"middle\">\u221a<\/td>\n<td align=\"middle\" valign=\"top\">\u221a<\/td>\n<td align=\"middle\">\u221a<\/td>\n<td align=\"middle\" valign=\"top\">\u221a<\/td>\n<td align=\"middle\">\u221a<\/td>\n<td align=\"middle\" valign=\"top\"><\/td>\n<td align=\"middle\"><\/td>\n<td align=\"middle\" valign=\"top\"><\/td>\n<td align=\"middle\" valign=\"top\"><\/td>\n<\/tr>\n<tr>\n<td align=\"middle\" valign=\"top\">PN160<\/td>\n<td align=\"middle\">\u221a<\/td>\n<td align=\"middle\" valign=\"top\">\u221a<\/td>\n<td align=\"middle\">\u221a<\/td>\n<td align=\"middle\" valign=\"top\">\u221a<\/td>\n<td align=\"middle\">\u221a<\/td>\n<td align=\"middle\" valign=\"top\">\u221a<\/td>\n<td align=\"middle\">\u221a<\/td>\n<td align=\"middle\" valign=\"top\">\u221a<\/td>\n<td align=\"middle\">\u221a<\/td>\n<td align=\"middle\"><\/td>\n<td align=\"middle\" valign=\"top\"><\/td>\n<td align=\"middle\"><\/td>\n<td align=\"middle\"><\/td>\n<\/tr>\n<tr>\n<td align=\"middle\" valign=\"top\">Klasse 150 (PN20)<\/td>\n<td align=\"middle\">\u221a<\/td>\n<td align=\"middle\">\u221a<\/td>\n<td align=\"middle\">\u221a<\/td>\n<td align=\"middle\">\u221a<\/td>\n<td align=\"middle\">\u221a<\/td>\n<td align=\"middle\">\u221a<\/td>\n<td align=\"middle\">\u221a<\/td>\n<td align=\"middle\">\u221a<\/td>\n<td align=\"middle\">\u221a<\/td>\n<td align=\"middle\">\u221a<\/td>\n<td align=\"middle\">\u221a<\/td>\n<td align=\"middle\">\u221a<\/td>\n<td align=\"middle\">\u221a<\/td>\n<\/tr>\n<tr>\n<td align=\"middle\" valign=\"top\">Klasse 300 (PN50)<\/td>\n<td align=\"middle\">\u221a<\/td>\n<td align=\"middle\">\u221a<\/td>\n<td align=\"middle\">\u221a<\/td>\n<td align=\"middle\">\u221a<\/td>\n<td align=\"middle\">\u221a<\/td>\n<td align=\"middle\">\u221a<\/td>\n<td align=\"middle\">\u221a<\/td>\n<td align=\"middle\">\u221a<\/td>\n<td align=\"middle\">\u221a<\/td>\n<td align=\"middle\">\u221a<\/td>\n<td align=\"middle\">\u221a<\/td>\n<td align=\"middle\">\u221a<\/td>\n<td align=\"middle\"><\/td>\n<\/tr>\n<tr>\n<td align=\"middle\" valign=\"top\">Klasse 600 (PN110)<\/td>\n<td align=\"middle\">\u221a<\/td>\n<td align=\"middle\">\u221a<\/td>\n<td align=\"middle\">\u221a<\/td>\n<td align=\"middle\">\u221a<\/td>\n<td align=\"middle\">\u221a<\/td>\n<td align=\"middle\">\u221a<\/td>\n<td align=\"middle\">\u221a<\/td>\n<td align=\"middle\">\u221a<\/td>\n<td align=\"middle\">\u221a<\/td>\n<td align=\"middle\"><\/td>\n<td align=\"middle\"><\/td>\n<td align=\"middle\"><\/td>\n<td align=\"middle\"><\/td>\n<\/tr>\n<tr>\n<td align=\"middle\" valign=\"top\">Klasse 900 (PN150)<\/td>\n<td align=\"middle\">\u221a<\/td>\n<td align=\"middle\">\u221a<\/td>\n<td align=\"middle\">\u221a<\/td>\n<td align=\"middle\">\u221a<\/td>\n<td align=\"middle\">\u221a<\/td>\n<td align=\"middle\">\u221a<\/td>\n<td align=\"middle\"><\/td>\n<td align=\"middle\"><\/td>\n<td align=\"middle\"><\/td>\n<td align=\"middle\"><\/td>\n<td align=\"middle\"><\/td>\n<td align=\"middle\"><\/td>\n<td align=\"middle\"><\/td>\n<\/tr>\n<tr>\n<td align=\"middle\" valign=\"top\">Klasse 1500\/PN260<\/td>\n<td align=\"middle\">\u221a<\/td>\n<td align=\"middle\">\u221a<\/td>\n<td align=\"middle\">\u221a<\/td>\n<td align=\"middle\">\u221a<\/td>\n<td align=\"middle\">\u221a<\/td>\n<td align=\"middle\">\u221a<\/td>\n<td align=\"middle\"><\/td>\n<td align=\"middle\"><\/td>\n<td align=\"middle\"><\/td>\n<td align=\"middle\"><\/td>\n<td align=\"middle\"><\/td>\n<td align=\"middle\"><\/td>\n<td align=\"middle\"><\/td>\n<\/tr>\n<tr>\n<td align=\"middle\" valign=\"top\">JIS 10K<\/td>\n<td align=\"middle\">\u221a<\/td>\n<td align=\"middle\">\u221a<\/td>\n<td align=\"middle\">\u221a<\/td>\n<td align=\"middle\">\u221a<\/td>\n<td align=\"middle\">\u221a<\/td>\n<td align=\"middle\">\u221a<\/td>\n<td align=\"middle\">\u221a<\/td>\n<td align=\"middle\">\u221a<\/td>\n<td align=\"middle\">\u221a<\/td>\n<td align=\"middle\">\u221a<\/td>\n<td align=\"middle\">\u221a<\/td>\n<td align=\"middle\">\u221a<\/td>\n<td align=\"middle\">\u221a<\/td>\n<\/tr>\n<tr>\n<td align=\"middle\" valign=\"top\">JIS 20K<\/td>\n<td align=\"middle\">\u221a<\/td>\n<td align=\"middle\">\u221a<\/td>\n<td align=\"middle\">\u221a<\/td>\n<td align=\"middle\">\u221a<\/td>\n<td align=\"middle\">\u221a<\/td>\n<td align=\"middle\">\u221a<\/td>\n<td align=\"middle\">\u221a<\/td>\n<td align=\"middle\">\u221a<\/td>\n<td align=\"middle\">\u221a<\/td>\n<td align=\"middle\">\u221a<\/td>\n<td align=\"middle\">\u221a<\/td>\n<td align=\"middle\">\u221a<\/td>\n<td align=\"middle\"><\/td>\n<\/tr>\n<\/tbody>\n<\/table>\n<p>Chinesischer Hersteller von Titan-Kugelh\u00e4hnen, OUdian liefert schwimmende Titan-Kugelh\u00e4hne, schwimmende TA2-Kugelh\u00e4hne, DN25-Titan-Kugelh\u00e4hne, schwimmende PN16-Titan-Kugelh\u00e4hne.<\/p>","protected":false},"excerpt":{"rendered":"<p>Designstandard: API 6D<br \/>\nFeuersicher: API 607\/6FA<br \/>\nDruck-Temperatur-Bewertungen: ASME B16.34<br \/>\nGr\u00f6\u00dfenbereich: 2&quot; bis 48&quot;<br \/>\nDruckbereich: Klasse 150 bis 2500<br \/>\nEndanschl\u00fcsse: RF-Flansch, RTJ, Stumpfschwei\u00dfung<br \/>\nKugeltyp: Geschmiedete Vollkugel, zapfenmontiert<br \/>\nAbmessungen des Flanschendes: ASME B16.5 (\u226424 Zoll), ASME B16.47 Serie A oder B (&gt;24 Zoll)<br \/>\nAbmessungen des Stumpfschwei\u00dfendes: ASME B16.25 von Angesicht zu Angesicht<br \/>\nBauabmessungen: ASME B16.10<br \/>\nInspektion und Tests: API 6D<br \/>\nGeh\u00e4usematerialien: ZTA1, ZTA2, ZTA3, ZTA9, ZTA10, ZTC4 TA1, TA2, TA3, TA9, TA10, TC4 Titan Gr2, Gr3, Gr5, Gr6, Gr7, Gr12 Titan GrC2, GrC3, GrC5, GrC6, Ti-Pd7B, GrC12 Titan GrF2, Gr3F, GrF5, GrF6, GrF7, GrF12<br \/>\nSitzmaterialien: PTFE, RPTFE, DEVLON, NYLON, PEEK, Vollmetall mit Hartbeschichtung.<\/p>\n<p>&nbsp;<\/p>\n<p>Produktmerkmale<\/p>\n<p>.Der Str\u00f6mungswiderstand ist gering;<br \/>\n2.Kolbensitz, Brandschutz-antistatische Strukturkonstruktion;<br \/>\n3. Keine Einschr\u00e4nkung der Flie\u00dfrichtung des Mediums;<br \/>\n4. Wenn sich das Ventil in der vollst\u00e4ndig ge\u00f6ffneten Position befindet, liegen die Sitzoberfl\u00e4chen au\u00dferhalb des Str\u00f6mungsstroms und stehen immer in vollem Kontakt mit dem Schieber, der die Sitzoberfl\u00e4chen sch\u00fctzen kann, und sind f\u00fcr Molchleitungen geeignet.<br \/>\n5. Federbelastete Verpackung kann gew\u00e4hlt werden;<br \/>\n6. Eine emissionsarme Verpackung kann gem\u00e4\u00df den Anforderungen der ISO 15848 ausgew\u00e4hlt werden.<br \/>\n7.Stem-erweitertes Design kann gew\u00e4hlt werden;<br \/>\n8. Metall-zu-Metall-Sitzdesign kann gew\u00e4hlt werden;<br \/>\n9.DBB, DIB-1, DIB-2 Design kann gew\u00e4hlt werden;<br \/>\n10.Die Kugel ist mit einer St\u00fctzplatte und einer festen Welle befestigt;<\/p>","protected":false},"featured_media":18377,"template":"","meta":{"advanced_seo_description":"","jetpack_seo_html_title":"","jetpack_seo_noindex":false},"product_brand":[],"product_cat":[83],"product_tag":[378,384,379,382,383],"class_list":{"0":"post-18376","1":"product","2":"type-product","3":"status-publish","4":"has-post-thumbnail","6":"product_cat-ball-valves","7":"product_tag-china-titanium-ball-valve-manufacturer","8":"product_tag-dn25-titanium-ball-valve","9":"product_tag-oudian-supplies-titanium-floating-ball-valve","10":"product_tag-pn16-titanium-floating-ball-valve","11":"product_tag-ta2-floating-ball-valve","13":"first","14":"instock","15":"shipping-taxable","16":"product-type-simple"},"jetpack_sharing_enabled":true,"_links":{"self":[{"href":"https:\/\/oudianvalve.com\/de\/wp-json\/wp\/v2\/product\/18376","targetHints":{"allow":["GET"]}}],"collection":[{"href":"https:\/\/oudianvalve.com\/de\/wp-json\/wp\/v2\/product"}],"about":[{"href":"https:\/\/oudianvalve.com\/de\/wp-json\/wp\/v2\/types\/product"}],"wp:featuredmedia":[{"embeddable":true,"href":"https:\/\/oudianvalve.com\/de\/wp-json\/wp\/v2\/media\/18377"}],"wp:attachment":[{"href":"https:\/\/oudianvalve.com\/de\/wp-json\/wp\/v2\/media?parent=18376"}],"wp:term":[{"taxonomy":"product_brand","embeddable":true,"href":"https:\/\/oudianvalve.com\/de\/wp-json\/wp\/v2\/product_brand?post=18376"},{"taxonomy":"product_cat","embeddable":true,"href":"https:\/\/oudianvalve.com\/de\/wp-json\/wp\/v2\/product_cat?post=18376"},{"taxonomy":"product_tag","embeddable":true,"href":"https:\/\/oudianvalve.com\/de\/wp-json\/wp\/v2\/product_tag?post=18376"}],"curies":[{"name":"wp","href":"https:\/\/api.w.org\/{rel}","templated":true}]}}