{"id":18374,"date":"2025-06-14T00:42:54","date_gmt":"2025-06-14T00:42:54","guid":{"rendered":"https:\/\/oudianvalve.com\/?post_type=product&#038;p=18374"},"modified":"2025-06-14T00:54:46","modified_gmt":"2025-06-14T00:54:46","slug":"ta10-ball-valve-pn16-dn20-rf-end","status":"publish","type":"product","link":"https:\/\/oudianvalve.com\/de\/products\/ball-valves\/ta10-ball-valve-pn16-dn20-rf-end\/","title":{"rendered":"TA10 Kugelhahn, PN16, DN20, RF-Ende"},"content":{"rendered":"<p>Ventilbeschreibung:<br \/>\nVentiltyp: Schwimmendes Kugelventil<br \/>\nGeh\u00e4usematerial: Titan TA10.<br \/>\nNenndurchmesser: DN20<br \/>\nDruckstufe: PN16<br \/>\nEndanschluss: RF-Flansch<br \/>\nBetriebstemperatur: -29 \u00b0C bis +200 \u00b0C.<br \/>\nBedienung: Hebel.<\/p>\n<p>Der geschmiedete Stahlkugelhahn TA10 ist ein Kugelhahn mit durchgehendem Durchgang. Das Ventil wird durch Drehen des Ventilschafts um 90 Grad ge\u00f6ffnet oder geschlossen. Je nach Anwendungsdruck unterscheidet man Niederdruck- und Hochdruckkugelh\u00e4hne. Dieser Kugelhahntyp ist klein, leicht, einfach aufgebaut und dichtet zuverl\u00e4ssig ab. Das Medium flie\u00dft gem\u00e4\u00df dem auf dem Ventilk\u00f6rper markierten Pfeil in eine Richtung. Die Teile sind austauschbar, die sp\u00e4tere Wartung ist bequem und einfach, und die Wartungskosten sind gering.<br \/>\nIm Vergleich zum Gusskugelhahn,<\/p>\n<p>Der TA10-Kugelhahn aus geschmiedetem Stahl ist vergleichsweise kompakt und weist keine Probleme wie Sandl\u00f6cher, Blasen oder Lockerheit auf. Aufgrund der Einfl\u00fcsse des Schmiedeprozesses wird das Ventil \u00fcblicherweise nicht in einem Durchgang geformt, sondern muss separat modular geschmiedet und anschlie\u00dfend durch Schrauben, Muttern oder Schwei\u00dfen miteinander verbunden werden. Daher unterliegt das Produktionskaliber bestimmten Einschr\u00e4nkungen. Der Ventilsitzdurchmesser des geschmiedeten Ventils ist relativ fest. Bei einigen Ventilgr\u00f6\u00dfen ist sein Durchmesser relativ klein, was sich auf die Durchflussrate auswirkt. Wenn ein gro\u00dfes Ventil geschmiedet werden muss, wird aufgrund der Einschr\u00e4nkungen des Schmiedeprozesses f\u00fcr gro\u00dfe Ventile \u00fcblicherweise eine Struktur aus dem mittleren Guss des Ventilk\u00f6rpers und dem Schmieden an beiden Enden \u00fcbernommen. Daher kann es, unabh\u00e4ngig davon, ob es sich um ein Guss- oder Schmiedeteil handelt, entsprechende M\u00e4ngel im Verarbeitungsprozess geben, die technisch behoben werden m\u00fcssen.<\/p>\n<p>Der TA10-Kugelhahn aus geschmiedetem Stahl wird durch Schmieden der TA10-Titanlegierung hergestellt. TA10 ist eine korrosionsbest\u00e4ndige Titanlegierung. Es handelt sich um eine Nah-\u03b1-Legierung, die entwickelt wurde, um die Spaltkorrosionsbest\u00e4ndigkeit von reinem Titan zu verbessern. Nickel verbessert die Spaltkorrosionsbest\u00e4ndigkeit von Titan in Salzs\u00e4urel\u00f6sung. Die Legierung enth\u00e4lt 0,3% Mo und 0,8% Ni (Ti-0,3Mo-0,8Ni). In reduzierender S\u00e4ure kann Molybd\u00e4n hinzugef\u00fcgt werden, um die Korrosionsbest\u00e4ndigkeit in reduzierenden Medien zu verbessern.<\/p>\n<p>TA10 \u2013 Materialzusammensetzung des geschmiedeten Stahlkugelhahns<\/p>\n<p>&nbsp;<\/p>\n<table style=\"height: 317px;\" border=\"2\" width=\"850\" cellspacing=\"0\" cellpadding=\"0\">\n<tbody>\n<tr>\n<td colspan=\"3\" valign=\"top\" width=\"30\" height=\"40\">Hauptzusammensetzung<\/p>\n<p>&nbsp;<\/td>\n<td colspan=\"7\" valign=\"top\" width=\"70\" height=\"40\">Verunreinigungen, nicht mehr als<\/td>\n<\/tr>\n<tr>\n<td rowspan=\"2\" valign=\"top\" width=\"10\" height=\"40\">Ti<\/td>\n<td rowspan=\"2\" valign=\"top\" width=\"10\" height=\"40\">Mo<\/td>\n<td rowspan=\"2\" valign=\"top\" width=\"10\" height=\"40\">Ni<\/td>\n<td rowspan=\"2\" valign=\"top\" width=\"10\" height=\"40\">Fe<\/td>\n<td rowspan=\"2\" valign=\"top\" width=\"10\" height=\"40\">C<\/td>\n<td rowspan=\"2\" valign=\"top\" width=\"10\" height=\"40\">N<\/td>\n<td rowspan=\"2\" valign=\"top\" width=\"10\" height=\"40\">H<\/td>\n<td rowspan=\"2\" valign=\"top\" width=\"10\" height=\"40\">O<\/td>\n<td colspan=\"2\" valign=\"top\" width=\"140\" height=\"40\">Andere Elemente<\/td>\n<\/tr>\n<tr>\n<td valign=\"top\" width=\"10\" height=\"40\">Einheit<\/td>\n<td valign=\"top\" width=\"10\" height=\"40\">Gesamt<\/td>\n<\/tr>\n<tr>\n<td valign=\"top\" width=\"10\" height=\"40\">Marge<\/td>\n<td valign=\"top\" width=\"10\" height=\"40\">0,2\uff5e0,4<\/td>\n<td valign=\"top\" width=\"10\" height=\"40\">0,6\uff5e0,9<\/td>\n<td valign=\"top\" width=\"10\" height=\"40\">0.30<\/td>\n<td valign=\"top\" width=\"10\" height=\"40\">0.08<\/td>\n<td valign=\"top\" width=\"10\" height=\"40\">0.03<\/td>\n<td valign=\"top\" width=\"10\" height=\"40\">0.015<\/td>\n<td valign=\"top\" width=\"10\" height=\"40\">0.25<\/td>\n<td valign=\"top\" width=\"10\" height=\"40\">0.10<\/td>\n<td valign=\"top\" width=\"10\" height=\"40\">0.40<\/td>\n<\/tr>\n<\/tbody>\n<\/table>\n<p>Wir k\u00f6nnen Kugelh\u00e4hne, Schieber, Absperrventile, R\u00fcckschlagventile usw. aus der Titanlegierung TA10 herstellen.<br \/>\nChinesischer Hersteller von Titan-Kugelh\u00e4hnen, OUdian liefert schwimmende Titan-Kugelh\u00e4hne, schwimmende Titan-Kugelh\u00e4hne TA10, schwimmende Titan-Kugelh\u00e4hne DN20, schwimmende Titan-Kugelh\u00e4hne PN16.<\/p>","protected":false},"excerpt":{"rendered":"<p>Designstandard: API 6D<br \/>\nFeuersicher: API 607\/6FA<br \/>\nDruck-Temperatur-Bewertungen: ASME B16.34<br \/>\nGr\u00f6\u00dfenbereich: 2&quot; bis 48&quot;<br \/>\nDruckbereich: Klasse 150 bis 2500<br \/>\nEndanschl\u00fcsse: RF-Flansch, RTJ, Stumpfschwei\u00dfung<br \/>\nKugeltyp: Geschmiedete Vollkugel, zapfenmontiert<br \/>\nAbmessungen des Flanschendes: ASME B16.5 (\u226424 Zoll), ASME B16.47 Serie A oder B (&gt;24 Zoll)<br \/>\nAbmessungen des Stumpfschwei\u00dfendes: ASME B16.25 von Angesicht zu Angesicht<br \/>\nBauabmessungen: ASME B16.10<br \/>\nInspektion und Tests: API 6D<br \/>\nGeh\u00e4usematerialien: ZTA1, ZTA2, ZTA3, ZTA9, ZTA10, ZTC4 TA1, TA2, TA3, TA9, TA10, TC4 Titan Gr2, Gr3, Gr5, Gr6, Gr7, Gr12 Titan GrC2, GrC3, GrC5, GrC6, Ti-Pd7B, GrC12 Titan GrF2, Gr3F, GrF5, GrF6, GrF7, GrF12<br \/>\nSitzmaterialien: PTFE, RPTFE, DEVLON, NYLON, PEEK, Vollmetall mit Hartbeschichtung.<\/p>\n<p>&nbsp;<\/p>\n<p>Produktmerkmale<\/p>\n<p>.Der Str\u00f6mungswiderstand ist gering;<br \/>\n2.Kolbensitz, Brandschutz-antistatische Strukturkonstruktion;<br \/>\n3. Keine Einschr\u00e4nkung der Flie\u00dfrichtung des Mediums;<br \/>\n4. Wenn sich das Ventil in der vollst\u00e4ndig ge\u00f6ffneten Position befindet, liegen die Sitzoberfl\u00e4chen au\u00dferhalb des Str\u00f6mungsstroms und stehen immer in vollem Kontakt mit dem Schieber, der die Sitzoberfl\u00e4chen sch\u00fctzen kann, und sind f\u00fcr Molchleitungen geeignet.<br \/>\n5. Federbelastete Verpackung kann gew\u00e4hlt werden;<br \/>\n6. Eine emissionsarme Verpackung kann gem\u00e4\u00df den Anforderungen der ISO 15848 ausgew\u00e4hlt werden.<br \/>\n7.Stem-erweitertes Design kann gew\u00e4hlt werden;<br \/>\n8. Metall-zu-Metall-Sitzdesign kann gew\u00e4hlt werden;<br \/>\n9.DBB, DIB-1, DIB-2 Design kann gew\u00e4hlt werden;<br \/>\n10.Die Kugel ist mit einer St\u00fctzplatte und einer festen Welle befestigt;<\/p>","protected":false},"featured_media":18375,"template":"","meta":{"advanced_seo_description":"","jetpack_seo_html_title":"","jetpack_seo_noindex":false},"product_brand":[],"product_cat":[83],"product_tag":[378,381,379,382,380,377,376],"class_list":{"0":"post-18374","1":"product","2":"type-product","3":"status-publish","4":"has-post-thumbnail","6":"product_cat-ball-valves","7":"product_tag-china-titanium-ball-valve-manufacturer","8":"product_tag-dn20-titanium-ball-valve","9":"product_tag-oudian-supplies-titanium-floating-ball-valve","10":"product_tag-pn16-titanium-floating-ball-valve","11":"product_tag-ta10-floating-ball-valve","12":"product_tag-ta10-titanium-floating-ball-valve","13":"product_tag-titanium-floating-ball-valve","15":"first","16":"instock","17":"shipping-taxable","18":"product-type-simple"},"jetpack_sharing_enabled":true,"_links":{"self":[{"href":"https:\/\/oudianvalve.com\/de\/wp-json\/wp\/v2\/product\/18374","targetHints":{"allow":["GET"]}}],"collection":[{"href":"https:\/\/oudianvalve.com\/de\/wp-json\/wp\/v2\/product"}],"about":[{"href":"https:\/\/oudianvalve.com\/de\/wp-json\/wp\/v2\/types\/product"}],"wp:featuredmedia":[{"embeddable":true,"href":"https:\/\/oudianvalve.com\/de\/wp-json\/wp\/v2\/media\/18375"}],"wp:attachment":[{"href":"https:\/\/oudianvalve.com\/de\/wp-json\/wp\/v2\/media?parent=18374"}],"wp:term":[{"taxonomy":"product_brand","embeddable":true,"href":"https:\/\/oudianvalve.com\/de\/wp-json\/wp\/v2\/product_brand?post=18374"},{"taxonomy":"product_cat","embeddable":true,"href":"https:\/\/oudianvalve.com\/de\/wp-json\/wp\/v2\/product_cat?post=18374"},{"taxonomy":"product_tag","embeddable":true,"href":"https:\/\/oudianvalve.com\/de\/wp-json\/wp\/v2\/product_tag?post=18374"}],"curies":[{"name":"wp","href":"https:\/\/api.w.org\/{rel}","templated":true}]}}