{"id":18371,"date":"2025-06-01T14:39:06","date_gmt":"2025-06-01T14:39:06","guid":{"rendered":"https:\/\/oudianvalve.com\/?post_type=product&#038;p=18371"},"modified":"2025-06-01T14:39:07","modified_gmt":"2025-06-01T14:39:07","slug":"perfluoroether-o-ring-ball-valve-300lb-3-inch-cf8-rf-end","status":"publish","type":"product","link":"https:\/\/oudianvalve.com\/de\/products\/ball-valves\/perfluoroether-o-ring-ball-valve-300lb-3-inch-cf8-rf-end\/","title":{"rendered":"Perfluorether-O-Ring-Kugelhahn, 300 lb, 3 Zoll, CF8, RF-Ende"},"content":{"rendered":"<p>1. Einf\u00fchrung in den Perfluorether-O-Ring-Kugelhahn<br \/>\nVentile sind Schl\u00fcsselkomponenten der industriellen Fl\u00fcssigkeitssteuerung, deren Leistung direkt mit der Sicherheit, Zuverl\u00e4ssigkeit und Effizienz des Systems zusammenh\u00e4ngt. Mit der kontinuierlichen Weiterentwicklung der Industrietechnologie steigen die Anforderungen an die Anpassungsf\u00e4higkeit von Ventilen unter extremen Betriebsbedingungen. Als innovatives Produkt, das leistungsstarke Dichtungsmaterialien mit fortschrittlichen Kugelhahnstrukturen kombiniert, entwickeln sich Perfluorether-O-Ring-Kugelh\u00e4hne zunehmend zur besten L\u00f6sung f\u00fcr die Fl\u00fcssigkeitssteuerung in anspruchsvollen Branchen wie der Chemie-, Erd\u00f6l- und Luft- und Raumfahrtindustrie. Dieser Artikel analysiert umfassend die Hauptvorteile von Perfluorether-O-Ring-Kugelh\u00e4hnen hinsichtlich ihrer Strukturmerkmale, Materialeigenschaften und Anwendungsgebiete.<\/p>\n<p>2. Strukturelle Eigenschaften und Funktionsdesign von Perfluorether-O-Ring-Kugelh\u00e4hnen<br \/>\n(I) Der wesentliche Unterschied zwischen schwimmenden und festen B\u00e4llen<br \/>\nPerfluorether-O-Ring-Kugelh\u00e4hne lassen sich je nach Kugelbefestigungsmethode in zwei Typen unterteilen: schwimmende Kugeln und feste Kugeln. Die strukturellen Unterschiede bestimmen direkt die anwendbaren Szenarien:<\/p>\n<p>Schwimmender Kugelhahn<br \/>\nDie Kugel ist nur \u00fcber den unteren Ventilschaft mit dem Ventilk\u00f6rper verbunden, und der obere Ventilschaft \u00fcbertr\u00e4gt nur Drehmoment ohne feste Einschr\u00e4nkungen.<br \/>\nBeim Betrieb dr\u00fcckt der Mediumdruck die Kugel zum Auslassende, um eine dynamische Abdichtung mit dem Ventilsitz zu bilden.<br \/>\nVorteile: einfache Struktur, niedrige Kosten, geeignet f\u00fcr Niederdruck und Arbeitsbedingungen mit sauberen Medien.<br \/>\nEinschr\u00e4nkungen: Unter hohem Druck verst\u00e4rkt sich die Reibung zwischen Kugel und Ventilsitz, was leicht zum Verschlei\u00df der Dichtfl\u00e4che und zu mangelnder Langzeitstabilit\u00e4t f\u00fchren kann.<br \/>\nFeststehender Kugelhahn<br \/>\nDie Kugel ist \u00fcber den oberen und unteren Ventilschaft fest mit dem Ventilk\u00f6rper verbunden und bewegt sich beim Drehen nur um die Achse.<br \/>\nDer Ventilsitz verf\u00fcgt \u00fcber eine elastische Vorspannstruktur, die den Verschlei\u00df durch den Mediendruck automatisch ausgleicht und so eine langfristige Abdichtung gew\u00e4hrleistet.<br \/>\nVorteile: Hohe Druckbelastbarkeit, stabile Dichtungsleistung, geeignet f\u00fcr Arbeitsbedingungen mit hohem Druck, hohen Temperaturen und korrosiven Medien.<br \/>\nTypische Anwendungen: \u00d6lpipelines, chemische Reaktoren, Hydrauliksysteme in der Luft- und Raumfahrt usw.<br \/>\n(II) Feuerfestes und antistatisches Design sowie Anti-Fliegen-Design des Ventilschafts<br \/>\nF\u00fcr Arbeitsbedingungen mit hohem Risiko verf\u00fcgt der O-Ring-Kugelhahn aus Perfluorether \u00fcber mehrere Sicherheitskonstruktionen:<\/p>\n<p>Feuerfeste und antistatische Funktion<br \/>\nDer Ventilk\u00f6rper und die Kugel weisen eine Metall-Metall-Kontaktkonstruktion auf und statische Elektrizit\u00e4t kann \u00fcber einen leitf\u00e4higen Pfad an die Systemerdung abgegeben werden.<br \/>\nDas Dichtungsmaterial besteht aus Perfluoretherkautschuk (FFKM), dessen hohe Temperaturbest\u00e4ndigkeit ein Versagen der Dichtung im Brandfall verhindern und Folgekatastrophen durch Medienlecks vermeiden kann.<br \/>\nAnti-Flug-Struktur des Ventilschafts<br \/>\nAn der Unterseite des Ventilschafts ist eine Begrenzungsstufe vorgesehen und an der Oberseite ist eine Anti-Rutsch-Mutter angebracht, um sicherzustellen, dass der Ventilschaft unter Hochdruckbedingungen mit der Kugel verbunden bleibt.<br \/>\nDie Oberfl\u00e4che des Ventilschafts ist hartverchromt, um die Verschlei\u00dffestigkeit und Korrosionsbest\u00e4ndigkeit zu verbessern und die Lebensdauer zu verl\u00e4ngern.<br \/>\n(III) Die zentrale Rolle von Perfluorether-O-Ringen<br \/>\nAls wichtige Dichtungskomponente des Kugelhahns bestimmt die Leistung der O-Ringe aus Perfluorether direkt die Zuverl\u00e4ssigkeit des Ventils:<\/p>\n<p>Dynamische Dichtungskompensation<br \/>\nBei schwimmenden Kugelh\u00e4hnen gleichen die O-Ringe durch elastische Verformung den Spalt zwischen Kugel und Ventilsitz aus, um die Abdichtung bei niedrigem Druck zu gew\u00e4hrleisten.<br \/>\nBei feststehenden Kugelh\u00e4hnen dienen die O-Ringe als elastische Tr\u00e4ger der Ventilsitzvorspannkraft und halten der Einwirkung von Hochdruckmedien ohne Ausfall stand.<br \/>\nMedienkompatibilit\u00e4tsgarantie<br \/>\nDie chemische Inertheit von Perfluoretherkautschuk kann der Korrosion von mehr als 1.600 Medien wie starken S\u00e4uren, starken Laugen und organischen L\u00f6sungsmitteln widerstehen und ein Aufquellen oder Aufl\u00f6sen von Dichtungsmaterialien verhindern.<br \/>\nEine hohe Temperaturbest\u00e4ndigkeit (Dauereinsatz bei 300 \u00b0C, zeitweiser Einsatz bei 327 \u00b0C) gew\u00e4hrleistet die Dichtungsstabilit\u00e4t unter Hochtemperaturbedingungen.<br \/>\nAnti-Aging und langes Leben<br \/>\nDa die Molek\u00fclkettenstruktur von Perfluoretherkautschuk keine CH-Bindung aufweist, ist er gegen\u00fcber Umwelteinfl\u00fcssen wie Ozon und UV-Strahlung wirksam best\u00e4ndig.<br \/>\nDer niedrige Druckverformungsrest (\u226450% bei 300 \u00b0C) stellt sicher, dass die Dichtungsleistung auch nach l\u00e4ngerem Gebrauch erhalten bleibt.<br \/>\nIII. Analyse von Perfluoretherkautschuk (FFKM)-Materialien<br \/>\n(I) Chemische Zusammensetzung und Molekularstruktur<br \/>\nPerfluoretherkautschuk (FFKM) ist ein Terpolymer mit Polytetrafluorethylen (PTFE) als Hauptkette und Perfluormethylvinylether (PMVE) als Seitenkette. Zu seinen molekularen Strukturmerkmalen geh\u00f6ren:<\/p>\n<p>Vollst\u00e4ndig fluoriertes Kettensegment<br \/>\nDie Hauptkette und die Seitenkette werden durch Fluoratome ersetzt, um eine dichte Fluorkohlenwasserstoff-Schutzschicht zu bilden, die dem Material eine ausgezeichnete chemische Inertheit verleiht.<br \/>\nVernetzte Netzwerkstruktur<br \/>\nDas dreidimensionale vernetzte Netzwerk wird durch Peroxidvulkanisation oder Bisphenol-Vulkanisationssystem gebildet, um die mechanische Festigkeit und thermische Stabilit\u00e4t des Materials zu verbessern.<br \/>\n(II) Physikalische und chemische Eigenschaften<br \/>\nHohe Temperaturbest\u00e4ndigkeit<br \/>\nDauergebrauchstemperatur: 260\u2013290 \u00b0C<br \/>\nKurzzeittemperaturbest\u00e4ndigkeit: 316 \u00b0C (konstante Temperatur), 343 \u00b0C (intermittierend)<br \/>\nNiedrigtemperaturverhalten: -19 \u00b0C (Glas\u00fcbergangstemperatur)<br \/>\nChemische Best\u00e4ndigkeit<br \/>\nStarke S\u00e4urebest\u00e4ndigkeit: Schwefels\u00e4ure, Salzs\u00e4ure, Salpeters\u00e4ure (Konzentration \u226498%)<br \/>\nStarke Alkalibest\u00e4ndigkeit: Natriumhydroxid, Kaliumhydroxid (Konzentration \u226450%)<br \/>\nBest\u00e4ndigkeit gegen organische L\u00f6sungsmittel: Ketone, Ester, Ether, aromatische Kohlenwasserstoffe<br \/>\nOxidationsbest\u00e4ndigkeit: Kann \u00fcber einen l\u00e4ngeren Zeitraum stark oxidierenden Umgebungen wie Ozon und Wasserstoffperoxid ausgesetzt werden<br \/>\nMechanische Eigenschaften<br \/>\nH\u00e4rte (Shore A): 60-90<br \/>\nZugfestigkeit: 10-20 MPa<br \/>\nBruchdehnung: 150-300%<br \/>\nKompressionsverformungsrate (300 \u00b0C \u00d7 70 h): \u2264 501 TP3T<br \/>\n(III) Vergleich der Korrosionsbest\u00e4ndigkeit<br \/>\nDie Korrosionsbest\u00e4ndigkeit von Perfluoretherkautschuk ist deutlich besser als die von herk\u00f6mmlichem Fluorkautschuk (FKM) und Nitrilkautschuk (NBR):<br \/>\nMediumtyp Perfluoretherkautschuk (FFKM) Fluorkautschuk (FKM) Nitrilkautschuk (NBR)<br \/>\nKonzentrierte Schwefels\u00e4ure (98%) Klasse A (keine Quellung) Klasse C (teilweise Quellung) Klasse D (vollst\u00e4ndig gel\u00f6st)<br \/>\nNatriumhydroxid (50%) Klasse A Klasse B (leichte Quellung) Klasse D<br \/>\nToluol Klasse A Klasse B Klasse D<br \/>\nWasserstoffperoxid (30%) Klasse A Klasse C Klasse D<br \/>\nIV. Industrielle Anwendung des Perfluorether-O-Ring-Kugelhahns<br \/>\n(I) Chemie- und Erd\u00f6lindustrie<br \/>\nReaktor- und R\u00fchrwerksdichtung<br \/>\nUnter Bedingungen starker S\u00e4uren, starker Basen und organischer L\u00f6sungsmittel mit hohen Temperaturen k\u00f6nnen O-Ring-Kugelh\u00e4hne aus Perfluorether einen leckagefreien Betrieb des Reaktors gew\u00e4hrleisten und eine Kreuzkontamination des Mediums vermeiden.<br \/>\nErd\u00f6lpipelines und Ventile<br \/>\nIn hochkorrosiven \u00d6lquellen, die Schwefelwasserstoff und Kohlendioxid enthalten, k\u00f6nnen feste Kugelh\u00e4hne mit O-Ringen aus Perfluorether einem Druck von 20 MPa standhalten und die Lebensdauer der Rohrleitung verl\u00e4ngern.<br \/>\n(II) Luft- und Raumfahrt<br \/>\nHydrauliksystem f\u00fcr Luft- und Raumfahrtmotoren<br \/>\nBei extremen Temperaturunterschieden von -55 \u00b0C bis 300 \u00b0C k\u00f6nnen O-Ring-Kugelh\u00e4hne aus Perfluorether die Abdichtung des Kraftstoffsystems aufrechterhalten und verhindern, dass austretendes Hydraulik\u00f6l einen Brand verursacht.<br \/>\nAntriebssystem f\u00fcr Raumfahrzeuge<br \/>\nIn Vakuum- und oxidierenden Umgebungen (wie etwa fl\u00fcssigem Sauerstoff als Treibmittel) gew\u00e4hrleisten die niedrige Temperatur- und Oxidationsbest\u00e4ndigkeit von Perfluoretherkautschuk einen langfristig zuverl\u00e4ssigen Betrieb des Ventils.<br \/>\n(III) Halbleiterindustrie<br \/>\nTransport hochreiner Medien<br \/>\nBei Prozessen wie Chip-\u00c4tzen und chemischer Gasphasenabscheidung (CVD) k\u00f6nnen O-Ring-Kugelh\u00e4hne aus Perfluorether verhindern, dass sich Metallionen absetzen und die Waferoberfl\u00e4che verunreinigen.<br \/>\nVakuumsystemabdichtung<br \/>\nMit der metallischen Dichtfl\u00e4che kann das Ventil ein Ultrahochvakuum von 1,33\u00d710\u207b\u2077 Pa erreichen und erf\u00fcllt damit die strengen Sauberkeitsanforderungen von Halbleiterger\u00e4ten.<br \/>\n(IV) Biomedizin und Lebensmittelverarbeitung<br \/>\nAseptische Abf\u00fcllanlagen<br \/>\nDie ungiftigen und nicht ausf\u00e4llenden Eigenschaften der O-Ringe aus Perfluorether entsprechen den FDA-Standards und gew\u00e4hrleisten so die Sicherheit und Konformit\u00e4t bei der Arzneimittel- und Lebensmittelproduktion.<br \/>\nHochtemperatur-Sterilisationssystem<br \/>\nUnter Dampfsterilisationsbedingungen von 121 \u00b0C kann das Kugelventil 500 Sterilisationszyklen ohne Ausfall \u00fcberstehen, wodurch der Wartungszyklus der Ausr\u00fcstung verl\u00e4ngert wird.<\/p>","protected":false},"excerpt":{"rendered":"<p>Designstandard: API 6D<br \/>\nFeuersicher: API 607\/6FA<br \/>\nDruck-Temperatur-Bewertungen: ASME B16.34<br \/>\nGr\u00f6\u00dfenbereich: 2&quot; bis 48&quot;<br \/>\nDruckbereich: Klasse 150 bis 2500<br \/>\nEndanschl\u00fcsse: RF-Flansch, RTJ, Stumpfschwei\u00dfung<br \/>\nKugeltyp: Geschmiedete Vollkugel, zapfenmontiert<br \/>\nAbmessungen des Flanschendes: ASME B16.5 (\u226424 Zoll), ASME B16.47 Serie A oder B (&gt;24 Zoll)<br \/>\nAbmessungen des Stumpfschwei\u00dfendes: ASME B16.25 von Angesicht zu Angesicht<br \/>\nBauabmessungen: ASME B16.10<br \/>\nInspektion und Tests: API 6D<br \/>\nGeh\u00e4usematerialien: WCB, CF8, CF8M CF3M, 4A,5A,6A, C95800.<br \/>\nSitzmaterialien: PTFE, RPTFE, DEVLON, NYLON, PEEK, Vollmetall mit Hartbeschichtung.<\/p>\n<p>&nbsp;<\/p>\n<p>Produktmerkmale<\/p>\n<p>.Der Str\u00f6mungswiderstand ist gering;<br \/>\n2.Kolbensitz, Brandschutz-antistatische Strukturkonstruktion;<br \/>\n3. Keine Einschr\u00e4nkung der Flie\u00dfrichtung des Mediums;<br \/>\n4. Wenn sich das Ventil in der vollst\u00e4ndig ge\u00f6ffneten Position befindet, liegen die Sitzoberfl\u00e4chen au\u00dferhalb des Str\u00f6mungsstroms und stehen immer in vollem Kontakt mit dem Schieber, der die Sitzoberfl\u00e4chen sch\u00fctzen kann, und sind f\u00fcr Molchleitungen geeignet.<br \/>\n5. Federbelastete Verpackung kann gew\u00e4hlt werden;<br \/>\n6. Eine emissionsarme Verpackung kann gem\u00e4\u00df den Anforderungen der ISO 15848 ausgew\u00e4hlt werden.<br \/>\n7.Stem-erweitertes Design kann gew\u00e4hlt werden;<br \/>\n8. Metall-zu-Metall-Sitzdesign kann gew\u00e4hlt werden;<br \/>\n9.DBB, DIB-1, DIB-2 Design kann gew\u00e4hlt werden;<br \/>\n10.Die Kugel ist mit einer St\u00fctzplatte und einer festen Welle befestigt;<\/p>","protected":false},"featured_media":18372,"template":"","meta":{"advanced_seo_description":"","jetpack_seo_html_title":"","jetpack_seo_noindex":false},"product_brand":[],"product_cat":[83],"product_tag":[373,372,374,371,375],"class_list":{"0":"post-18371","1":"product","2":"type-product","3":"status-publish","4":"has-post-thumbnail","6":"product_cat-ball-valves","7":"product_tag-3-inch-perfluoroether-o-ring-ball-valve","8":"product_tag-300lb-perfluoroether-o-ring-ball-valve","9":"product_tag-cf8-perfluoroether-o-ring-ball-valve","10":"product_tag-perfluoroether-o-ring-ball-valve","11":"product_tag-rf-end-perfluoroether-o-ring-ball-valve","13":"first","14":"instock","15":"shipping-taxable","16":"product-type-simple"},"jetpack_sharing_enabled":true,"_links":{"self":[{"href":"https:\/\/oudianvalve.com\/de\/wp-json\/wp\/v2\/product\/18371","targetHints":{"allow":["GET"]}}],"collection":[{"href":"https:\/\/oudianvalve.com\/de\/wp-json\/wp\/v2\/product"}],"about":[{"href":"https:\/\/oudianvalve.com\/de\/wp-json\/wp\/v2\/types\/product"}],"wp:featuredmedia":[{"embeddable":true,"href":"https:\/\/oudianvalve.com\/de\/wp-json\/wp\/v2\/media\/18372"}],"wp:attachment":[{"href":"https:\/\/oudianvalve.com\/de\/wp-json\/wp\/v2\/media?parent=18371"}],"wp:term":[{"taxonomy":"product_brand","embeddable":true,"href":"https:\/\/oudianvalve.com\/de\/wp-json\/wp\/v2\/product_brand?post=18371"},{"taxonomy":"product_cat","embeddable":true,"href":"https:\/\/oudianvalve.com\/de\/wp-json\/wp\/v2\/product_cat?post=18371"},{"taxonomy":"product_tag","embeddable":true,"href":"https:\/\/oudianvalve.com\/de\/wp-json\/wp\/v2\/product_tag?post=18371"}],"curies":[{"name":"wp","href":"https:\/\/api.w.org\/{rel}","templated":true}]}}