{"id":18369,"date":"2025-06-01T14:11:32","date_gmt":"2025-06-01T14:11:32","guid":{"rendered":"https:\/\/oudianvalve.com\/?post_type=product&#038;p=18369"},"modified":"2025-06-01T14:19:59","modified_gmt":"2025-06-01T14:19:59","slug":"pn63-wedge-gate-valve-dn300-gs-c25-din-3352-en-1984","status":"publish","type":"product","link":"https:\/\/oudianvalve.com\/de\/products\/gate-valves\/pn63-wedge-gate-valve-dn300-gs-c25-din-3352-en-1984\/","title":{"rendered":"PN63 Keilschieber, DN300, GS-C25, DIN 3352, EN 1984"},"content":{"rendered":"<p>Ventilbeschreibung:<br \/>\nProduktname: PN63 Keilschieber<br \/>\nAusf\u00fchrung: EN 1984, DIN 3352<br \/>\nMaterial: GS-C25.<br \/>\nNennweite: DN300<br \/>\nNenndruck: PN63.<br \/>\nAnschlussenden: RF X RF, gem\u00e4\u00df EN 1092-1\/B1.<br \/>\nFace-to-Face: EN 558-1\/Zeile 15<br \/>\nBetriebsmodell: Handrad, Getriebe, freier Schaft<br \/>\nPr\u00fcfung und Inspektion: EN 12266-1.<\/p>\n<p>Technische Parameter und Eigenschaften<br \/>\nProdukttyp: Absperrschieber.<br \/>\nGr\u00f6\u00dfenbereich: NPS 2 \u2013 60 Zoll, DN50 \u2013 DN1500.<br \/>\nAuslegungsdruck: Klasse 150 \u2013 2500 LB, PN10 \u2013 PN420.<br \/>\nDesignstandard: API 600, ASME B16.34, EN 1984, DIN 3352.<br \/>\nAuslegungstemperatur: -196 \u00b0C \u2013 573 \u00b0C.<br \/>\nWerkstoff: ASTM A216 WCB, ASTM A216 WCC, ASTM A217 WC6, ASTM A217 WC9,<br \/>\nASTM A217 C5, ASTM A217 C12A, ASTM A352 LCB, ASTM A352 LCC<br \/>\nASTM A351 CF8, ASTM A351 CF8M, ASTM A351 CF3M, ASTM A351 CF8C<br \/>\nCN3MN, CK3MCUN, CN7M, ASTM A890 4A (CD3MN), ASTM A890 5A (CE3MN),<br \/>\nASTM A890 6A (CD3MWCuN)<br \/>\nASTM B148 C95800, ASTM B148 C95500<br \/>\nAnschlussende: ASME B16.5, ASME B16.25, EN 1092-Reihe.<br \/>\nBedienung: Handrad, Getriebe, elektrisch<br \/>\nAnwendung: Elektrizit\u00e4t, Erd\u00f6lraffination, Petrochemie, Offshore-\u00d6l, Chemieingenieurwesen<br \/>\nChina PN63 Keilschieber Herstellung, China<br \/>\nLieferant von Keilschiebern PN63, Fabrikpreis f\u00fcr Keilschieber PN63 in China.<\/p>","protected":false},"excerpt":{"rendered":"<p>Oudian Valve ist ein Hersteller von PN63-Schieberventilen! Wir sind spezialisiert auf die Herstellung hochwertiger Schieberventile, wie beispielsweise des GS-C25. Dieses Schieberventil \u00fcberzeugt mit beeindruckenden Spezifikationen, darunter die Gr\u00f6\u00dfe DN300 (12 Zoll), die Druckklasse 300 LB und ein praktisches Ablassventil. Unser Schieberventil erf\u00fcllt die Normen EN 1984 und DIN 3352 und gew\u00e4hrleistet dank seines flexiblen Keildesigns Zuverl\u00e4ssigkeit. Es ist konform mit den Normen API 600 und ASME B16.34 und arbeitet reibungslos. Steuerung und Bedienung sind dank des Handradmechanismus kinderleicht. W\u00e4hlen Sie die PN63-Schieberventilfabrik f\u00fcr erstklassige Schieberl\u00f6sungen.<\/p>","protected":false},"featured_media":18370,"template":"","meta":{"advanced_seo_description":"","jetpack_seo_html_title":"","jetpack_seo_noindex":false},"product_brand":[],"product_cat":[81],"product_tag":[364,362,363,361,370,365,369],"class_list":{"0":"post-18369","1":"product","2":"type-product","3":"status-publish","4":"has-post-thumbnail","6":"product_cat-gate-valves","7":"product_tag-din-gate-valves","8":"product_tag-din3202-f5-gate-valve","9":"product_tag-din3202-f7-gate-valves","10":"product_tag-din3352-gate-valve","11":"product_tag-dn300-wedge-gate-valve","12":"product_tag-pn63-gate-valve","13":"product_tag-pn63-wedge-gate-valve","15":"first","16":"instock","17":"shipping-taxable","18":"product-type-simple"},"jetpack_sharing_enabled":true,"_links":{"self":[{"href":"https:\/\/oudianvalve.com\/de\/wp-json\/wp\/v2\/product\/18369","targetHints":{"allow":["GET"]}}],"collection":[{"href":"https:\/\/oudianvalve.com\/de\/wp-json\/wp\/v2\/product"}],"about":[{"href":"https:\/\/oudianvalve.com\/de\/wp-json\/wp\/v2\/types\/product"}],"wp:featuredmedia":[{"embeddable":true,"href":"https:\/\/oudianvalve.com\/de\/wp-json\/wp\/v2\/media\/18370"}],"wp:attachment":[{"href":"https:\/\/oudianvalve.com\/de\/wp-json\/wp\/v2\/media?parent=18369"}],"wp:term":[{"taxonomy":"product_brand","embeddable":true,"href":"https:\/\/oudianvalve.com\/de\/wp-json\/wp\/v2\/product_brand?post=18369"},{"taxonomy":"product_cat","embeddable":true,"href":"https:\/\/oudianvalve.com\/de\/wp-json\/wp\/v2\/product_cat?post=18369"},{"taxonomy":"product_tag","embeddable":true,"href":"https:\/\/oudianvalve.com\/de\/wp-json\/wp\/v2\/product_tag?post=18369"}],"curies":[{"name":"wp","href":"https:\/\/api.w.org\/{rel}","templated":true}]}}