{"id":18362,"date":"2025-06-01T13:19:30","date_gmt":"2025-06-01T13:19:30","guid":{"rendered":"https:\/\/oudianvalve.com\/?post_type=product&#038;p=18362"},"modified":"2025-06-01T13:19:31","modified_gmt":"2025-06-01T13:19:31","slug":"dn125-pn63-gate-valve-gs-c25-din-3352-en-1984","status":"publish","type":"product","link":"https:\/\/oudianvalve.com\/de\/products\/gate-valves\/dn125-pn63-gate-valve-gs-c25-din-3352-en-1984\/","title":{"rendered":"DN125 PN63 Absperrschieber, GS-C25, DIN 3352, EN 1984"},"content":{"rendered":"<p>Ventilbeschreibung:<br \/>\nProduktname: DN125 PN63 Absperrschieber<br \/>\nAusf\u00fchrung: EN 1984, DIN 3352<br \/>\nMaterial: GS-C25.<br \/>\nNennweite: DN125<br \/>\nNenndruck: PN63.<br \/>\nAnschlussenden: RF X RF, gem\u00e4\u00df EN 1092-1\/B1.<br \/>\nFace-to-Face: EN 558-1\/Zeile 15<br \/>\nBetriebsmodell: Handrad, Getriebe, freier Schaft<br \/>\nPr\u00fcfung und Inspektion: EN 12266-1.<\/p>\n<p>Technische Parameter und Eigenschaften<br \/>\nProdukttyp: Absperrschieber.<br \/>\nGr\u00f6\u00dfenbereich: NPS 2 \u2013 60 Zoll, DN50 \u2013 DN1500.<br \/>\nAuslegungsdruck: Klasse 150 \u2013 2500 LB, PN10 \u2013 PN420.<br \/>\nDesignstandard: API 600, ASME B16.34, EN 1984, DIN 3352.<br \/>\nAuslegungstemperatur: -196 \u00b0C \u2013 573 \u00b0C.<br \/>\nWerkstoff: ASTM A216 WCB, ASTM A216 WCC, ASTM A217 WC6, ASTM A217 WC9,<br \/>\nASTM A217 C5, ASTM A217 C12A, ASTM A352 LCB, ASTM A352 LCC<br \/>\nASTM A351 CF8, ASTM A351 CF8M, ASTM A351 CF3M, ASTM A351 CF8C<br \/>\nCN3MN, CK3MCUN, CN7M, ASTM A890 4A (CD3MN), ASTM A890 5A (CE3MN),<br \/>\nASTM A890 6A (CD3MWCuN)<br \/>\nASTM B148 C95800, ASTM B148 C95500<br \/>\nAnschlussende: ASME B16.5, ASME B16.25, EN 1092-Reihe.<br \/>\nBedienung: Handrad, Getriebe, elektrisch<br \/>\nAnwendung: Elektrizit\u00e4t, Erd\u00f6lraffination, Petrochemie, Offshore-\u00d6l, Chemieingenieurwesen<\/p>","protected":false},"excerpt":{"rendered":"<p>Oudian Valve ist ein zuverl\u00e4ssiger Lieferant von DN125 PN63-Schieberventilen. Wir bieten hochwertige Schieberventile nach ASTM A216 WCB, DIN 3352 und EN 1984. Unsere Ventile sind in verschiedenen Ausf\u00fchrungen erh\u00e4ltlich, darunter 32 Zoll, Klasse 300 LB, RF, 2 \u2013 60 Zoll, DN50 \u2013 DN1500 und 150 \u2013 2500 LB, PN10 \u2013 PN420. Kontaktieren Sie uns f\u00fcr alle Ihre Ventilanforderungen.<\/p>","protected":false},"featured_media":18363,"template":"","meta":{"advanced_seo_description":"","jetpack_seo_html_title":"","jetpack_seo_noindex":false},"product_brand":[],"product_cat":[81],"product_tag":[364,362,363,361,366,365],"class_list":{"0":"post-18362","1":"product","2":"type-product","3":"status-publish","4":"has-post-thumbnail","6":"product_cat-gate-valves","7":"product_tag-din-gate-valves","8":"product_tag-din3202-f5-gate-valve","9":"product_tag-din3202-f7-gate-valves","10":"product_tag-din3352-gate-valve","11":"product_tag-dn125-gate-valve","12":"product_tag-pn63-gate-valve","14":"first","15":"instock","16":"shipping-taxable","17":"product-type-simple"},"jetpack_sharing_enabled":true,"_links":{"self":[{"href":"https:\/\/oudianvalve.com\/de\/wp-json\/wp\/v2\/product\/18362","targetHints":{"allow":["GET"]}}],"collection":[{"href":"https:\/\/oudianvalve.com\/de\/wp-json\/wp\/v2\/product"}],"about":[{"href":"https:\/\/oudianvalve.com\/de\/wp-json\/wp\/v2\/types\/product"}],"wp:featuredmedia":[{"embeddable":true,"href":"https:\/\/oudianvalve.com\/de\/wp-json\/wp\/v2\/media\/18363"}],"wp:attachment":[{"href":"https:\/\/oudianvalve.com\/de\/wp-json\/wp\/v2\/media?parent=18362"}],"wp:term":[{"taxonomy":"product_brand","embeddable":true,"href":"https:\/\/oudianvalve.com\/de\/wp-json\/wp\/v2\/product_brand?post=18362"},{"taxonomy":"product_cat","embeddable":true,"href":"https:\/\/oudianvalve.com\/de\/wp-json\/wp\/v2\/product_cat?post=18362"},{"taxonomy":"product_tag","embeddable":true,"href":"https:\/\/oudianvalve.com\/de\/wp-json\/wp\/v2\/product_tag?post=18362"}],"curies":[{"name":"wp","href":"https:\/\/api.w.org\/{rel}","templated":true}]}}