{"id":18346,"date":"2024-05-13T04:20:45","date_gmt":"2024-05-13T04:20:45","guid":{"rendered":"https:\/\/oudianvalve.com\/?post_type=product&#038;p=18346"},"modified":"2024-05-13T04:20:45","modified_gmt":"2024-05-13T04:20:45","slug":"hastelloy-c276-globe-valve-150lb-2-inch-rf-end","status":"publish","type":"product","link":"https:\/\/oudianvalve.com\/de\/products\/globe-valves\/hastelloy-c276-globe-valve-150lb-2-inch-rf-end\/","title":{"rendered":"Hastelloy C276 Absperrventil, 150 lb, 2 Zoll, RF-Ende"},"content":{"rendered":"<p>Designstandard: ASME B16.34<br \/>\nDruck-Temperatur-Bewertungen: ASME B16.34<br \/>\nGr\u00f6\u00dfenbereich: 2&quot; bis 48&quot;<br \/>\nDruckbereich: Klasse 150 bis 2500<br \/>\nEndanschl\u00fcsse: RF-Flansch, RTJ, Stumpfschwei\u00dfung<br \/>\nAbmessungen des Flanschendes: ASME B16.5 (\u226424 Zoll), ASME B16.47 Serie A oder B (&gt;24 Zoll)<br \/>\nAbmessungen des Stumpfschwei\u00dfendes: ASME B16.25 von Angesicht zu Angesicht<br \/>\nBauabmessungen: ASME B16.10<br \/>\nInspektion und Tests: API 598<br \/>\nGeh\u00e4usematerialien: ASTM A351 CF8, ASTM A351 CF8M, ASTM A351 CF3M, ASTM A351 CF8C<br \/>\nCN3MN, CK3MCUN, CN7M, ASTM A890 4A (CD3MN), ASTM A890 5A (CE3MN),<br \/>\nASTM A890 6A(CD3MWCuN)<br \/>\nASTM B148 C95800, ASTM B148 C95500.<br \/>\nVerpackungsmaterialien: PTFE, PPL, Graphit, Graphit mit Inconel-Draht<\/p>\n<p>&nbsp;<\/p>\n<p>Absperrventile aus Hastelloy-Legierung werden derzeit haupts\u00e4chlich in drei Serien unterteilt: B, C und G. Sie werden haupts\u00e4chlich in stark korrosiven Medien wie Cr Ni- oder Cr Ni Mo-Edelstahl auf Eisenbasis, nichtmetallischen Materialien usw. verwendet, die nicht verwendet werden k\u00f6nnen. Um die Korrosionsbest\u00e4ndigkeit und die Kalt- und Warmbearbeitungsleistung der Hastelloy-Legierung zu verbessern, wurde die Hastelloy-Legierung drei wesentlichen Verbesserungen unterzogen. Der Entwicklungsprozess ist wie folgt: B-Serie: B \u2192 B-2 (00Ni70Mo28) \u2192 B-3<br \/>\nC-Serie: C \u2192 C-276 (00Cr16M016W4) \u2192 C-4 (00Cr16M016) \u2192 C-22 (00Cr22M013W3) \u2013 C-2000 (00Cr20M016) G-Serie: GG-3 (00Cr22Ni48Mo7Cu) G-30 (00Cr30Ni48Mo7Cu) Fr\u00fcher verwendet * Weit verbreitet sind die Werkstoffe der zweiten Generation N10665 (B-2), N10276 (C-276), N06022 (C-22), N06455 (C-4) und N06985 (G-3). Hastelloy weist eine ausgezeichnete Korrosionsbest\u00e4ndigkeit f\u00fcr Absperrventile auf. Eine N-MO-Legierung mit extrem niedrigem Kohlenstoff- und Ziegelgehalt, die die Ausf\u00e4llung von Carbiden und anderen Phasen in der Schwei\u00df- und W\u00e4rmeeinflusszone reduziert und so auch im geschwei\u00dften Zustand eine gute Korrosionsbest\u00e4ndigkeit gew\u00e4hrleistet. Wie bekannt ist, weisen Hastelloy-Legierungen eine ausgezeichnete Korrosionsbest\u00e4ndigkeit in verschiedenen reduzierenden Medien auf und k\u00f6nnen Korrosion durch Salzs\u00e4ure bei jeder Temperatur und Konzentration unter Normaldruck standhalten. Sie weist eine ausgezeichnete Korrosionsbest\u00e4ndigkeit in nicht aufbl\u00e4henden Medienkonzentrationen wie nicht oxidierender Schwefels\u00e4ure, verschiedenen Konzentrationen von Phosphors\u00e4ure, Hochtemperatur-Essigs\u00e4ure, Ameisens\u00e4ure und anderen organischen S\u00e4uren, Broms\u00e4ure und Chlorwasserstoffgas auf. Gleichzeitig ist sie auch best\u00e4ndig gegen die Korrosion durch halogenierte Katalysatoren. Daher wird die Hastelloy B-2-Legierung h\u00e4ufig in verschiedenen aggressiven Erd\u00f6l- und Chemieprozessen verwendet, beispielsweise bei der Destillation und Konzentration von Salzs\u00e4ure; im Herstellungsprozess der Alkylierung von Ethylbenzol und der Niederdruck-Carbonylierungssynthese von Essigs\u00e4ure.<\/p>","protected":false},"excerpt":{"rendered":"<p>Das Absperrventil aus Hastelloy-Legierung ist eine Art Nickellegierung, die derzeit haupts\u00e4chlich in drei Serien unterteilt ist: B, C und G. Es wird haupts\u00e4chlich in stark korrosiven Medien wie eisenbasiertem Cr-NI- oder Cr-Ni-Mo-Edelstahl, nichtmetallischen Materialien usw. verwendet. Es wird im Ausland in vielen Bereichen wie Erd\u00f6l, Chemie und Umweltschutz h\u00e4ufig verwendet.<\/p>","protected":false},"featured_media":18347,"template":"","meta":{"advanced_seo_description":"","jetpack_seo_html_title":"","jetpack_seo_noindex":false},"product_brand":[],"product_cat":[80],"product_tag":[353,354,352,351],"class_list":{"0":"post-18346","1":"product","2":"type-product","3":"status-publish","4":"has-post-thumbnail","6":"product_cat-globe-valves","7":"product_tag-150lb-hastelloy-c276-globe-valve","8":"product_tag-2-inch-hastelloy-c276-globe-valve","9":"product_tag-china-hastelloy-c276-globe-valve","10":"product_tag-hastelloy-c276-globe-valve","12":"first","13":"instock","14":"shipping-taxable","15":"product-type-simple"},"jetpack_sharing_enabled":true,"_links":{"self":[{"href":"https:\/\/oudianvalve.com\/de\/wp-json\/wp\/v2\/product\/18346","targetHints":{"allow":["GET"]}}],"collection":[{"href":"https:\/\/oudianvalve.com\/de\/wp-json\/wp\/v2\/product"}],"about":[{"href":"https:\/\/oudianvalve.com\/de\/wp-json\/wp\/v2\/types\/product"}],"wp:featuredmedia":[{"embeddable":true,"href":"https:\/\/oudianvalve.com\/de\/wp-json\/wp\/v2\/media\/18347"}],"wp:attachment":[{"href":"https:\/\/oudianvalve.com\/de\/wp-json\/wp\/v2\/media?parent=18346"}],"wp:term":[{"taxonomy":"product_brand","embeddable":true,"href":"https:\/\/oudianvalve.com\/de\/wp-json\/wp\/v2\/product_brand?post=18346"},{"taxonomy":"product_cat","embeddable":true,"href":"https:\/\/oudianvalve.com\/de\/wp-json\/wp\/v2\/product_cat?post=18346"},{"taxonomy":"product_tag","embeddable":true,"href":"https:\/\/oudianvalve.com\/de\/wp-json\/wp\/v2\/product_tag?post=18346"}],"curies":[{"name":"wp","href":"https:\/\/api.w.org\/{rel}","templated":true}]}}