{"id":18344,"date":"2024-05-13T03:48:48","date_gmt":"2024-05-13T03:48:48","guid":{"rendered":"https:\/\/oudianvalve.com\/?post_type=product&#038;p=18344"},"modified":"2025-06-02T00:55:56","modified_gmt":"2025-06-02T00:55:56","slug":"ta10-globe-valve-2-inch-class-900-lb-rf-end","status":"publish","type":"product","link":"https:\/\/oudianvalve.com\/de\/products\/globe-valves\/ta10-globe-valve-2-inch-class-900-lb-rf-end\/","title":{"rendered":"TA10 Durchgangsventil, 2 Zoll, Klasse 900 LB, RF-Ende"},"content":{"rendered":"<p>Gr\u00f6\u00dfe: 2\u2033-20\u2033<br \/>\nK\u00f6rper\\Kugel\\Schaftmaterial:<br \/>\nTitan: TA1, TA2, TA9, TA10, TC4<br \/>\nTitan ASTM A182 316Ti: Gr2, Gr3, Gr5, Gr6, Gr7, Gr12<br \/>\nNorm: GB, DIN, ANSI<br \/>\nNenndruck: Klasse 150lb, 300lb, PN16, PN25, PN40<br \/>\nAnschlussmethode: Flansch, Gewinde<br \/>\nAntrieb: pneumatisches Steuerventil. elektrisches Steuerventil<br \/>\n<strong>Andere spezielle Ventilmaterialien:<\/strong><br \/>\nMonel-Ventile: M-30C, M35-1, M35C, M35-2, Monel 400, Monel K500, Monel 600<br \/>\nHastelloy-Ventile: Hastelloy C276, Hastelloy G30, Hastelloy C4, Hastelloy C22, Hastelloy B<br \/>\nNickelventile: N6, Nickel 201, Nickel 200, CZ-100, N02200, N02201<br \/>\nInconel-Ventile: Inconel 600, Inconel625, Inconel690, Incoloy800, Incoloy825<br \/>\nDuplex-Stahlventile: 2205, 2507, 1.4529, F51, F53, F55<br \/>\nZirkoniumventile: Zirkonium 702, Zirkonium 705<\/p>\n<p>TA10-Absperrventile aus Titanlegierung weisen eine gute Best\u00e4ndigkeit gegen Spaltkorrosion bei hohen Temperaturen und Chloriden mit hoher Konzentration auf und werden in der Luft- und Raumfahrt, der Schifffahrt, bei Schiffen, der Meerwasserentsalzung, der Erd\u00f6l- und Chemieindustrie, in der mechanischen Ausr\u00fcstung, in Kernkraftanlagen, in Kraftanlagen, in Automobil- und Motorradkomponenten, in Sport und Freizeit, in medizinischen Komponenten, in der Stahl- und Metallurgie sowie in Hightech-Bereichen eingesetzt. Das TA10-Absperrventil aus Titanlegierung wird als Titan-Molybd\u00e4n-Nickel-Legierung mit einer Nennzusammensetzung von T1-0,3M0-0,8Ni bezeichnet. Es handelt sich um eine T-12-Legierung, die Mitte der 1970er Jahre in den USA entwickelt wurde und eine Titanlegierung ist, die gegen Spaltkorrosion best\u00e4ndig ist. TA10-Titan-Molybd\u00e4n-Nickel-Stangen weisen eine h\u00f6here Zugfestigkeit als reines Titan TA2 und eine geringere Festigkeit als TC4 auf, und ihre Verarbeitungstechnologie ist im Wesentlichen dieselbe wie bei reinem Titan. Die Zugfestigkeit der TA10-Legierung ist bei 300 Grad doppelt so hoch wie die von reinem Titan, und ihre Korrosionsbest\u00e4ndigkeit in reduzierenden Medien ist deutlich verbessert. Es unterliegt keiner Spaltkorrosion in Chloriden bei 150\u2013200 Grad. Die allgemein verwendeten nationalen Standardqualit\u00e4ten f\u00fcr Titan sind TA1, TA2, TA3, TA7, TA9, TA10, TA15, TA18, TC4TC4ELI, TC6, TC9, TC10, TC11 und die amerikanischen Standardqualit\u00e4ten sind GR1, GR2, GR3, GR5, GR7 und GR12.<\/p>\n<p>Allgemeine Normen f\u00fcr Absperrventile aus TA10-Titanlegierung, nationale Normen: GB\/2965-2007, GBT13810 Amerikanische Normen: ASTM B348, ASTM F136, ASTM F67, AMS4928<br \/>\nTA10 Titanlegierung-Absperrventil-Referenzstandard<br \/>\n1. GB 228 Metall-Zugpr\u00fcfverfahren<br \/>\n2. GBIT 3620.1 Titan und Titanlegierungen * * * Nummer und chemische Zusammensetzung<br \/>\n3.GB\/T3620.2 Chemische Zusammensetzung und zul\u00e4ssige Abweichung von verarbeiteten Produkten aus Titan und Titanlegierungen<br \/>\n4.GB 4698 Chemische Analysemethoden f\u00fcr Titanschwamm, Titan und Titanlegierungen 4<\/p>","protected":false},"excerpt":{"rendered":"<p>Geringe Reibung und lange Lebensdauer:<br \/>\n1. Die Struktur ist einfach und die Herstellung und Wartung sind relativ bequem.<br \/>\n2. Kleiner Arbeitshub und kurze \u00d6ffnungs- und Schlie\u00dfzeit.<br \/>\n3. Gute Dichtleistung, geringe Reibung zwischen den Dichtfl\u00e4chen und lange Lebensdauer.<br \/>\n4. W\u00e4hrend des \u00d6ffnungs- und Schlie\u00dfvorgangs ist die Reibungskraft der Dichtfl\u00e4che geringer als die des Absperrschiebers und sie ist verschlei\u00dffest.<br \/>\n5. Normalerweise gibt es nur eine Dichtfl\u00e4che, mit guter Fertigungstechnologie und einfacher Wartung.<br \/>\n6. Zu den Strukturformen des Absperrventilk\u00f6rpers geh\u00f6ren Durchgang, Direktfluss und rechter Winkel.<\/p>","protected":false},"featured_media":18345,"template":"","meta":{"advanced_seo_description":"","jetpack_seo_html_title":"","jetpack_seo_noindex":false},"product_brand":[],"product_cat":[80],"product_tag":[348,347,350,349],"class_list":{"0":"post-18344","1":"product","2":"type-product","3":"status-publish","4":"has-post-thumbnail","6":"product_cat-globe-valves","7":"product_tag-2-inch-ta10-globe-valve","8":"product_tag-900lb-ta10-globe-valve","9":"product_tag-china-ta10-globe-valve","10":"product_tag-rf-end-ta10-globe-valve","12":"first","13":"instock","14":"shipping-taxable","15":"product-type-simple"},"jetpack_sharing_enabled":true,"_links":{"self":[{"href":"https:\/\/oudianvalve.com\/de\/wp-json\/wp\/v2\/product\/18344","targetHints":{"allow":["GET"]}}],"collection":[{"href":"https:\/\/oudianvalve.com\/de\/wp-json\/wp\/v2\/product"}],"about":[{"href":"https:\/\/oudianvalve.com\/de\/wp-json\/wp\/v2\/types\/product"}],"wp:featuredmedia":[{"embeddable":true,"href":"https:\/\/oudianvalve.com\/de\/wp-json\/wp\/v2\/media\/18345"}],"wp:attachment":[{"href":"https:\/\/oudianvalve.com\/de\/wp-json\/wp\/v2\/media?parent=18344"}],"wp:term":[{"taxonomy":"product_brand","embeddable":true,"href":"https:\/\/oudianvalve.com\/de\/wp-json\/wp\/v2\/product_brand?post=18344"},{"taxonomy":"product_cat","embeddable":true,"href":"https:\/\/oudianvalve.com\/de\/wp-json\/wp\/v2\/product_cat?post=18344"},{"taxonomy":"product_tag","embeddable":true,"href":"https:\/\/oudianvalve.com\/de\/wp-json\/wp\/v2\/product_tag?post=18344"}],"curies":[{"name":"wp","href":"https:\/\/api.w.org\/{rel}","templated":true}]}}