{"id":18266,"date":"2023-07-12T07:00:32","date_gmt":"2023-07-12T07:00:32","guid":{"rendered":"https:\/\/oudianvalve.com\/?post_type=product&#038;p=18266"},"modified":"2023-07-12T07:00:32","modified_gmt":"2023-07-12T07:00:32","slug":"astm-a105n-metal-seated-ball-valve24-inch300lbrf-end","status":"publish","type":"product","link":"https:\/\/oudianvalve.com\/de\/products\/ball-valves\/astm-a105n-metal-seated-ball-valve24-inch300lbrf-end\/","title":{"rendered":"ASTM A105N Kugelhahn mit Metallsitz, 24 Zoll, 300 LB, RF-Ende"},"content":{"rendered":"<p>Konstruktionsstandard: API 6D ISO 17292<\/p>\n<p>Produktumfang:<br \/>\n1. Druckbereich: KLASSE 150 lb ~ 2500 lb<br \/>\n2. Nenndurchmesser: NPS 2~48\u2033<br \/>\n3. K\u00f6rpermaterial: WCB\uff64LCB\uff64WCC\uff64CF8\uff64CF8M\uff64CF3\uff64C3M\uff64A890 4A\uff64A105\uff64LF2\uff64F304\uff64F316\uff64F304L\uff64F316L usw.<\/p>\n<p>4. Endverbindung: RF RTJ BW<\/p>\n<p>5. Feuerfestigkeitspr\u00fcfung: API 607\/API 6FA<br \/>\n6. Antriebsvorrichtung: Hebel, Getriebe, Elektrik, Pneumatik, Hydraulik usw.;<\/p>\n<h4>Produktmerkmale<\/h4>\n<p>1. Der Str\u00f6mungswiderstand ist gering;<br \/>\n2.Kolbensitz, Brandschutz-antistatische Strukturkonstruktion;<br \/>\n3. Keine Einschr\u00e4nkung der Flie\u00dfrichtung des Mediums;<br \/>\n4. Wenn sich das Ventil in der vollst\u00e4ndig ge\u00f6ffneten Position befindet, liegen die Sitzoberfl\u00e4chen au\u00dferhalb des Str\u00f6mungsstroms und stehen immer in vollem Kontakt mit dem Schieber, der die Sitzoberfl\u00e4chen sch\u00fctzen kann, und sind f\u00fcr Molchleitungen geeignet.<br \/>\n5. Federbelastete Verpackung kann gew\u00e4hlt werden;<br \/>\n6. Eine emissionsarme Verpackung kann gem\u00e4\u00df den Anforderungen der ISO 15848 ausgew\u00e4hlt werden.<br \/>\n7.Stem-erweitertes Design kann gew\u00e4hlt werden;<br \/>\n8. Metall-zu-Metall-Sitzdesign kann gew\u00e4hlt werden;<br \/>\n9.DBB, DIB-1, DIB-2 Design kann gew\u00e4hlt werden;<br \/>\n10.Die Kugel ist mit einer St\u00fctzplatte und einer festen Welle befestigt;<\/p>","protected":false},"excerpt":{"rendered":"<p>ASTM A105N Kugelhahn mit Metallsitz, Herstellung in China: Oudian bietet ASTM A105N Kugelhahn mit Metallsitz, 25 Zoll (DN600), Klasse 300 (300LB), RF-Flanschenden.<\/p>","protected":false},"featured_media":18267,"template":"","meta":{"advanced_seo_description":"","jetpack_seo_html_title":"","jetpack_seo_noindex":false},"product_brand":[],"product_cat":[83],"product_tag":[340,339,337,338,336],"class_list":{"0":"post-18266","1":"product","2":"type-product","3":"status-publish","4":"has-post-thumbnail","6":"product_cat-ball-valves","7":"product_tag-24-inch-metal-ball-valve","8":"product_tag-300lb-metal-ball-valve","9":"product_tag-a105-ball-valve","10":"product_tag-api-6d-ball-valve","11":"product_tag-astm-a105n-metal-seated-ball-valve","13":"first","14":"instock","15":"shipping-taxable","16":"product-type-simple"},"jetpack_sharing_enabled":true,"_links":{"self":[{"href":"https:\/\/oudianvalve.com\/de\/wp-json\/wp\/v2\/product\/18266","targetHints":{"allow":["GET"]}}],"collection":[{"href":"https:\/\/oudianvalve.com\/de\/wp-json\/wp\/v2\/product"}],"about":[{"href":"https:\/\/oudianvalve.com\/de\/wp-json\/wp\/v2\/types\/product"}],"wp:featuredmedia":[{"embeddable":true,"href":"https:\/\/oudianvalve.com\/de\/wp-json\/wp\/v2\/media\/18267"}],"wp:attachment":[{"href":"https:\/\/oudianvalve.com\/de\/wp-json\/wp\/v2\/media?parent=18266"}],"wp:term":[{"taxonomy":"product_brand","embeddable":true,"href":"https:\/\/oudianvalve.com\/de\/wp-json\/wp\/v2\/product_brand?post=18266"},{"taxonomy":"product_cat","embeddable":true,"href":"https:\/\/oudianvalve.com\/de\/wp-json\/wp\/v2\/product_cat?post=18266"},{"taxonomy":"product_tag","embeddable":true,"href":"https:\/\/oudianvalve.com\/de\/wp-json\/wp\/v2\/product_tag?post=18266"}],"curies":[{"name":"wp","href":"https:\/\/api.w.org\/{rel}","templated":true}]}}