{"id":18257,"date":"2023-07-10T06:43:47","date_gmt":"2023-07-10T06:43:47","guid":{"rendered":"https:\/\/oudianvalve.com\/?post_type=product&#038;p=18257"},"modified":"2023-07-10T07:33:37","modified_gmt":"2023-07-10T07:33:37","slug":"api599-lubricated-plug-valve-wcb-body-600lb-26-inch-flange-end","status":"publish","type":"product","link":"https:\/\/oudianvalve.com\/de\/products\/plug-valves\/api599-lubricated-plug-valve-wcb-body-600lb-26-inch-flange-end\/","title":{"rendered":"API599-geschmiertes K\u00fckenventil, WCB-Geh\u00e4use, 600 LB, 26 Zoll, Flanschende"},"content":{"rendered":"<p>Designstandard: API 599 API6D<\/p>\n<p>Produktumfang:<br \/>\n1. Druckbereich: KLASSE 150 Pfund bis 2500 Pfund<br \/>\n2.Nenndurchmesser: NPS 1\/2-40\u2033<br \/>\n3. K\u00f6rpermaterial: A105, LF2, F304, F316, F304L, F316L, F51, WCB, LCB, WCC, CF8, CF8M, CF3, CF3M, A890 4A usw.<\/p>\n<p>4. Endverbindung: RF RTJ BW<br \/>\n5. Antriebsvorrichtung: Hebel, Getriebe, elektrisches, pneumatisches, hydraulisches Ger\u00e4t usw.;<\/p>\n<h4>STRUKTURELLE MERKMALE DES PRODUKTS<\/h4>\n<p>Umgekehrtes druckausgleichsgeschmiertes K\u00fckenventil gem. Gem\u00e4\u00df ANSI ist es f\u00fcr das Schneiden und Verbinden von Rohrleitungen geeignet, die in verschiedenen Branchen wie der Erd\u00f6lindustrie, der chemischen Industrie, der Pharmazie, der chemischen D\u00fcngemittelindustrie, der Elektrizit\u00e4tsindustrie usw. unter einem Nenndruck von KLASSE 150\u2013900 LBS und einer Arbeitstemperatur von 29\u2013180 \u00b0C eingesetzt werden C<\/p>\n<p>&nbsp;<\/p>\n<h4>HAUPTSTRUKTURMERKMALE<\/h4>\n<p>Es verf\u00fcgt \u00fcber eine logische Struktur, eine zuverl\u00e4ssige Abdichtung, hervorragende Leistung und ein sch\u00f6nes Design.<\/p>\n<p>Es verf\u00fcgt \u00fcber die Struktur eines Flip-Chip-Ausgleichsdrucks und eines leichten Ein-\/Aus-Betriebs.<\/p>\n<p>Zwischen Ventilk\u00f6rper und Dichtungsoberfl\u00e4che ist eine \u00d6lnut angebracht, durch die das Dichtungsfett eindringen kann, um die Dichtungsf\u00e4higkeit zu erh\u00f6hen.<\/p>\n<p>Die Teilematerialien und die Flanschabmessungen k\u00f6nnen je nach aktuellen Betriebsbedingungen und Benutzeranforderungen ausgew\u00e4hlt werden, um den Anforderungen verschiedener technischer Anlagen gerecht zu werden.<\/p>","protected":false},"excerpt":{"rendered":"<p>Der chinesische API599-geschmierte K\u00fckenventillieferant Oudian bietet druckausgeglichene, geschmierte K\u00fckenventile nach API 599 an: ASTM A216 WCb, 26IN, CL600, Flanschende.<\/p>","protected":false},"featured_media":18258,"template":"","meta":{"advanced_seo_description":"","jetpack_seo_html_title":"","jetpack_seo_noindex":false},"product_brand":[],"product_cat":[156],"product_tag":[319,318,322,317,320,321],"class_list":{"0":"post-18257","1":"product","2":"type-product","3":"status-publish","4":"has-post-thumbnail","6":"product_cat-plug-valves","7":"product_tag-26-inch-api599-lubricated-plug-valve","8":"product_tag-300lb-api599-lubricated-plug-valve","9":"product_tag-600lb-api599-lubricated-plug-valve","10":"product_tag-api599-lubricated-plug-valve","11":"product_tag-flange-end-api599-lubricated-plug-valve","12":"product_tag-wcb-api599-lubricated-plug-valve","14":"first","15":"instock","16":"shipping-taxable","17":"product-type-simple"},"jetpack_sharing_enabled":true,"_links":{"self":[{"href":"https:\/\/oudianvalve.com\/de\/wp-json\/wp\/v2\/product\/18257","targetHints":{"allow":["GET"]}}],"collection":[{"href":"https:\/\/oudianvalve.com\/de\/wp-json\/wp\/v2\/product"}],"about":[{"href":"https:\/\/oudianvalve.com\/de\/wp-json\/wp\/v2\/types\/product"}],"wp:featuredmedia":[{"embeddable":true,"href":"https:\/\/oudianvalve.com\/de\/wp-json\/wp\/v2\/media\/18258"}],"wp:attachment":[{"href":"https:\/\/oudianvalve.com\/de\/wp-json\/wp\/v2\/media?parent=18257"}],"wp:term":[{"taxonomy":"product_brand","embeddable":true,"href":"https:\/\/oudianvalve.com\/de\/wp-json\/wp\/v2\/product_brand?post=18257"},{"taxonomy":"product_cat","embeddable":true,"href":"https:\/\/oudianvalve.com\/de\/wp-json\/wp\/v2\/product_cat?post=18257"},{"taxonomy":"product_tag","embeddable":true,"href":"https:\/\/oudianvalve.com\/de\/wp-json\/wp\/v2\/product_tag?post=18257"}],"curies":[{"name":"wp","href":"https:\/\/api.w.org\/{rel}","templated":true}]}}