{"id":18255,"date":"2023-07-10T06:28:37","date_gmt":"2023-07-10T06:28:37","guid":{"rendered":"https:\/\/oudianvalve.com\/?post_type=product&#038;p=18255"},"modified":"2023-07-10T06:29:19","modified_gmt":"2023-07-10T06:29:19","slug":"din-non-lubricated-plug-valve904ldn100pn25flange-end","status":"publish","type":"product","link":"https:\/\/oudianvalve.com\/de\/products\/plug-valves\/din-non-lubricated-plug-valve904ldn100pn25flange-end\/","title":{"rendered":"Nicht geschmiertes DIN-Kegelventil, 904L, DN100, PN25, Flanschende"},"content":{"rendered":"<p>Das nicht geschmierte DIN-K\u00fckenventil gem\u00e4\u00df DIN-Norm I ist zum Schneiden und Verbinden von Rohrleitungsmedien geeignet, die in verschiedenen Industriezweigen wie der Erd\u00f6l- und Chemieindustrie, der Pharmazie, der chemischen D\u00fcngemittelindustrie, der Energiewirtschaft usw. unter einem Nenndruck von PN16 bis PN150 und einer Betriebstemperatur von 29 bis 180 \u00b0C verwendet werden.<\/p>\n<p>Designstandard: API 599 API 6D<\/p>\n<p>Von Angesicht zu Angesicht: EN558 F1\/F4\/F5<\/p>\n<p>Pr\u00fcfpr\u00fcfung: DIN3230<\/p>\n<p>Produktumfang:<br \/>\n1. Druckbereich: PN16 ~ PN150<br \/>\n2. Nenndurchmesser: NPS 1\/2-40\u2033<br \/>\n3. K\u00f6rpermaterial: A105\uff64LF2\uff64F304\uff64F316\uff64F304L\uff64F316L\uff64F51, WCB\uff64LCB\uff64WCC\uff64CF8\uff64CF8M\uff64CF3\uff64CF3M\uff64A890 4A usw.<\/p>\n<p>4. Endverbindung: RF RTJ BW<br \/>\n5. Antriebsvorrichtung: Hebel, Getriebe, elektrisch, pneumatisch, hydraulisch, pneumatisch-hydraulisch;<\/p>","protected":false},"excerpt":{"rendered":"<p>Konstruktionsstandard: API 599 API 6D<br \/>\nVon Angesicht zu Angesicht: EN558 F1\/F4\/F5<br \/>\nPr\u00fcfpr\u00fcfung: DIN3230<\/p>\n<p>Hersteller von nicht geschmierten DIN-K\u00fckenventilen: ,904L nicht geschmiertes K\u00fckenventil, DN100, PN25, Flanschende, API 599.<\/p>","protected":false},"featured_media":18256,"template":"","meta":{"advanced_seo_description":"","jetpack_seo_html_title":"","jetpack_seo_noindex":false},"product_brand":[],"product_cat":[156],"product_tag":[313,312,314,316,315],"class_list":{"0":"post-18255","1":"product","2":"type-product","3":"status-publish","4":"has-post-thumbnail","6":"product_cat-plug-valves","7":"product_tag-904l-din-non-lubricated-plug-valve","8":"product_tag-din-non-lubricated-plug-valve","9":"product_tag-dn100-din-non-lubricated-plug-valve","10":"product_tag-flange-end-din-non-lubricated-plug-valve","11":"product_tag-pn25-din-non-lubricated-plug-valve","13":"first","14":"instock","15":"shipping-taxable","16":"product-type-simple"},"jetpack_sharing_enabled":true,"_links":{"self":[{"href":"https:\/\/oudianvalve.com\/de\/wp-json\/wp\/v2\/product\/18255","targetHints":{"allow":["GET"]}}],"collection":[{"href":"https:\/\/oudianvalve.com\/de\/wp-json\/wp\/v2\/product"}],"about":[{"href":"https:\/\/oudianvalve.com\/de\/wp-json\/wp\/v2\/types\/product"}],"wp:featuredmedia":[{"embeddable":true,"href":"https:\/\/oudianvalve.com\/de\/wp-json\/wp\/v2\/media\/18256"}],"wp:attachment":[{"href":"https:\/\/oudianvalve.com\/de\/wp-json\/wp\/v2\/media?parent=18255"}],"wp:term":[{"taxonomy":"product_brand","embeddable":true,"href":"https:\/\/oudianvalve.com\/de\/wp-json\/wp\/v2\/product_brand?post=18255"},{"taxonomy":"product_cat","embeddable":true,"href":"https:\/\/oudianvalve.com\/de\/wp-json\/wp\/v2\/product_cat?post=18255"},{"taxonomy":"product_tag","embeddable":true,"href":"https:\/\/oudianvalve.com\/de\/wp-json\/wp\/v2\/product_tag?post=18255"}],"curies":[{"name":"wp","href":"https:\/\/api.w.org\/{rel}","templated":true}]}}