{"id":18253,"date":"2023-07-10T03:28:53","date_gmt":"2023-07-10T03:28:53","guid":{"rendered":"https:\/\/oudianvalve.com\/?post_type=product&#038;p=18253"},"modified":"2023-07-10T03:28:53","modified_gmt":"2023-07-10T03:28:53","slug":"upward-discharge-valve-cf8-pn16-dn80-flange-end","status":"publish","type":"product","link":"https:\/\/oudianvalve.com\/de\/products\/globe-valves\/upward-discharge-valve-cf8-pn16-dn80-flange-end\/","title":{"rendered":"Aufw\u00e4rtsauslassventil, CF8, PN16, DN80, Flanschende"},"content":{"rendered":"<p>\u00dcbersicht Aufw\u00e4rtsablassventil:<br \/>\nDas Aufw\u00e4rtsentladungsventil wird haupts\u00e4chlich f\u00fcr die Bodenentladung, Entladung, Probenahme und totzonenfreie Abschaltvorg\u00e4nge von Reaktoren, Lagertanks und anderen Beh\u00e4ltern verwendet. Das Handrad des Aufw\u00e4rtsentladungsventils dreht sich nach rechts zum Schlie\u00dfen und nach links zum \u00d6ffnen. Es wird haupts\u00e4chlich f\u00fcr die Bodenentladung von Reaktoren, Lagertanks und anderen Beh\u00e4ltern verwendet. Mithilfe des Ventilbodenflansches wird es an den Boden des Lagertanks und anderer Beh\u00e4lter geschwei\u00dft, wodurch das Ph\u00e4nomen von Restmedien am Boden des Beh\u00e4lters vermieden wird. Das Entladungsventil ist je nach tats\u00e4chlicher Situation als Flachboden mit einem Y-f\u00f6rmigen Ventilk\u00f6rper und einer Ventilscheibe f\u00fcr den Hubbetrieb ausgelegt. Der innere Hohlraum des Ventilk\u00f6rpers ist mit einem erosions- und korrosionsbest\u00e4ndigen Dichtungsring ausgestattet, der den Ventilk\u00f6rper beim \u00d6ffnen des Ventils vor Erosion und Korrosion durch das Medium sch\u00fctzen kann. Der Dichtungsring ist speziell behandelt, um eine Oberfl\u00e4chenh\u00e4rte von HRC56~62 zu erreichen, mit hohen Verschlei\u00df- und Korrosionsbest\u00e4ndigkeitsfunktionen. Die Ventilscheibendichtung wird nach Bedarf mit Hartlegierung auf die Abdeckung geschwei\u00dft, und die Dichtungsoberfl\u00e4che wird mit Draht versiegelt, um die Zuverl\u00e4ssigkeit der Dichtung zu gew\u00e4hrleisten und Narbenbildung zu verhindern. Gleichzeitig wird ein Ventilscheibendesign mit kurzem Hub verwendet. Weit verbreitet in Branchen wie Chemie, Erd\u00f6l, Metallurgie, Pharmazie, Pestizide, Farbstoffe und Lebensmittelverarbeitung. Verschiedene Betriebsmethoden, wie manuell, pneumatisch (Federr\u00fccklauftyp, doppeltwirkender Typ, mit und ohne Handrad), elektrisch, hydraulisch, Getriebe usw.<\/p>\n<p>Konstruktionsmerkmal des Auslassventils<\/p>\n<div class=\"overflow-x\">\n<table style=\"height: 410px;\" width=\"522\" cellspacing=\"0\">\n<tbody>\n<tr class=\"firstRow\">\n<td>Design<\/td>\n<td>HG5-89-1 und HG-16-79<\/td>\n<\/tr>\n<tr>\n<td>Testen<\/td>\n<td>API 598<\/td>\n<\/tr>\n<tr>\n<td>Von Angesicht zu Angesicht<\/td>\n<td>GEM\u00c4SS MFR<\/td>\n<\/tr>\n<tr>\n<td>Beendet die Verbindung<\/td>\n<td>ASME B16.5 RF<\/td>\n<\/tr>\n<tr>\n<td>Druck-\/Temperaturbereich<\/td>\n<td>ASME B16.34<\/td>\n<\/tr>\n<tr>\n<td>Markierung<\/td>\n<td>MSS SP-25<\/td>\n<\/tr>\n<tr>\n<td>Zerst\u00f6rungsfreie Pr\u00fcfung<\/td>\n<td>VT, PT, RT, UT, MT<\/td>\n<\/tr>\n<\/tbody>\n<\/table>\n<\/div>\n<p>Leistung und Vorteile des Aufw\u00e4rtsablassventils:<br \/>\n1. Der Innenraum des Ventilk\u00f6rpers ist mit einem Dichtungsring ausgestattet, der gegen Erosion und Korrosion best\u00e4ndig ist.<br \/>\n2. Die Ventiltellerdichtung wird nach Bedarf mit einer Hartlegierung auf den Deckel geschwei\u00dft, die eine hohe Verschlei\u00dffestigkeit und Korrosionsbest\u00e4ndigkeit aufweist.<br \/>\n3. Verschiedene Betriebsmethoden, wie manuell, pneumatisch (Federr\u00fcckstellung, doppeltwirkend, mit und ohne Handrad), elektrisch, hydraulisch, Getriebe usw.<br \/>\nHauptger\u00e4teleistung des Aufw\u00e4rtsablassventils:<br \/>\n\uff081\uff09 Korrosionsbest\u00e4ndigkeit<br \/>\n\u2605 \u2606 Verwenden Sie Medien wie Wasser, Aceton, Alkohol, Ammoniak, Bariumcarbonat, Benzol (die endg\u00fcltige niedrige Nutzungstemperatur von WCB-Material betr\u00e4gt -29 \u00b0C und die Maximaltemperatur 425 \u00b0C.)<br \/>\n\u2605 \u2606 Verwenden Sie Medien wie Partikel, \u00d6l, Zellstoff und Kohlendioxid (die Mindestgebrauchstemperatur f\u00fcr Edelstahlmaterialien betr\u00e4gt -100 \u00b0C und die maximale Gebrauchstemperatur 232 \u00b0C).<br \/>\n\u2605 \u2606 Die Verwendung fluorierter ionischer Fl\u00fcssigkeiten (wie HF) sowie starker Basen und Phosphors\u00e4ure (Temperatur &gt; 150 \u00b0C, Konzentration &gt; 30%) ist strengstens verboten.<br \/>\n\uff082\uff09 Allgemeine Betriebstemperatur von Edelstahl f\u00fcr das Aufw\u00e4rtsauslassventil HG5-89-1: \u2264 150 \u2103<br \/>\n\uff083\uff09 Druckbereich: 0,6 ~ 2,5 MPa (IV), Durchmesserbereich: 25 ~ 250 mm<\/p>\n<p>Vorsichtsma\u00dfnahmen bei Wartung, Installation und Verwendung des Aufw\u00e4rtsablassventils<br \/>\n1. Das Ventil sollte als Ganzes in einem bel\u00fcfteten und trockenen Lager gelagert werden. Stapeln oder Lagern im Freien ist strengstens untersagt. Beide Enden des Ventildurchmessers sollten mit Platten blockiert werden.<br \/>\n2. Vor der Installation muss das Ventil sorgf\u00e4ltig \u00fcberpr\u00fcft und alle w\u00e4hrend Transport und Lagerung entstandenen Sch\u00e4den beseitigt werden.<br \/>\n3. Vor der Installation sollte darauf geachtet werden, ob die Schrauben in jedem Teil ausgewogen sind und ob das Anheben (die Bewegung) flexibel ist.<br \/>\n4. Das Ventil sollte an einem Ort ohne starke Vibrationen und St\u00f6\u00dfe sowie an einem Ort installiert werden, an dem das Ventil ohne Besch\u00e4digung verwendet wird.<br \/>\n5. Wenn der Auslass verstopft ist, k\u00f6nnen Metallst\u00e4be oder harte Werkzeuge verwendet werden, um ihn freizumachen. Es ist wichtig, Metallst\u00e4be oder harte Werkzeuge zu verwenden, um eine Besch\u00e4digung der Kontaktfl\u00e4che zwischen Ventilscheibe und Dichtring zu vermeiden.<br \/>\n6. Vermeiden Sie m\u00f6glichst den abwechselnden Einsatz von sauren und alkalischen Medien (au\u00dfer bei Neutralisationsreaktionsmedien), um eine Verk\u00fcrzung der Lebensdauer zu vermeiden.<br \/>\n7. Je nach Leistung und Lebensdauer des Mediums sollten der PTFE-Dichtungsring oben am Ventilk\u00f6rper und die PTFE-D\u00fcnnplatte an der \u00d6ffnung regelm\u00e4\u00dfig \u00fcberpr\u00fcft werden. Wenn Sch\u00e4den festgestellt werden, sollten diese vor dem Gebrauch umgehend ausgetauscht werden.<br \/>\n8. Wenn eine Besch\u00e4digung der Ventilfl\u00e4che festgestellt wird, muss diese sofort behoben werden. Zur Reparatur des betroffenen Bereichs k\u00f6nnen Spezialmaterialien verwendet oder entsprechende Produktionseinheiten mit der Herstellung betraut werden.<\/p>\n<p>Das Auslassventil wird haupts\u00e4chlich zum Ablassen von Materialien am Boden des Lagertanks, des Reaktionskessels und anderer Beh\u00e4lter verwendet. Das Ventil ist mit der Ausr\u00fcstung verbunden und durch Flansch- oder Stumpfschwei\u00dfen am Boden angebracht, um das Restph\u00e4nomen des Prozessmediums, das sich normalerweise am Auslass des Beh\u00e4lters befindet, zu beseitigen. Je nach den Anforderungen der tats\u00e4chlichen Situation wird es in Aufw\u00e4rts- und Abw\u00e4rtsausstellungstypen unterteilt. Der Aufw\u00e4rtstyp wird zum Entladen des Reaktors mit dem R\u00fchrer-Entladeventil verwendet; der Abw\u00e4rtstyp wird zum Entladen des Reaktionskessels des Rahmenankerr\u00fchrers verwendet.<\/p>\n<p>&nbsp;<\/p>","protected":false},"excerpt":{"rendered":"<p>China Aufw\u00e4rts-Entladeventil Fabrik Oudian bietet Aufw\u00e4rts-Entladeventil, CF8, PN16, DN80, Flanschende: ASTM 351 CF8, 3 Zoll, ASME B16.5 RF, EN1092-1<\/p>","protected":false},"featured_media":18254,"template":"","meta":{"advanced_seo_description":"","jetpack_seo_html_title":"","jetpack_seo_noindex":false},"product_brand":[],"product_cat":[80],"product_tag":[308,310,311,309],"class_list":{"0":"post-18253","1":"product","2":"type-product","3":"status-publish","4":"has-post-thumbnail","6":"product_cat-globe-valves","7":"product_tag-cf8-upward-discharge-valve","8":"product_tag-dn80upward-discharge-valve","9":"product_tag-flange-end-upward-discharge-valve","10":"product_tag-pn16-upward-discharge-valve","12":"first","13":"instock","14":"shipping-taxable","15":"product-type-simple"},"jetpack_sharing_enabled":true,"_links":{"self":[{"href":"https:\/\/oudianvalve.com\/de\/wp-json\/wp\/v2\/product\/18253","targetHints":{"allow":["GET"]}}],"collection":[{"href":"https:\/\/oudianvalve.com\/de\/wp-json\/wp\/v2\/product"}],"about":[{"href":"https:\/\/oudianvalve.com\/de\/wp-json\/wp\/v2\/types\/product"}],"wp:featuredmedia":[{"embeddable":true,"href":"https:\/\/oudianvalve.com\/de\/wp-json\/wp\/v2\/media\/18254"}],"wp:attachment":[{"href":"https:\/\/oudianvalve.com\/de\/wp-json\/wp\/v2\/media?parent=18253"}],"wp:term":[{"taxonomy":"product_brand","embeddable":true,"href":"https:\/\/oudianvalve.com\/de\/wp-json\/wp\/v2\/product_brand?post=18253"},{"taxonomy":"product_cat","embeddable":true,"href":"https:\/\/oudianvalve.com\/de\/wp-json\/wp\/v2\/product_cat?post=18253"},{"taxonomy":"product_tag","embeddable":true,"href":"https:\/\/oudianvalve.com\/de\/wp-json\/wp\/v2\/product_tag?post=18253"}],"curies":[{"name":"wp","href":"https:\/\/api.w.org\/{rel}","templated":true}]}}