{"id":18251,"date":"2023-07-10T03:07:04","date_gmt":"2023-07-10T03:07:04","guid":{"rendered":"https:\/\/oudianvalve.com\/?post_type=product&#038;p=18251"},"modified":"2023-07-10T03:07:05","modified_gmt":"2023-07-10T03:07:05","slug":"din-y-type-bellow-globe-valve-dn65-pn40-rf-end","status":"publish","type":"product","link":"https:\/\/oudianvalve.com\/de\/products\/globe-valves\/din-y-type-bellow-globe-valve-dn65-pn40-rf-end\/","title":{"rendered":"DIN-Y-Faltenbalgventil, DN65, PN40, RF-Ende"},"content":{"rendered":"<p>Y-f\u00f6rmiges Wellrohr-Absperrventil nach deutschem Standard<br \/>\nProduktmodell: WJ45H<br \/>\nBaunorm: EN 12516<br \/>\nAufbaul\u00e4nge: EN 558<br \/>\nAnschlussflansch: EN 1092-1<br \/>\nPr\u00fcfung und \u00dcberwachung: EN 12266<br \/>\nVentilk\u00f6rpermaterial: GS-C25\/CF8\/CF8M\/CF3\/CF3M\/WC6\/WC9<br \/>\nNennweite: DN15-DN600<br \/>\nNenndruck: PN1,6MPa-10,0 MPa<br \/>\nVerbindungsmethode: Flansch, Schwei\u00dfen<br \/>\nAnwendbare Medien: Dampf, W\u00e4rmetr\u00e4ger\u00f6l, geschmolzenes Salz, andere chemische Medien usw.<br \/>\nAnwendungsbranchen: Erd\u00f6l, Chemie, Energie, Pharmazie, Metallurgie, neue Energie und andere Branchen<\/p>\n<p>Produkt\u00fcbersicht<\/p>\n<p>Das gewellte Absperrventil vom Typ DIN Y GlobeE ist ein neuer Absperrventiltyp. Aufgrund seines doppelten Dichtungsdesigns ist die Dichtungsleistung dieses Ventils zuverl\u00e4ssiger und besser als die von gew\u00f6hnlichen oberen Ventilen. Weit verbreitet in Hei\u00df\u00f6lsystemen, Dampfsystemen, Kalt- und Hei\u00dfwassersystemen usw. Sichere und zuverl\u00e4ssige Leistung durch Verwendung von Wellrohren zur Abdichtung, Reduzierung von Wartung und h\u00e4ufigen Reparaturen und Bereitstellung einer sauberen und sicheren Arbeitsumgebung. Das Design der Dichtung beseitigt den Nachteil der schnellen Alterung und des leichten Auslaufens gew\u00f6hnlicher Ventilsch\u00e4fte, was nicht nur die Energieeffizienz verbessert, sondern auch die Produktionsausr\u00fcstung erh\u00f6ht<\/p>\n<p>Produkteigenschaften:<br \/>\n1. Der Ventilk\u00f6rper-Str\u00f6mungskanal des Y-f\u00f6rmigen Balg-Absperrventils ist eine Direktstr\u00f6mungsstruktur. Der Fl\u00fcssigkeitswiderstand dieser Struktur ist geringer als der der geraden Durchgangsstruktur, was die Medienspannung beschleunigen, den Druckverlust verringern und den Energieverbrauch senken kann, insbesondere bei Materialien mit Viskosit\u00e4t und leichtem Verklumpen. 2. Der Ventilk\u00f6rper verwendet die deutsche, mit einer Folie \u00fcberzogene Sandgusstechnologie, die die Oberfl\u00e4chenbeschaffenheit und die mechanischen Eigenschaften des Ventilk\u00f6rpers erheblich verbessert, das Auftreten von Poren, Sandl\u00f6chern und Rissen verringert und die Zugfestigkeit des Gussst\u00fccks erh\u00f6ht.<br \/>\nBeim Schlie\u00dfen des Ventils kann die konische Dichtfl\u00e4che mit \u201eSchabeffekt\u201c automatisch Oberfl\u00e4chenverunreinigungen entfernen und so eine zuverl\u00e4ssige Abdichtung und l\u00e4ngere Lebensdauer der Ventilscheibe gew\u00e4hrleisten.<br \/>\nDoppeltes Dichtungsdesign (Wellrohr + Stopfbuchse) gem\u00e4\u00df internationalen Dichtungsstandards. 4<br \/>\n5. Alle Wellrohre haben den Ammoniaktest bestanden und alle Ventile haben den Standardtest bestanden, um sicherzustellen, dass keine Leckagen auftreten.<br \/>\n6. Produkte \u00fcber DN150 sind mit speziellen Ger\u00e4ten ausgestattet, die Ventilvibrationen, Ger\u00e4usche und interne Sch\u00e4den w\u00e4hrend des Gebrauchs wirksam verhindern und so die Lebensdauer effektiv um \u00fcber 150% erh\u00f6hen.<br \/>\n7. Je nach Betriebsbedingungen k\u00f6nnen verschiedene Ventilscheibenausf\u00fchrungen bereitgestellt werden, wie etwa Drosselventilscheiben, R\u00fcckschlagventilscheiben usw.<\/p>","protected":false},"excerpt":{"rendered":"<p>Chinesische DIN-Faltenbalgventilfabrik Typ Y. Oudian bietet Faltenbalgventile Typ Y an: GS-C25, 21\/2 Zoll, PN40, EN 12266, EN 1092-1.<\/p>","protected":false},"featured_media":18252,"template":"","meta":{"advanced_seo_description":"","jetpack_seo_html_title":"","jetpack_seo_noindex":false},"product_brand":[],"product_cat":[80],"product_tag":[304,306,305,307],"class_list":{"0":"post-18251","1":"product","2":"type-product","3":"status-publish","4":"has-post-thumbnail","6":"product_cat-globe-valves","7":"product_tag-din-y-type-bellow-globe-valve","8":"product_tag-dn65-din-y-type-bellow-globe-valve","9":"product_tag-pn40-din-y-type-bellow-globe-valve","10":"product_tag-rf-end-din-y-type-bellow-globe-valve","12":"first","13":"instock","14":"shipping-taxable","15":"product-type-simple"},"jetpack_sharing_enabled":true,"_links":{"self":[{"href":"https:\/\/oudianvalve.com\/de\/wp-json\/wp\/v2\/product\/18251","targetHints":{"allow":["GET"]}}],"collection":[{"href":"https:\/\/oudianvalve.com\/de\/wp-json\/wp\/v2\/product"}],"about":[{"href":"https:\/\/oudianvalve.com\/de\/wp-json\/wp\/v2\/types\/product"}],"wp:featuredmedia":[{"embeddable":true,"href":"https:\/\/oudianvalve.com\/de\/wp-json\/wp\/v2\/media\/18252"}],"wp:attachment":[{"href":"https:\/\/oudianvalve.com\/de\/wp-json\/wp\/v2\/media?parent=18251"}],"wp:term":[{"taxonomy":"product_brand","embeddable":true,"href":"https:\/\/oudianvalve.com\/de\/wp-json\/wp\/v2\/product_brand?post=18251"},{"taxonomy":"product_cat","embeddable":true,"href":"https:\/\/oudianvalve.com\/de\/wp-json\/wp\/v2\/product_cat?post=18251"},{"taxonomy":"product_tag","embeddable":true,"href":"https:\/\/oudianvalve.com\/de\/wp-json\/wp\/v2\/product_tag?post=18251"}],"curies":[{"name":"wp","href":"https:\/\/api.w.org\/{rel}","templated":true}]}}