{"id":18202,"date":"2023-07-06T03:21:05","date_gmt":"2023-07-06T03:21:05","guid":{"rendered":"https:\/\/oudianvalve.com\/?post_type=product&#038;p=18202"},"modified":"2023-07-06T03:21:06","modified_gmt":"2023-07-06T03:21:06","slug":"api-6d-lubricated-plug-valve-a216-wcb-8-inch-600lb-flange-end","status":"publish","type":"product","link":"https:\/\/oudianvalve.com\/de\/products\/plug-valves\/api-6d-lubricated-plug-valve-a216-wcb-8-inch-600lb-flange-end\/","title":{"rendered":"API 6D-geschmiertes K\u00fckenventil, A216 WCB, 8 Zoll, 600 LB, Flanschende"},"content":{"rendered":"<p>API 6D-geschmierte Kegelventile sind in den Ausf\u00fchrungen Kurz, Normal und Venturi erh\u00e4ltlich. Die verschiedenen Muster variieren hinsichtlich der Endabmessungen und der Anschlussfl\u00e4che f\u00fcr eine bestimmte Ventilgr\u00f6\u00dfe. Ventile mit normalem Muster haben die gr\u00f6\u00dfte Anschlussfl\u00e4che. Kurzventile haben aufgrund ihrer kompakten Baul\u00e4nge, die mit denen von Keilschieberventilen identisch ist, eine reduzierte Anschlussfl\u00e4che. Ventile mit Venturi-Muster haben eine reduzierte Anschlussfl\u00e4che und einen Str\u00f6mungsweg, der einer Venturi-Form \u00e4hnelt, um die Druckwiederherstellung zu unterst\u00fctzen. Die Ventilkonstruktionen entsprechen API 599, API 6D und B16.34. Die Baul\u00e4ngen- und End-zu-End-Abmessungen entsprechen ANSI B16.10.<\/p>\n<p>Designstandard: API 599 API6D<\/p>\n<p>Produktumfang:<\/p>\n<p>1. Druckbereich: KLASSE 150 Pfund ~ 2500 Pfund<br \/>\n2.Nenndurchmesser: NPS 1\/2-40\u2033<br \/>\n3. K\u00f6rpermaterial: A216 WCB, WCC, A217 WC6, WC9, C5, A352 LCB, LCC,<br \/>\nA351 CF8, CF8M, CF3M, CF8C, CN3MN, CN7M,<br \/>\nA890 4A(CD3MN), 5A(CE3MN), 6A(CD3MWCuN),<br \/>\nASTM B 148 C95800, C95500 usw.<br \/>\n4.Endverbindung: RF RTJ BW<br \/>\n5. Antriebsvorrichtung: Hebel, Getriebe, elektrisches, pneumatisches, hydraulisches Ger\u00e4t usw.;<\/p>\n<h4>STRUKTURELLE MERKMALE DES PRODUKTS<\/h4>\n<p>Umgekehrtes druckausgleichsgeschmiertes K\u00fckenventil gem. Gem\u00e4\u00df ANSI ist es f\u00fcr das Schneiden und Verbinden von Rohrleitungen geeignet, die in verschiedenen Branchen wie der Erd\u00f6lindustrie, der chemischen Industrie, der Pharmazie, der chemischen D\u00fcngemittelindustrie, der Elektrizit\u00e4tsindustrie usw. unter einem Nenndruck von KLASSE 150\u2013900 LBS und einer Arbeitstemperatur von 29\u2013180 \u00b0C eingesetzt werden C.<\/p>","protected":false},"excerpt":{"rendered":"<p>Der chinesische Lieferant von geschmierten K\u00fckenventilen nach API 6D, Oudian, bietet druckausgeglichene geschmierte K\u00fckenventile nach API 599 an: ASTM A216 WCb, 8IN, CL600, Flanschende.<\/p>","protected":false},"featured_media":18203,"template":"","meta":{"advanced_seo_description":"","jetpack_seo_html_title":"","jetpack_seo_noindex":false},"product_brand":[],"product_cat":[156],"product_tag":[291,292,290,289,293],"class_list":{"0":"post-18202","1":"product","2":"type-product","3":"status-publish","4":"has-post-thumbnail","6":"product_cat-plug-valves","7":"product_tag-600lb-lubricated-plug-valve","8":"product_tag-8-inch-lubricated-plug-valve","9":"product_tag-a216-lubricated-plug-valve","10":"product_tag-api-6d-lubricated-plug-valve","11":"product_tag-flange-end-lubricated-plug-valve","13":"first","14":"instock","15":"shipping-taxable","16":"product-type-simple"},"jetpack_sharing_enabled":true,"_links":{"self":[{"href":"https:\/\/oudianvalve.com\/de\/wp-json\/wp\/v2\/product\/18202","targetHints":{"allow":["GET"]}}],"collection":[{"href":"https:\/\/oudianvalve.com\/de\/wp-json\/wp\/v2\/product"}],"about":[{"href":"https:\/\/oudianvalve.com\/de\/wp-json\/wp\/v2\/types\/product"}],"wp:featuredmedia":[{"embeddable":true,"href":"https:\/\/oudianvalve.com\/de\/wp-json\/wp\/v2\/media\/18203"}],"wp:attachment":[{"href":"https:\/\/oudianvalve.com\/de\/wp-json\/wp\/v2\/media?parent=18202"}],"wp:term":[{"taxonomy":"product_brand","embeddable":true,"href":"https:\/\/oudianvalve.com\/de\/wp-json\/wp\/v2\/product_brand?post=18202"},{"taxonomy":"product_cat","embeddable":true,"href":"https:\/\/oudianvalve.com\/de\/wp-json\/wp\/v2\/product_cat?post=18202"},{"taxonomy":"product_tag","embeddable":true,"href":"https:\/\/oudianvalve.com\/de\/wp-json\/wp\/v2\/product_tag?post=18202"}],"curies":[{"name":"wp","href":"https:\/\/api.w.org\/{rel}","templated":true}]}}