{"id":18196,"date":"2023-07-05T02:43:17","date_gmt":"2023-07-05T02:43:17","guid":{"rendered":"https:\/\/oudianvalve.com\/?post_type=product&#038;p=18196"},"modified":"2023-07-05T03:02:39","modified_gmt":"2023-07-05T03:02:39","slug":"flange-segment-ball-valve-a216-wcb-dn200-pn16","status":"publish","type":"product","link":"https:\/\/oudianvalve.com\/de\/products\/ball-valves\/flange-segment-ball-valve-a216-wcb-dn200-pn16\/","title":{"rendered":"Flanschsegment-Kugelhahn, A216 WCB, DN200, PN16"},"content":{"rendered":"<p>Der Flanschkugelhahn mit Segmenten kombiniert die Vorteile eines Durchgangsregelventils mit der Effizienz eines Drehkugelhahns und erf\u00fcllt so die Anforderungen zum Drosseln und Absperren des Durchflusses in der automatischen Prozessindustrie. Die Segmentkugel im V-Kerbe-Design verf\u00fcgt \u00fcber eine starke Schneidkraft und eine Selbstreinigungsfunktion. Durch eine Vierteldrehung der Segmentkugel \u00e4ndert sich die Durchgangsfl\u00e4che in ihrer sektorf\u00f6rmigen Form. Aufgrund der pr\u00e4zisen Steuerung des Durchflusses ist dies das ideale Ventil f\u00fcr die meisten Anwendungen in der Papier- und Zellstoffverarbeitung. Durch die spezielle V-Kerbe an der DN25-Segmentkugel ist eine pr\u00e4zise Steuerung mit niedrigem CV-Wert m\u00f6glich.<\/p>\n<p>&nbsp;<\/p>\n<p>Technische Daten<\/p>\n<p>Gr\u00f6\u00dfen:<\/p>\n<p>DN 25~500 mm NPS 1&quot;-20&quot; (Flanschtyp)<\/p>\n<p>Sitzmaterial:<\/p>\n<p>Widerstandsf\u00e4hig: PTFE\/RPTFE\/PEEK\/DEVLON\/NYLON<\/p>\n<p>Metall: Wolframkarbid\/Satellit\/Ni60<\/p>\n<p>Druckbewertung:<\/p>\n<p>PN 10\/16<\/p>\n<p>ANSI 150\/300<\/p>\n<p>Antrieb:<\/p>\n<p>Schneckengetriebe\/Pneumatisch\/Elektrisch<\/p>\n<p>Standard:<\/p>\n<p>Flanschanschluss: ISA S75.04, IEC\/DIN 534-3-2<\/p>\n<p>Anschlussstandard: ASME B16.5 \/ EN 1092-1<\/p>\n<p>Pr\u00fcf- und Inspektionsnorm: DIN3230, ISO5208, ANSI \/ FCI 70-2,<\/p>\n<p>Druck- und Temperaturbest\u00e4ndigkeitsstandard: ASME B16.34<\/p>\n<p>&nbsp;<\/p>\n<p>MERKMALE<\/p>\n<p>1. Hervorragende Dichtleistung \u2013 Klasse V Standard<\/p>\n<p>2. Die pr\u00e4zise Konturierung der V-Kerbe bietet hervorragende Steuereigenschaften f\u00fcr eine Vielzahl von Durchflussanwendungen.<\/p>\n<p>3. Die robuste, selbsteinstellende Option mit Metallsitz ist ideal f\u00fcr Anwendungen mit hohen Temperaturen oder Schl\u00e4mmen geeignet.<\/p>\n<p>4. Die Scherwirkung zwischen Kugel und Dichtung sorgt f\u00fcr einen reibungslosen Betrieb ohne Verstopfungen \u2013 perfekt f\u00fcr Faser- oder Schlammanwendungen.<\/p>\n<p>5. Einfacher Sitzwechsel, dadurch geringe Kosten f\u00fcr Ventilreparaturen.<\/p>\n<p>6. Robuste Konstruktion mit ungehindertem Durchgangsdurchfluss sorgt f\u00fcr hohe Kapazit\u00e4t.<\/p>\n<p>7. Der gefederte Sitz h\u00e4lt st\u00e4ndigen Kontakt mit der Kugel und sorgt so f\u00fcr eine verbesserte Dichtleistung.<\/p>\n<p>8. Die \u00fcberlegene Zapfenlagertechnologie ist auf hervorragende Abriebfestigkeit ausgelegt.<\/p>\n<p>9. Die Keilverbindung zwischen Welle und Kugel gew\u00e4hrleistet pr\u00e4zise Steuerung und geringe Hysterese.<\/p>\n<p>Anwendung:<br \/>\nZellstoff und Papier\/Abwasserbehandlung\/Lebensmittel und<br \/>\nGetr\u00e4nkeindustrie\/Chemiewerke\/Kraftwerke\/Stahlindustrie\/Et<\/p>","protected":false},"excerpt":{"rendered":"<p>Flanschsegment-Kugelh\u00e4hne sind in erster Linie f\u00fcr die Durchflussregelung konzipiert, k\u00f6nnen aber auch f\u00fcr Absperrvorg\u00e4nge verwendet werden. Die gekerbte \u00d6ffnung an der Segmentkugel tr\u00e4gt zu einer starken Scherspannung bei, um Medien mit Fasern und Partikeln zu durchschneiden. Folglich ist dieses V-Port-Segmentventil ein gutes allgemeines Regelventil f\u00fcr die meisten Zellstoff- und Papierverarbeitungsanwendungen oder \u00e4hnliche Str\u00f6mungen, die Fasern und Partikel enthalten.<\/p>","protected":false},"featured_media":18197,"template":"","meta":{"advanced_seo_description":"","jetpack_seo_html_title":"","jetpack_seo_noindex":false},"product_brand":[],"product_cat":[83],"product_tag":[282,284,277,283,280],"class_list":{"0":"post-18196","1":"product","2":"type-product","3":"status-publish","4":"has-post-thumbnail","6":"product_cat-ball-valves","7":"product_tag-a216-wcb-flange-segment-ball-valve","8":"product_tag-dn200-flange-segment-ball-valve","9":"product_tag-flange-segment-ball-valve","10":"product_tag-pn16-flange-segment-ball-valve","11":"product_tag-rf-end-flange-segment-ball-valve","13":"first","14":"instock","15":"shipping-taxable","16":"product-type-simple"},"jetpack_sharing_enabled":true,"_links":{"self":[{"href":"https:\/\/oudianvalve.com\/de\/wp-json\/wp\/v2\/product\/18196","targetHints":{"allow":["GET"]}}],"collection":[{"href":"https:\/\/oudianvalve.com\/de\/wp-json\/wp\/v2\/product"}],"about":[{"href":"https:\/\/oudianvalve.com\/de\/wp-json\/wp\/v2\/types\/product"}],"wp:featuredmedia":[{"embeddable":true,"href":"https:\/\/oudianvalve.com\/de\/wp-json\/wp\/v2\/media\/18197"}],"wp:attachment":[{"href":"https:\/\/oudianvalve.com\/de\/wp-json\/wp\/v2\/media?parent=18196"}],"wp:term":[{"taxonomy":"product_brand","embeddable":true,"href":"https:\/\/oudianvalve.com\/de\/wp-json\/wp\/v2\/product_brand?post=18196"},{"taxonomy":"product_cat","embeddable":true,"href":"https:\/\/oudianvalve.com\/de\/wp-json\/wp\/v2\/product_cat?post=18196"},{"taxonomy":"product_tag","embeddable":true,"href":"https:\/\/oudianvalve.com\/de\/wp-json\/wp\/v2\/product_tag?post=18196"}],"curies":[{"name":"wp","href":"https:\/\/api.w.org\/{rel}","templated":true}]}}