{"id":18194,"date":"2023-07-05T02:28:20","date_gmt":"2023-07-05T02:28:20","guid":{"rendered":"https:\/\/oudianvalve.com\/?post_type=product&#038;p=18194"},"modified":"2023-07-05T02:28:21","modified_gmt":"2023-07-05T02:28:21","slug":"flange-segment-ball-valvecf8150lb6-inchrf-end","status":"publish","type":"product","link":"https:\/\/oudianvalve.com\/de\/products\/ball-valves\/flange-segment-ball-valvecf8150lb6-inchrf-end\/","title":{"rendered":"Flanschsegment-Kugelhahn, CF8,150LB, 6 Zoll, RF-Ende"},"content":{"rendered":"<p>Der Flanschsegment-Kugelhahn ist in erster Linie f\u00fcr die Durchflussregelung konzipiert, kann aber auch f\u00fcr Absperrvorg\u00e4nge verwendet werden. Die gekerbte \u00d6ffnung an der Segmentkugel tr\u00e4gt zu einer starken Scherspannung bei, um Medien mit Fasern und Partikeln zu durchschneiden. Folglich ist dieser Segmentkugelhahn ein gutes allgemeines Regelventil (gleichprozentiger Durchflusscharakter) f\u00fcr die meisten Zellstoff- und Papierverarbeitungsanwendungen oder \u00e4hnliche Str\u00f6mungen, die Fasern und Partikel enthalten.<\/p>\n<p>Druck-Temperatur-Bewertungen: ASME B16.34<br \/>\nGr\u00f6\u00dfenbereich: DN 25~500 mm NPS 1&quot;-20&quot; (Flansch)<br \/>\nDruckbereich: PN 10\/16\/25\/40\/63 ANSI 150\/300\/600<br \/>\nEndanschl\u00fcsse: ISA S75.04, IEC\/DIN 534-3-2 (Flansch)<br \/>\nKugelart: Geschmiedete Vollkugel, Hohlkugel, Schwimmende Kugel<br \/>\nInspektion und Pr\u00fcfung: DIN3230, API598<br \/>\nDichtheit: Metallischer Sitz Klasse IV Elastischer Sitz Klasse VI<br \/>\nGeh\u00e4usematerialien: WCB, CF8, CF8M CF3M, 4A,5A,6A, C95800.<br \/>\nSitzmaterialien: Edelstahl + STL, PCTFE, PEEK (Flansch), Edelstahl + STL (Wafer)<br \/>\nTemp. Bereich: Metallsitz -29\u2026+450\u2103 Elastischer Sitz -29\u2026+150\u2103<br \/>\nBedienung: manuell, Schneckengetriebe, pneumatisch, elektrisch.<\/p>\n<p>Merkmale:<\/p>\n<p>1. K\u00f6rper:<\/p>\n<p>a) Die integrierte Geh\u00e4usekonstruktion bietet h\u00f6here Stabilit\u00e4t bei schwankenden Rohrlasten.<\/p>\n<p>b) Eliminiert den mit zweiteiligen Geh\u00e4usekonstruktionen verbundenen Leckpfad.<\/p>\n<p>c) Es sind sowohl Wafer- als auch Flanschverbindungen verf\u00fcgbar.<\/p>\n<p>2. Kern:<\/p>\n<p>a) Die speziell entwickelte Kugel mit V-Kerbe sorgt f\u00fcr starke Schnittspannung und dichte Abdichtung.<\/p>\n<p>b) F\u00fcr die Oberfl\u00e4chenbehandlung der Kugeln stehen Hartchrom-, Nitrier- und HCOF-Behandlungen zur Verf\u00fcgung, die die H\u00e4rte verbessern,<\/p>\n<p>Abriebfestigkeit, Erm\u00fcdungsbest\u00e4ndigkeit, Korrosionsbest\u00e4ndigkeit und Leistung bei hohen Temperaturen.<\/p>\n<p>c) Gut geschliffene, gekerbte Kugeloberfl\u00e4che gew\u00e4hrleistet ein geringes Betriebsdrehmoment und eine dichte Abdichtung, insbesondere bei<\/p>\n<p>Segmentventil.<\/p>\n<p>3. Sitz:<\/p>\n<p>a) Bei Ventilen der Klasse 150 ist der Halter am Ventilk\u00f6rper angegossen, um jeden m\u00f6glichen Raum zwischen dem Ventilsitz zu beseitigen.<\/p>\n<p>Ring und K\u00f6rper zur Ansammlung von R\u00fcckst\u00e4nden. Dadurch wird eine perfekte Abdichtung gew\u00e4hrleistet.<\/p>\n<p>b) Eine spezielle Federkonstruktion verringert das Ventildrehmoment und sorgt gleichzeitig f\u00fcr eine dichte Abdichtung.<\/p>\n<p>c) Die druckaktivierte Sitzkonstruktion bietet eine hervorragende Abdichtung auch bei sehr geringen Differenzdr\u00fccken.<\/p>\n<p>4. Stamm:<\/p>\n<p>a) Der Schaft ist fein geschliffen, um perfekt zum Antrieb zu passen, was eine Schaukelbewegung und m\u00f6gliche Ausf\u00e4lle verhindert<\/p>\n<p>des Segmentventils.<\/p>\n<p>Anwendung:<br \/>\nZellstoff und Papier\/Abwasserbehandlung\/Lebensmittel und<br \/>\nGetr\u00e4nke-\/Chemiewerke\/Kraftwerke\/Stahlindustrie\/usw.<\/p>","protected":false},"excerpt":{"rendered":"<p>MERKMALE<\/p>\n<p>1. Einfacher Sitzwechsel, dadurch geringe Kosten f\u00fcr Ventilreparaturen.<\/p>\n<p>2. Die pr\u00e4zise Konturierung der V-Kerbe bietet hervorragende Steuereigenschaften f\u00fcr eine Vielzahl von Durchflussanwendungen.<\/p>\n<p>3. Die Keilverbindung zwischen Welle und Kugel gew\u00e4hrleistet pr\u00e4zise Steuerung und geringe Hysterese.<\/p>\n<p>4. Die Scherwirkung zwischen Kugel und Dichtung sorgt f\u00fcr einen reibungslosen Betrieb ohne Verstopfungen \u2013 perfekt f\u00fcr Faser- oder Schlammanwendungen.<\/p>\n<p>5. Der gefederte Sitz h\u00e4lt st\u00e4ndigen Kontakt mit der Kugel und sorgt so f\u00fcr eine verbesserte Dichtleistung.<\/p>\n<p>6. Robuste Konstruktion mit ungehindertem Durchgangsdurchfluss sorgt f\u00fcr hohe Kapazit\u00e4t.<\/p>\n<p>7. Die \u00fcberlegene Zapfenlagertechnologie ist auf hervorragende Abriebfestigkeit ausgelegt.<\/p>\n<p>8. Die robuste, selbsteinstellende Option mit Metallsitz ist ideal f\u00fcr Anwendungen mit hohen Temperaturen oder Schl\u00e4mmen geeignet.<\/p>\n<p>9. Hervorragende Dichtleistung - Klasse V Standard<\/p>","protected":false},"featured_media":18195,"template":"","meta":{"advanced_seo_description":"","jetpack_seo_html_title":"","jetpack_seo_noindex":false},"product_brand":[],"product_cat":[83],"product_tag":[281,279,278,277,280],"class_list":{"0":"post-18194","1":"product","2":"type-product","3":"status-publish","4":"has-post-thumbnail","6":"product_cat-ball-valves","7":"product_tag-150lb-flange-segment-ball-valve","8":"product_tag-6-inch-flange-segment-ball-valve","9":"product_tag-cf8-flange-segment-ball-valve","10":"product_tag-flange-segment-ball-valve","11":"product_tag-rf-end-flange-segment-ball-valve","13":"first","14":"instock","15":"shipping-taxable","16":"product-type-simple"},"jetpack_sharing_enabled":true,"_links":{"self":[{"href":"https:\/\/oudianvalve.com\/de\/wp-json\/wp\/v2\/product\/18194","targetHints":{"allow":["GET"]}}],"collection":[{"href":"https:\/\/oudianvalve.com\/de\/wp-json\/wp\/v2\/product"}],"about":[{"href":"https:\/\/oudianvalve.com\/de\/wp-json\/wp\/v2\/types\/product"}],"wp:featuredmedia":[{"embeddable":true,"href":"https:\/\/oudianvalve.com\/de\/wp-json\/wp\/v2\/media\/18195"}],"wp:attachment":[{"href":"https:\/\/oudianvalve.com\/de\/wp-json\/wp\/v2\/media?parent=18194"}],"wp:term":[{"taxonomy":"product_brand","embeddable":true,"href":"https:\/\/oudianvalve.com\/de\/wp-json\/wp\/v2\/product_brand?post=18194"},{"taxonomy":"product_cat","embeddable":true,"href":"https:\/\/oudianvalve.com\/de\/wp-json\/wp\/v2\/product_cat?post=18194"},{"taxonomy":"product_tag","embeddable":true,"href":"https:\/\/oudianvalve.com\/de\/wp-json\/wp\/v2\/product_tag?post=18194"}],"curies":[{"name":"wp","href":"https:\/\/api.w.org\/{rel}","templated":true}]}}