{"id":18193,"date":"2023-07-05T02:57:48","date_gmt":"2023-07-05T02:57:48","guid":{"rendered":"https:\/\/oudianvalve.com\/?post_type=product&#038;p=18193"},"modified":"2023-07-05T02:57:49","modified_gmt":"2023-07-05T02:57:49","slug":"wafer-segment-ball-valve-a351-cf8-pn16-dn150","status":"publish","type":"product","link":"https:\/\/oudianvalve.com\/de\/products\/ball-valves\/wafer-segment-ball-valve-a351-cf8-pn16-dn150\/","title":{"rendered":"Wafer-Segment-Kugelhahn, A351 CF8, PN16, DN150"},"content":{"rendered":"<p>Das Wafer-Segmentkugelventil ist in erster Linie f\u00fcr die Durchflussregelung konzipiert, kann aber auch f\u00fcr Absperrvorg\u00e4nge verwendet werden. Die gekerbte \u00d6ffnung an der Segmentkugel tr\u00e4gt zu einer starken Scherspannung bei, um Medien mit Fasern und Partikeln zu durchschneiden. Daher ist dieses V-Port-Segmentventil ein gutes allgemeines Regelventil f\u00fcr die meisten Zellstoff- und Papierverarbeitungsanwendungen oder \u00e4hnliche Str\u00f6mungen, die Fasern und Partikel enthalten.<\/p>\n<p>Druck-Temperatur-Bewertungen: ASME B16.34<br \/>\nGr\u00f6\u00dfenbereich: DN 25\u2013250 mm, NPS 1\u201310 Zoll (Wafer)<br \/>\nDruckbereich: PN 10\/16\/25\/40\/63 ANSI 150\/300\/600<br \/>\nEndanschl\u00fcsse: Werksstandard (Wafer)<br \/>\nKugelart: Geschmiedete Vollkugel, Hohlkugel, Schwimmende Kugel<br \/>\nInspektion und Pr\u00fcfung: DIN3230, API598<br \/>\nDichtheit: Metallischer Sitz Klasse IV Elastischer Sitz Klasse VI<br \/>\nGeh\u00e4usematerialien: WCB, CF8, CF8M CF3M, 4A,5A,6A, C95800.<br \/>\nSitzmaterialien: Edelstahl + STL, PCTFE, PEEK (Flansch), Edelstahl + STL (Wafer)<br \/>\nTemp. Bereich: Metallsitz -29\u2026+450\u2103 Elastischer Sitz -29\u2026+150\u2103<br \/>\nBedienung: manuell, Schneckengetriebe, pneumatisch, elektrisch.<\/p>\n<p>K\u00f6rper<br \/>\n\u2022 Einteiliger K\u00f6rper verhindert Leckagen durch separate Flansche oder Sicherungsringe.<br \/>\nV-Port-Segmentkugel:<br \/>\n\u2022 Die speziell entwickelte Kugel mit V-Kerbe sorgt f\u00fcr starke Schnittspannung und dichte Abdichtung.<br \/>\nGut geschliffene, gekerbte Kugeloberfl\u00e4che gew\u00e4hrleistet geringes Betriebsdrehmoment und dichte Abdichtung.<br \/>\ninsbesondere f\u00fcr Segmentventile mit metallischem Sitz.<br \/>\nSitz<br \/>\n\u2022 Spezielles Sitzdesign verhindert Hohlr\u00e4ume zwischen Sitz und Ventilk\u00f6rper.<br \/>\nverhindert somit ein Verklemmen des Mediums zwischen Sitz und Geh\u00e4use, gew\u00e4hrleistet eine zuverl\u00e4ssige<br \/>\nAbdichtung.<br \/>\nDichtungsfl\u00e4che<br \/>\n\u2022 Nitrierung\/Wolframkarbid\/Satellitenlegierung\/Nickelbasislegierung-Beschichtung sind verf\u00fcgbar f\u00fcr<br \/>\nabrasive Medien.<br \/>\nStengel<br \/>\n\u2022 Der Schaft ist fein geschliffen, um optimal zum Antrieb zu passen und so eine Schaukelbewegung zu verhindern<br \/>\nund m\u00f6glicher Ausfall des V-Port-Segmentventils.<br \/>\n\u2022 F\u00fcr die Verbindung von Schaft und Kugelgelenk sind Passverzahnungen oder Stiftpassungen erh\u00e4ltlich, um<br \/>\nZuverl\u00e4ssige \u00dcbertragung ohne Bewegungsverlust oder Totband.<\/p>\n<p>Anwendung:<br \/>\nZellstoff und Papier\/Abwasserbehandlung\/Lebensmittel und Getr\u00e4nke\/Chemiewerke\/Kraftwerke\/Stahlindustrie\/usw.<\/p>","protected":false},"excerpt":{"rendered":"<p>Wafersegment-Kugelh\u00e4hne geh\u00f6ren zu den festen Kugelh\u00e4hnen und sind ebenfalls einsitzige, abgedichtete Kugelh\u00e4hne. Ihre Regelleistung ist die beste unter den Kugelh\u00e4hnen und ihre Durchflusseigenschaften sind prozentual gleich, mit einem einstellbaren Verh\u00e4ltnis von 100:1. Ihre V-f\u00f6rmige Kerbe hat eine Scherwirkung zwischen dem Metallventilsitz und ist daher besonders f\u00fcr Medien geeignet, die Fasern, kleine Feststoffpartikel, Schl\u00e4mme und andere Materialien enthalten.<\/p>","protected":false},"featured_media":18198,"template":"","meta":{"advanced_seo_description":"","jetpack_seo_html_title":"","jetpack_seo_noindex":false},"product_brand":[],"product_cat":[83],"product_tag":[286,288,287,285],"class_list":{"0":"post-18193","1":"product","2":"type-product","3":"status-publish","4":"has-post-thumbnail","6":"product_cat-ball-valves","7":"product_tag-cf8-wafer-segment-ball-valve","8":"product_tag-dn150-wafer-segment-ball-valve","9":"product_tag-pn16-wafer-segment-ball-valve","10":"product_tag-wafer-segment-ball-valve","12":"first","13":"instock","14":"shipping-taxable","15":"product-type-simple"},"jetpack_sharing_enabled":true,"_links":{"self":[{"href":"https:\/\/oudianvalve.com\/de\/wp-json\/wp\/v2\/product\/18193","targetHints":{"allow":["GET"]}}],"collection":[{"href":"https:\/\/oudianvalve.com\/de\/wp-json\/wp\/v2\/product"}],"about":[{"href":"https:\/\/oudianvalve.com\/de\/wp-json\/wp\/v2\/types\/product"}],"wp:featuredmedia":[{"embeddable":true,"href":"https:\/\/oudianvalve.com\/de\/wp-json\/wp\/v2\/media\/18198"}],"wp:attachment":[{"href":"https:\/\/oudianvalve.com\/de\/wp-json\/wp\/v2\/media?parent=18193"}],"wp:term":[{"taxonomy":"product_brand","embeddable":true,"href":"https:\/\/oudianvalve.com\/de\/wp-json\/wp\/v2\/product_brand?post=18193"},{"taxonomy":"product_cat","embeddable":true,"href":"https:\/\/oudianvalve.com\/de\/wp-json\/wp\/v2\/product_cat?post=18193"},{"taxonomy":"product_tag","embeddable":true,"href":"https:\/\/oudianvalve.com\/de\/wp-json\/wp\/v2\/product_tag?post=18193"}],"curies":[{"name":"wp","href":"https:\/\/api.w.org\/{rel}","templated":true}]}}