{"id":18189,"date":"2023-07-03T08:18:53","date_gmt":"2023-07-03T08:18:53","guid":{"rendered":"https:\/\/oudianvalve.com\/?post_type=product&#038;p=18189"},"modified":"2023-07-03T08:19:23","modified_gmt":"2023-07-03T08:19:23","slug":"wafer-type-dual-plate-check-valve-150lb-cf8m-6-inch","status":"publish","type":"product","link":"https:\/\/oudianvalve.com\/de\/products\/check-valves\/wafer-type-dual-plate-check-valve-150lb-cf8m-6-inch\/","title":{"rendered":"Doppelplatten-R\u00fcckschlagventil vom Wafer-Typ, 150 LB, CF8M, 6 Zoll"},"content":{"rendered":"<p>Kurze Baul\u00e4nge, nur 1\/4 bis 1\/8 der L\u00e4nge eines herk\u00f6mmlichen R\u00fcckschlagventils mit Flansch;<\/p>\n<p>Geringes Volumen, geringes Gewicht, nur 1\/4 bis 1\/20 des Gewichts eines herk\u00f6mmlichen R\u00fcckschlagventils mit Flansch;<\/p>\n<p>Schnelles Schlie\u00dfen der Ventilscheibe, geringer Wasserschlagdruck;<\/p>\n<p>Anwendbar und einfach zu installieren f\u00fcr vertikale oder horizontale Rohrleitungen;<\/p>\n<p>Glatter Durchfluss und geringer Fl\u00fcssigkeitswiderstand;<\/p>\n<p>Flexible Aktion und gute Dichtleistung;<\/p>\n<p>Enger Ventilhub und geringer Schlie\u00dfschlag;<\/p>\n<p>Integrierte Struktur, einfach und kompakt, in sch\u00f6ner Form;<\/p>\n<p>Lange Lebensdauer und gute Zuverl\u00e4ssigkeit.<\/p>\n<p>Hauptparameterspezifikation<\/p>\n<p>Design und Herstellung: API594, API 6D<br \/>\nVon Angesicht zu Angesicht und von Ende zu Ende: API594, API6D, DIN3202<br \/>\nDruck-Temperatur-Auslegung: ASME B16.34, DIN2410,<br \/>\nInspektion und Test: API598<br \/>\nRohrflansch: ASME B16.5, DIN2543~2548, GB\/T13402, API605, ASME B16.47.<\/p>\n<p>Produktauswahl<\/p>\n<p>K\u00f6rpermaterial: Kohlenstoffstahl, Edelstahl, legierter Stahl, Bronze<\/p>\n<p>Nenndurchmesser: 1,5\u2033~60\u2033(DN40~DN1500)<\/p>\n<p>Endverbindung: RF, RTJ, BW<\/p>\n<p>Druckbereich: Klasse 150\u20132500 (PN16\u2013PN420)<\/p>\n<p>Arbeitstemperatur: -196 \u2103 ~ + 560 \u2103<\/p>\n<p>&nbsp;<\/p>\n<p>Doppelplatten-R\u00fcckschlagventile sind Wafer-, \u00d6sen- oder Flanschventile und entsprechen API 6D oder API 594. Doppelplatten-R\u00fcckschlagventile sind halterlose Konstruktionen, um Leckagepfade durch den Ventilk\u00f6rper zu vermeiden.<\/p>\n<p>Das Doppelplatten-R\u00fcckschlagventil verwendet zwei federbelastete Platten, die an einem zentralen Scharnierstift angelenkt sind. Das Doppelplatten-R\u00fcckschlagventil ist eine Art R\u00fcckschlagklappe, die im Vergleich zu einem herk\u00f6mmlichen R\u00fcckschlagventil viel k\u00fcrzer und leichter ist.<\/p>\n<p>Vorteile:<\/p>\n<p>\u2013 Doppelplatten-R\u00fcckschlagventile erf\u00fcllen die Funktion fast aller R\u00fcckschlagventile. Aufgrund ihrer geringeren Abmessungen sind sie jedoch leichter und daher kosteng\u00fcnstiger in Anschaffung, Installation und Wartung.<\/p>\n<p>\u2013 Das Doppelplatten-R\u00fcckschlagventil ist ein ger\u00e4uschloses R\u00fcckschlagventil; aufgrund seiner innovativen Konstruktion schl\u00e4gt es beim Schlie\u00dfen nicht knallend zu.<\/p>\n<p>\u2013 Das Doppelplatten-R\u00fcckschlagventil weist eine wichtige Eigenschaft auf: Es ist nicht auf Druck oder Str\u00f6mung angewiesen, um die Platten in Bezug auf die Dichtfl\u00e4che zu zentrieren und so die Abdichtung herzustellen.<\/p>","protected":false},"excerpt":{"rendered":"<p>Das Doppelplatten-R\u00fcckschlagventil ist eine Art R\u00fcckschlagventil, das im Vergleich zu einem herk\u00f6mmlichen R\u00fcckschlagventil viel k\u00fcrzer und leichter ist.<\/p>","protected":false},"featured_media":18190,"template":"","meta":{"advanced_seo_description":"","jetpack_seo_html_title":"","jetpack_seo_noindex":false},"product_brand":[],"product_cat":[82],"product_tag":[269,270,271,268],"class_list":{"0":"post-18189","1":"product","2":"type-product","3":"status-publish","4":"has-post-thumbnail","6":"product_cat-check-valves","7":"product_tag-150lb-wafer-type-dual-plate-check-valve","8":"product_tag-6-inch-dual-plate-check-valve","9":"product_tag-cf8m-dual-plate-check-valve","10":"product_tag-wafer-type-dual-plate-check-valve","12":"first","13":"instock","14":"shipping-taxable","15":"product-type-simple"},"jetpack_sharing_enabled":true,"_links":{"self":[{"href":"https:\/\/oudianvalve.com\/de\/wp-json\/wp\/v2\/product\/18189","targetHints":{"allow":["GET"]}}],"collection":[{"href":"https:\/\/oudianvalve.com\/de\/wp-json\/wp\/v2\/product"}],"about":[{"href":"https:\/\/oudianvalve.com\/de\/wp-json\/wp\/v2\/types\/product"}],"wp:featuredmedia":[{"embeddable":true,"href":"https:\/\/oudianvalve.com\/de\/wp-json\/wp\/v2\/media\/18190"}],"wp:attachment":[{"href":"https:\/\/oudianvalve.com\/de\/wp-json\/wp\/v2\/media?parent=18189"}],"wp:term":[{"taxonomy":"product_brand","embeddable":true,"href":"https:\/\/oudianvalve.com\/de\/wp-json\/wp\/v2\/product_brand?post=18189"},{"taxonomy":"product_cat","embeddable":true,"href":"https:\/\/oudianvalve.com\/de\/wp-json\/wp\/v2\/product_cat?post=18189"},{"taxonomy":"product_tag","embeddable":true,"href":"https:\/\/oudianvalve.com\/de\/wp-json\/wp\/v2\/product_tag?post=18189"}],"curies":[{"name":"wp","href":"https:\/\/api.w.org\/{rel}","templated":true}]}}