{"id":18182,"date":"2023-07-03T07:41:37","date_gmt":"2023-07-03T07:41:37","guid":{"rendered":"https:\/\/oudianvalve.com\/?post_type=product&#038;p=18182"},"modified":"2023-07-03T07:50:12","modified_gmt":"2023-07-03T07:50:12","slug":"axial-flow-check-valve-wcb-body-600lb-12-inch-flange-end","status":"publish","type":"product","link":"https:\/\/oudianvalve.com\/de\/products\/check-valves\/axial-flow-check-valve-wcb-body-600lb-12-inch-flange-end\/","title":{"rendered":"Axialfluss-R\u00fcckschlagventil, WCB-Geh\u00e4use, 600 LB, 12 Zoll, Flanschende"},"content":{"rendered":"<p>Designstandard: API 6D<br \/>\nDruck-Temperatur-Bewertungen: ASME B16.34<br \/>\nGr\u00f6\u00dfenbereich: 2&quot; bis 48&quot;<br \/>\nDruckbereich: Klasse 150 bis 2500<br \/>\nEndanschl\u00fcsse: RF-Flansch, RTJ, Stumpfschwei\u00dfung<br \/>\nAbmessungen des Flanschendes: ASME B16.5 (\u226424 Zoll), ASME B16.47 Serie A oder B (&gt;24 Zoll)<br \/>\nAbmessungen des Stumpfschwei\u00dfendes: ASME B16.25 von Angesicht zu Angesicht<br \/>\nBauabmessungen: ASME B16.10<br \/>\nInspektion und Tests: API 598<br \/>\nGeh\u00e4usematerialien: WCB, CF8, CF3, CF3M, CF8M, A995 4A, 5A, 6A, C95800, INCONEL 625, INCONEL 825, MONEL, WC6, WC9.<br \/>\nBesatzmaterialien: 1#, 5#, 8#, 10#, 12#, 16#<br \/>\nVerpackungsmaterialien: Graphit, Graphit mit Inconel-Draht<\/p>\n<p>Anwendungen Wasserschlag Ein Wasserschlag tritt auf, wenn eine Fl\u00fcssigkeit pl\u00f6tzlich zum Stillstand kommt und Sto\u00dfwellen im Rohr erzeugt. Der dadurch entstehende hohe Druck kann erhebliche Sch\u00e4den an Rohrleitungen, Dichtungen, Manometern, Rohraufh\u00e4ngungen und anderen Komponenten verursachen. Axialr\u00fcckschlagventile von Relia k\u00f6nnen die Auswirkungen von Wasserschl\u00e4gen verringern. Druckpulsationen Druckpulsationen werden durch den intermittierenden Druckabfall aufgrund der Hin- und Herbewegung eines Kolbenkompressors verursacht. Die Druckschwankungen verursachen pulsierende Sto\u00dfwellen im System, die den Verschlei\u00df der Systemkomponenten erh\u00f6hen. Axialr\u00fcckschlagventile bestehen jedoch aus keinen schwingenden Teilen und verringern daher den Verschlei\u00df der Systemkomponenten, was zu einer l\u00e4ngeren Lebensdauer im Vergleich zu anderen Ventiltypen beitr\u00e4gt. Der Zweck der Axialr\u00fcckschlagventile von Relia besteht darin, Luft und Gas aus einem Kolbenkompressor abzulassen. Installationsoptionen: Horizontal oder vertikal Ein h\u00e4ufiges Problem bei der Verwendung von Pumpen ist der begrenzte Platz f\u00fcr Ventile und Rohre. Pumpen sind im Betrieb extrem laut. Daher werden sie normalerweise in speziellen R\u00e4umen aufgestellt. Dadurch bleibt weniger Platz f\u00fcr Ventile und Rohre. Axialventile k\u00f6nnen Turbulenzen besser bew\u00e4ltigen als herk\u00f6mmliche R\u00fcckschlagventile. Dies macht sie zu einer hervorragenden Option bei begrenztem Platz. Dar\u00fcber hinaus k\u00f6nnen Axialventile sowohl in vertikalen als auch in horizontalen Rohren installiert werden.<\/p>\n<p>2. Merkmale von Axialr\u00fcckschlagventilen:<br \/>\n1. Das Produkt besteht aus einem Ventilk\u00f6rper, einem F\u00fchrungsk\u00f6rper, einer axial beweglichen Ventilscheibe und Federkomponenten. Das Produkt kann einen Medienr\u00fcckfluss wirksam verhindern. Gew\u00e4hrleisten Sie die Sicherheit der Rohrleitung.<br \/>\n2. Der Ventilk\u00f6rper, die Scheibe und der Endkegel sind als stromlinienf\u00f6rmige Kan\u00e4le ausgef\u00fchrt, die eine gute Fl\u00fcssigkeitsleistung aufweisen und Str\u00f6mungswiderstand und Druck minimieren.<br \/>\n3. Durch die Verwendung des Hochleistungsfedermaterials HT\/INCONELX-750 weist es eine hervorragende Korrosionsbest\u00e4ndigkeit, Oxidationsbest\u00e4ndigkeit und hervorragende mechanische Eigenschaften auf, wodurch sichergestellt wird, dass die Feder langfristig funktioniert.<br \/>\n4. Leiser Betrieb, um L\u00e4rm und Wasserschl\u00e4ge in Ventilleitungen zu vermeiden und die Sicherheit von Ger\u00e4ten und Leitungen zu gew\u00e4hrleisten.<br \/>\n5. Die \u00d6ffnungs- und Schlie\u00dfreaktionen erfolgen schnell und die \u00e4u\u00dferst zuverl\u00e4ssige Vordruckfeder erm\u00f6glicht es der Ventilscheibe, schnell auf \u00c4nderungen des Fl\u00fcssigkeitsdrucks zu reagieren.<br \/>\n6. Kompakte Struktur, einfach zu installieren, sowohl f\u00fcr die vertikale als auch f\u00fcr die horizontale Installation geeignet.<br \/>\n7. Das Ventil besteht aus legiertem Stahl mit Auftragsschwei\u00dfen und einer Dichtfl\u00e4che, die verschlei\u00dffest, korrosionsbest\u00e4ndig und langlebig ist.<br \/>\n8. Der Druckbereich des Ventils ist relativ gro\u00df.<\/p>","protected":false},"excerpt":{"rendered":"<p>Das Axialr\u00fcckschlagventil bestimmt das \u00d6ffnen und Schlie\u00dfen der Ventilscheibe durch die Druckdifferenz zwischen dem Einlass- und Auslassende des Ventils. Das Axialr\u00fcckschlagventil kann den R\u00fcckfluss des Mediums wirksam verhindern und die Sicherheit der Rohrleitung gew\u00e4hrleisten.<\/p>","protected":false},"featured_media":18183,"template":"","meta":{"advanced_seo_description":"","jetpack_seo_html_title":"","jetpack_seo_noindex":false},"product_brand":[],"product_cat":[82],"product_tag":[265,266,263,267,264],"class_list":{"0":"post-18182","1":"product","2":"type-product","3":"status-publish","4":"has-post-thumbnail","6":"product_cat-check-valves","7":"product_tag-12-inch-axial-flow-check-valve","8":"product_tag-600lb-axial-flow-check-valve","9":"product_tag-axial-flow-check-valve","10":"product_tag-non-slam-axial-flow-check-valve","11":"product_tag-wcb-axial-flow-check-valve","13":"first","14":"instock","15":"shipping-taxable","16":"product-type-simple"},"jetpack_sharing_enabled":true,"_links":{"self":[{"href":"https:\/\/oudianvalve.com\/de\/wp-json\/wp\/v2\/product\/18182","targetHints":{"allow":["GET"]}}],"collection":[{"href":"https:\/\/oudianvalve.com\/de\/wp-json\/wp\/v2\/product"}],"about":[{"href":"https:\/\/oudianvalve.com\/de\/wp-json\/wp\/v2\/types\/product"}],"wp:featuredmedia":[{"embeddable":true,"href":"https:\/\/oudianvalve.com\/de\/wp-json\/wp\/v2\/media\/18183"}],"wp:attachment":[{"href":"https:\/\/oudianvalve.com\/de\/wp-json\/wp\/v2\/media?parent=18182"}],"wp:term":[{"taxonomy":"product_brand","embeddable":true,"href":"https:\/\/oudianvalve.com\/de\/wp-json\/wp\/v2\/product_brand?post=18182"},{"taxonomy":"product_cat","embeddable":true,"href":"https:\/\/oudianvalve.com\/de\/wp-json\/wp\/v2\/product_cat?post=18182"},{"taxonomy":"product_tag","embeddable":true,"href":"https:\/\/oudianvalve.com\/de\/wp-json\/wp\/v2\/product_tag?post=18182"}],"curies":[{"name":"wp","href":"https:\/\/api.w.org\/{rel}","templated":true}]}}