{"id":18180,"date":"2023-07-03T07:14:51","date_gmt":"2023-07-03T07:14:51","guid":{"rendered":"https:\/\/oudianvalve.com\/?post_type=product&#038;p=18180"},"modified":"2023-07-03T08:02:40","modified_gmt":"2023-07-03T08:02:40","slug":"tilting-disc-check-valve-300lb-wcb-12-inch-rf-end","status":"publish","type":"product","link":"https:\/\/oudianvalve.com\/de\/products\/check-valves\/tilting-disc-check-valve-300lb-wcb-12-inch-rf-end\/","title":{"rendered":"Kippbares Scheibenr\u00fcckschlagventil, 300LB, WCB, 12 Zoll, RF-Ende"},"content":{"rendered":"<p>Designstandard: API 6D<br \/>\nDruck-Temperatur-Bewertungen: ASME B16.34<br \/>\nGr\u00f6\u00dfenbereich: 2&quot; bis 48&quot;<br \/>\nDruckbereich: Klasse 150 bis 2500<br \/>\nEndanschl\u00fcsse: RF-Flansch, RTJ, Stumpfschwei\u00dfung<br \/>\nAbmessungen des Flanschendes: ASME B16.5 (\u226424 Zoll), ASME B16.47 Serie A oder B (&gt;24 Zoll)<br \/>\nAbmessungen des Stumpfschwei\u00dfendes: ASME B16.25 von Angesicht zu Angesicht<br \/>\nBauabmessungen: ASME B16.10<br \/>\nInspektion und Tests: API 598<br \/>\nGeh\u00e4usematerialien: WCB, CF8, CF3, CF3M, CF8M, A995 4A, 5A, 6A, C95800, INCONEL 625, INCONEL 825, MONEL, WC6, WC9.<br \/>\nBesatzmaterialien: 1#, 5#, 8#, 10#, 12#, 16#<br \/>\nVerpackungsmaterialien: Graphit, Graphit mit Inconel-Draht<\/p>\n<p>Die Kippscheiben-R\u00fcckschlagventile erreichen eine vollst\u00e4ndige \u00d6ffnung des Durchflusses, indem die Scheibe im Durchflussmedium schwenkt oder kippt. Der \u00d6ffnungshubbereich ist viel geringer als bei herk\u00f6mmlichen R\u00fcckschlagventilen, was die \u00d6ffnungs- und Schlie\u00dfzeit verk\u00fcrzt. Dies ist entscheidend f\u00fcr die Kontrolle der Durchflussumkehr und die Reduzierung von Wasserschl\u00e4gen. Das Kippscheiben-R\u00fcckschlagventildesign bietet die L\u00f6sung, indem es ein schnelles Schlie\u00dfen erm\u00f6glicht, selbst bei geringem Durchflussverlust.<\/p>\n<p>Kippscheiben-R\u00fcckschlagventile sind so konstruiert, dass sie schneller \u00f6ffnen und schlie\u00dfen als Standard-R\u00fcckschlagventile. Ein schneller Betrieb ist immer dann erforderlich, wenn kritische Komponenten sofort vor R\u00fcckfluss gesch\u00fctzt werden m\u00fcssen. Viele andere Arten von R\u00fcckschlagventilen k\u00f6nnen jedoch nur schlie\u00dfen, wenn der vorgelagerte Durchfluss vollst\u00e4ndig verloren geht.<\/p>\n<p>In Systemen, in denen es schnell zu R\u00fcckfluss kommen kann, wie z. B. Pumpensystemen in einem Hochdrucksystem, kann dies zu gro\u00dfen Problemen f\u00fchren. In extremen F\u00e4llen kann der daraus resultierende Wasserschlag ganze Rohrleitungs- und Pumpensysteme zerst\u00f6ren.<\/p>\n<p>\u2022 Stabilit\u00e4t bei niedrigem und pulsierendem Durchfluss<\/p>\n<p>\u2022 Ein moderater Druckabfall<\/p>\n<p>\u2022 Dichte Metallsitzabdichtung<\/p>\n<p>\u2022 Sitzkontakte treten erst auf, nachdem die Scheibe sitzt und geschlossen ist.<\/p>\n<p>Anwendung:<\/p>\n<p>Da die Scheibe eines Kippscheiben-R\u00fcckschlagventils in einem Winkel von 15 Grad montiert ist, \u00f6ffnet sie sich bei mittlerer Geschwindigkeit, beginnend bei 0,6 m\/s, mit kurzer Reaktionszeit. Dies verhindert, dass die Scheibe bei niedrigen Geschwindigkeiten \u201eh\u00e4mmert\u201c, und verhindert Verschlei\u00df an Schaft, Federn und Lagern. Die selbstzentrierende Dichtung sorgt f\u00fcr eine hervorragende Abdichtung sowohl bei hohen als auch bei niedrigen Druckunterschieden. Dar\u00fcber hinaus k\u00f6nnen die Ventile mit zus\u00e4tzlichen Federn ausgestattet werden, um die Reaktionsgeschwindigkeit zu erh\u00f6hen, wenn ein hohes Risiko eines schnellen R\u00fcckflusses besteht.<\/p>\n<p>Das Ergebnis ist ein stabiles R\u00fcckschlagventil mit schneller Reaktionszeit, das nur minimalen Wartungsaufwand erfordert. Dadurch eignet sich dieses Ventil f\u00fcr alle Anwendungen, die eine schnelle Reaktion erfordern.<\/p>","protected":false},"excerpt":{"rendered":"<p>Ein Kippscheiben-R\u00fcckschlagventil bietet eine schnell schlie\u00dfende L\u00f6sung. Kippscheiben-R\u00fcckschlagventile sind wahlweise mit geteiltem K\u00f6rper, Druckdichtung oder Waferausf\u00fchrung mit schlagfestem Design erh\u00e4ltlich.<\/p>\n<p>Kippscheiben-R\u00fcckschlagventile sind f\u00fcr Trinkwasser und andere neutrale Fl\u00fcssigkeiten konzipiert und werden typischerweise in Pumpenanwendungen installiert, um einen R\u00fcckfluss im System zu verhindern. Zum \u00d6ffnen der Kippscheibe ist nur ein sehr geringer Druck erforderlich.<\/p>\n<p>Die Eigenschaft dieses Ventils ist, dass es nicht zuschl\u00e4gt. Die Scheibe wird durch den Fl\u00fcssigkeitsstrom in ihrer Form in der offenen Position gehalten und ihre R\u00fcckkehr in die geschlossene Position verursacht keinen pl\u00f6tzlichen heftigen Schlag gegen den Sitz. Die Konstruktion kann ASME B16.34, aber auch EN 12516 entsprechen.<\/p>","protected":false},"featured_media":18181,"template":"","meta":{"advanced_seo_description":"","jetpack_seo_html_title":"","jetpack_seo_noindex":false},"product_brand":[],"product_cat":[82],"product_tag":[261,260,262,259],"class_list":{"0":"post-18180","1":"product","2":"type-product","3":"status-publish","4":"has-post-thumbnail","6":"product_cat-check-valves","7":"product_tag-12-inch-tilting-disc-check-valve","8":"product_tag-300lb-tilting-disc-check-valve","9":"product_tag-rf-end-tilting-disc-check-valve","10":"product_tag-tilting-disc-check-valve","12":"first","13":"instock","14":"shipping-taxable","15":"product-type-simple"},"jetpack_sharing_enabled":true,"_links":{"self":[{"href":"https:\/\/oudianvalve.com\/de\/wp-json\/wp\/v2\/product\/18180","targetHints":{"allow":["GET"]}}],"collection":[{"href":"https:\/\/oudianvalve.com\/de\/wp-json\/wp\/v2\/product"}],"about":[{"href":"https:\/\/oudianvalve.com\/de\/wp-json\/wp\/v2\/types\/product"}],"wp:featuredmedia":[{"embeddable":true,"href":"https:\/\/oudianvalve.com\/de\/wp-json\/wp\/v2\/media\/18181"}],"wp:attachment":[{"href":"https:\/\/oudianvalve.com\/de\/wp-json\/wp\/v2\/media?parent=18180"}],"wp:term":[{"taxonomy":"product_brand","embeddable":true,"href":"https:\/\/oudianvalve.com\/de\/wp-json\/wp\/v2\/product_brand?post=18180"},{"taxonomy":"product_cat","embeddable":true,"href":"https:\/\/oudianvalve.com\/de\/wp-json\/wp\/v2\/product_cat?post=18180"},{"taxonomy":"product_tag","embeddable":true,"href":"https:\/\/oudianvalve.com\/de\/wp-json\/wp\/v2\/product_tag?post=18180"}],"curies":[{"name":"wp","href":"https:\/\/api.w.org\/{rel}","templated":true}]}}