{"id":18178,"date":"2023-07-03T06:51:33","date_gmt":"2023-07-03T06:51:33","guid":{"rendered":"https:\/\/oudianvalve.com\/?post_type=product&#038;p=18178"},"modified":"2023-07-03T06:51:34","modified_gmt":"2023-07-03T06:51:34","slug":"ci-wafer-check-valve-pn16-316-trim-epdm-seat","status":"publish","type":"product","link":"https:\/\/oudianvalve.com\/de\/products\/check-valves\/ci-wafer-check-valve-pn16-316-trim-epdm-seat\/","title":{"rendered":"CI-Wafer-R\u00fcckschlagventil, Innengarnitur PN16.316, EPDM-Sitz"},"content":{"rendered":"<p>Doppelplatten-R\u00fcckschlagventil mit Wafer-Typ f\u00fcr die Schifffahrt<br \/>\nFlansche nach ASME B\/16.4716.5, Klasse 125 \/ 150; DIN 2501, PN10 \/ PN16<br \/>\nASME B16.1\/B16.2<br \/>\nGr\u00f6\u00dfe: DN40-DN900\/ 1,5\u2033-36\u2033<br \/>\nMaterialien:<br \/>\nK\u00f6rper: Gusseisen \/ Sph\u00e4roguss \/ Stahlguss \/ Edelstahl \/ Aluminiumbronze<br \/>\nScheibe: Sph\u00e4roguss \/ Edelstahl \/ Aluminiumbronze<br \/>\nFeder: Edelstahl (SS304, SS316, Inconel)<br \/>\nVorbau: Edelstahl<br \/>\nSitz: EPDM \/ NBR \/ VITON \/ Edelstahl<br \/>\nBetriebsdruck: 1,5\u2033-12\u2033 16 bar; 14\u2033-24\u2033 10 bar\/16BAR; 28\u2033-36\u2033 max. 10 bar<br \/>\nDruckpr\u00fcfung nach Norm: API 598<\/p>\n<p>Wafer-R\u00fcckschlagventile sind Inline-Rohrleitungsventile, die zur Steuerung der Fl\u00fcssigkeitsflussrichtung und zur Reduzierung oder vollst\u00e4ndigen Verhinderung eines m\u00f6glichen R\u00fcckflusses in Rohrleitungssystemen verwendet werden. Wafer-R\u00fcckschlagventile sind auch als Klackventile, R\u00fcckflussventile, R\u00fcckschlagventile und Einwegventile bekannt.<\/p>","protected":false},"excerpt":{"rendered":"<p>K\u00f6rper: Gusseisen GG 25. Scheiben Edelstahl 316. Schaft und Feder: AISI 316. Lager: PTFE. Montage zwischen Flanschen PN 10\/16 \u2013 ANSI 150 lbs. Sitz: Nitril, in der Nut vulkanisiert.<\/p>","protected":false},"featured_media":18179,"template":"","meta":{"advanced_seo_description":"","jetpack_seo_html_title":"","jetpack_seo_noindex":false},"product_brand":[],"product_cat":[82],"product_tag":[257,255,258,256],"class_list":{"0":"post-18178","1":"product","2":"type-product","3":"status-publish","4":"has-post-thumbnail","6":"product_cat-check-valves","7":"product_tag-316-trim-ci-wafer-check-valve","8":"product_tag-ci-wafer-check-valve","9":"product_tag-epdm-ci-wafer-check-valve","10":"product_tag-pn16-ci-wafer-check-valve","12":"first","13":"instock","14":"shipping-taxable","15":"product-type-simple"},"jetpack_sharing_enabled":true,"_links":{"self":[{"href":"https:\/\/oudianvalve.com\/de\/wp-json\/wp\/v2\/product\/18178","targetHints":{"allow":["GET"]}}],"collection":[{"href":"https:\/\/oudianvalve.com\/de\/wp-json\/wp\/v2\/product"}],"about":[{"href":"https:\/\/oudianvalve.com\/de\/wp-json\/wp\/v2\/types\/product"}],"wp:featuredmedia":[{"embeddable":true,"href":"https:\/\/oudianvalve.com\/de\/wp-json\/wp\/v2\/media\/18179"}],"wp:attachment":[{"href":"https:\/\/oudianvalve.com\/de\/wp-json\/wp\/v2\/media?parent=18178"}],"wp:term":[{"taxonomy":"product_brand","embeddable":true,"href":"https:\/\/oudianvalve.com\/de\/wp-json\/wp\/v2\/product_brand?post=18178"},{"taxonomy":"product_cat","embeddable":true,"href":"https:\/\/oudianvalve.com\/de\/wp-json\/wp\/v2\/product_cat?post=18178"},{"taxonomy":"product_tag","embeddable":true,"href":"https:\/\/oudianvalve.com\/de\/wp-json\/wp\/v2\/product_tag?post=18178"}],"curies":[{"name":"wp","href":"https:\/\/api.w.org\/{rel}","templated":true}]}}