{"id":18165,"date":"2023-06-30T03:26:42","date_gmt":"2023-06-30T03:26:42","guid":{"rendered":"https:\/\/oudianvalve.com\/?post_type=product&#038;p=18165"},"modified":"2023-06-30T03:26:43","modified_gmt":"2023-06-30T03:26:43","slug":"din-wafer-ball-valve-pn16-dn80-cf8m-rf-end","status":"publish","type":"product","link":"https:\/\/oudianvalve.com\/de\/products\/ball-valves\/din-wafer-ball-valve-pn16-dn80-cf8m-rf-end\/","title":{"rendered":"DIN-Wafer-Kugelhahn, PN16, DN80, CF8M, RF-Ende"},"content":{"rendered":"<p>Design- und Herstellungsstandard: API 6D, API 608, BS 5351\/DIN3357\/JIS B2071<\/p>\n<p>Druck- und Temperaturstandard: ASME B16.34\/DIN3230<\/p>\n<p>Standard f\u00fcr Baul\u00e4ngenabmessungen: ASME B16.10\/DIN3202\/JIS B2002<\/p>\n<p>Flanschstandard: ASME B16.5, ASME B16.47\/DIN2543-2545-2501\/JIS B2220<\/p>\n<p>Test- und Inspektionsstandard: API 598, API 6D\/DIN2401\/JIS B2003.<\/p>\n<p>Gr\u00f6\u00dfe: 1\/2\u201d-8\u201d(DN15~DN200)<\/p>\n<p>Druckbewertung: 150LB-300LB\/PN16~PN40\/10K~20K)<\/p>\n<p>Werkstoff: WCB\uff64LCB\uff64WCC\uff64CF8\uff64CF8M\uff64CF3\uff64C3M\uff64A890 4A\uff64A105\uff64LF2\uff64F304\uff64F316\uff64F304L\uff64F316L usw.<\/p>\n<p>Geeignete Temperatur: -196 \u00b0C bis 450 \u00b0C (unterschiedliche Temperaturen w\u00e4hlen unterschiedliche Materialien).<\/p>\n<p>Geeignetes Medium: Wasser, Dampf, \u00d6l und Erdgas usw.<\/p>\n<h4>Produktmerkmale<\/h4>\n<p>1. Das Produkt hat ein geringes Gewicht;<br \/>\n2. Der Str\u00f6mungswiderstand ist gering;<br \/>\n3. Ventilsitz mit Lippenform, leicht zu \u00f6ffnen und zu schlie\u00dfen;<br \/>\n4. Keine Einschr\u00e4nkung der Durchflussrichtung;<br \/>\n5. Feuersicheres, antistatisches Design, ausblassicherer Schaft;<br \/>\n6. Federbelastete Packung kann gew\u00e4hlt werden;<br \/>\n7. Verpackungen mit geringer Emission k\u00f6nnen gem\u00e4\u00df den Anforderungen von ISO 15848 ausgew\u00e4hlt werden.<br \/>\n8. Vorbauverl\u00e4ngerung kann gew\u00e4hlt werden<br \/>\n9. Es kann zwischen einem weichen Sitz und einem Metall-Metall-Sitz gew\u00e4hlt werden.<br \/>\n10. Ummanteltes Design kann gew\u00e4hlt werden.;<\/p>\n<p>Produktanwendungsbranche<\/p>\n<p>Das Produkt eignet sich f\u00fcr Branchen wie Erd\u00f6l, Chemie, Erdgas, Biochemie, Pharmazie, Umweltschutz und neue Energien.<\/p>","protected":false},"excerpt":{"rendered":"<p>Merkmale<\/p>\n<p>\uff0eFeinguss<\/p>\n<p>\uff0eVerriegelungsgriff<\/p>\n<p>\uff0eAntistatikger\u00e4t<\/p>\n<p>\uff0eAusblassicherer Schaft<\/p>\n<p>\uff0eAutomatisierungszubeh\u00f6r<\/p>\n<p>\uff0eISO5211 Direktmontagepad<\/p>\n<p>\uff0eLive-Loading-Design<\/p>","protected":false},"featured_media":18166,"template":"","meta":{"advanced_seo_description":"","jetpack_seo_html_title":"","jetpack_seo_noindex":false},"product_brand":[],"product_cat":[83],"product_tag":[248,245,247,246,249],"class_list":{"0":"post-18165","1":"product","2":"type-product","3":"status-publish","4":"has-post-thumbnail","6":"product_cat-ball-valves","7":"product_tag-cf8m-din-wafer-ball-valve","8":"product_tag-din-wafer-ball-valve","9":"product_tag-dn80-din-wafer-ball-valve","10":"product_tag-pn16-din-wafer-ball-valve","11":"product_tag-rf-end-din-wafer-ball-valve","13":"first","14":"instock","15":"shipping-taxable","16":"product-type-simple"},"jetpack_sharing_enabled":true,"_links":{"self":[{"href":"https:\/\/oudianvalve.com\/de\/wp-json\/wp\/v2\/product\/18165","targetHints":{"allow":["GET"]}}],"collection":[{"href":"https:\/\/oudianvalve.com\/de\/wp-json\/wp\/v2\/product"}],"about":[{"href":"https:\/\/oudianvalve.com\/de\/wp-json\/wp\/v2\/types\/product"}],"wp:featuredmedia":[{"embeddable":true,"href":"https:\/\/oudianvalve.com\/de\/wp-json\/wp\/v2\/media\/18166"}],"wp:attachment":[{"href":"https:\/\/oudianvalve.com\/de\/wp-json\/wp\/v2\/media?parent=18165"}],"wp:term":[{"taxonomy":"product_brand","embeddable":true,"href":"https:\/\/oudianvalve.com\/de\/wp-json\/wp\/v2\/product_brand?post=18165"},{"taxonomy":"product_cat","embeddable":true,"href":"https:\/\/oudianvalve.com\/de\/wp-json\/wp\/v2\/product_cat?post=18165"},{"taxonomy":"product_tag","embeddable":true,"href":"https:\/\/oudianvalve.com\/de\/wp-json\/wp\/v2\/product_tag?post=18165"}],"curies":[{"name":"wp","href":"https:\/\/api.w.org\/{rel}","templated":true}]}}