{"id":18163,"date":"2023-06-30T03:14:35","date_gmt":"2023-06-30T03:14:35","guid":{"rendered":"https:\/\/oudianvalve.com\/?post_type=product&#038;p=18163"},"modified":"2025-06-14T05:54:21","modified_gmt":"2025-06-14T05:54:21","slug":"duplex-2507-ball-valve-600lb-3-inch-flange-end","status":"publish","type":"product","link":"https:\/\/oudianvalve.com\/de\/products\/ball-valves\/duplex-2507-ball-valve-600lb-3-inch-flange-end\/","title":{"rendered":"Duplex 2507 Kugelhahn, 600 lb, 3 Zoll, Flanschende"},"content":{"rendered":"<p>Design- und Herstellungsstandard: API 6D, API 608, BS 5351\/DIN3357\/JIS B2071<\/p>\n<p>Druck- und Temperaturstandard: ASME B16.34\/DIN3230<\/p>\n<p>Standard f\u00fcr Baul\u00e4ngenabmessungen: ASME B16.10\/DIN3202\/JIS B2002<\/p>\n<p>Flanschstandard: ASME B16.5, ASME B16.47\/DIN2543-2545-2501\/JIS B2220<\/p>\n<p>Test- und Inspektionsstandard: API 598, API 6D\/DIN2401\/JIS B2003.<\/p>\n<p>Gr\u00f6\u00dfe: 1\/2&quot;-10&quot; (DN15~DN250)<\/p>\n<p>Druckstufe: 150LB-600LB\/PN16~PN100\/10K~60K)<\/p>\n<p>Material: Duplex S31803, Super Duplex S32750, Super Duplex S327601A, 2A, 3A, 4A, 5A, 6A, 1B, 1C, CD4MCu, CD4MCuN, CD3MCuN, CE8MN, CD6MN, CD3MN, CE3MN, CD3MWCuNF51, F53, F55, F60<\/p>\n<p>Geeignete Temperatur: -196 \u00b0C bis 450 \u00b0C (unterschiedliche Temperaturen w\u00e4hlen unterschiedliche Materialien).<\/p>\n<p>Geeignetes Medium: Wasser, Dampf, \u00d6l und Erdgas usw.<\/p>\n<h4>Produktmerkmale<\/h4>\n<p>1. Das Produkt hat ein geringes Gewicht;<br \/>\n2. Der Str\u00f6mungswiderstand ist gering;<br \/>\n3. Ventilsitz mit Lippenform, leicht zu \u00f6ffnen und zu schlie\u00dfen;<br \/>\n4. Keine Einschr\u00e4nkung der Durchflussrichtung;<br \/>\n5. Feuersicheres, antistatisches Design, ausblassicherer Schaft;<br \/>\n6. Federbelastete Packung kann gew\u00e4hlt werden;<br \/>\n7. Verpackungen mit geringer Emission k\u00f6nnen gem\u00e4\u00df den Anforderungen von ISO 15848 ausgew\u00e4hlt werden.<br \/>\n8. Vorbauverl\u00e4ngerung kann gew\u00e4hlt werden<br \/>\n9. Es kann zwischen einem weichen Sitz und einem Metall-Metall-Sitz gew\u00e4hlt werden.<br \/>\n10. Ummanteltes Design kann gew\u00e4hlt werden.;<\/p>\n<p>Duplex 2507 Kugelhahn Lieferant, 600LB 2507 Kugelhahn Fabrik, 3 Zoll 2507 Kugelhahn, Flansch Ende 2507 Kugelhahn<\/p>","protected":false},"excerpt":{"rendered":"<p>Schwimmende Kugel, voller Durchgang oder reduzierter Durchgang.<br \/>\nISO5211-Montagepad als Option.<br \/>\nAusblassicheres Schaftdesign.<br \/>\nPTFE\/RPTFE-Sitzdichtung (Das Sitzdichtungsmaterial kann auf Kundenwunsch oder entsprechend dem Medium- und Temperaturzustand des Ventils festgelegt werden).<br \/>\nAntistatisches Design und API 607 Fire Safe<br \/>\nVerf\u00fcgbare Ausf\u00fchrungen: Handrad, Schneckenrad, pneumatischer Antrieb und elektrischer Antrieb<\/p>","protected":false},"featured_media":18164,"template":"","meta":{"advanced_seo_description":"","jetpack_seo_html_title":"","jetpack_seo_noindex":false},"product_brand":[],"product_cat":[83],"product_tag":[437,436,435,181],"class_list":{"0":"post-18163","1":"product","2":"type-product","3":"status-publish","4":"has-post-thumbnail","6":"product_cat-ball-valves","7":"product_tag-3-inch-2507-ball-valve","8":"product_tag-600lb-2507-ball-valve-factory","9":"product_tag-duplex-2507-ball-valve-supplier","10":"product_tag-flange-end-2507-ball-valve","12":"first","13":"instock","14":"shipping-taxable","15":"product-type-simple"},"jetpack_sharing_enabled":true,"_links":{"self":[{"href":"https:\/\/oudianvalve.com\/de\/wp-json\/wp\/v2\/product\/18163","targetHints":{"allow":["GET"]}}],"collection":[{"href":"https:\/\/oudianvalve.com\/de\/wp-json\/wp\/v2\/product"}],"about":[{"href":"https:\/\/oudianvalve.com\/de\/wp-json\/wp\/v2\/types\/product"}],"wp:featuredmedia":[{"embeddable":true,"href":"https:\/\/oudianvalve.com\/de\/wp-json\/wp\/v2\/media\/18164"}],"wp:attachment":[{"href":"https:\/\/oudianvalve.com\/de\/wp-json\/wp\/v2\/media?parent=18163"}],"wp:term":[{"taxonomy":"product_brand","embeddable":true,"href":"https:\/\/oudianvalve.com\/de\/wp-json\/wp\/v2\/product_brand?post=18163"},{"taxonomy":"product_cat","embeddable":true,"href":"https:\/\/oudianvalve.com\/de\/wp-json\/wp\/v2\/product_cat?post=18163"},{"taxonomy":"product_tag","embeddable":true,"href":"https:\/\/oudianvalve.com\/de\/wp-json\/wp\/v2\/product_tag?post=18163"}],"curies":[{"name":"wp","href":"https:\/\/api.w.org\/{rel}","templated":true}]}}