{"id":18159,"date":"2023-06-30T02:44:01","date_gmt":"2023-06-30T02:44:01","guid":{"rendered":"https:\/\/oudianvalve.com\/?post_type=product&#038;p=18159"},"modified":"2023-06-30T02:44:02","modified_gmt":"2023-06-30T02:44:02","slug":"300lb-trunnion-mounted-ball-valve6-inch-cf8-rf-end","status":"publish","type":"product","link":"https:\/\/oudianvalve.com\/de\/products\/ball-valves\/300lb-trunnion-mounted-ball-valve6-inch-cf8-rf-end\/","title":{"rendered":"300LB zapfenmontierter Kugelhahn, 6 Zoll, CF8, RF-Ende"},"content":{"rendered":"<p>Designstandard: API 6D<br \/>\nFeuersicher: API 607\/6FA<br \/>\nDruck-Temperatur-Bewertungen: ASME B16.34<br \/>\nGr\u00f6\u00dfenbereich: 2&quot; bis 48&quot;<br \/>\nDruckbereich: Klasse 150 bis 2500<br \/>\nEndanschl\u00fcsse: RF-Flansch, RTJ, Stumpfschwei\u00dfung<br \/>\nKugeltyp: Geschmiedete Vollkugel, zapfenmontiert<br \/>\nAbmessungen des Flanschendes: ASME B16.5 (\u226424 Zoll), ASME B16.47 Serie A oder B (&gt;24 Zoll)<br \/>\nAbmessungen des Stumpfschwei\u00dfendes: ASME B16.25 von Angesicht zu Angesicht<br \/>\nBauabmessungen: ASME B16.10<br \/>\nInspektion und Tests: API 6D<br \/>\nGeh\u00e4usematerialien: WCB, CF8, CF8M CF3M, 4A,5A,6A, C95800.<br \/>\nSitzmaterialien: PTFE, RPTFE, DEVLON, NYLON, PEEK, Vollmetall mit Hartbeschichtung.<\/p>\n<p>&nbsp;<\/p>\n<p>Produktmerkmale<\/p>\n<p>.Der Str\u00f6mungswiderstand ist gering;<br \/>\n2.Kolbensitz, Brandschutz-antistatische Strukturkonstruktion;<br \/>\n3. Keine Einschr\u00e4nkung der Flie\u00dfrichtung des Mediums;<br \/>\n4. Wenn sich das Ventil in der vollst\u00e4ndig ge\u00f6ffneten Position befindet, liegen die Sitzoberfl\u00e4chen au\u00dferhalb des Str\u00f6mungsstroms und stehen immer in vollem Kontakt mit dem Schieber, der die Sitzoberfl\u00e4chen sch\u00fctzen kann, und sind f\u00fcr Molchleitungen geeignet.<br \/>\n5. Federbelastete Verpackung kann gew\u00e4hlt werden;<br \/>\n6. Eine emissionsarme Verpackung kann gem\u00e4\u00df den Anforderungen der ISO 15848 ausgew\u00e4hlt werden.<br \/>\n7.Stem-erweitertes Design kann gew\u00e4hlt werden;<br \/>\n8. Metall-zu-Metall-Sitzdesign kann gew\u00e4hlt werden;<br \/>\n9.DBB, DIB-1, DIB-2 Design kann gew\u00e4hlt werden;<br \/>\n10.Die Kugel ist mit einer St\u00fctzplatte und einer festen Welle befestigt;<\/p>\n<p>Bei Kugelh\u00e4hnen handelt es sich um Ventile mit Vierteldrehung. Das Verschlusselement ist eine Kugel, die sich um 90\u00b0 drehen l\u00e4sst. Wenn das Ventil so positioniert ist, dass die Bohrung in die gleiche Richtung wie die Rohrleitung ausgerichtet ist, ist das Ventil ge\u00f6ffnet, und wenn die Kugel um 90\u00b0 gedreht wird, wird das Ventil geschlossen. Es gibt einen Schaft und einen Zapfen, um die Kugel zu fixieren, und die Kugel kann sich nicht wie ein schwimmender Kugelhahn bewegen, ein sogenannter zapfenmontierter Kugelhahn. Im Vergleich zu Drehventilen haben Kugelh\u00e4hne eine k\u00fcrzere \u00d6ffnungs- und Schlie\u00dfzeit, eine l\u00e4ngere Lebensdauer und weniger Platz f\u00fcr die Installation. Der ge\u00f6ffnete oder geschlossene Zustand des Ventils l\u00e4sst sich leicht anhand der Position des Griffs erkennen. Kugelh\u00e4hne werden h\u00e4ufig in der \u00d6l- und Gas-, Petrochemie- und Energieindustrie eingesetzt und sind in der Regel f\u00fcr Ein-Aus-Anwendungen vorgesehen, jedoch nicht f\u00fcr die Kapazit\u00e4tssteuerung geeignet.<\/p>","protected":false},"excerpt":{"rendered":"<ul>\n<li>Doppelter Block und Auslauf<\/li>\n<li>Versch\u00fcttetes Geh\u00e4use oder seitlicher Eingang, 2-teiliges oder 3-teiliges Geh\u00e4use<\/li>\n<li>Einfach wirksamer Kolben oder doppelt wirksamer Kolben (DIB-1, DIB-2)<\/li>\n<li>Verschraubte Motorhaube<\/li>\n<li>Antistatisches Ger\u00e4t<\/li>\n<li>Anti-Blowout-Vorbau<\/li>\n<li>Feuersicher<\/li>\n<li>Self Cavitry relife<\/li>\n<li>Dichtstoffinjektion<\/li>\n<\/ul>","protected":false},"featured_media":18160,"template":"","meta":{"advanced_seo_description":"","jetpack_seo_html_title":"","jetpack_seo_noindex":false},"product_brand":[],"product_cat":[83],"product_tag":[232,233,234,235],"class_list":{"0":"post-18159","1":"product","2":"type-product","3":"status-publish","4":"has-post-thumbnail","6":"product_cat-ball-valves","7":"product_tag-300lb-trunnion-mounted-ball-valve","8":"product_tag-6-inch-300lb-trunnion-mounted-ball-valve","9":"product_tag-cf8-300lb-trunnion-mounted-ball-valve","10":"product_tag-rf-end-300lb-trunnion-mounted-ball-valve","12":"first","13":"instock","14":"shipping-taxable","15":"product-type-simple"},"jetpack_sharing_enabled":true,"_links":{"self":[{"href":"https:\/\/oudianvalve.com\/de\/wp-json\/wp\/v2\/product\/18159","targetHints":{"allow":["GET"]}}],"collection":[{"href":"https:\/\/oudianvalve.com\/de\/wp-json\/wp\/v2\/product"}],"about":[{"href":"https:\/\/oudianvalve.com\/de\/wp-json\/wp\/v2\/types\/product"}],"wp:featuredmedia":[{"embeddable":true,"href":"https:\/\/oudianvalve.com\/de\/wp-json\/wp\/v2\/media\/18160"}],"wp:attachment":[{"href":"https:\/\/oudianvalve.com\/de\/wp-json\/wp\/v2\/media?parent=18159"}],"wp:term":[{"taxonomy":"product_brand","embeddable":true,"href":"https:\/\/oudianvalve.com\/de\/wp-json\/wp\/v2\/product_brand?post=18159"},{"taxonomy":"product_cat","embeddable":true,"href":"https:\/\/oudianvalve.com\/de\/wp-json\/wp\/v2\/product_cat?post=18159"},{"taxonomy":"product_tag","embeddable":true,"href":"https:\/\/oudianvalve.com\/de\/wp-json\/wp\/v2\/product_tag?post=18159"}],"curies":[{"name":"wp","href":"https:\/\/api.w.org\/{rel}","templated":true}]}}