{"id":18156,"date":"2023-06-21T07:01:40","date_gmt":"2023-06-21T07:01:40","guid":{"rendered":"https:\/\/oudianvalve.com\/?post_type=product&#038;p=18156"},"modified":"2023-06-21T07:01:41","modified_gmt":"2023-06-21T07:01:41","slug":"duplex-2205-y-filter-600lb-2-inch-rtj-end","status":"publish","type":"product","link":"https:\/\/oudianvalve.com\/de\/products\/y-strainer\/duplex-2205-y-filter-600lb-2-inch-rtj-end\/","title":{"rendered":"Duplex 2205 Y-Filter, 600LB, 2 Zoll, RTJ-Ende"},"content":{"rendered":"<p>Normen f\u00fcr Y-Typ-Siebe<br \/>\nDesign und Herstellung: ASME B16.34<br \/>\nGr\u00f6\u00dfenbereich: DN15 bis DN1200<br \/>\nDruckbereich: PN 10 bis PN160<br \/>\nInspektion und Test: API 598<br \/>\nEndflanschma\u00df: ASME B16.5,ASME B16.47 A<br \/>\nBW-Endma\u00df: ASME B16.25<br \/>\nVon Angesicht zu Angesicht und von Ende zu Ende: ASME B16.10<br \/>\nDruck-Temperatur-Bewertungen: ASME B16.34<br \/>\nMaterial: ASTM A351 CF8, ASTM A351 CF8M, ASTM A351 CF3M, ASTM A351 CF8C<br \/>\nCN3MN, CK3MCUN, CN7M, ASTM A890 4A (CD3MN), ASTM A890 5A (CE3MN)<\/p>\n<p>Y-Filter werden normalerweise am Einlass von Druckminderventilen, \u00dcberdruckventilen, Ventilen zur Konstanthaltung des Wasserstands oder anderen Ger\u00e4ten installiert, um Verunreinigungen aus dem Medium zu entfernen und die normale Verwendung von Ventilen und Ger\u00e4ten zu gew\u00e4hrleisten.<br \/>\nDer Y-Typ-Filter zeichnet sich durch eine fortschrittliche Struktur, einen geringen Widerstand und eine bequeme Entladung aus.<br \/>\nDas geeignete Medium f\u00fcr Y-Filter kann Wasser oder \u00d6lgas sein.<br \/>\nDer von Oudian Valve hergestellte Filter 2205 verf\u00fcgt im Allgemeinen \u00fcber ein Wassernetz von 18\u201330 Maschen, ein Bel\u00fcftungsnetz von 10\u2013100 Maschen und ein \u00d6lnetz von 100\u2013480 Maschen.<br \/>\nDer Filter vom Typ 2205 Y sollte aus einem Ventilk\u00f6rper, einem Filtersieb, einer Flanschabdeckung und Befestigungselementen bestehen. Nachdem die Fl\u00fcssigkeit durch die Rohrleitung in das Filtersieb gelangt ist, werden feste Verunreinigungen und Partikel im Filtersieb blockiert, w\u00e4hrend saubere Fl\u00fcssigkeit durch das Filtersieb flie\u00dft und aus dem Filterauslass abgelassen wird.<\/p>\n<p>Funktionen des 2205 Y-Filters:<br \/>\n1. Im Vergleich zu austenitischem Edelstahl 316L und 317L weist die Legierung 2205 aus Duplex-Edelstahl eine bessere Best\u00e4ndigkeit gegen Punktkorrosion und Risskorrosion auf. Sie weist im Vergleich zu Austenit eine hohe Korrosionsbest\u00e4ndigkeit, einen niedrigeren W\u00e4rmeausdehnungskoeffizienten und eine h\u00f6here W\u00e4rmeleitf\u00e4higkeit auf.<br \/>\n2. Im Vergleich zu austenitischem Edelstahl hat die Duplex-Edelstahllegierung 2205 die doppelte Druckfestigkeit. Im Vergleich zu 316L und 317L k\u00f6nnen Designer das Gewicht reduzieren. Das 22052205-Schieberventil ist besonders f\u00fcr den Temperaturbereich von -50 \u00b0F\/+600 \u00b0F geeignet und kann unter strengen Einschr\u00e4nkungen auch bei niedrigeren Temperaturen verwendet werden (insbesondere f\u00fcr geschwei\u00dfte Strukturen). Chemische Zusammensetzung: C0,030 Mns2,00 Si1,00 p0,030 S0,020 Cr 22,0 ~ 23,0 Ni 4,5-6,5 M3,0 3,5 N0,140,20 (Austenit-Ferrit-Typ)<\/p>","protected":false},"excerpt":{"rendered":"<p>Super-Duplex-Edelstahl-Y-Sieb, Stahlguss 5A\/2205, Flanschanschluss nach ANSI CL600LB<\/p>\n<p>Die Filterlegierung vom Typ 2205 Y ist ein Duplex-Edelstahl, der aus den Verbundlegierungen 21% Chrom, 2,5% Zink und 4,5% Nickel besteht. Sie weist eine hohe Festigkeit, gute Schlagz\u00e4higkeit und eine gute allgemeine und lokale Spannungskorrosionsbest\u00e4ndigkeit auf.<\/p>\n<p>Der Filter 2205 Y ist ein unverzichtbares Filterger\u00e4t im Rohrleitungssystem zur F\u00f6rderung von Medien,<\/p>","protected":false},"featured_media":18157,"template":"","meta":{"advanced_seo_description":"","jetpack_seo_html_title":"","jetpack_seo_noindex":false},"product_brand":[],"product_cat":[84],"product_tag":[226,225,224,227],"class_list":{"0":"post-18156","1":"product","2":"type-product","3":"status-publish","4":"has-post-thumbnail","6":"product_cat-y-strainer","7":"product_tag-2-inch-duplex-2205-y-filter","8":"product_tag-600lb-duplex-2205-y-filter","9":"product_tag-duplex-2205-y-filter","10":"product_tag-rtj-duplex-2205-y-filter","12":"first","13":"instock","14":"shipping-taxable","15":"product-type-simple"},"jetpack_sharing_enabled":true,"_links":{"self":[{"href":"https:\/\/oudianvalve.com\/de\/wp-json\/wp\/v2\/product\/18156","targetHints":{"allow":["GET"]}}],"collection":[{"href":"https:\/\/oudianvalve.com\/de\/wp-json\/wp\/v2\/product"}],"about":[{"href":"https:\/\/oudianvalve.com\/de\/wp-json\/wp\/v2\/types\/product"}],"wp:featuredmedia":[{"embeddable":true,"href":"https:\/\/oudianvalve.com\/de\/wp-json\/wp\/v2\/media\/18157"}],"wp:attachment":[{"href":"https:\/\/oudianvalve.com\/de\/wp-json\/wp\/v2\/media?parent=18156"}],"wp:term":[{"taxonomy":"product_brand","embeddable":true,"href":"https:\/\/oudianvalve.com\/de\/wp-json\/wp\/v2\/product_brand?post=18156"},{"taxonomy":"product_cat","embeddable":true,"href":"https:\/\/oudianvalve.com\/de\/wp-json\/wp\/v2\/product_cat?post=18156"},{"taxonomy":"product_tag","embeddable":true,"href":"https:\/\/oudianvalve.com\/de\/wp-json\/wp\/v2\/product_tag?post=18156"}],"curies":[{"name":"wp","href":"https:\/\/api.w.org\/{rel}","templated":true}]}}