{"id":18149,"date":"2023-06-21T05:59:43","date_gmt":"2023-06-21T05:59:43","guid":{"rendered":"https:\/\/oudianvalve.com\/?post_type=product&#038;p=18149"},"modified":"2023-06-21T07:13:04","modified_gmt":"2023-06-21T07:13:04","slug":"904l-swing-check-valve-pn25-dn80-flange-end","status":"publish","type":"product","link":"https:\/\/oudianvalve.com\/de\/products\/check-valves\/904l-swing-check-valve-pn25-dn80-flange-end\/","title":{"rendered":"904L R\u00fcckschlagventil, PN25, DN80, Flanschende"},"content":{"rendered":"<p>Konstruktionsnorm: API623\/ASME B16.34<br \/>\nDruck-Temperatur-Bewertungen: ASME B16.34<br \/>\nGr\u00f6\u00dfenbereich: 2 bis 28 Zoll<br \/>\nDruckbereich: Klasse 150 bis 2500<br \/>\nEndanschl\u00fcsse: RF-Flansch, RTJ, Stumpfschwei\u00dfung<br \/>\nAbmessungen des Flanschendes: ASME B16.5 (\u226424 Zoll), ASME B16.47 Serie A oder B (&gt;24 Zoll)<br \/>\nAbmessungen des Stumpfschwei\u00dfendes: ASME B16.25 von Angesicht zu Angesicht<br \/>\nBauabmessungen: ASME B16.10<br \/>\nInspektion und Tests: API 598<br \/>\nMaterial: ASTM A351 CF8, ASTM A351 CF8M, ASTM A351 CF3M, ASTM A351 CF8C<br \/>\nCN3MN, CK3MCUN, CN7M, ASTM A890 4A (CD3MN), ASTM A890 5A (CE3MN),<br \/>\nASTM A890 6A(CD3MWCuN)<br \/>\nASTM B148 C95800, ASTM B148 C95500.<\/p>\n<p>Das R\u00fcckschlagventil aus Edelstahl 904L verf\u00fcgt \u00fcber eine interne Kipphebelstruktur, wobei sich die Ventilscheibe um die Welle dreht. Die Ventilscheibe \u00f6ffnet sich unter Fl\u00fcssigkeitsdruck und die Fl\u00fcssigkeit flie\u00dft von der Einlassseite zur Auslassseite. Wenn der Druck auf der Einlassseite niedriger ist als der auf der Auslassseite, schlie\u00dft sich die Ventilscheibe automatisch unter Faktoren wie Fl\u00fcssigkeitsdruckunterschied und Eigenschwerkraft, um einen Fl\u00fcssigkeitsr\u00fcckfluss zu verhindern. Es kann den Wasserschlagdruck effektiv reduzieren, hat eine gute Dichtleistung und ist beim Schlie\u00dfen ger\u00e4uschlos. Das Konturdesign im Einklang mit der Hydraulik wird \u00fcbernommen, um einen besser stromlinienf\u00f6rmigen Wasserweg mit Fl\u00fcssigkeitsf\u00fchrung im Inneren zu erhalten, was einen geringen Druckverlust gew\u00e4hrleisten kann. Es wird am Auslass der Wasserpumpe installiert und kann schnell geschlossen werden, bevor das Wasser zur\u00fcckflie\u00dft, um Wasserschl\u00e4ge, Wasserschlagger\u00e4usche und Bodenbruchst\u00f6\u00dfe zu vermeiden, um einen R\u00fcckfluss zu verhindern und die Ausr\u00fcstung zu sch\u00fctzen.<\/p>\n<p>Standardmarke des R\u00fcckschlagventils aus Edelstahl 904L: Chinesische Marke: 00Cr20Ni25Mo4.5Cu, amerikanische Marke: ASTM A240 N08904<br \/>\nChemische Zusammensetzung von Edelstahl 904L: 904 Chemische Zusammensetzungstabelle: C &lt; 0,03, Si1,00, MnS2,00, PK0,035, S \u2264 0,03, Ni23,0\u201325,0, Cr18,0\u201320,0, Mo: 3,0\u20134,0, Cu: 4,0\u20135,0.<\/p>\n<p>Das R\u00fcckschlagventil aus Edelstahl 904L ist ein hochlegierter austenitischer Edelstahl mit niedrigem Kohlenstoffgehalt. Edelstahl 904L ist f\u00fcr raue korrosive Umgebungen ausgelegt.* Die urspr\u00fcngliche Legierung 904L wurde f\u00fcr Korrosionsbest\u00e4ndigkeit in verd\u00fcnnter Schwefels\u00e4ure entwickelt. Nach Jahren der praktischen Anwendung hat sie sich als sehr erfolgreich erwiesen. Mittlerweile ist 9O4L in vielen Normen standardisiert und f\u00fcr die Herstellung von Druckbeh\u00e4ltern zugelassen. Wie andere h\u00e4ufig verwendete austenitische CrNi-St\u00e4hle weist die Legierung 904L eine gute Best\u00e4ndigkeit gegen Punktkorrosion und Spaltkorrosion, eine hohe Best\u00e4ndigkeit gegen Spannungsrisskorrosion, eine gute Best\u00e4ndigkeit gegen interkristalline Korrosion sowie eine gute Verarbeitbarkeit und Schwei\u00dfbarkeit auf.<\/p>","protected":false},"excerpt":{"rendered":"<p>Komplett offenes Design<br \/>\nVerschraubter Deckel.<br \/>\nSchwingscheibenausf\u00fchrung<br \/>\nOptionale d\u00e4mpfende Feuchtigkeitsstruktur<br \/>\nErneuerbarer oder geschwei\u00dfter Sitz<br \/>\nFlansch- oder Stumpfschwei\u00dfenden<\/p>\n<p>R\u00fcckschlagventile werden h\u00e4ufig in der \u00d6l-, Chemie-, Medizin-, D\u00fcngemittel- und St\u00e4dtebauindustrie usw. eingesetzt. Das R\u00fcckschlagventil vom Typ \u201eKlappenventil\u201c ist als vollst\u00e4ndig offene Struktur mit voller Bohrung konzipiert, um die Rohrleitung zu reinigen.<\/p>","protected":false},"featured_media":18151,"template":"","meta":{"advanced_seo_description":"","jetpack_seo_html_title":"","jetpack_seo_noindex":false},"product_brand":[],"product_cat":[82],"product_tag":[228,229,231,230],"class_list":{"0":"post-18149","1":"product","2":"type-product","3":"status-publish","4":"has-post-thumbnail","6":"product_cat-check-valves","7":"product_tag-904l-swing-check-valve","8":"product_tag-dn80-904l-swing-check-valve","9":"product_tag-flange-end-904l-swing-check-valve","10":"product_tag-pn25-904l-swing-check-valve","12":"first","13":"instock","14":"shipping-taxable","15":"product-type-simple"},"jetpack_sharing_enabled":true,"_links":{"self":[{"href":"https:\/\/oudianvalve.com\/de\/wp-json\/wp\/v2\/product\/18149","targetHints":{"allow":["GET"]}}],"collection":[{"href":"https:\/\/oudianvalve.com\/de\/wp-json\/wp\/v2\/product"}],"about":[{"href":"https:\/\/oudianvalve.com\/de\/wp-json\/wp\/v2\/types\/product"}],"wp:featuredmedia":[{"embeddable":true,"href":"https:\/\/oudianvalve.com\/de\/wp-json\/wp\/v2\/media\/18151"}],"wp:attachment":[{"href":"https:\/\/oudianvalve.com\/de\/wp-json\/wp\/v2\/media?parent=18149"}],"wp:term":[{"taxonomy":"product_brand","embeddable":true,"href":"https:\/\/oudianvalve.com\/de\/wp-json\/wp\/v2\/product_brand?post=18149"},{"taxonomy":"product_cat","embeddable":true,"href":"https:\/\/oudianvalve.com\/de\/wp-json\/wp\/v2\/product_cat?post=18149"},{"taxonomy":"product_tag","embeddable":true,"href":"https:\/\/oudianvalve.com\/de\/wp-json\/wp\/v2\/product_tag?post=18149"}],"curies":[{"name":"wp","href":"https:\/\/api.w.org\/{rel}","templated":true}]}}