{"id":18146,"date":"2023-06-21T05:24:32","date_gmt":"2023-06-21T05:24:32","guid":{"rendered":"https:\/\/oudianvalve.com\/?post_type=product&#038;p=18146"},"modified":"2023-06-21T05:27:30","modified_gmt":"2023-06-21T05:27:30","slug":"a351-cn7m-alloy-20-swing-check-valve-150lb-2-inch","status":"publish","type":"product","link":"https:\/\/oudianvalve.com\/de\/products\/check-valves\/a351-cn7m-alloy-20-swing-check-valve-150lb-2-inch\/","title":{"rendered":"A351 CN7M Alloy 20 R\u00fcckschlagventil, 150LB, 2 Zoll"},"content":{"rendered":"<p>Konstruktionsnorm: API623\/ASME B16.34<br \/>\nDruck-Temperatur-Bewertungen: ASME B16.34<br \/>\nGr\u00f6\u00dfenbereich: 2 bis 28 Zoll<br \/>\nDruckbereich: Klasse 150 bis 2500<br \/>\nEndanschl\u00fcsse: RF-Flansch, RTJ, Stumpfschwei\u00dfung<br \/>\nAbmessungen des Flanschendes: ASME B16.5 (\u226424 Zoll), ASME B16.47 Serie A oder B (&gt;24 Zoll)<br \/>\nAbmessungen des Stumpfschwei\u00dfendes: ASME B16.25 von Angesicht zu Angesicht<br \/>\nBauabmessungen: ASME B16.10<br \/>\nInspektion und Tests: API 598<br \/>\nMaterial: ASTM A351 CF8, ASTM A351 CF8M, ASTM A351 CF3M, ASTM A351 CF8C<br \/>\nCN3MN, CK3MCUN, CN7M, ASTM A890 4A (CD3MN), ASTM A890 5A (CE3MN),<br \/>\nASTM A890 6A(CD3MWCuN)<br \/>\nASTM B148 C95800, ASTM B148 C95500.<\/p>\n<p>Das A351 CN7M Alloy 20 R\u00fcckschlagventil, auch R\u00fcckschlagventil, Einwegventil oder R\u00fcckflussventil genannt, ist ein automatischer Ventiltyp, der sich automatisch \u00f6ffnet und schlie\u00dft, indem er sich auf den Durchfluss des Mediums selbst verl\u00e4sst. Es wird normalerweise in Rohrleitungen verwendet, um einen R\u00fcckfluss des Mediums zu verhindern. Es ist f\u00fcr pulsierenden Durchfluss geeignet, seine Dichtleistung ist jedoch nicht so gut wie die des Hubtyps. R\u00fcckschlagventile werden je nach Durchmesser der Klappe in drei Typen unterteilt: Einzel-, Doppel- und Mehrfachscheibe, um den hydraulischen Aufprall zu verringern und ein Anhalten oder Zur\u00fcckflie\u00dfen des Mediums zu verhindern. R\u00fcckschlagventile k\u00f6nnen auch verwendet werden, um Rohrleitungen zu Hilfssystemen zu versorgen, bei denen der Druck \u00fcber den Systemdruck steigen kann. Das R\u00fcckschlagventil kann haupts\u00e4chlich in ein nach oben schwenkbares R\u00fcckschlagventil unterteilt werden, das sich entsprechend dem Schwerpunkt dreht, und ein nach oben schwenkbares R\u00fcckschlagventil, das sich entlang der Saugleitung bewegt.<\/p>\n<p>CN7M ist ein austenitischer Edelstahl f\u00fcr den Guss mit \u00e4hnlichen Eigenschaften wie Legierung 20. Er wird auch als Legierung 20 in Gusst\u00fcren verwendet und weist eine ausgezeichnete Korrosionsbest\u00e4ndigkeit, Fleckenbest\u00e4ndigkeit und Rissbest\u00e4ndigkeit auf.<br \/>\nCN7M weist beim Schwei\u00dfvorgang weniger Karbidausf\u00e4llung auf, was intergranulare Korrosion stabil verhindern und Sensibilisierung verhindern kann. Es wird h\u00e4ufig in Medien wie konzentrierter Schwefels\u00e4ure, verd\u00fcnnter Schwefels\u00e4ure und Schwefels\u00e4uregemischen verwendet.<\/p>","protected":false},"excerpt":{"rendered":"<ul>\n<li>Motorhaube: Verschraubte Motorhaube<\/li>\n<li>Integrierter Sitzk\u00f6rper oder erneuerbarer Sitzring<\/li>\n<li>Unidirektional<\/li>\n<li>Schwingscheibe<\/li>\n<li>Gussscheibe (\u00fcber 4\u201c) oder geschmiedete Scheibe (2\u201c bis 4\u201c)<\/li>\n<li>Nicht vollst\u00e4ndig \u00f6ffnende oder vollst\u00e4ndig \u00f6ffnende Scheibe<\/li>\n<\/ul>","protected":false},"featured_media":18148,"template":"","meta":{"advanced_seo_description":"","jetpack_seo_html_title":"","jetpack_seo_noindex":false},"product_brand":[],"product_cat":[82],"product_tag":[213,214,212,215],"class_list":{"0":"post-18146","1":"product","2":"type-product","3":"status-publish","4":"has-post-thumbnail","6":"product_cat-check-valves","7":"product_tag-150lb-a351-cn7m-swing-check-valve","8":"product_tag-2-inch-a351-cn7m-swing-check-valve","9":"product_tag-a351-cn7m-alloy-20-swing-check-valve","10":"product_tag-alloy-20-swing-check-valve","12":"first","13":"instock","14":"shipping-taxable","15":"product-type-simple"},"jetpack_sharing_enabled":true,"_links":{"self":[{"href":"https:\/\/oudianvalve.com\/de\/wp-json\/wp\/v2\/product\/18146","targetHints":{"allow":["GET"]}}],"collection":[{"href":"https:\/\/oudianvalve.com\/de\/wp-json\/wp\/v2\/product"}],"about":[{"href":"https:\/\/oudianvalve.com\/de\/wp-json\/wp\/v2\/types\/product"}],"wp:featuredmedia":[{"embeddable":true,"href":"https:\/\/oudianvalve.com\/de\/wp-json\/wp\/v2\/media\/18148"}],"wp:attachment":[{"href":"https:\/\/oudianvalve.com\/de\/wp-json\/wp\/v2\/media?parent=18146"}],"wp:term":[{"taxonomy":"product_brand","embeddable":true,"href":"https:\/\/oudianvalve.com\/de\/wp-json\/wp\/v2\/product_brand?post=18146"},{"taxonomy":"product_cat","embeddable":true,"href":"https:\/\/oudianvalve.com\/de\/wp-json\/wp\/v2\/product_cat?post=18146"},{"taxonomy":"product_tag","embeddable":true,"href":"https:\/\/oudianvalve.com\/de\/wp-json\/wp\/v2\/product_tag?post=18146"}],"curies":[{"name":"wp","href":"https:\/\/api.w.org\/{rel}","templated":true}]}}