{"id":18144,"date":"2023-06-21T05:14:07","date_gmt":"2023-06-21T05:14:07","guid":{"rendered":"https:\/\/oudianvalve.com\/?post_type=product&#038;p=18144"},"modified":"2023-06-21T05:14:08","modified_gmt":"2023-06-21T05:14:08","slug":"asme-16-34-a351-cn7m-globe-valve-2-inch-class-150lb","status":"publish","type":"product","link":"https:\/\/oudianvalve.com\/de\/products\/globe-valves\/asme-16-34-a351-cn7m-globe-valve-2-inch-class-150lb\/","title":{"rendered":"ASME 16.34 A351 CN7M Kugelventil, 2 Zoll, Klasse 150 LB"},"content":{"rendered":"<p>Designstandard: ASME B16.34<br \/>\nDruck-Temperatur-Bewertungen: ASME B16.34<br \/>\nGr\u00f6\u00dfenbereich: 2&quot; bis 48&quot;<br \/>\nDruckbereich: Klasse 150 bis 2500<br \/>\nEndanschl\u00fcsse: RF-Flansch, RTJ, Stumpfschwei\u00dfung<br \/>\nAbmessungen des Flanschendes: ASME B16.5 (\u226424 Zoll), ASME B16.47 Serie A oder B (&gt;24 Zoll)<br \/>\nAbmessungen des Stumpfschwei\u00dfendes: ASME B16.25 von Angesicht zu Angesicht<br \/>\nBauabmessungen: ASME B16.10<br \/>\nInspektion und Tests: API 598<br \/>\nGeh\u00e4usematerialien: ASTM A351 CF8, ASTM A351 CF8M, ASTM A351 CF3M, ASTM A351 CF8C<br \/>\nCN3MN, CK3MCUN, CN7M, ASTM A890 4A (CD3MN), ASTM A890 5A (CE3MN),<br \/>\nASTM A890 6A(CD3MWCuN)<br \/>\nASTM B148 C95800, ASTM B148 C95500.<br \/>\nVerpackungsmaterialien: PTFE, PPL, Graphit, Graphit mit Inconel-Draht<\/p>\n<p>Das amerikanische Standard-Kugelventil CN7M ist ein Ventil aus einer Nickellegierung, das haupts\u00e4chlich in Schwefels\u00e4ure, nassen Phosphors\u00e4ureprozessen, Salzs\u00e4ure und anderen Medien verwendet wird. Schaft, Scheibe, Deckel, Ventilk\u00f6rper, Ventilsitz und Halterung sind alle aus der CN7M-Legierung gegossen.<\/p>\n<p>Das amerikanische Standard-Absperrventil CN7M ist ein zwangsdichtendes Ventil, das durch Druckaus\u00fcbung auf die Ventilscheibe im geschlossenen Zustand unter Druck gesetzt werden muss, um sicherzustellen, dass die Ventilscheibe dicht an der Oberfl\u00e4che anliegt und keine Leckage auftritt. Die Str\u00f6mungsrichtung des Mediums im Absperrventil tritt vom oberen Ende der Ventilscheibe in die Ventilkammer ein, wodurch das Schlie\u00dfen des Ventils unter individuellem Druck erleichtert wird, w\u00e4hrend die zum \u00d6ffnen des Ventils erforderliche Kraft gr\u00f6\u00dfer ist. Dadurch kann der Durchmesser des Ventilschafts verringert und die Wahrscheinlichkeit von Unf\u00e4llen durch Biegen des Ventilschafts wirksam verringert werden.<\/p>\n<p>Die wichtigste chemische Zusammensetzung von CN7M ist wie folgt: Kohlenstoff C: 0,07 Silizium Si: &lt; 1,50 Mn: &lt; 1,50 Schwefel S: \u2264 0,040 Phosphor P: 0,040 Chrom Cr: 19,00 \u2013 22,00 Nickel Ni: 27,50 \u2013 30,50 Mo: 2,00 \u2013 3,00 Kupfer Cu: 3,00 \u2013 4,00 CN7M ist eine Nickelbasislegierung mit der UNS-Nummer J95150. In den ASTM- und ACI-Systemen ist CN7M die Bezeichnung f\u00fcr diese Art von Nickelbasislegierung. CN7M hat in gegossenem austenitischem Edelstahl eine geringere Zugfestigkeit, eine geringere Leitf\u00e4higkeit und eine h\u00f6here W\u00e4rmeleitf\u00e4higkeit. CN7M wird oft unter rauen Arbeitsbedingungen eingesetzt, die andere rostfreie St\u00e4hle wie 304 und 316L nicht bew\u00e4ltigen k\u00f6nnen, wie etwa Spannungsrisskorrosion. Es besitzt Eigenschaften wie Best\u00e4ndigkeit gegen Chloridionenkorrosion, Lochkorrosion und Schwefels\u00e4urekorrosion.<\/p>","protected":false},"excerpt":{"rendered":"<p>Das Funktionsprinzip des ASME 16.34 A351 CN7M-Kugelhahns besteht darin, den Hahn zu drehen, um ihn zu \u00f6ffnen oder zu schlie\u00dfen. Der ASME 16.34 A351 CN7M-Kugelhahn hat einen leichten Schalter, ist klein und kann mit gro\u00dfem Durchmesser hergestellt werden, mit zuverl\u00e4ssiger Abdichtung, einfacher Struktur und geringen Kosten.<br \/>\nLeicht zu reparieren, die Dichtfl\u00e4che und die Kugelfl\u00e4che sind oft in einem geschlossenen Zustand und werden nicht leicht durch Medien erodiert, wodurch sie in verschiedenen Branchen weit verbreitet sind. Das ASME 16.34 A351 CN7M-Kugelventil hat eine vern\u00fcnftige Struktur, ein sch\u00f6nes Aussehen, eine gute Dichtleistung und eine Dichtfl\u00e4che<br \/>\nGeringe Reibung und lange Lebensdauer:<br \/>\n1. Die Struktur ist einfach und die Herstellung und Wartung sind relativ bequem.<br \/>\n2. Kleiner Arbeitshub und kurze \u00d6ffnungs- und Schlie\u00dfzeit.<br \/>\n3. Gute Dichtleistung, geringe Reibung zwischen den Dichtfl\u00e4chen und lange Lebensdauer.<br \/>\n4. W\u00e4hrend des \u00d6ffnungs- und Schlie\u00dfvorgangs ist die Reibungskraft der Dichtfl\u00e4che geringer als die des Absperrschiebers und sie ist verschlei\u00dffest.<br \/>\n5. Normalerweise gibt es nur eine Dichtfl\u00e4che, mit guter Fertigungstechnologie und einfacher Wartung.<br \/>\n6. Zu den Strukturformen des Absperrventilk\u00f6rpers geh\u00f6ren Durchgang, Direktfluss und rechter Winkel.<\/p>","protected":false},"featured_media":18145,"template":"","meta":{"advanced_seo_description":"","jetpack_seo_html_title":"","jetpack_seo_noindex":false},"product_brand":[],"product_cat":[80],"product_tag":[211,210,208,209],"class_list":{"0":"post-18144","1":"product","2":"type-product","3":"status-publish","4":"has-post-thumbnail","6":"product_cat-globe-valves","7":"product_tag-150lb-a351-cn7m-globe-valve","8":"product_tag-2-inch-a351-cn7m-globe-valve","9":"product_tag-a351-cn7m-globe-valve","10":"product_tag-asme-16-34-a351-cn7m-globe-valve","12":"first","13":"instock","14":"shipping-taxable","15":"product-type-simple"},"jetpack_sharing_enabled":true,"_links":{"self":[{"href":"https:\/\/oudianvalve.com\/de\/wp-json\/wp\/v2\/product\/18144","targetHints":{"allow":["GET"]}}],"collection":[{"href":"https:\/\/oudianvalve.com\/de\/wp-json\/wp\/v2\/product"}],"about":[{"href":"https:\/\/oudianvalve.com\/de\/wp-json\/wp\/v2\/types\/product"}],"wp:featuredmedia":[{"embeddable":true,"href":"https:\/\/oudianvalve.com\/de\/wp-json\/wp\/v2\/media\/18145"}],"wp:attachment":[{"href":"https:\/\/oudianvalve.com\/de\/wp-json\/wp\/v2\/media?parent=18144"}],"wp:term":[{"taxonomy":"product_brand","embeddable":true,"href":"https:\/\/oudianvalve.com\/de\/wp-json\/wp\/v2\/product_brand?post=18144"},{"taxonomy":"product_cat","embeddable":true,"href":"https:\/\/oudianvalve.com\/de\/wp-json\/wp\/v2\/product_cat?post=18144"},{"taxonomy":"product_tag","embeddable":true,"href":"https:\/\/oudianvalve.com\/de\/wp-json\/wp\/v2\/product_tag?post=18144"}],"curies":[{"name":"wp","href":"https:\/\/api.w.org\/{rel}","templated":true}]}}