{"id":18139,"date":"2023-06-21T02:54:42","date_gmt":"2023-06-21T02:54:42","guid":{"rendered":"https:\/\/oudianvalve.com\/?post_type=product&#038;p=18139"},"modified":"2023-06-21T02:54:43","modified_gmt":"2023-06-21T02:54:43","slug":"904l-ball-valve-dn50-pn16-flange-end","status":"publish","type":"product","link":"https:\/\/oudianvalve.com\/de\/products\/ball-valves\/904l-ball-valve-dn50-pn16-flange-end\/","title":{"rendered":"904L Kugelhahn, DN50, PN16, Flanschende"},"content":{"rendered":"<p>Design- und Herstellungsstandard: API 6D, API 608, BS 5351\/DIN3357\/JIS B2071<\/p>\n<p>Druck- und Temperaturstandard: ASME B16.34\/DIN3230<\/p>\n<p>Standard f\u00fcr Baul\u00e4ngenabmessungen: ASME B16.10\/DIN3202\/JIS B2002<\/p>\n<p>Flanschstandard: ASME B16.5, ASME B16.47\/DIN2543-2545-2501\/JIS B2220<\/p>\n<p>Test- und Inspektionsstandard: API 598, API 6D\/DIN2401\/JIS B2003.<\/p>\n<p>Gr\u00f6\u00dfe: 1\/2&quot;-10&quot; (DN15~DN250)<\/p>\n<p>Druckstufe: 150LB-600LB\/PN16~PN100\/10K~60K)<\/p>\n<p>Hauptmaterial des Kugelhahns aus Edelstahl 310S:<br \/>\nCF8, CF3, CF8M, CF3M, CG8M, CG3M, CF8C, CK20304, 304, 316, 316L, 316Ti, 317, 317L, 310, 310S<br \/>\nF304, F304, F316, F316L, F316Ti, F317, F317L, F310, F310S<\/p>\n<p>Anwendbare Medien f\u00fcr Ventile: Wasser, Dampf, \u00d6l, Salpeters\u00e4ure, Essigs\u00e4ure, stark oxidierende Medien, Harnstoff usw.<br \/>\nAnwendungsbereich: Leitungswasser, Abwasser, Bauwesen, Erd\u00f6l, chemische Industrie, Lebensmittel, Medizin, Textil, Energie, Schifffahrt, Metallurgie, W\u00e4rme, Wasserversorgung und -entw\u00e4sserung, Wasseraufbereitung, Energiesysteme und andere Rohrleitungen.<\/p>\n<p>Marke und Standard:<br \/>\nUNS N08904 (ein 1967 gemeinsam von der American Society of Automotive Engineers und der American Society for Testing and Materials entwickelter Standard), DIN1.4539 (ein deutscher Standard), ASTM A240 (ein Standard der American Society for Testing and Materials; der neue Standard klassifiziert ihn als Edelstahlserie, w\u00e4hrend er laut dem urspr\u00fcnglichen Standard ASME SB-625 als Nickellegierungsserie klassifiziert wurde) und SUS890L.<\/p>\n<p>Die Anwendung von 904L im Bereich der Wasseraufbereitungsanlagen, wie Filter, Umkehrosmosemembranen und andere Komponenten, kann die Wasserqualit\u00e4t und die Aufbereitungseffizienz verbessern. Die spezifische chemische Zusammensetzung von 904L ist: C: \u2264 0,02, Si: \u2264 1,00, Mn: \u2264 2,00, P: \u2264 0,045, S: \u2264 0,035, Cr: 19,00-23,00, Ni: 23,00-28,00, Mo: 4,00-5,00. 904L weist eine ausgezeichnete Korrosionsbest\u00e4ndigkeit in bestimmten extremen Umgebungen auf, wie z. B. in salzhaltigen, sauren oder alkalischen Medien.<br \/>\n904L weist eine gute Best\u00e4ndigkeit gegen Hochtemperatur-Salzkorrosion auf und kann in Hochtemperatur-Salzumgebungen eine gute Stabilit\u00e4t und Korrosionsbest\u00e4ndigkeit beibehalten. Mechanische Eigenschaften von 904L: Zugfestigkeit 490 MPa, Streckgrenze 215 MPa, Dehnung 35%. 904L kann seine Eigenschaften durch W\u00e4rmebehandlung, wie z. B. Gl\u00fchen, L\u00f6sungsbehandlung usw., \u00e4ndern, um seine Festigkeit, Z\u00e4higkeit oder Korrosionsbest\u00e4ndigkeit zu verbessern.<\/p>\n<p>Der Kugelhahn 904L ist eine zweiteilige geteilte Ventilk\u00f6rperstruktur, wobei der mittlere Flansch durch Bolzen verbunden ist und die Dichtfl\u00e4che aus Polytetrafluorethylen besteht. Die Dichtung aus Polytetrafluorethylen ist in den Edelstahlring eingebettet, um sicherzustellen, dass der Ventilk\u00f6rper fest mit der Kugel verbunden ist und die Abdichtung aufrechterh\u00e4lt. Zwischen Kugel, Ventilschaft und Ventilk\u00f6rper ist eine Feder eingebaut. Der Ventilschaft ist perforiert und mit einer kleinen Stahlkugel und einer Feder verbunden, wodurch eine antistatische Struktur entsteht, die die beim \u00d6ffnen und Schlie\u00dfen des Ventils entstehende statische Elektrizit\u00e4t ableitet. Es gibt kein PTFE-Lager, was die Reibung verringert und den Betrieb arbeitssparend macht. Der Ventilsitz ist mit einer feuerfesten Struktur ausgestattet. Im Falle einer Besch\u00e4digung der PTFE-Dichtung durch ein Feuer kann zwischen der feuerfesten Nut und der Kugel immer noch eine Metall-Metall-Dichtung gebildet werden, um ein Austreten des Mediums zu verhindern. Der Kugelhahn ist eine Vollbohrungsstruktur, und die Durchflussrate durch die Ventil\u00f6ffnung entspricht der Durchflussrate des Innendurchmessers der Rohrleitung, was f\u00fcr eine sp\u00e4tere Reinigung und Wartung praktisch ist.<\/p>","protected":false},"excerpt":{"rendered":"<p>Der Kugelhahn 904L ist f\u00fcr verschiedene Schwefels\u00e4urekonzentrationen unter 70 \u00b0C geeignet und weist unter atmosph\u00e4rischem Druck eine ausgezeichnete Korrosionsbest\u00e4ndigkeit gegen\u00fcber Essigs\u00e4ure und einer Mischung aus Ameisens\u00e4ure und Essigs\u00e4ure jeder Konzentration und Temperatur auf.<\/p>\n<p>Schwimmende Kugel, voller Durchgang oder reduzierter Durchgang.<br \/>\nISO5211-Montagepad als Option.<br \/>\nAusblassicheres Schaftdesign.<br \/>\nPTFE\/RPTFE-Sitzdichtung (Das Sitzdichtungsmaterial kann auf Kundenwunsch oder entsprechend dem Medium- und Temperaturzustand des Ventils festgelegt werden).<br \/>\nAntistatisches Design und API 607 Fire Safe<br \/>\nAusf\u00fchrung verf\u00fcgbar. Betrieb: Handrad, Schneckenrad, pneumatischer Antrieb und elektrischer Antrieb.<\/p>","protected":false},"featured_media":18140,"template":"","meta":{"advanced_seo_description":"","jetpack_seo_html_title":"","jetpack_seo_noindex":false},"product_brand":[],"product_cat":[83],"product_tag":[199,200,202,201],"class_list":{"0":"post-18139","1":"product","2":"type-product","3":"status-publish","4":"has-post-thumbnail","6":"product_cat-ball-valves","7":"product_tag-904l-ball-valve","8":"product_tag-dn50-904l-ball-valve","9":"product_tag-flange-end-904l-ball-valve","10":"product_tag-pn16-904l-ball-valve","12":"first","13":"instock","14":"shipping-taxable","15":"product-type-simple"},"jetpack_sharing_enabled":true,"_links":{"self":[{"href":"https:\/\/oudianvalve.com\/de\/wp-json\/wp\/v2\/product\/18139","targetHints":{"allow":["GET"]}}],"collection":[{"href":"https:\/\/oudianvalve.com\/de\/wp-json\/wp\/v2\/product"}],"about":[{"href":"https:\/\/oudianvalve.com\/de\/wp-json\/wp\/v2\/types\/product"}],"wp:featuredmedia":[{"embeddable":true,"href":"https:\/\/oudianvalve.com\/de\/wp-json\/wp\/v2\/media\/18140"}],"wp:attachment":[{"href":"https:\/\/oudianvalve.com\/de\/wp-json\/wp\/v2\/media?parent=18139"}],"wp:term":[{"taxonomy":"product_brand","embeddable":true,"href":"https:\/\/oudianvalve.com\/de\/wp-json\/wp\/v2\/product_brand?post=18139"},{"taxonomy":"product_cat","embeddable":true,"href":"https:\/\/oudianvalve.com\/de\/wp-json\/wp\/v2\/product_cat?post=18139"},{"taxonomy":"product_tag","embeddable":true,"href":"https:\/\/oudianvalve.com\/de\/wp-json\/wp\/v2\/product_tag?post=18139"}],"curies":[{"name":"wp","href":"https:\/\/api.w.org\/{rel}","templated":true}]}}