{"id":18137,"date":"2023-06-21T02:31:07","date_gmt":"2023-06-21T02:31:07","guid":{"rendered":"https:\/\/oudianvalve.com\/?post_type=product&#038;p=18137"},"modified":"2023-06-21T02:31:07","modified_gmt":"2023-06-21T02:31:07","slug":"317l-ball-valve-150lb-2-inch-flange-end","status":"publish","type":"product","link":"https:\/\/oudianvalve.com\/de\/products\/ball-valves\/317l-ball-valve-150lb-2-inch-flange-end\/","title":{"rendered":"317L-Kugelhahn, 150LB, 2 Zoll, Flanschende"},"content":{"rendered":"<p>Design- und Herstellungsstandard: API 6D, API 608, BS 5351\/DIN3357\/JIS B2071<\/p>\n<p>Druck- und Temperaturstandard: ASME B16.34\/DIN3230<\/p>\n<p>Standard f\u00fcr Baul\u00e4ngenabmessungen: ASME B16.10\/DIN3202\/JIS B2002<\/p>\n<p>Flanschstandard: ASME B16.5, ASME B16.47\/DIN2543-2545-2501\/JIS B2220<\/p>\n<p>Test- und Inspektionsstandard: API 598, API 6D\/DIN2401\/JIS B2003.<\/p>\n<p>Gr\u00f6\u00dfe: 1\/2&quot;-10&quot; (DN15~DN250)<\/p>\n<p>Druckstufe: 150LB-600LB\/PN16~PN100\/10K~60K)<\/p>\n<p>Hauptmaterial des Kugelhahns aus Edelstahl 317L:<br \/>\nCF8, CF3, CF8M, CF3M, CG8M, CG3M, CF8C, CK20304, 304, 316, 316L, 316Ti, 317, 317L, 310, 310S<br \/>\nF304, F304, F316, F316L, F316Ti, F317, F317L, F310, F310S.<\/p>\n<p>Die Legierung 317L (00Cr19Ni13Mo3, UNS S31726) ist ein austenitischer Edelstahl auf Molybd\u00e4nbasis. Im Vergleich zu herk\u00f6mmlichem austenitischem Chrom-Nickel-Edelstahl wie der Legierung 304 weist er eine h\u00f6here Best\u00e4ndigkeit gegen chemische Korrosion auf. Dar\u00fcber hinaus weist die 317L-Legierung im Vergleich zu herk\u00f6mmlichem Edelstahl eine h\u00f6here Duktilit\u00e4t, Spannungskorrosionsbest\u00e4ndigkeit, Druckfestigkeit und Hochtemperaturbest\u00e4ndigkeit auf. Es handelt sich um eine kohlenstoffarme Qualit\u00e4t oder L-Qualit\u00e4t, die beim Schwei\u00dfen und bei der W\u00e4rmebehandlung eine Antisensibilisierungsleistung aufweist.<br \/>\n317L-Stahl weist im Vergleich zu 316L eine gute Meerwasser- und SCC-Best\u00e4ndigkeit auf und wird in Chemieschiffen, chemischen Produkten, Reaktoren und anderen chemischen Ger\u00e4ten verwendet, die eine hohe Korrosionsbest\u00e4ndigkeit erfordern<br \/>\nSUS317L Chemische Zusammensetzung: Kohlenstoff (C) \u2264 0,030, Mangan (Mn) \u2264 2,00, Nickel (Ni) 11,0\u201315,0, Silizium (Si) \u2264 1,00, Phosphor (P) \u2264 0,045, Schwefel (S) \u2264 0,030, Chrom (Cr). ) 18,0\u201320,0, Molybd\u00e4n (Mo) 3,0\u20134,0<\/p>\n<p>Kugelhahn aus Edelstahl 317L:<br \/>\nDer von unserem Unternehmen hergestellte Kugelhahn aus Edelstahl 3171 kann haupts\u00e4chlich in zwei Typen unterteilt werden, basierend auf der unterschiedlichen \u00d6ffnung des Kugelkerns: Typ 0 und Typ V. Der Typ 0 verwendet ein schwimmendes Prinzipdesign und die Hauptkomponenten des Ventils werden durch Verbundguss gegossen. Die Inspektionsabdeckung des Ventilsitzes besteht aus Polytetrafluorethylen. Der gesamte Hohlraum des Ventilk\u00f6rpers weist keine Schrumpfung, keine Leckage, geringe positive Kraft, gro\u00dfe Durchflussrate, kleines Drehmoment, arbeitssparenden Schalter, einfache Struktur und bequeme Wartung und Demontage im sp\u00e4teren Stadium auf. Kugelh\u00e4hne aus Edelstahl Typ verwenden meist feste Ventile mit einer V-f\u00f6rmigen \u00d6ffnung am Kugelkern, die eine Rolle bei den Scherflusseigenschaften einzelner Materialien spielt, wodurch dieses Ventil bei Arbeitsbedingungen mit hoher Viskosit\u00e4t, kleinen Partikeln oder hohem Fasergehalt weit verbreitet ist und eine gute Einstellbarkeit aufweist. Daher k\u00f6nnen wir je nach Arbeitsbedingungen unterschiedliche Kugelh\u00e4hne f\u00fcr Sie ausw\u00e4hlen. F\u00fcr diejenigen, die die Funktion zur Regulierung der Rohrleitung haben m\u00f6chten, k\u00f6nnen sie Kugelh\u00e4hne vom Typ V w\u00e4hlen. F\u00fcr diejenigen, die nur eine Absperrfunktion haben m\u00f6chten, k\u00f6nnen sie Kugelh\u00e4hne vom Typ 0 w\u00e4hlen.<\/p>\n<p>Einf\u00fchrung in Edelstahl 317L: Zu den relevanten Sorten von Edelstahl 317L geh\u00f6ren 22r19Ni13M03 und SUS37L. Er weist eine gute Schwei\u00dfleistung, Korrosionsbest\u00e4ndigkeit und Schwei\u00dfleistung auf. Die Zugabe von Platin sorgt f\u00fcr eine hohe Temperaturbest\u00e4ndigkeit mit kleinen K\u00f6rnern und gro\u00dfen Korngrenzen, wobei Verformungen meist an den Korngrenzen auftreten. Daher weist er eine gute Best\u00e4ndigkeit gegen Kornwachstum auf und kann bei langfristiger Verwendung eine relativ stabile Korngr\u00f6\u00dfe und -struktur beibehalten, wodurch das Auftreten von Rissen verhindert und die Stabilit\u00e4t und Lebensdauer der Materialien verbessert wird.<\/p>","protected":false},"excerpt":{"rendered":"<p>SS 317L-Kugelh\u00e4hne, ASTM A961 SS 317L-Kugelhahn, Lieferanten von geschmiedeten Edelstahl 317-Ventilen in China.<\/p>\n<p>Schwimmende Kugel, voller Durchgang oder reduzierter Durchgang.<br \/>\nISO5211-Montagepad als Option.<br \/>\nAusblassicheres Schaftdesign.<br \/>\nPTFE\/RPTFE-Sitzdichtung (Das Sitzdichtungsmaterial kann auf Kundenwunsch oder entsprechend dem Medium- und Temperaturzustand des Ventils festgelegt werden).<br \/>\nAntistatisches Design und API 607 Fire Safe<br \/>\nAusf\u00fchrung verf\u00fcgbar. Betrieb: Handrad, Schneckenrad, pneumatischer Antrieb und elektrischer Antrieb.<\/p>","protected":false},"featured_media":18138,"template":"","meta":{"advanced_seo_description":"","jetpack_seo_html_title":"","jetpack_seo_noindex":false},"product_brand":[],"product_cat":[83],"product_tag":[196,197,195,198],"class_list":{"0":"post-18137","1":"product","2":"type-product","3":"status-publish","4":"has-post-thumbnail","6":"product_cat-ball-valves","7":"product_tag-150lb-317l-ball-valve","8":"product_tag-2-inch-317l-ball-valve","9":"product_tag-317l-ball-valve","10":"product_tag-flange-end-317l-ball-valve","12":"first","13":"instock","14":"shipping-taxable","15":"product-type-simple"},"jetpack_sharing_enabled":true,"_links":{"self":[{"href":"https:\/\/oudianvalve.com\/de\/wp-json\/wp\/v2\/product\/18137","targetHints":{"allow":["GET"]}}],"collection":[{"href":"https:\/\/oudianvalve.com\/de\/wp-json\/wp\/v2\/product"}],"about":[{"href":"https:\/\/oudianvalve.com\/de\/wp-json\/wp\/v2\/types\/product"}],"wp:featuredmedia":[{"embeddable":true,"href":"https:\/\/oudianvalve.com\/de\/wp-json\/wp\/v2\/media\/18138"}],"wp:attachment":[{"href":"https:\/\/oudianvalve.com\/de\/wp-json\/wp\/v2\/media?parent=18137"}],"wp:term":[{"taxonomy":"product_brand","embeddable":true,"href":"https:\/\/oudianvalve.com\/de\/wp-json\/wp\/v2\/product_brand?post=18137"},{"taxonomy":"product_cat","embeddable":true,"href":"https:\/\/oudianvalve.com\/de\/wp-json\/wp\/v2\/product_cat?post=18137"},{"taxonomy":"product_tag","embeddable":true,"href":"https:\/\/oudianvalve.com\/de\/wp-json\/wp\/v2\/product_tag?post=18137"}],"curies":[{"name":"wp","href":"https:\/\/api.w.org\/{rel}","templated":true}]}}