{"id":18135,"date":"2023-06-21T02:12:01","date_gmt":"2023-06-21T02:12:01","guid":{"rendered":"https:\/\/oudianvalve.com\/?post_type=product&#038;p=18135"},"modified":"2023-06-21T02:12:02","modified_gmt":"2023-06-21T02:12:02","slug":"2pc-2520-310s-ball-valve150lb-3-inch-rf-end","status":"publish","type":"product","link":"https:\/\/oudianvalve.com\/de\/products\/ball-valves\/2pc-2520-310s-ball-valve150lb-3-inch-rf-end\/","title":{"rendered":"2PC 2520 310S Kugelhahn, 150LB, 3 Zoll, RF-Ende"},"content":{"rendered":"<p>Design- und Herstellungsstandard: API 6D, API 608, BS 5351\/DIN3357\/JIS B2071<\/p>\n<p>Druck- und Temperaturstandard: ASME B16.34\/DIN3230<\/p>\n<p>Standard f\u00fcr Baul\u00e4ngenabmessungen: ASME B16.10\/DIN3202\/JIS B2002<\/p>\n<p>Flanschstandard: ASME B16.5, ASME B16.47\/DIN2543-2545-2501\/JIS B2220<\/p>\n<p>Test- und Inspektionsstandard: API 598, API 6D\/DIN2401\/JIS B2003.<\/p>\n<p>Gr\u00f6\u00dfe: 1\/2&quot;-10&quot; (DN15~DN250)<\/p>\n<p>Druckstufe: 150LB-600LB\/PN16~PN100\/10K~60K)<\/p>\n<p>Hauptmaterial des Kugelhahns aus Edelstahl 310S:<br \/>\nCF8, CF3, CF8M, CF3M, CG8M, CG3M, CF8C, CK20304, 304, 316, 316L, 316Ti, 317, 317L, 310, 310S<br \/>\nF304, F304, F316, F316L, F316Ti, F317, F317L, F310, F310S<\/p>\n<p>Das Funktionsprinzip des Kugelhahns 2520 besteht darin, den Ventilschaft zu drehen, um das Ventil frei zu machen oder zu blockieren. Der Kugelhahnschalter 2520 ist leicht, klein und kann mit einem gro\u00dfen Durchmesser hergestellt werden. Es verf\u00fcgt \u00fcber eine zuverl\u00e4ssige Dichtleistung, einen einfachen Aufbau und eine bequeme Wartung. Die Dichtfl\u00e4che und die Kugeloberfl\u00e4che befinden sich h\u00e4ufig in einem geschlossenen Zustand und werden durch Medien nicht leicht erodiert. Das von Oudian Valve hergestellte Ventil 2520 wird in verschiedenen Branchen h\u00e4ufig eingesetzt.<\/p>\n<p>1. Japanische Marke: 0Cr25Ni20 (GB\/T3280-1992)<br \/>\nNeue Marke: 06Cr25Ni20 (GB\/T20878-2007)<br \/>\nDigitaler Code der chinesischen Vereinigung: S31008 (GB\/T20878-2007)<br \/>\nAmerikanischer Standard (ASTM): 310S<br \/>\nAmerikanischer Standard (UNS): S31008<br \/>\nKoreanischer Standard (KS): STS310S<br \/>\nNorm der Europ\u00e4ischen Union (BS EN): 148452520 Kugelhahn (310S) besteht aus austenitischem Chrom-Nickel-Edelstahl mit ausgezeichneter Oxidationsbest\u00e4ndigkeit und Korrosionsbest\u00e4ndigkeit. Aufgrund seines hohen Chrom- und Nickelgehalts weist es eine Kriechfestigkeit bei hohen Temperaturen auf und kann bei hohen Temperaturen kontinuierlich betrieben werden, wobei es eine gute Hochtemperaturbest\u00e4ndigkeit aufweist.<\/p>\n<p>2: Chemische Zusammensetzung<br \/>\nC: \u2264 0,08, Si: \u2264 1,500, Mn: \u2264 2,00, P: \u2264 0,035, S: \u2264 0,030, Ni: \u2264 19,00\u201322,00, Cr: \u2264 24,00\u201326,00<br \/>\nZugfestigkeit\uff08 \u00e1 b) (Mpa): \u2265 520 Streckgrenze\uff08 \u03c3 s) (Mpa): \u2265 205 Fl\u00e4chenreduzierung\uff08 \u03c8)% :\u2265 f\u00fcnfzig<br \/>\nMechanische Eigenschaften \u00f3 b (MPa) \u2265 520, \u00f3 0,2 (MPa) \u2265 205, \u03b4 5 (%) \u2265 40, \u03a8 (%) \u2265 50, HB \u2264 187, best\u00e4ndig gegen hohe Temperaturen \u00fcber 1150 \u2103. Schmelzpunkt zwischen 1398 \u2103~1454 \u2103<\/p>\n<p>3.2520 310s Kugelhahn aufgrund von Nickel NN (mit hohem Cn-Gehalt weist er eine gute Oxidationsbest\u00e4ndigkeit, Korrosionsbest\u00e4ndigkeit, S\u00e4urebest\u00e4ndigkeit und hohe Temperaturbest\u00e4ndigkeit auf. Hochtemperaturbest\u00e4ndige Stahlrohre werden speziell f\u00fcr die Herstellung von Elektroofenrohren und anderen Gelegenheiten verwendet. Nach dem Der Kohlenstoffgehalt ist in austenitischem Edelstahl erh\u00f6ht, seine Festigkeit wird aufgrund seiner Festl\u00f6sungsverfestigungswirkung verbessert. Die chemische Zusammensetzung von austenitischem Edelstahl ist durch die Zugabe von Elementen wie Silber, Wolfram, Silber und Eisen auf der Basis von Chrom und Nickel gekennzeichnet. Weil es Die Struktur ist kubisch fl\u00e4chenzentriert und weist eine hohe Temperaturfestigkeit und Kriechfestigkeit auf. Zu den Edelstahlmaterialien 2520 geh\u00f6ren 2520-Edelstahlplatten, 2520-Edelstahlst\u00e4be und 2520-Edelstahlrohre<\/p>\n<p>Schwimmender Kugelhahn aus Edelstahl 4.310S 2520 Materialeigenschaften:<\/p>\n<p>Schwimmendes Kugelventilmaterial aus Edelstahl 310S 2520. Edelstahl 310S 2520 geh\u00f6rt zur Serie 25CR-20NI aus hochlegiertem Edelstahl, die Oxidationsbest\u00e4ndigkeit bei hohen Temperaturen ist ausgezeichnet, geeignet f\u00fcr die Herstellung verschiedener Ofenkomponenten, max. Hochtemperatur 1200\u2103, Dauergebrauchstemperatur 1150\u2103. Der schwimmende Kugelhahn aus Edelstahl 310S 2520 wird f\u00fcr \u00d6fen und Materialien f\u00fcr Automobilreinigungsanlagen verwendet. Edelstahl 310S ist austenitischer Chrom-Nickel-Edelstahl mit guter Oxidationsbest\u00e4ndigkeit und Korrosionsbest\u00e4ndigkeit. Aufgrund des h\u00f6heren Anteils an Chrom und Nickel ist er viel besser Kriechfestigkeit, kann bei hohen Temperaturen weiterarbeiten, hat eine gute Hochtemperaturbest\u00e4ndigkeit. Der Gehalt an Nickel (Ni), Chrom (Cr) ist hoch, hat eine gute Oxidations- und Korrosionsbest\u00e4ndigkeit, S\u00e4ure- und Alkalibest\u00e4ndigkeit, Hochtemperaturleistung, hohe Temperatur Widerstandsf\u00e4hige Stahlrohre werden f\u00fcr Herstellungszwecke wie elektrische Heizofenrohre und Edelstahl nach der Erh\u00f6hung des Kohlenstoffgehalts in der Austenitgr\u00f6\u00dfe verwendet. Aufgrund seiner Festl\u00f6sungsverst\u00e4rkungswirkung wurde die Festigkeit verbessert, und die chemische Zusammensetzung der Austenitgr\u00f6\u00dfenmerkmale von Edelstahl basiert auf Chrom-, Nickel-, Add-, Wolfram-, Molybd\u00e4n-, Niob- und Titanelemente haben aufgrund ihrer Organisation eine kubisch-fl\u00e4chenzentrierte Struktur und weisen daher eine hohe Festigkeit und Kriechfestigkeit bei hohen Temperaturen auf.<\/p>\n<p>&nbsp;<\/p>\n<p>&nbsp;<\/p>","protected":false},"excerpt":{"rendered":"<p>Der Kugelhahn 2520 310S ist ein hochlegierter Edelstahl der Serie 25Cr-20Ni, der eine Oxidationsbest\u00e4ndigkeit bei hohen Temperaturen aufweist und f\u00fcr hitzebest\u00e4ndige Komponenten unter 1000 \u00b0 C geeignet ist<br \/>\nMerkmale:<br \/>\n1) Oxidationsbest\u00e4ndigkeit bei hohen Temperaturen<br \/>\n2) Der Temperatureinsatzbereich ist sehr breit (unter 1000 \u00b0 C);<br \/>\n3) Festl\u00f6sungszustand ohne Magnetismus<br \/>\n4) Hochtemperaturfestigkeit.<br \/>\nAnwendungsbereich der Kugelh\u00e4hne 2520: Ventile, Flansche, Rohrverbindungsst\u00fccke, W\u00e4rmebehandlungs\u00f6fen, W\u00e4rmetauscher, Verbrennungsanlagen und andere Stahltypen, die Hitzebest\u00e4ndigkeit erfordern, sowie Hoch-\/Hochtemperatur-Kontaktteile<\/p>\n<p>Schwimmende Kugel, voller Durchgang oder reduzierter Durchgang.<br \/>\nISO5211-Montagepad als Option.<br \/>\nAusblassicheres Schaftdesign.<br \/>\nPTFE\/RPTFE-Sitzdichtung (Das Sitzdichtungsmaterial kann auf Kundenwunsch oder entsprechend dem Medium- und Temperaturzustand des Ventils festgelegt werden).<br \/>\nAntistatisches Design und API 607 Fire Safe<br \/>\nAusf\u00fchrung verf\u00fcgbar. Betrieb: Handrad, Schneckenrad, pneumatischer Antrieb und elektrischer Antrieb.<\/p>","protected":false},"featured_media":18136,"template":"","meta":{"advanced_seo_description":"","jetpack_seo_html_title":"","jetpack_seo_noindex":false},"product_brand":[],"product_cat":[83],"product_tag":[192,191,193,194],"class_list":{"0":"post-18135","1":"product","2":"type-product","3":"status-publish","4":"has-post-thumbnail","6":"product_cat-ball-valves","7":"product_tag-150lb-310s-ball-valve","8":"product_tag-2pc-2520-310s-ball-valve","9":"product_tag-3-inch-310s-ball-valve","10":"product_tag-rf-end-310s-ball-valve","12":"first","13":"instock","14":"shipping-taxable","15":"product-type-simple"},"jetpack_sharing_enabled":true,"_links":{"self":[{"href":"https:\/\/oudianvalve.com\/de\/wp-json\/wp\/v2\/product\/18135","targetHints":{"allow":["GET"]}}],"collection":[{"href":"https:\/\/oudianvalve.com\/de\/wp-json\/wp\/v2\/product"}],"about":[{"href":"https:\/\/oudianvalve.com\/de\/wp-json\/wp\/v2\/types\/product"}],"wp:featuredmedia":[{"embeddable":true,"href":"https:\/\/oudianvalve.com\/de\/wp-json\/wp\/v2\/media\/18136"}],"wp:attachment":[{"href":"https:\/\/oudianvalve.com\/de\/wp-json\/wp\/v2\/media?parent=18135"}],"wp:term":[{"taxonomy":"product_brand","embeddable":true,"href":"https:\/\/oudianvalve.com\/de\/wp-json\/wp\/v2\/product_brand?post=18135"},{"taxonomy":"product_cat","embeddable":true,"href":"https:\/\/oudianvalve.com\/de\/wp-json\/wp\/v2\/product_cat?post=18135"},{"taxonomy":"product_tag","embeddable":true,"href":"https:\/\/oudianvalve.com\/de\/wp-json\/wp\/v2\/product_tag?post=18135"}],"curies":[{"name":"wp","href":"https:\/\/api.w.org\/{rel}","templated":true}]}}