{"id":18130,"date":"2023-06-21T01:23:56","date_gmt":"2023-06-21T01:23:56","guid":{"rendered":"https:\/\/oudianvalve.com\/?post_type=product&#038;p=18130"},"modified":"2023-06-21T01:28:42","modified_gmt":"2023-06-21T01:28:42","slug":"duplex-2205-ball-valve150lb6-inchflange-end","status":"publish","type":"product","link":"https:\/\/oudianvalve.com\/de\/products\/ball-valves\/duplex-2205-ball-valve150lb6-inchflange-end\/","title":{"rendered":"Duplex 2205 Kugelhahn, 150LB, 6 Zoll, Flanschende"},"content":{"rendered":"<p>Design- und Herstellungsstandard: API 6D, API 608, BS 5351\/DIN3357\/JIS B2071<\/p>\n<p>Druck- und Temperaturstandard: ASME B16.34\/DIN3230<\/p>\n<p>Standard f\u00fcr Baul\u00e4ngenabmessungen: ASME B16.10\/DIN3202\/JIS B2002<\/p>\n<p>Flanschstandard: ASME B16.5, ASME B16.47\/DIN2543-2545-2501\/JIS B2220<\/p>\n<p>Test- und Inspektionsstandard: API 598, API 6D\/DIN2401\/JIS B2003.<\/p>\n<p>Gr\u00f6\u00dfe: 1\/2&quot;-10&quot; (DN15~DN250)<\/p>\n<p>Druckstufe: 150LB-600LB\/PN16~PN100\/10K~60K)<\/p>\n<p>Material: Duplex S31803, Super Duplex S32750, Super Duplex S327601A, 2A, 3A, 4A, 5A, 6A, 1B, 1C, CD4MCu, CD4MCuN, CD3MCuN, CE8MN, CD6MN, CD3MN, CE3MN, CD3MWCuNF51, F53, F55, F60<\/p>\n<p>Geeignete Temperatur: -196 \u00b0C bis 450 \u00b0C (unterschiedliche Temperaturen w\u00e4hlen unterschiedliche Materialien).<\/p>\n<p>Geeignetes Medium: Wasser, Dampf, \u00d6l und Erdgas usw.<\/p>\n<p>Der hart abgedichtete Kugelhahn 2205 verf\u00fcgt \u00fcber eine exzentrische Struktur. Beim Schlie\u00dfvorgang steigt das Dichtdruckverh\u00e4ltnis zwischen Ventilsitz und Kugel schnell an und sorgt so f\u00fcr eine zuverl\u00e4ssige Abdichtung des Dichtpaares. Wenn das Ventil ge\u00f6ffnet wird, k\u00f6nnen sich Ventilsitz und Kugel schnell l\u00f6sen, wodurch das Bet\u00e4tigungsdrehmoment effektiv reduziert und die M\u00f6glichkeit einer Besch\u00e4digungskontrolle zwischen der Ventilsitzoberfl\u00e4che und der Kugeloberfl\u00e4che minimiert wird. Der hartdichtende Kugelhahn 2205 verf\u00fcgt \u00fcber eine elastische Belastungsstruktur, die den Kontakt zwischen der Dichtfl\u00e4che der Kugeloberfl\u00e4che und der breiten Sitzdichtung unter normalen Schlie\u00dfbedingungen gew\u00e4hrleistet. Unter Hochtemperaturbedingungen kann es die W\u00e4rmeausdehnung der internen Komponenten effektiv ausgleichen, ein durch hohe Temperaturen verursachtes Verklemmen vermeiden und ist f\u00fcr Hochtemperaturanwendungen kleiner und mittlerer Anschl\u00fcsse geeignet.<br \/>\nDie sph\u00e4rische Oberfl\u00e4che des hart abgedichteten Kugelhahns 2205 verf\u00fcgt \u00fcber eine spezielle H\u00e4rtungsbehandlung, und der Ventilsitz besteht aus speziellen Hartmaterialien oder lokal gestapelten Hartmaterialien, um einen geeigneten H\u00e4rteunterschied zwischen den Dichtungspaaren sicherzustellen. Zus\u00e4tzlich zur speziellen Oberfl\u00e4chenbehandlung der Oberfl\u00e4che der Kugel und des Ventilsitzes verwendet der hart abgedichtete Kugelhahn 2205 flexiblen Graphit, Metallwickeldichtungen usw. in anderen Dichtungsmaterialien, wodurch er f\u00fcr Hochtemperatur- und Hochdruckbedingungen geeignet ist feuerfeste Brennfunktion.<br \/>\nDer hart abgedichtete Kugelhahn 2205 weist eine gute Best\u00e4ndigkeit gegen\u00fcber Medien mit CL-Elementen wie Meerwasser, Chlorid usw. auf. Es handelt sich um einen Duplex-Edelstahl aus 22%-Chrom, 2.5% und 4.5%-Stickstofflegierung. Es verf\u00fcgt \u00fcber eine hohe Festigkeit, gute Schlagz\u00e4higkeit und eine gute Gesamt- und lokale Spannungskorrosionsbest\u00e4ndigkeit.<\/p>\n<p>Duplex 2205 Kugelhahn Hauptkomponenten: 22C-5 3N-3 2M0-0 16N: Nationale Standards: NAS 329J3L UNS S32205S31803 DINEN 1 4462 ASTM A240 ASME SA-240; Mechanische Eigenschaften: Zugfestigkeit: b2640 MPa; Dehnungsrate: 225%; Typische Betriebsbedingungen: 20% verd\u00fcnnte S\u00e4ure, unter 60, j\u00e4hrliche Korrosionsrate &lt;0,1 mm; Unterst\u00fctzender Schwei\u00dfdraht: ER2209. Cs0,030 Mn&lt;2,00 Si1,00 ps0,030 SS0,020 r 22,0 23,0 Ni 4,5 6,5 M3,0~3,5 N0,140,20 (Austenit-Ferrit-Typ)<\/p>\n<p>Duplex 2205 Kugelhahn<br \/>\nDateneinf\u00fchrung:<br \/>\nAuch als Kugelhahn aus 4A-Material bekannt, weist er eine hervorragende Korrosionsbest\u00e4ndigkeit auf. Es handelt sich um einen Handschalter, einen Schwimmflansch-Kugelhahn, abgedichtetes PTFE und besteht aus 2205-Dualphasenstahl. Es kann in sauren L\u00f6sungsmittelmedien mit einem Druck von PN16-25, einer Klasse von 150LB~300LB und einem Durchmesser von DN15-DN100 verwendet werden. Es wird haupts\u00e4chlich in der Energie-, Erd\u00f6l-, Chemie-, Gas- und anderen Industriezweigen eingesetzt<br \/>\nEs spielt eine Rolle beim Schneiden und Verbinden von Rohrleitungen und die Durchflussrate von Kugelh\u00e4hnen ist hoch<\/p>\n<p>3\u3001 Eigenschaften des Duplex 2205 Kugelhahns<br \/>\n1. Einfache Struktur, geringes Gewicht und geringer Str\u00f6mungswiderstand<br \/>\n2. Verwendung industrieller Kunststoffdichtungen oder harter Dichtungsmaterialien mit guter Dichtungsleistung.<br \/>\n3. Einfache Bedienung, schnelles \u00d6ffnen und Schlie\u00dfen und lange Lebensdauer<br \/>\n4. Wenn die Struktur des Kugelhahns vollst\u00e4ndig ge\u00f6ffnet oder vollst\u00e4ndig geschlossen ist, ist der Ventilsitz abgedichtet und vom Medium isoliert, wodurch er weniger anf\u00e4llig f\u00fcr mittlere Korrosion oder Reibungssch\u00e4den ist.<br \/>\n5. Federr\u00fccklaufstruktur, angemessenes Design und starke Praktikabilit\u00e4t.<\/p>\n<p>&nbsp;<\/p>","protected":false},"excerpt":{"rendered":"<p>Der Kugelhahn aus Duplex-Edelstahl der Legierung 2205 weist eine hervorragende Best\u00e4ndigkeit gegen Spannungsrisskorrosion und eine gute Best\u00e4ndigkeit gegen Lochfra\u00df auf. Es verf\u00fcgt \u00fcber eine hohe Streckgrenze, die typischerweise 25% \u2013 50% h\u00f6her sein kann als herk\u00f6mmlicher austenitischer Edelstahl.<\/p>\n<p>Schwimmende Kugel, voller Durchgang oder reduzierter Durchgang.<br \/>\nISO5211-Montagepad als Option.<br \/>\nAusblassicheres Schaftdesign.<br \/>\nPTFE\/RPTFE-Sitzdichtung (Das Sitzdichtungsmaterial kann auf Kundenwunsch oder entsprechend dem Medium- und Temperaturzustand des Ventils festgelegt werden).<br \/>\nAntistatisches Design und API 607 Fire Safe<br \/>\nAusf\u00fchrung verf\u00fcgbar. Betrieb: Handrad, Schneckenrad, pneumatischer Antrieb und elektrischer Antrieb.<\/p>","protected":false},"featured_media":18131,"template":"","meta":{"advanced_seo_description":"","jetpack_seo_html_title":"","jetpack_seo_noindex":false},"product_brand":[],"product_cat":[83],"product_tag":[188,189,187,190],"class_list":{"0":"post-18130","1":"product","2":"type-product","3":"status-publish","4":"has-post-thumbnail","6":"product_cat-ball-valves","7":"product_tag-150lb-duplex-2205-ball-valve","8":"product_tag-6-inch-duplex-2205-ball-valve","9":"product_tag-duplex-2205-ball-valve","10":"product_tag-flange-end-duplex-2205-ball-valve","12":"first","13":"instock","14":"shipping-taxable","15":"product-type-simple"},"jetpack_sharing_enabled":true,"_links":{"self":[{"href":"https:\/\/oudianvalve.com\/de\/wp-json\/wp\/v2\/product\/18130","targetHints":{"allow":["GET"]}}],"collection":[{"href":"https:\/\/oudianvalve.com\/de\/wp-json\/wp\/v2\/product"}],"about":[{"href":"https:\/\/oudianvalve.com\/de\/wp-json\/wp\/v2\/types\/product"}],"wp:featuredmedia":[{"embeddable":true,"href":"https:\/\/oudianvalve.com\/de\/wp-json\/wp\/v2\/media\/18131"}],"wp:attachment":[{"href":"https:\/\/oudianvalve.com\/de\/wp-json\/wp\/v2\/media?parent=18130"}],"wp:term":[{"taxonomy":"product_brand","embeddable":true,"href":"https:\/\/oudianvalve.com\/de\/wp-json\/wp\/v2\/product_brand?post=18130"},{"taxonomy":"product_cat","embeddable":true,"href":"https:\/\/oudianvalve.com\/de\/wp-json\/wp\/v2\/product_cat?post=18130"},{"taxonomy":"product_tag","embeddable":true,"href":"https:\/\/oudianvalve.com\/de\/wp-json\/wp\/v2\/product_tag?post=18130"}],"curies":[{"name":"wp","href":"https:\/\/api.w.org\/{rel}","templated":true}]}}