{"id":18093,"date":"2023-06-20T04:43:49","date_gmt":"2023-06-20T04:43:49","guid":{"rendered":"https:\/\/oudianvalve.com\/?post_type=product&#038;p=18093"},"modified":"2023-06-20T04:43:50","modified_gmt":"2023-06-20T04:43:50","slug":"cast-steel-globe-valves-din-3356-dn100-pn25","status":"publish","type":"product","link":"https:\/\/oudianvalve.com\/de\/products\/globe-valves\/cast-steel-globe-valves-din-3356-dn100-pn25\/","title":{"rendered":"Absperrventile aus Stahlguss, DIN 3356, DN100, PN25"},"content":{"rendered":"<p>Designstandard: DIN3356, EN13709<br \/>\nGr\u00f6\u00dfenbereich: DN50 \u2013 DN400.<br \/>\nAuslegungsdruck: PN10 \u2013 PN420.<br \/>\nAuslegungstemperatur: -196\u2103 \u2013 573\u2103.<br \/>\nMaterial: ASTM A216 WCB, ASTM A216 WCC, ASTM A217 WC6, ASTM A217 WC9, ASTM A217 C5, ASTM A217 C12A, ASTM A352 LCB, ASTM A352 LCC, ASTM A351 CF8, ASTM A351 CF8M, ASTM A351 CF3M, ASTM A351 CF8C, CN3MN, CK3MCUN, CN7M, ASTM A890 4A (CD3MN), ASTM A890 5A (CE3MN), ASTM A890 6A (CD3MWCuN), ASTM B148 C95800, ASTM B148 C95500.<br \/>\nAnschlussende: DIN2543-2548, EN1092<br \/>\nPr\u00fcfnorm: DIN3230, EN12266<br \/>\nVon Angesicht zu Angesicht: DIN3202-F32, EN558<\/p>\n<p>Das Absperrventil DIN3356 dient zum Schneiden und Verbinden von Rohrleitungsmedien und wird in verschiedenen Industriezweigen wie der Erd\u00f6l- und Chemieindustrie, der Pharmaindustrie, der chemischen D\u00fcngemittelindustrie, der Energiewirtschaft usw. h\u00e4ufig verwendet. Der Nenndruck betr\u00e4gt PN1,6\u201316\u00a0MPa und die Betriebstemperatur liegt zwischen \u2013110 und 600\u00a0\u00b0C.<\/p>","protected":false},"excerpt":{"rendered":"<p>Absperrventil aus Gussstahl nach DIN 3356, erh\u00e4ltlich in gerader Ausf\u00fchrung, Y-Ausf\u00fchrung, mit verschraubtem Deckel und mit verschwei\u00dftem Deckel in einer gro\u00dfen Auswahl an Kohlenstoff-, Edelstahl-, Duplex-Edelstahl-, Legierungs- und anderen Sondermaterialien.<\/p>","protected":false},"featured_media":18094,"template":"","meta":{"advanced_seo_description":"","jetpack_seo_html_title":"","jetpack_seo_noindex":false},"product_brand":[],"product_cat":[80],"product_tag":[170,173,171,172,174],"class_list":{"0":"post-18093","1":"product","2":"type-product","3":"status-publish","4":"has-post-thumbnail","6":"product_cat-globe-valves","7":"product_tag-din-globe-valves-manufacturer","8":"product_tag-dn-100-cast-steel-globe-valves","9":"product_tag-en13709-din3356-globe-valves-supplier","10":"product_tag-gs-c25-1-0619-1-4408-1-4403","11":"product_tag-pn25-cast-steel-globe-valves","13":"first","14":"instock","15":"shipping-taxable","16":"product-type-simple"},"jetpack_sharing_enabled":true,"_links":{"self":[{"href":"https:\/\/oudianvalve.com\/de\/wp-json\/wp\/v2\/product\/18093","targetHints":{"allow":["GET"]}}],"collection":[{"href":"https:\/\/oudianvalve.com\/de\/wp-json\/wp\/v2\/product"}],"about":[{"href":"https:\/\/oudianvalve.com\/de\/wp-json\/wp\/v2\/types\/product"}],"wp:featuredmedia":[{"embeddable":true,"href":"https:\/\/oudianvalve.com\/de\/wp-json\/wp\/v2\/media\/18094"}],"wp:attachment":[{"href":"https:\/\/oudianvalve.com\/de\/wp-json\/wp\/v2\/media?parent=18093"}],"wp:term":[{"taxonomy":"product_brand","embeddable":true,"href":"https:\/\/oudianvalve.com\/de\/wp-json\/wp\/v2\/product_brand?post=18093"},{"taxonomy":"product_cat","embeddable":true,"href":"https:\/\/oudianvalve.com\/de\/wp-json\/wp\/v2\/product_cat?post=18093"},{"taxonomy":"product_tag","embeddable":true,"href":"https:\/\/oudianvalve.com\/de\/wp-json\/wp\/v2\/product_tag?post=18093"}],"curies":[{"name":"wp","href":"https:\/\/api.w.org\/{rel}","templated":true}]}}