{"id":18090,"date":"2023-06-20T04:31:48","date_gmt":"2023-06-20T04:31:48","guid":{"rendered":"https:\/\/oudianvalve.com\/?post_type=product&#038;p=18090"},"modified":"2023-06-20T04:31:49","modified_gmt":"2023-06-20T04:31:49","slug":"din3352-swing-check-valve-dn500-pn100","status":"publish","type":"product","link":"https:\/\/oudianvalve.com\/de\/products\/check-valves\/din3352-swing-check-valve-dn500-pn100\/","title":{"rendered":"DIN3352 R\u00fcckschlagventil, DN500, PN100"},"content":{"rendered":"<p>Konstruktionsnorm: DIN3352, BS EN1868<br \/>\nGr\u00f6\u00dfenbereich: DN50 bis DN 1200<br \/>\nDruckbereich: PN 10 bis PN160<br \/>\nEndanschl\u00fcsse: RF-Flansch, RTJ, Stumpfschwei\u00dfung<br \/>\nAbmessungen des Flanschendes: DIN2543, BS EN 1092-1<br \/>\nAbmessungen f\u00fcr Stumpfschwei\u00dfenden: EN 12627<br \/>\nAbmessungen von Angesicht zu Angesicht: DIN3202, BS EN 558-1<br \/>\nInspektion und Pr\u00fcfung: BS EN 12266-1, DIN 3230<br \/>\nWerkstoffe: 1.4301, 1.4306, 1.4401, 1.4404, 1.0619, 1.7357, 1.4552, 1.4107.<\/p>\n<p>Medium: Das Ventil ist f\u00fcr verschiedene Medien geeignet, darunter Wasser, Dampf, \u00d6l, Gas, Benzinprodukte, Salpeters\u00e4ure, Essigs\u00e4ure usw. Betriebstemperatur: von -46\u00baC oder -50\u00baC (Edelstahlkonstruktionen) und -29\u00baC oder -46\u00baC (Kohlenstoffstahlkonstruktionen) bis 600\u2103<\/p>","protected":false},"excerpt":{"rendered":"<p>Ausf\u00fchrung DIN 3352, Baul\u00e4nge EN 558-1, Endflansche EN 1092-1, Anschwei\u00dfenden EN 12627, Pr\u00fcfung EN 12266-1 1. Voller Durchgang (FB) 2. Verschraubter Deckel 3. Anpassbar an horizontale und vertikale Installationen<\/p>","protected":false},"featured_media":18091,"template":"","meta":{"advanced_seo_description":"","jetpack_seo_html_title":"","jetpack_seo_noindex":false},"product_brand":[],"product_cat":[82],"product_tag":[163,164,165,166,167,168,169],"class_list":{"0":"post-18090","1":"product","2":"type-product","3":"status-publish","4":"has-post-thumbnail","6":"product_cat-check-valves","7":"product_tag-din-check-valve","8":"product_tag-din-swing-check-valves","9":"product_tag-din3202-f1","10":"product_tag-din3202-f6-check-valves","11":"product_tag-din3352-swing-check-valve","12":"product_tag-dn500-swing-check-valve","13":"product_tag-pn100-swing-check-valve","15":"first","16":"instock","17":"shipping-taxable","18":"product-type-simple"},"jetpack_sharing_enabled":true,"_links":{"self":[{"href":"https:\/\/oudianvalve.com\/de\/wp-json\/wp\/v2\/product\/18090","targetHints":{"allow":["GET"]}}],"collection":[{"href":"https:\/\/oudianvalve.com\/de\/wp-json\/wp\/v2\/product"}],"about":[{"href":"https:\/\/oudianvalve.com\/de\/wp-json\/wp\/v2\/types\/product"}],"wp:featuredmedia":[{"embeddable":true,"href":"https:\/\/oudianvalve.com\/de\/wp-json\/wp\/v2\/media\/18091"}],"wp:attachment":[{"href":"https:\/\/oudianvalve.com\/de\/wp-json\/wp\/v2\/media?parent=18090"}],"wp:term":[{"taxonomy":"product_brand","embeddable":true,"href":"https:\/\/oudianvalve.com\/de\/wp-json\/wp\/v2\/product_brand?post=18090"},{"taxonomy":"product_cat","embeddable":true,"href":"https:\/\/oudianvalve.com\/de\/wp-json\/wp\/v2\/product_cat?post=18090"},{"taxonomy":"product_tag","embeddable":true,"href":"https:\/\/oudianvalve.com\/de\/wp-json\/wp\/v2\/product_tag?post=18090"}],"curies":[{"name":"wp","href":"https:\/\/api.w.org\/{rel}","templated":true}]}}